{"id":1687,"date":"2025-11-17T18:31:42","date_gmt":"2025-11-17T18:31:42","guid":{"rendered":"https:\/\/sardiniansoul.dominioswebmed.com\/product\/consultation-appel-de-30-minutes-pour-discuter-de-vos-objectifs-de-voyage-de-vos-preferences-et-des-premieres-recommandations\/"},"modified":"2026-01-16T00:24:03","modified_gmt":"2026-01-16T00:24:03","slug":"consultation-appel-de-30-minutes-pour-discuter-de-vos-objectifs-de-voyage-de-vos-preferences-et-des-premieres-recommandations","status":"publish","type":"product","link":"https:\/\/sardiniansoul.dominioswebmed.com\/fr\/produit\/consultation-appel-de-30-minutes-pour-discuter-de-vos-objectifs-de-voyage-de-vos-preferences-et-des-premieres-recommandations\/","title":{"rendered":"Consultation : appel de 30 minutes pour discuter de vos objectifs de voyage, de vos pr\u00e9f\u00e9rences et des premi\u00e8res recommandations."},"content":{"rendered":"<p><strong>Inclus&nbsp;:<\/strong><br \/>\n&#8211; Posez toutes vos questions sur vos pr\u00e9f\u00e9rences de forfaits<br \/>\n&#8211; Je vous offrirai des suggestions g\u00e9n\u00e9rales concernant la dur\u00e9e du voyage, la logistique, les r\u00e9gions \u00e0 couvrir et les activit\u00e9s \u00e0 faire<\/p>\n<p><strong>Non inclus&nbsp;:<\/strong><br \/>\nItin\u00e9raire complet, h\u00f4tels ou activit\u00e9s sp\u00e9cifiques<\/p>\n","protected":false},"excerpt":{"rendered":"<p>Inclus&nbsp;: &#8211; Posez toutes vos questions sur vos pr\u00e9f\u00e9rences de forfaits &#8211; Je vous offrirai des suggestions g\u00e9n\u00e9rales concernant la dur\u00e9e du voyage, la logistique, les r\u00e9gions \u00e0 couvrir et les activit\u00e9s \u00e0 faire Non inclus&nbsp;: Itin\u00e9raire complet, h\u00f4tels ou activit\u00e9s sp\u00e9cifiques<\/p>\n","protected":false},"featured_media":1348,"comment_status":"open","ping_status":"closed","template":"","meta":[],"product_brand":[],"product_cat":[51],"product_tag":[],"class_list":{"0":"post-1687","1":"product","2":"type-product","3":"status-publish","4":"has-post-thumbnail","6":"product_cat-produits","8":"first","9":"instock","10":"shipping-taxable","11":"purchasable","12":"product-type-simple"},"yoast_head":"<!-- This site is optimized with the Yoast SEO plugin v25.3 - https:\/\/yoast.com\/wordpress\/plugins\/seo\/ -->\n<title>Consultation : appel de 30 minutes pour discuter de vos objectifs de voyage, de vos pr\u00e9f\u00e9rences et des premi\u00e8res recommandations. - Travel Advisor Sardinian Soul<\/title>\n<meta name=\"robots\" content=\"index, follow, max-snippet:-1, max-image-preview:large, max-video-preview:-1\" \/>\n<link rel=\"canonical\" href=\"https:\/\/sardiniansoul.dominioswebmed.com\/fr\/produit\/consultation-appel-de-30-minutes-pour-discuter-de-vos-objectifs-de-voyage-de-vos-preferences-et-des-premieres-recommandations\/\" \/>\n<meta property=\"og:locale\" content=\"fr_FR\" \/>\n<meta property=\"og:type\" content=\"article\" \/>\n<meta property=\"og:title\" content=\"Consultation : appel de 30 minutes pour discuter de vos objectifs de voyage, de vos pr\u00e9f\u00e9rences et des premi\u00e8res recommandations. - Travel Advisor Sardinian Soul\" \/>\n<meta property=\"og:description\" content=\"Inclus&nbsp;: &#8211; Posez toutes vos questions sur vos pr\u00e9f\u00e9rences de forfaits &#8211; Je vous offrirai des suggestions g\u00e9n\u00e9rales concernant la dur\u00e9e du voyage, la logistique, les r\u00e9gions \u00e0 couvrir et les activit\u00e9s \u00e0 faire Non inclus&nbsp;: Itin\u00e9raire complet, h\u00f4tels ou activit\u00e9s sp\u00e9cifiques\" \/>\n<meta property=\"og:url\" content=\"https:\/\/sardiniansoul.dominioswebmed.com\/fr\/produit\/consultation-appel-de-30-minutes-pour-discuter-de-vos-objectifs-de-voyage-de-vos-preferences-et-des-premieres-recommandations\/\" \/>\n<meta property=\"og:site_name\" content=\"Travel Advisor Sardinian Soul\" \/>\n<meta property=\"article:modified_time\" content=\"2026-01-16T00:24:03+00:00\" \/>\n<meta property=\"og:image\" content=\"https:\/\/sardiniansoul.dominioswebmed.com\/wp-content\/uploads\/2025\/09\/LOGO-1.jpeg\" \/>\n\t<meta property=\"og:image:width\" content=\"1024\" \/>\n\t<meta property=\"og:image:height\" content=\"1024\" \/>\n\t<meta property=\"og:image:type\" content=\"image\/jpeg\" \/>\n<meta name=\"twitter:card\" content=\"summary_large_image\" \/>\n<script type=\"application\/ld+json\" class=\"yoast-schema-graph\">{\"@context\":\"https:\/\/schema.org\",\"@graph\":[{\"@type\":\"WebPage\",\"@id\":\"https:\/\/sardiniansoul.dominioswebmed.com\/fr\/produit\/consultation-appel-de-30-minutes-pour-discuter-de-vos-objectifs-de-voyage-de-vos-preferences-et-des-premieres-recommandations\/\",\"url\":\"https:\/\/sardiniansoul.dominioswebmed.com\/fr\/produit\/consultation-appel-de-30-minutes-pour-discuter-de-vos-objectifs-de-voyage-de-vos-preferences-et-des-premieres-recommandations\/\",\"name\":\"Consultation : appel de 30 minutes pour discuter de vos objectifs de voyage, de vos pr\u00e9f\u00e9rences et des premi\u00e8res recommandations. - Travel Advisor Sardinian Soul\",\"isPartOf\":{\"@id\":\"https:\/\/sardiniansoul.dominioswebmed.com\/fr\/#website\"},\"primaryImageOfPage\":{\"@id\":\"https:\/\/sardiniansoul.dominioswebmed.com\/fr\/produit\/consultation-appel-de-30-minutes-pour-discuter-de-vos-objectifs-de-voyage-de-vos-preferences-et-des-premieres-recommandations\/#primaryimage\"},\"image\":{\"@id\":\"https:\/\/sardiniansoul.dominioswebmed.com\/fr\/produit\/consultation-appel-de-30-minutes-pour-discuter-de-vos-objectifs-de-voyage-de-vos-preferences-et-des-premieres-recommandations\/#primaryimage\"},\"thumbnailUrl\":\"https:\/\/sardiniansoul.dominioswebmed.com\/wp-content\/uploads\/2025\/09\/LOGO-1.jpeg\",\"datePublished\":\"2025-11-17T18:31:42+00:00\",\"dateModified\":\"2026-01-16T00:24:03+00:00\",\"breadcrumb\":{\"@id\":\"https:\/\/sardiniansoul.dominioswebmed.com\/fr\/produit\/consultation-appel-de-30-minutes-pour-discuter-de-vos-objectifs-de-voyage-de-vos-preferences-et-des-premieres-recommandations\/#breadcrumb\"},\"inLanguage\":\"fr-FR\",\"potentialAction\":[{\"@type\":\"ReadAction\",\"target\":[\"https:\/\/sardiniansoul.dominioswebmed.com\/fr\/produit\/consultation-appel-de-30-minutes-pour-discuter-de-vos-objectifs-de-voyage-de-vos-preferences-et-des-premieres-recommandations\/\"]}]},{\"@type\":\"ImageObject\",\"inLanguage\":\"fr-FR\",\"@id\":\"https:\/\/sardiniansoul.dominioswebmed.com\/fr\/produit\/consultation-appel-de-30-minutes-pour-discuter-de-vos-objectifs-de-voyage-de-vos-preferences-et-des-premieres-recommandations\/#primaryimage\",\"url\":\"https:\/\/sardiniansoul.dominioswebmed.com\/wp-content\/uploads\/2025\/09\/LOGO-1.jpeg\",\"contentUrl\":\"https:\/\/sardiniansoul.dominioswebmed.com\/wp-content\/uploads\/2025\/09\/LOGO-1.jpeg\",\"width\":1024,\"height\":1024},{\"@type\":\"BreadcrumbList\",\"@id\":\"https:\/\/sardiniansoul.dominioswebmed.com\/fr\/produit\/consultation-appel-de-30-minutes-pour-discuter-de-vos-objectifs-de-voyage-de-vos-preferences-et-des-premieres-recommandations\/#breadcrumb\",\"itemListElement\":[{\"@type\":\"ListItem\",\"position\":1,\"name\":\"Accueil\",\"item\":\"https:\/\/sardiniansoul.dominioswebmed.com\/fr\/accueil\/\"},{\"@type\":\"ListItem\",\"position\":2,\"name\":\"Boutique\",\"item\":\"https:\/\/sardiniansoul.dominioswebmed.com\/fr\/boutique\/\"},{\"@type\":\"ListItem\",\"position\":3,\"name\":\"Consultation : appel de 30 minutes pour discuter de vos objectifs de voyage, de vos pr\u00e9f\u00e9rences et des premi\u00e8res recommandations.\"}]},{\"@type\":\"WebSite\",\"@id\":\"https:\/\/sardiniansoul.dominioswebmed.com\/fr\/#website\",\"url\":\"https:\/\/sardiniansoul.dominioswebmed.com\/fr\/\",\"name\":\"Travel Advisor Sardinian Soul\",\"description\":\"Tu viaje so\u00f1ado, dise\u00f1ado a medida\",\"potentialAction\":[{\"@type\":\"SearchAction\",\"target\":{\"@type\":\"EntryPoint\",\"urlTemplate\":\"https:\/\/sardiniansoul.dominioswebmed.com\/fr\/?s={search_term_string}\"},\"query-input\":{\"@type\":\"PropertyValueSpecification\",\"valueRequired\":true,\"valueName\":\"search_term_string\"}}],\"inLanguage\":\"fr-FR\"}]}<\/script>\n<!-- \/ Yoast SEO plugin. -->","yoast_head_json":{"title":"Consultation : appel de 30 minutes pour discuter de vos objectifs de voyage, de vos pr\u00e9f\u00e9rences et des premi\u00e8res recommandations. - Travel Advisor Sardinian Soul","robots":{"index":"index","follow":"follow","max-snippet":"max-snippet:-1","max-image-preview":"max-image-preview:large","max-video-preview":"max-video-preview:-1"},"canonical":"https:\/\/sardiniansoul.dominioswebmed.com\/fr\/produit\/consultation-appel-de-30-minutes-pour-discuter-de-vos-objectifs-de-voyage-de-vos-preferences-et-des-premieres-recommandations\/","og_locale":"fr_FR","og_type":"article","og_title":"Consultation : appel de 30 minutes pour discuter de vos objectifs de voyage, de vos pr\u00e9f\u00e9rences et des premi\u00e8res recommandations. - Travel Advisor Sardinian Soul","og_description":"Inclus&nbsp;: &#8211; Posez toutes vos questions sur vos pr\u00e9f\u00e9rences de forfaits &#8211; Je vous offrirai des suggestions g\u00e9n\u00e9rales concernant la dur\u00e9e du voyage, la logistique, les r\u00e9gions \u00e0 couvrir et les activit\u00e9s \u00e0 faire Non inclus&nbsp;: Itin\u00e9raire complet, h\u00f4tels ou activit\u00e9s sp\u00e9cifiques","og_url":"https:\/\/sardiniansoul.dominioswebmed.com\/fr\/produit\/consultation-appel-de-30-minutes-pour-discuter-de-vos-objectifs-de-voyage-de-vos-preferences-et-des-premieres-recommandations\/","og_site_name":"Travel Advisor Sardinian Soul","article_modified_time":"2026-01-16T00:24:03+00:00","og_image":[{"width":1024,"height":1024,"url":"https:\/\/sardiniansoul.dominioswebmed.com\/wp-content\/uploads\/2025\/09\/LOGO-1.jpeg","type":"image\/jpeg"}],"twitter_card":"summary_large_image","schema":{"@context":"https:\/\/schema.org","@graph":[{"@type":"WebPage","@id":"https:\/\/sardiniansoul.dominioswebmed.com\/fr\/produit\/consultation-appel-de-30-minutes-pour-discuter-de-vos-objectifs-de-voyage-de-vos-preferences-et-des-premieres-recommandations\/","url":"https:\/\/sardiniansoul.dominioswebmed.com\/fr\/produit\/consultation-appel-de-30-minutes-pour-discuter-de-vos-objectifs-de-voyage-de-vos-preferences-et-des-premieres-recommandations\/","name":"Consultation : appel de 30 minutes pour discuter de vos objectifs de voyage, de vos pr\u00e9f\u00e9rences et des premi\u00e8res recommandations. - Travel Advisor Sardinian Soul","isPartOf":{"@id":"https:\/\/sardiniansoul.dominioswebmed.com\/fr\/#website"},"primaryImageOfPage":{"@id":"https:\/\/sardiniansoul.dominioswebmed.com\/fr\/produit\/consultation-appel-de-30-minutes-pour-discuter-de-vos-objectifs-de-voyage-de-vos-preferences-et-des-premieres-recommandations\/#primaryimage"},"image":{"@id":"https:\/\/sardiniansoul.dominioswebmed.com\/fr\/produit\/consultation-appel-de-30-minutes-pour-discuter-de-vos-objectifs-de-voyage-de-vos-preferences-et-des-premieres-recommandations\/#primaryimage"},"thumbnailUrl":"https:\/\/sardiniansoul.dominioswebmed.com\/wp-content\/uploads\/2025\/09\/LOGO-1.jpeg","datePublished":"2025-11-17T18:31:42+00:00","dateModified":"2026-01-16T00:24:03+00:00","breadcrumb":{"@id":"https:\/\/sardiniansoul.dominioswebmed.com\/fr\/produit\/consultation-appel-de-30-minutes-pour-discuter-de-vos-objectifs-de-voyage-de-vos-preferences-et-des-premieres-recommandations\/#breadcrumb"},"inLanguage":"fr-FR","potentialAction":[{"@type":"ReadAction","target":["https:\/\/sardiniansoul.dominioswebmed.com\/fr\/produit\/consultation-appel-de-30-minutes-pour-discuter-de-vos-objectifs-de-voyage-de-vos-preferences-et-des-premieres-recommandations\/"]}]},{"@type":"ImageObject","inLanguage":"fr-FR","@id":"https:\/\/sardiniansoul.dominioswebmed.com\/fr\/produit\/consultation-appel-de-30-minutes-pour-discuter-de-vos-objectifs-de-voyage-de-vos-preferences-et-des-premieres-recommandations\/#primaryimage","url":"https:\/\/sardiniansoul.dominioswebmed.com\/wp-content\/uploads\/2025\/09\/LOGO-1.jpeg","contentUrl":"https:\/\/sardiniansoul.dominioswebmed.com\/wp-content\/uploads\/2025\/09\/LOGO-1.jpeg","width":1024,"height":1024},{"@type":"BreadcrumbList","@id":"https:\/\/sardiniansoul.dominioswebmed.com\/fr\/produit\/consultation-appel-de-30-minutes-pour-discuter-de-vos-objectifs-de-voyage-de-vos-preferences-et-des-premieres-recommandations\/#breadcrumb","itemListElement":[{"@type":"ListItem","position":1,"name":"Accueil","item":"https:\/\/sardiniansoul.dominioswebmed.com\/fr\/accueil\/"},{"@type":"ListItem","position":2,"name":"Boutique","item":"https:\/\/sardiniansoul.dominioswebmed.com\/fr\/boutique\/"},{"@type":"ListItem","position":3,"name":"Consultation : appel de 30 minutes pour discuter de vos objectifs de voyage, de vos pr\u00e9f\u00e9rences et des premi\u00e8res recommandations."}]},{"@type":"WebSite","@id":"https:\/\/sardiniansoul.dominioswebmed.com\/fr\/#website","url":"https:\/\/sardiniansoul.dominioswebmed.com\/fr\/","name":"Travel Advisor Sardinian Soul","description":"Tu viaje so\u00f1ado, dise\u00f1ado a medida","potentialAction":[{"@type":"SearchAction","target":{"@type":"EntryPoint","urlTemplate":"https:\/\/sardiniansoul.dominioswebmed.com\/fr\/?s={search_term_string}"},"query-input":{"@type":"PropertyValueSpecification","valueRequired":true,"valueName":"search_term_string"}}],"inLanguage":"fr-FR"}]}},"_links":{"self":[{"href":"https:\/\/sardiniansoul.dominioswebmed.com\/fr\/wp-json\/wp\/v2\/product\/1687","targetHints":{"allow":["GET"]}}],"collection":[{"href":"https:\/\/sardiniansoul.dominioswebmed.com\/fr\/wp-json\/wp\/v2\/product"}],"about":[{"href":"https:\/\/sardiniansoul.dominioswebmed.com\/fr\/wp-json\/wp\/v2\/types\/product"}],"replies":[{"embeddable":true,"href":"https:\/\/sardiniansoul.dominioswebmed.com\/fr\/wp-json\/wp\/v2\/comments?post=1687"}],"wp:featuredmedia":[{"embeddable":true,"href":"https:\/\/sardiniansoul.dominioswebmed.com\/fr\/wp-json\/wp\/v2\/media\/1348"}],"wp:attachment":[{"href":"https:\/\/sardiniansoul.dominioswebmed.com\/fr\/wp-json\/wp\/v2\/media?parent=1687"}],"wp:term":[{"taxonomy":"product_brand","embeddable":true,"href":"https:\/\/sardiniansoul.dominioswebmed.com\/fr\/wp-json\/wp\/v2\/product_brand?post=1687"},{"taxonomy":"product_cat","embeddable":true,"href":"https:\/\/sardiniansoul.dominioswebmed.com\/fr\/wp-json\/wp\/v2\/product_cat?post=1687"},{"taxonomy":"product_tag","embeddable":true,"href":"https:\/\/sardiniansoul.dominioswebmed.com\/fr\/wp-json\/wp\/v2\/product_tag?post=1687"}],"curies":[{"name":"wp","href":"https:\/\/api.w.org\/{rel}","templated":true}]}}