{"id":1683,"date":"2025-11-17T18:41:49","date_gmt":"2025-11-17T18:41:49","guid":{"rendered":"https:\/\/sardiniansoul.dominioswebmed.com\/product\/service-de-conciergerie-avec-itineraire-complet-fourni-pour-un-groupe-de-10-personnes-ou-plus\/"},"modified":"2026-01-16T00:28:49","modified_gmt":"2026-01-16T00:28:49","slug":"service-de-conciergerie-avec-itineraire-complet-fourni-pour-un-groupe-de-10-personnes-ou-plus","status":"publish","type":"product","link":"https:\/\/sardiniansoul.dominioswebmed.com\/fr\/produit\/service-de-conciergerie-avec-itineraire-complet-fourni-pour-un-groupe-de-10-personnes-ou-plus\/","title":{"rendered":"Service de conciergerie : Itin\u00e9raire complet pour 10 personnes ou plus."},"content":{"rendered":"<p data-renderer-start-pos=\"869\"><strong>DEMANDER UN DEVIS<\/strong><\/p>\n<p data-renderer-start-pos=\"869\"><strong>Inclus&nbsp;:<\/strong><\/p>\n<p>&#8211; Itin\u00e9raire enti\u00e8rement personnalis\u00e9<br \/>\n&#8211; Assistance pour la r\u00e9servation d\u2019h\u00e9bergements, de visites guid\u00e9es, d\u2019activit\u00e9s et d\u2019exp\u00e9riences uniques<br \/>\n&#8211; Transport priv\u00e9<br \/>\n&#8211; Directeur de voyage professionnel pour vous assister de votre arriv\u00e9e \u00e0 votre d\u00e9part.<\/p>\n<p><strong>Non inclus&nbsp;:<\/strong><\/p>\n<p>&#8211; Assurance voyage<br \/>\n&#8211; Organisation des vols<\/p>\n<p data-renderer-start-pos=\"1245\"><strong>Pour ajouter une clause de non-responsabilit\u00e9<\/strong><\/p>\n<p data-renderer-start-pos=\"1245\">La consultation de voyage par Sardinian Soul est uniquement \u00e0 des fins d\u2019information et de conseil. Bien que tous les efforts soient d\u00e9ploy\u00e9s pour offrir des informations exactes et \u00e0 jour, Sardinian Soul n\u2019assume aucune responsabilit\u00e9 quant aux actions, aux services ou \u00e0 la fiabilit\u00e9 des fournisseurs tiers, y compris les compagnies a\u00e9riennes, les h\u00f4tels, les voyagistes, les soci\u00e9t\u00e9s de transport ou autres partenaires de service.<br \/>\nLes clients sont responsables de leurs propres arrangements et d\u00e9cisions de voyage. Sardinian Soul ne saurait \u00eatre tenu responsable de toute perte, retard, accident, blessure ou dommage r\u00e9sultant de l\u2019utilisation des informations ou des recommandations fournies lors de la consultation.<\/p>\n","protected":false},"excerpt":{"rendered":"<p>DEMANDER UN DEVIS Inclus&nbsp;: &#8211; Itin\u00e9raire enti\u00e8rement personnalis\u00e9 &#8211; Assistance pour la r\u00e9servation d\u2019h\u00e9bergements, de visites guid\u00e9es, d\u2019activit\u00e9s et d\u2019exp\u00e9riences uniques &#8211; Transport priv\u00e9 &#8211; Directeur de voyage professionnel pour vous assister de votre arriv\u00e9e \u00e0 votre d\u00e9part. Non inclus&nbsp;: &#8211; Assurance voyage &#8211; Organisation des vols Pour ajouter une clause de non-responsabilit\u00e9 La consultation [&hellip;]<\/p>\n","protected":false},"featured_media":1348,"comment_status":"open","ping_status":"closed","template":"","meta":[],"product_brand":[],"product_cat":[51],"product_tag":[],"class_list":{"0":"post-1683","1":"product","2":"type-product","3":"status-publish","4":"has-post-thumbnail","6":"product_cat-produits","8":"first","9":"instock","10":"shipping-taxable","11":"product-type-external"},"yoast_head":"<!-- This site is optimized with the Yoast SEO plugin v25.3 - https:\/\/yoast.com\/wordpress\/plugins\/seo\/ -->\n<title>Service de conciergerie : Itin\u00e9raire complet pour 10 personnes ou plus. - Travel Advisor Sardinian Soul<\/title>\n<meta name=\"robots\" content=\"index, follow, max-snippet:-1, max-image-preview:large, max-video-preview:-1\" \/>\n<link rel=\"canonical\" href=\"https:\/\/sardiniansoul.dominioswebmed.com\/fr\/produit\/service-de-conciergerie-avec-itineraire-complet-fourni-pour-un-groupe-de-10-personnes-ou-plus\/\" \/>\n<meta property=\"og:locale\" content=\"fr_FR\" \/>\n<meta property=\"og:type\" content=\"article\" \/>\n<meta property=\"og:title\" content=\"Service de conciergerie : Itin\u00e9raire complet pour 10 personnes ou plus. - Travel Advisor Sardinian Soul\" \/>\n<meta property=\"og:description\" content=\"DEMANDER UN DEVIS Inclus&nbsp;: &#8211; Itin\u00e9raire enti\u00e8rement personnalis\u00e9 &#8211; Assistance pour la r\u00e9servation d\u2019h\u00e9bergements, de visites guid\u00e9es, d\u2019activit\u00e9s et d\u2019exp\u00e9riences uniques &#8211; Transport priv\u00e9 &#8211; Directeur de voyage professionnel pour vous assister de votre arriv\u00e9e \u00e0 votre d\u00e9part. Non inclus&nbsp;: &#8211; Assurance voyage &#8211; Organisation des vols Pour ajouter une clause de non-responsabilit\u00e9 La consultation [&hellip;]\" \/>\n<meta property=\"og:url\" content=\"https:\/\/sardiniansoul.dominioswebmed.com\/fr\/produit\/service-de-conciergerie-avec-itineraire-complet-fourni-pour-un-groupe-de-10-personnes-ou-plus\/\" \/>\n<meta property=\"og:site_name\" content=\"Travel Advisor Sardinian Soul\" \/>\n<meta property=\"article:modified_time\" content=\"2026-01-16T00:28:49+00:00\" \/>\n<meta property=\"og:image\" content=\"https:\/\/sardiniansoul.dominioswebmed.com\/wp-content\/uploads\/2025\/09\/LOGO-1.jpeg\" \/>\n\t<meta property=\"og:image:width\" content=\"1024\" \/>\n\t<meta property=\"og:image:height\" content=\"1024\" \/>\n\t<meta property=\"og:image:type\" content=\"image\/jpeg\" \/>\n<meta name=\"twitter:card\" content=\"summary_large_image\" \/>\n<meta name=\"twitter:label1\" content=\"Dur\u00e9e de lecture estim\u00e9e\" \/>\n\t<meta name=\"twitter:data1\" content=\"1 minute\" \/>\n<script type=\"application\/ld+json\" class=\"yoast-schema-graph\">{\"@context\":\"https:\/\/schema.org\",\"@graph\":[{\"@type\":\"WebPage\",\"@id\":\"https:\/\/sardiniansoul.dominioswebmed.com\/fr\/produit\/service-de-conciergerie-avec-itineraire-complet-fourni-pour-un-groupe-de-10-personnes-ou-plus\/\",\"url\":\"https:\/\/sardiniansoul.dominioswebmed.com\/fr\/produit\/service-de-conciergerie-avec-itineraire-complet-fourni-pour-un-groupe-de-10-personnes-ou-plus\/\",\"name\":\"Service de conciergerie : Itin\u00e9raire complet pour 10 personnes ou plus. - Travel Advisor Sardinian Soul\",\"isPartOf\":{\"@id\":\"https:\/\/sardiniansoul.dominioswebmed.com\/fr\/#website\"},\"primaryImageOfPage\":{\"@id\":\"https:\/\/sardiniansoul.dominioswebmed.com\/fr\/produit\/service-de-conciergerie-avec-itineraire-complet-fourni-pour-un-groupe-de-10-personnes-ou-plus\/#primaryimage\"},\"image\":{\"@id\":\"https:\/\/sardiniansoul.dominioswebmed.com\/fr\/produit\/service-de-conciergerie-avec-itineraire-complet-fourni-pour-un-groupe-de-10-personnes-ou-plus\/#primaryimage\"},\"thumbnailUrl\":\"https:\/\/sardiniansoul.dominioswebmed.com\/wp-content\/uploads\/2025\/09\/LOGO-1.jpeg\",\"datePublished\":\"2025-11-17T18:41:49+00:00\",\"dateModified\":\"2026-01-16T00:28:49+00:00\",\"breadcrumb\":{\"@id\":\"https:\/\/sardiniansoul.dominioswebmed.com\/fr\/produit\/service-de-conciergerie-avec-itineraire-complet-fourni-pour-un-groupe-de-10-personnes-ou-plus\/#breadcrumb\"},\"inLanguage\":\"fr-FR\",\"potentialAction\":[{\"@type\":\"ReadAction\",\"target\":[\"https:\/\/sardiniansoul.dominioswebmed.com\/fr\/produit\/service-de-conciergerie-avec-itineraire-complet-fourni-pour-un-groupe-de-10-personnes-ou-plus\/\"]}]},{\"@type\":\"ImageObject\",\"inLanguage\":\"fr-FR\",\"@id\":\"https:\/\/sardiniansoul.dominioswebmed.com\/fr\/produit\/service-de-conciergerie-avec-itineraire-complet-fourni-pour-un-groupe-de-10-personnes-ou-plus\/#primaryimage\",\"url\":\"https:\/\/sardiniansoul.dominioswebmed.com\/wp-content\/uploads\/2025\/09\/LOGO-1.jpeg\",\"contentUrl\":\"https:\/\/sardiniansoul.dominioswebmed.com\/wp-content\/uploads\/2025\/09\/LOGO-1.jpeg\",\"width\":1024,\"height\":1024},{\"@type\":\"BreadcrumbList\",\"@id\":\"https:\/\/sardiniansoul.dominioswebmed.com\/fr\/produit\/service-de-conciergerie-avec-itineraire-complet-fourni-pour-un-groupe-de-10-personnes-ou-plus\/#breadcrumb\",\"itemListElement\":[{\"@type\":\"ListItem\",\"position\":1,\"name\":\"Accueil\",\"item\":\"https:\/\/sardiniansoul.dominioswebmed.com\/fr\/accueil\/\"},{\"@type\":\"ListItem\",\"position\":2,\"name\":\"Boutique\",\"item\":\"https:\/\/sardiniansoul.dominioswebmed.com\/fr\/boutique\/\"},{\"@type\":\"ListItem\",\"position\":3,\"name\":\"Service de conciergerie : Itin\u00e9raire complet pour 10 personnes ou plus.\"}]},{\"@type\":\"WebSite\",\"@id\":\"https:\/\/sardiniansoul.dominioswebmed.com\/fr\/#website\",\"url\":\"https:\/\/sardiniansoul.dominioswebmed.com\/fr\/\",\"name\":\"Travel Advisor Sardinian Soul\",\"description\":\"Tu viaje so\u00f1ado, dise\u00f1ado a medida\",\"potentialAction\":[{\"@type\":\"SearchAction\",\"target\":{\"@type\":\"EntryPoint\",\"urlTemplate\":\"https:\/\/sardiniansoul.dominioswebmed.com\/fr\/?s={search_term_string}\"},\"query-input\":{\"@type\":\"PropertyValueSpecification\",\"valueRequired\":true,\"valueName\":\"search_term_string\"}}],\"inLanguage\":\"fr-FR\"}]}<\/script>\n<!-- \/ Yoast SEO plugin. -->","yoast_head_json":{"title":"Service de conciergerie : Itin\u00e9raire complet pour 10 personnes ou plus. - Travel Advisor Sardinian Soul","robots":{"index":"index","follow":"follow","max-snippet":"max-snippet:-1","max-image-preview":"max-image-preview:large","max-video-preview":"max-video-preview:-1"},"canonical":"https:\/\/sardiniansoul.dominioswebmed.com\/fr\/produit\/service-de-conciergerie-avec-itineraire-complet-fourni-pour-un-groupe-de-10-personnes-ou-plus\/","og_locale":"fr_FR","og_type":"article","og_title":"Service de conciergerie : Itin\u00e9raire complet pour 10 personnes ou plus. - Travel Advisor Sardinian Soul","og_description":"DEMANDER UN DEVIS Inclus&nbsp;: &#8211; Itin\u00e9raire enti\u00e8rement personnalis\u00e9 &#8211; Assistance pour la r\u00e9servation d\u2019h\u00e9bergements, de visites guid\u00e9es, d\u2019activit\u00e9s et d\u2019exp\u00e9riences uniques &#8211; Transport priv\u00e9 &#8211; Directeur de voyage professionnel pour vous assister de votre arriv\u00e9e \u00e0 votre d\u00e9part. Non inclus&nbsp;: &#8211; Assurance voyage &#8211; Organisation des vols Pour ajouter une clause de non-responsabilit\u00e9 La consultation [&hellip;]","og_url":"https:\/\/sardiniansoul.dominioswebmed.com\/fr\/produit\/service-de-conciergerie-avec-itineraire-complet-fourni-pour-un-groupe-de-10-personnes-ou-plus\/","og_site_name":"Travel Advisor Sardinian Soul","article_modified_time":"2026-01-16T00:28:49+00:00","og_image":[{"width":1024,"height":1024,"url":"https:\/\/sardiniansoul.dominioswebmed.com\/wp-content\/uploads\/2025\/09\/LOGO-1.jpeg","type":"image\/jpeg"}],"twitter_card":"summary_large_image","twitter_misc":{"Dur\u00e9e de lecture estim\u00e9e":"1 minute"},"schema":{"@context":"https:\/\/schema.org","@graph":[{"@type":"WebPage","@id":"https:\/\/sardiniansoul.dominioswebmed.com\/fr\/produit\/service-de-conciergerie-avec-itineraire-complet-fourni-pour-un-groupe-de-10-personnes-ou-plus\/","url":"https:\/\/sardiniansoul.dominioswebmed.com\/fr\/produit\/service-de-conciergerie-avec-itineraire-complet-fourni-pour-un-groupe-de-10-personnes-ou-plus\/","name":"Service de conciergerie : Itin\u00e9raire complet pour 10 personnes ou plus. - Travel Advisor Sardinian Soul","isPartOf":{"@id":"https:\/\/sardiniansoul.dominioswebmed.com\/fr\/#website"},"primaryImageOfPage":{"@id":"https:\/\/sardiniansoul.dominioswebmed.com\/fr\/produit\/service-de-conciergerie-avec-itineraire-complet-fourni-pour-un-groupe-de-10-personnes-ou-plus\/#primaryimage"},"image":{"@id":"https:\/\/sardiniansoul.dominioswebmed.com\/fr\/produit\/service-de-conciergerie-avec-itineraire-complet-fourni-pour-un-groupe-de-10-personnes-ou-plus\/#primaryimage"},"thumbnailUrl":"https:\/\/sardiniansoul.dominioswebmed.com\/wp-content\/uploads\/2025\/09\/LOGO-1.jpeg","datePublished":"2025-11-17T18:41:49+00:00","dateModified":"2026-01-16T00:28:49+00:00","breadcrumb":{"@id":"https:\/\/sardiniansoul.dominioswebmed.com\/fr\/produit\/service-de-conciergerie-avec-itineraire-complet-fourni-pour-un-groupe-de-10-personnes-ou-plus\/#breadcrumb"},"inLanguage":"fr-FR","potentialAction":[{"@type":"ReadAction","target":["https:\/\/sardiniansoul.dominioswebmed.com\/fr\/produit\/service-de-conciergerie-avec-itineraire-complet-fourni-pour-un-groupe-de-10-personnes-ou-plus\/"]}]},{"@type":"ImageObject","inLanguage":"fr-FR","@id":"https:\/\/sardiniansoul.dominioswebmed.com\/fr\/produit\/service-de-conciergerie-avec-itineraire-complet-fourni-pour-un-groupe-de-10-personnes-ou-plus\/#primaryimage","url":"https:\/\/sardiniansoul.dominioswebmed.com\/wp-content\/uploads\/2025\/09\/LOGO-1.jpeg","contentUrl":"https:\/\/sardiniansoul.dominioswebmed.com\/wp-content\/uploads\/2025\/09\/LOGO-1.jpeg","width":1024,"height":1024},{"@type":"BreadcrumbList","@id":"https:\/\/sardiniansoul.dominioswebmed.com\/fr\/produit\/service-de-conciergerie-avec-itineraire-complet-fourni-pour-un-groupe-de-10-personnes-ou-plus\/#breadcrumb","itemListElement":[{"@type":"ListItem","position":1,"name":"Accueil","item":"https:\/\/sardiniansoul.dominioswebmed.com\/fr\/accueil\/"},{"@type":"ListItem","position":2,"name":"Boutique","item":"https:\/\/sardiniansoul.dominioswebmed.com\/fr\/boutique\/"},{"@type":"ListItem","position":3,"name":"Service de conciergerie : Itin\u00e9raire complet pour 10 personnes ou plus."}]},{"@type":"WebSite","@id":"https:\/\/sardiniansoul.dominioswebmed.com\/fr\/#website","url":"https:\/\/sardiniansoul.dominioswebmed.com\/fr\/","name":"Travel Advisor Sardinian Soul","description":"Tu viaje so\u00f1ado, dise\u00f1ado a medida","potentialAction":[{"@type":"SearchAction","target":{"@type":"EntryPoint","urlTemplate":"https:\/\/sardiniansoul.dominioswebmed.com\/fr\/?s={search_term_string}"},"query-input":{"@type":"PropertyValueSpecification","valueRequired":true,"valueName":"search_term_string"}}],"inLanguage":"fr-FR"}]}},"_links":{"self":[{"href":"https:\/\/sardiniansoul.dominioswebmed.com\/fr\/wp-json\/wp\/v2\/product\/1683","targetHints":{"allow":["GET"]}}],"collection":[{"href":"https:\/\/sardiniansoul.dominioswebmed.com\/fr\/wp-json\/wp\/v2\/product"}],"about":[{"href":"https:\/\/sardiniansoul.dominioswebmed.com\/fr\/wp-json\/wp\/v2\/types\/product"}],"replies":[{"embeddable":true,"href":"https:\/\/sardiniansoul.dominioswebmed.com\/fr\/wp-json\/wp\/v2\/comments?post=1683"}],"wp:featuredmedia":[{"embeddable":true,"href":"https:\/\/sardiniansoul.dominioswebmed.com\/fr\/wp-json\/wp\/v2\/media\/1348"}],"wp:attachment":[{"href":"https:\/\/sardiniansoul.dominioswebmed.com\/fr\/wp-json\/wp\/v2\/media?parent=1683"}],"wp:term":[{"taxonomy":"product_brand","embeddable":true,"href":"https:\/\/sardiniansoul.dominioswebmed.com\/fr\/wp-json\/wp\/v2\/product_brand?post=1683"},{"taxonomy":"product_cat","embeddable":true,"href":"https:\/\/sardiniansoul.dominioswebmed.com\/fr\/wp-json\/wp\/v2\/product_cat?post=1683"},{"taxonomy":"product_tag","embeddable":true,"href":"https:\/\/sardiniansoul.dominioswebmed.com\/fr\/wp-json\/wp\/v2\/product_tag?post=1683"}],"curies":[{"name":"wp","href":"https:\/\/api.w.org\/{rel}","templated":true}]}}