{"id":1682,"date":"2025-11-17T18:34:51","date_gmt":"2025-11-17T18:34:51","guid":{"rendered":"https:\/\/sardiniansoul.dominioswebmed.com\/product\/presentation-de-la-consultation-pour-un-voyage-organise-de-7-jours\/"},"modified":"2026-01-16T00:27:01","modified_gmt":"2026-01-16T00:27:01","slug":"presentation-de-la-consultation-pour-un-voyage-organise-de-7-jours","status":"publish","type":"product","link":"https:\/\/sardiniansoul.dominioswebmed.com\/fr\/produit\/presentation-de-la-consultation-pour-un-voyage-organise-de-7-jours\/","title":{"rendered":"Pr\u00e9sentation de la demande de forfait touristique de 7 jours"},"content":{"rendered":"<p>350 EUROS plan de voyage de 7 jours &#8211; <strong>55 EUROS par jour suppl\u00e9mentaire<\/strong><\/p>\n<p><strong>Inclus&nbsp;:<\/strong><\/p>\n<p>&#8211; Examiner l\u2019itin\u00e9raire<br \/>\n&#8211; Recommandations sp\u00e9cifiques d\u2019h\u00f4tels, de transports, d\u2019activit\u00e9s et d\u2019attractions.<br \/>\n&#8211; Fournir un aper\u00e7u pour commencer<\/p>\n<p><strong>Non inclus&nbsp;:<\/strong><br \/>\n&#8211; R\u00e9servations ou inscriptions \u00e0 toute activit\u00e9 mentionn\u00e9e dans le plan de voyage.<\/p>\n","protected":false},"excerpt":{"rendered":"<p>350 EUROS plan de voyage de 7 jours &#8211; 55 EUROS par jour suppl\u00e9mentaire Inclus&nbsp;: &#8211; Examiner l\u2019itin\u00e9raire &#8211; Recommandations sp\u00e9cifiques d\u2019h\u00f4tels, de transports, d\u2019activit\u00e9s et d\u2019attractions. &#8211; Fournir un aper\u00e7u pour commencer Non inclus&nbsp;: &#8211; R\u00e9servations ou inscriptions \u00e0 toute activit\u00e9 mentionn\u00e9e dans le plan de voyage.<\/p>\n","protected":false},"featured_media":1348,"comment_status":"open","ping_status":"closed","template":"","meta":[],"product_brand":[],"product_cat":[51],"product_tag":[],"class_list":{"0":"post-1682","1":"product","2":"type-product","3":"status-publish","4":"has-post-thumbnail","6":"product_cat-produits","8":"first","9":"instock","10":"shipping-taxable","11":"purchasable","12":"product-type-simple"},"yoast_head":"<!-- This site is optimized with the Yoast SEO plugin v25.3 - https:\/\/yoast.com\/wordpress\/plugins\/seo\/ -->\n<title>Pr\u00e9sentation de la demande de forfait touristique de 7 jours - Travel Advisor Sardinian Soul<\/title>\n<meta name=\"robots\" content=\"index, follow, max-snippet:-1, max-image-preview:large, max-video-preview:-1\" \/>\n<link rel=\"canonical\" href=\"https:\/\/sardiniansoul.dominioswebmed.com\/fr\/produit\/presentation-de-la-consultation-pour-un-voyage-organise-de-7-jours\/\" \/>\n<meta property=\"og:locale\" content=\"fr_FR\" \/>\n<meta property=\"og:type\" content=\"article\" \/>\n<meta property=\"og:title\" content=\"Pr\u00e9sentation de la demande de forfait touristique de 7 jours - Travel Advisor Sardinian Soul\" \/>\n<meta property=\"og:description\" content=\"350 EUROS plan de voyage de 7 jours &#8211; 55 EUROS par jour suppl\u00e9mentaire Inclus&nbsp;: &#8211; Examiner l\u2019itin\u00e9raire &#8211; Recommandations sp\u00e9cifiques d\u2019h\u00f4tels, de transports, d\u2019activit\u00e9s et d\u2019attractions. &#8211; Fournir un aper\u00e7u pour commencer Non inclus&nbsp;: &#8211; R\u00e9servations ou inscriptions \u00e0 toute activit\u00e9 mentionn\u00e9e dans le plan de voyage.\" \/>\n<meta property=\"og:url\" content=\"https:\/\/sardiniansoul.dominioswebmed.com\/fr\/produit\/presentation-de-la-consultation-pour-un-voyage-organise-de-7-jours\/\" \/>\n<meta property=\"og:site_name\" content=\"Travel Advisor Sardinian Soul\" \/>\n<meta property=\"article:modified_time\" content=\"2026-01-16T00:27:01+00:00\" \/>\n<meta property=\"og:image\" content=\"https:\/\/sardiniansoul.dominioswebmed.com\/wp-content\/uploads\/2025\/09\/LOGO-1.jpeg\" \/>\n\t<meta property=\"og:image:width\" content=\"1024\" \/>\n\t<meta property=\"og:image:height\" content=\"1024\" \/>\n\t<meta property=\"og:image:type\" content=\"image\/jpeg\" \/>\n<meta name=\"twitter:card\" content=\"summary_large_image\" \/>\n<script type=\"application\/ld+json\" class=\"yoast-schema-graph\">{\"@context\":\"https:\/\/schema.org\",\"@graph\":[{\"@type\":\"WebPage\",\"@id\":\"https:\/\/sardiniansoul.dominioswebmed.com\/fr\/produit\/presentation-de-la-consultation-pour-un-voyage-organise-de-7-jours\/\",\"url\":\"https:\/\/sardiniansoul.dominioswebmed.com\/fr\/produit\/presentation-de-la-consultation-pour-un-voyage-organise-de-7-jours\/\",\"name\":\"Pr\u00e9sentation de la demande de forfait touristique de 7 jours - Travel Advisor Sardinian Soul\",\"isPartOf\":{\"@id\":\"https:\/\/sardiniansoul.dominioswebmed.com\/fr\/#website\"},\"primaryImageOfPage\":{\"@id\":\"https:\/\/sardiniansoul.dominioswebmed.com\/fr\/produit\/presentation-de-la-consultation-pour-un-voyage-organise-de-7-jours\/#primaryimage\"},\"image\":{\"@id\":\"https:\/\/sardiniansoul.dominioswebmed.com\/fr\/produit\/presentation-de-la-consultation-pour-un-voyage-organise-de-7-jours\/#primaryimage\"},\"thumbnailUrl\":\"https:\/\/sardiniansoul.dominioswebmed.com\/wp-content\/uploads\/2025\/09\/LOGO-1.jpeg\",\"datePublished\":\"2025-11-17T18:34:51+00:00\",\"dateModified\":\"2026-01-16T00:27:01+00:00\",\"breadcrumb\":{\"@id\":\"https:\/\/sardiniansoul.dominioswebmed.com\/fr\/produit\/presentation-de-la-consultation-pour-un-voyage-organise-de-7-jours\/#breadcrumb\"},\"inLanguage\":\"fr-FR\",\"potentialAction\":[{\"@type\":\"ReadAction\",\"target\":[\"https:\/\/sardiniansoul.dominioswebmed.com\/fr\/produit\/presentation-de-la-consultation-pour-un-voyage-organise-de-7-jours\/\"]}]},{\"@type\":\"ImageObject\",\"inLanguage\":\"fr-FR\",\"@id\":\"https:\/\/sardiniansoul.dominioswebmed.com\/fr\/produit\/presentation-de-la-consultation-pour-un-voyage-organise-de-7-jours\/#primaryimage\",\"url\":\"https:\/\/sardiniansoul.dominioswebmed.com\/wp-content\/uploads\/2025\/09\/LOGO-1.jpeg\",\"contentUrl\":\"https:\/\/sardiniansoul.dominioswebmed.com\/wp-content\/uploads\/2025\/09\/LOGO-1.jpeg\",\"width\":1024,\"height\":1024},{\"@type\":\"BreadcrumbList\",\"@id\":\"https:\/\/sardiniansoul.dominioswebmed.com\/fr\/produit\/presentation-de-la-consultation-pour-un-voyage-organise-de-7-jours\/#breadcrumb\",\"itemListElement\":[{\"@type\":\"ListItem\",\"position\":1,\"name\":\"Accueil\",\"item\":\"https:\/\/sardiniansoul.dominioswebmed.com\/fr\/accueil\/\"},{\"@type\":\"ListItem\",\"position\":2,\"name\":\"Boutique\",\"item\":\"https:\/\/sardiniansoul.dominioswebmed.com\/fr\/boutique\/\"},{\"@type\":\"ListItem\",\"position\":3,\"name\":\"Pr\u00e9sentation de la demande de forfait touristique de 7 jours\"}]},{\"@type\":\"WebSite\",\"@id\":\"https:\/\/sardiniansoul.dominioswebmed.com\/fr\/#website\",\"url\":\"https:\/\/sardiniansoul.dominioswebmed.com\/fr\/\",\"name\":\"Travel Advisor Sardinian Soul\",\"description\":\"Tu viaje so\u00f1ado, dise\u00f1ado a medida\",\"potentialAction\":[{\"@type\":\"SearchAction\",\"target\":{\"@type\":\"EntryPoint\",\"urlTemplate\":\"https:\/\/sardiniansoul.dominioswebmed.com\/fr\/?s={search_term_string}\"},\"query-input\":{\"@type\":\"PropertyValueSpecification\",\"valueRequired\":true,\"valueName\":\"search_term_string\"}}],\"inLanguage\":\"fr-FR\"}]}<\/script>\n<!-- \/ Yoast SEO plugin. -->","yoast_head_json":{"title":"Pr\u00e9sentation de la demande de forfait touristique de 7 jours - Travel Advisor Sardinian Soul","robots":{"index":"index","follow":"follow","max-snippet":"max-snippet:-1","max-image-preview":"max-image-preview:large","max-video-preview":"max-video-preview:-1"},"canonical":"https:\/\/sardiniansoul.dominioswebmed.com\/fr\/produit\/presentation-de-la-consultation-pour-un-voyage-organise-de-7-jours\/","og_locale":"fr_FR","og_type":"article","og_title":"Pr\u00e9sentation de la demande de forfait touristique de 7 jours - Travel Advisor Sardinian Soul","og_description":"350 EUROS plan de voyage de 7 jours &#8211; 55 EUROS par jour suppl\u00e9mentaire Inclus&nbsp;: &#8211; Examiner l\u2019itin\u00e9raire &#8211; Recommandations sp\u00e9cifiques d\u2019h\u00f4tels, de transports, d\u2019activit\u00e9s et d\u2019attractions. &#8211; Fournir un aper\u00e7u pour commencer Non inclus&nbsp;: &#8211; R\u00e9servations ou inscriptions \u00e0 toute activit\u00e9 mentionn\u00e9e dans le plan de voyage.","og_url":"https:\/\/sardiniansoul.dominioswebmed.com\/fr\/produit\/presentation-de-la-consultation-pour-un-voyage-organise-de-7-jours\/","og_site_name":"Travel Advisor Sardinian Soul","article_modified_time":"2026-01-16T00:27:01+00:00","og_image":[{"width":1024,"height":1024,"url":"https:\/\/sardiniansoul.dominioswebmed.com\/wp-content\/uploads\/2025\/09\/LOGO-1.jpeg","type":"image\/jpeg"}],"twitter_card":"summary_large_image","schema":{"@context":"https:\/\/schema.org","@graph":[{"@type":"WebPage","@id":"https:\/\/sardiniansoul.dominioswebmed.com\/fr\/produit\/presentation-de-la-consultation-pour-un-voyage-organise-de-7-jours\/","url":"https:\/\/sardiniansoul.dominioswebmed.com\/fr\/produit\/presentation-de-la-consultation-pour-un-voyage-organise-de-7-jours\/","name":"Pr\u00e9sentation de la demande de forfait touristique de 7 jours - Travel Advisor Sardinian Soul","isPartOf":{"@id":"https:\/\/sardiniansoul.dominioswebmed.com\/fr\/#website"},"primaryImageOfPage":{"@id":"https:\/\/sardiniansoul.dominioswebmed.com\/fr\/produit\/presentation-de-la-consultation-pour-un-voyage-organise-de-7-jours\/#primaryimage"},"image":{"@id":"https:\/\/sardiniansoul.dominioswebmed.com\/fr\/produit\/presentation-de-la-consultation-pour-un-voyage-organise-de-7-jours\/#primaryimage"},"thumbnailUrl":"https:\/\/sardiniansoul.dominioswebmed.com\/wp-content\/uploads\/2025\/09\/LOGO-1.jpeg","datePublished":"2025-11-17T18:34:51+00:00","dateModified":"2026-01-16T00:27:01+00:00","breadcrumb":{"@id":"https:\/\/sardiniansoul.dominioswebmed.com\/fr\/produit\/presentation-de-la-consultation-pour-un-voyage-organise-de-7-jours\/#breadcrumb"},"inLanguage":"fr-FR","potentialAction":[{"@type":"ReadAction","target":["https:\/\/sardiniansoul.dominioswebmed.com\/fr\/produit\/presentation-de-la-consultation-pour-un-voyage-organise-de-7-jours\/"]}]},{"@type":"ImageObject","inLanguage":"fr-FR","@id":"https:\/\/sardiniansoul.dominioswebmed.com\/fr\/produit\/presentation-de-la-consultation-pour-un-voyage-organise-de-7-jours\/#primaryimage","url":"https:\/\/sardiniansoul.dominioswebmed.com\/wp-content\/uploads\/2025\/09\/LOGO-1.jpeg","contentUrl":"https:\/\/sardiniansoul.dominioswebmed.com\/wp-content\/uploads\/2025\/09\/LOGO-1.jpeg","width":1024,"height":1024},{"@type":"BreadcrumbList","@id":"https:\/\/sardiniansoul.dominioswebmed.com\/fr\/produit\/presentation-de-la-consultation-pour-un-voyage-organise-de-7-jours\/#breadcrumb","itemListElement":[{"@type":"ListItem","position":1,"name":"Accueil","item":"https:\/\/sardiniansoul.dominioswebmed.com\/fr\/accueil\/"},{"@type":"ListItem","position":2,"name":"Boutique","item":"https:\/\/sardiniansoul.dominioswebmed.com\/fr\/boutique\/"},{"@type":"ListItem","position":3,"name":"Pr\u00e9sentation de la demande de forfait touristique de 7 jours"}]},{"@type":"WebSite","@id":"https:\/\/sardiniansoul.dominioswebmed.com\/fr\/#website","url":"https:\/\/sardiniansoul.dominioswebmed.com\/fr\/","name":"Travel Advisor Sardinian Soul","description":"Tu viaje so\u00f1ado, dise\u00f1ado a medida","potentialAction":[{"@type":"SearchAction","target":{"@type":"EntryPoint","urlTemplate":"https:\/\/sardiniansoul.dominioswebmed.com\/fr\/?s={search_term_string}"},"query-input":{"@type":"PropertyValueSpecification","valueRequired":true,"valueName":"search_term_string"}}],"inLanguage":"fr-FR"}]}},"_links":{"self":[{"href":"https:\/\/sardiniansoul.dominioswebmed.com\/fr\/wp-json\/wp\/v2\/product\/1682","targetHints":{"allow":["GET"]}}],"collection":[{"href":"https:\/\/sardiniansoul.dominioswebmed.com\/fr\/wp-json\/wp\/v2\/product"}],"about":[{"href":"https:\/\/sardiniansoul.dominioswebmed.com\/fr\/wp-json\/wp\/v2\/types\/product"}],"replies":[{"embeddable":true,"href":"https:\/\/sardiniansoul.dominioswebmed.com\/fr\/wp-json\/wp\/v2\/comments?post=1682"}],"wp:featuredmedia":[{"embeddable":true,"href":"https:\/\/sardiniansoul.dominioswebmed.com\/fr\/wp-json\/wp\/v2\/media\/1348"}],"wp:attachment":[{"href":"https:\/\/sardiniansoul.dominioswebmed.com\/fr\/wp-json\/wp\/v2\/media?parent=1682"}],"wp:term":[{"taxonomy":"product_brand","embeddable":true,"href":"https:\/\/sardiniansoul.dominioswebmed.com\/fr\/wp-json\/wp\/v2\/product_brand?post=1682"},{"taxonomy":"product_cat","embeddable":true,"href":"https:\/\/sardiniansoul.dominioswebmed.com\/fr\/wp-json\/wp\/v2\/product_cat?post=1682"},{"taxonomy":"product_tag","embeddable":true,"href":"https:\/\/sardiniansoul.dominioswebmed.com\/fr\/wp-json\/wp\/v2\/product_tag?post=1682"}],"curies":[{"name":"wp","href":"https:\/\/api.w.org\/{rel}","templated":true}]}}