{"id":1734,"date":"2026-01-15T23:07:07","date_gmt":"2026-01-15T23:07:07","guid":{"rendered":"https:\/\/sardiniansoul.dominioswebmed.com\/ajouter-une-clause-de-non-responsabilite-2\/"},"modified":"2026-01-15T23:16:18","modified_gmt":"2026-01-15T23:16:18","slug":"ajouter-une-clause-de-non-responsabilite-2","status":"publish","type":"page","link":"https:\/\/sardiniansoul.dominioswebmed.com\/fr\/ajouter-une-clause-de-non-responsabilite-2\/","title":{"rendered":"Ajouter une clause de non-responsabilit\u00e9"},"content":{"rendered":"\t\t<div data-elementor-type=\"wp-page\" data-elementor-id=\"1734\" class=\"elementor elementor-1734 elementor-1728\" data-elementor-post-type=\"page\">\n\t\t\t\t<div class=\"elementor-element elementor-element-1272fd9 e-flex e-con-boxed e-con e-parent\" data-id=\"1272fd9\" data-element_type=\"container\" data-settings=\"{&quot;background_background&quot;:&quot;classic&quot;}\">\n\t\t\t\t\t<div class=\"e-con-inner\">\n\t\t<div class=\"elementor-element elementor-element-2071cc0 e-con-full e-flex e-con e-child\" data-id=\"2071cc0\" data-element_type=\"container\">\n\t\t\t\t<div class=\"elementor-element elementor-element-f4ca118 elementor-widget elementor-widget-heading\" data-id=\"f4ca118\" data-element_type=\"widget\" data-widget_type=\"heading.default\">\n\t\t\t\t<div class=\"elementor-widget-container\">\n\t\t\t\t\t<h2 class=\"elementor-heading-title elementor-size-default\">Ajouter une clause de non-responsabilit\u00e9<\/h2>\t\t\t\t<\/div>\n\t\t\t\t<\/div>\n\t\t<div class=\"elementor-element elementor-element-e5779bd e-con-full e-flex e-con e-child\" data-id=\"e5779bd\" data-element_type=\"container\">\n\t\t\t\t<div class=\"elementor-element elementor-element-9d0b5e9 elementor-icon-list--layout-inline elementor-widget__width-auto elementor-align-right elementor-mobile-align-center elementor-list-item-link-full_width elementor-widget elementor-widget-icon-list\" data-id=\"9d0b5e9\" data-element_type=\"widget\" data-widget_type=\"icon-list.default\">\n\t\t\t\t<div class=\"elementor-widget-container\">\n\t\t\t\t\t\t\t<ul class=\"elementor-icon-list-items elementor-inline-items\">\n\t\t\t\t\t\t\t<li class=\"elementor-icon-list-item elementor-inline-item\">\n\t\t\t\t\t\t\t\t\t\t\t<a href=\"#\">\n\n\t\t\t\t\t\t\t\t\t\t\t<span class=\"elementor-icon-list-text\">Accueil <\/span>\n\t\t\t\t\t\t\t\t\t\t\t<\/a>\n\t\t\t\t\t\t\t\t\t<\/li>\n\t\t\t\t\t\t\t\t<li class=\"elementor-icon-list-item elementor-inline-item\">\n\t\t\t\t\t\t\t\t\t\t\t<a href=\"#\">\n\n\t\t\t\t\t\t\t\t\t\t\t\t<span class=\"elementor-icon-list-icon\">\n\t\t\t\t\t\t\t<svg aria-hidden=\"true\" class=\"e-font-icon-svg e-fas-minus\" viewBox=\"0 0 448 512\" xmlns=\"http:\/\/www.w3.org\/2000\/svg\"><path d=\"M416 208H32c-17.67 0-32 14.33-32 32v32c0 17.67 14.33 32 32 32h384c17.67 0 32-14.33 32-32v-32c0-17.67-14.33-32-32-32z\"><\/path><\/svg>\t\t\t\t\t\t<\/span>\n\t\t\t\t\t\t\t\t\t\t<span class=\"elementor-icon-list-text\">Nous<\/span>\n\t\t\t\t\t\t\t\t\t\t\t<\/a>\n\t\t\t\t\t\t\t\t\t<\/li>\n\t\t\t\t\t\t<\/ul>\n\t\t\t\t\t\t<\/div>\n\t\t\t\t<\/div>\n\t\t\t\t<\/div>\n\t\t\t\t<\/div>\n\t\t\t\t\t<\/div>\n\t\t\t\t<\/div>\n\t\t<div class=\"elementor-element elementor-element-97fdb80 e-flex e-con-boxed e-con e-parent\" data-id=\"97fdb80\" data-element_type=\"container\">\n\t\t\t\t\t<div class=\"e-con-inner\">\n\t\t<div class=\"elementor-element elementor-element-9c4cf19 e-con-full e-flex e-con e-child\" data-id=\"9c4cf19\" data-element_type=\"container\">\n\t\t\t\t<div class=\"elementor-element elementor-element-4c73b37 elementor-widget elementor-widget-text-editor\" data-id=\"4c73b37\" data-element_type=\"widget\" data-widget_type=\"text-editor.default\">\n\t\t\t\t<div class=\"elementor-widget-container\">\n\t\t\t\t\t\t\t\t\t<p>La consultation de voyage par Sardinian Soul est uniquement \u00e0 des fins d\u2019information et de conseil. Bien que tous les efforts soient d\u00e9ploy\u00e9s pour offrir des informations exactes et \u00e0 jour, Sardinian Soul n\u2019assume aucune responsabilit\u00e9 quant aux actions, services ou \u00e0 la fiabilit\u00e9 des fournisseurs tiers, y compris les compagnies a\u00e9riennes, les h\u00f4tels, les voyagistes, les soci\u00e9t\u00e9s de transport ou tout autre partenaire de service.<br>Il incombe aux clients de prendre leurs propres dispositions et d\u00e9cisions de voyage. Sardinian Soul ne saurait \u00eatre tenu responsable de toute perte, retard, accident, blessure ou dommage r\u00e9sultant de l\u2019utilisation des informations ou des recommandations fournies lors de la consultation.<\/p>\t\t\t\t\t\t\t\t<\/div>\n\t\t\t\t<\/div>\n\t\t\t\t<\/div>\n\t\t\t\t\t<\/div>\n\t\t\t\t<\/div>\n\t\t\t\t<\/div>\n\t\t","protected":false},"excerpt":{"rendered":"<p>Ajouter une clause de non-responsabilit\u00e9 Accueil Nous La consultation de voyage par Sardinian Soul est uniquement \u00e0 des fins d\u2019information et de conseil. Bien que tous les efforts soient d\u00e9ploy\u00e9s pour offrir des informations exactes et \u00e0 jour, Sardinian Soul n\u2019assume aucune responsabilit\u00e9 quant aux actions, services ou \u00e0 la fiabilit\u00e9 des fournisseurs tiers, y [&hellip;]<\/p>\n","protected":false},"author":1,"featured_media":0,"parent":0,"menu_order":0,"comment_status":"closed","ping_status":"closed","template":"","meta":{"footnotes":""},"class_list":["post-1734","page","type-page","status-publish","hentry"],"yoast_head":"<!-- This site is optimized with the Yoast SEO plugin v25.3 - https:\/\/yoast.com\/wordpress\/plugins\/seo\/ -->\n<title>Ajouter une clause de non-responsabilit\u00e9 - Travel Advisor Sardinian Soul<\/title>\n<meta name=\"robots\" content=\"index, follow, max-snippet:-1, max-image-preview:large, max-video-preview:-1\" \/>\n<link rel=\"canonical\" href=\"https:\/\/sardiniansoul.dominioswebmed.com\/fr\/ajouter-une-clause-de-non-responsabilite-2\/\" \/>\n<meta property=\"og:locale\" content=\"fr_FR\" \/>\n<meta property=\"og:type\" content=\"article\" \/>\n<meta property=\"og:title\" content=\"Ajouter une clause de non-responsabilit\u00e9 - Travel Advisor Sardinian Soul\" \/>\n<meta property=\"og:description\" content=\"Ajouter une clause de non-responsabilit\u00e9 Accueil Nous La consultation de voyage par Sardinian Soul est uniquement \u00e0 des fins d\u2019information et de conseil. Bien que tous les efforts soient d\u00e9ploy\u00e9s pour offrir des informations exactes et \u00e0 jour, Sardinian Soul n\u2019assume aucune responsabilit\u00e9 quant aux actions, services ou \u00e0 la fiabilit\u00e9 des fournisseurs tiers, y [&hellip;]\" \/>\n<meta property=\"og:url\" content=\"https:\/\/sardiniansoul.dominioswebmed.com\/fr\/ajouter-une-clause-de-non-responsabilite-2\/\" \/>\n<meta property=\"og:site_name\" content=\"Travel Advisor Sardinian Soul\" \/>\n<meta property=\"article:modified_time\" content=\"2026-01-15T23:16:18+00:00\" \/>\n<meta name=\"twitter:card\" content=\"summary_large_image\" \/>\n<meta name=\"twitter:label1\" content=\"Dur\u00e9e de lecture estim\u00e9e\" \/>\n\t<meta name=\"twitter:data1\" content=\"1 minute\" \/>\n<script type=\"application\/ld+json\" class=\"yoast-schema-graph\">{\"@context\":\"https:\/\/schema.org\",\"@graph\":[{\"@type\":\"WebPage\",\"@id\":\"https:\/\/sardiniansoul.dominioswebmed.com\/fr\/ajouter-une-clause-de-non-responsabilite-2\/\",\"url\":\"https:\/\/sardiniansoul.dominioswebmed.com\/fr\/ajouter-une-clause-de-non-responsabilite-2\/\",\"name\":\"Ajouter une clause de non-responsabilit\u00e9 - Travel Advisor Sardinian Soul\",\"isPartOf\":{\"@id\":\"https:\/\/sardiniansoul.dominioswebmed.com\/fr\/#website\"},\"datePublished\":\"2026-01-15T23:07:07+00:00\",\"dateModified\":\"2026-01-15T23:16:18+00:00\",\"breadcrumb\":{\"@id\":\"https:\/\/sardiniansoul.dominioswebmed.com\/fr\/ajouter-une-clause-de-non-responsabilite-2\/#breadcrumb\"},\"inLanguage\":\"fr-FR\",\"potentialAction\":[{\"@type\":\"ReadAction\",\"target\":[\"https:\/\/sardiniansoul.dominioswebmed.com\/fr\/ajouter-une-clause-de-non-responsabilite-2\/\"]}]},{\"@type\":\"BreadcrumbList\",\"@id\":\"https:\/\/sardiniansoul.dominioswebmed.com\/fr\/ajouter-une-clause-de-non-responsabilite-2\/#breadcrumb\",\"itemListElement\":[{\"@type\":\"ListItem\",\"position\":1,\"name\":\"Accueil\",\"item\":\"https:\/\/sardiniansoul.dominioswebmed.com\/fr\/accueil\/\"},{\"@type\":\"ListItem\",\"position\":2,\"name\":\"Ajouter une clause de non-responsabilit\u00e9\"}]},{\"@type\":\"WebSite\",\"@id\":\"https:\/\/sardiniansoul.dominioswebmed.com\/fr\/#website\",\"url\":\"https:\/\/sardiniansoul.dominioswebmed.com\/fr\/\",\"name\":\"Travel Advisor Sardinian Soul\",\"description\":\"Tu viaje so\u00f1ado, dise\u00f1ado a medida\",\"potentialAction\":[{\"@type\":\"SearchAction\",\"target\":{\"@type\":\"EntryPoint\",\"urlTemplate\":\"https:\/\/sardiniansoul.dominioswebmed.com\/fr\/?s={search_term_string}\"},\"query-input\":{\"@type\":\"PropertyValueSpecification\",\"valueRequired\":true,\"valueName\":\"search_term_string\"}}],\"inLanguage\":\"fr-FR\"}]}<\/script>\n<!-- \/ Yoast SEO plugin. -->","yoast_head_json":{"title":"Ajouter une clause de non-responsabilit\u00e9 - Travel Advisor Sardinian Soul","robots":{"index":"index","follow":"follow","max-snippet":"max-snippet:-1","max-image-preview":"max-image-preview:large","max-video-preview":"max-video-preview:-1"},"canonical":"https:\/\/sardiniansoul.dominioswebmed.com\/fr\/ajouter-une-clause-de-non-responsabilite-2\/","og_locale":"fr_FR","og_type":"article","og_title":"Ajouter une clause de non-responsabilit\u00e9 - Travel Advisor Sardinian Soul","og_description":"Ajouter une clause de non-responsabilit\u00e9 Accueil Nous La consultation de voyage par Sardinian Soul est uniquement \u00e0 des fins d\u2019information et de conseil. Bien que tous les efforts soient d\u00e9ploy\u00e9s pour offrir des informations exactes et \u00e0 jour, Sardinian Soul n\u2019assume aucune responsabilit\u00e9 quant aux actions, services ou \u00e0 la fiabilit\u00e9 des fournisseurs tiers, y [&hellip;]","og_url":"https:\/\/sardiniansoul.dominioswebmed.com\/fr\/ajouter-une-clause-de-non-responsabilite-2\/","og_site_name":"Travel Advisor Sardinian Soul","article_modified_time":"2026-01-15T23:16:18+00:00","twitter_card":"summary_large_image","twitter_misc":{"Dur\u00e9e de lecture estim\u00e9e":"1 minute"},"schema":{"@context":"https:\/\/schema.org","@graph":[{"@type":"WebPage","@id":"https:\/\/sardiniansoul.dominioswebmed.com\/fr\/ajouter-une-clause-de-non-responsabilite-2\/","url":"https:\/\/sardiniansoul.dominioswebmed.com\/fr\/ajouter-une-clause-de-non-responsabilite-2\/","name":"Ajouter une clause de non-responsabilit\u00e9 - Travel Advisor Sardinian Soul","isPartOf":{"@id":"https:\/\/sardiniansoul.dominioswebmed.com\/fr\/#website"},"datePublished":"2026-01-15T23:07:07+00:00","dateModified":"2026-01-15T23:16:18+00:00","breadcrumb":{"@id":"https:\/\/sardiniansoul.dominioswebmed.com\/fr\/ajouter-une-clause-de-non-responsabilite-2\/#breadcrumb"},"inLanguage":"fr-FR","potentialAction":[{"@type":"ReadAction","target":["https:\/\/sardiniansoul.dominioswebmed.com\/fr\/ajouter-une-clause-de-non-responsabilite-2\/"]}]},{"@type":"BreadcrumbList","@id":"https:\/\/sardiniansoul.dominioswebmed.com\/fr\/ajouter-une-clause-de-non-responsabilite-2\/#breadcrumb","itemListElement":[{"@type":"ListItem","position":1,"name":"Accueil","item":"https:\/\/sardiniansoul.dominioswebmed.com\/fr\/accueil\/"},{"@type":"ListItem","position":2,"name":"Ajouter une clause de non-responsabilit\u00e9"}]},{"@type":"WebSite","@id":"https:\/\/sardiniansoul.dominioswebmed.com\/fr\/#website","url":"https:\/\/sardiniansoul.dominioswebmed.com\/fr\/","name":"Travel Advisor Sardinian Soul","description":"Tu viaje so\u00f1ado, dise\u00f1ado a medida","potentialAction":[{"@type":"SearchAction","target":{"@type":"EntryPoint","urlTemplate":"https:\/\/sardiniansoul.dominioswebmed.com\/fr\/?s={search_term_string}"},"query-input":{"@type":"PropertyValueSpecification","valueRequired":true,"valueName":"search_term_string"}}],"inLanguage":"fr-FR"}]}},"_links":{"self":[{"href":"https:\/\/sardiniansoul.dominioswebmed.com\/fr\/wp-json\/wp\/v2\/pages\/1734","targetHints":{"allow":["GET"]}}],"collection":[{"href":"https:\/\/sardiniansoul.dominioswebmed.com\/fr\/wp-json\/wp\/v2\/pages"}],"about":[{"href":"https:\/\/sardiniansoul.dominioswebmed.com\/fr\/wp-json\/wp\/v2\/types\/page"}],"author":[{"embeddable":true,"href":"https:\/\/sardiniansoul.dominioswebmed.com\/fr\/wp-json\/wp\/v2\/users\/1"}],"replies":[{"embeddable":true,"href":"https:\/\/sardiniansoul.dominioswebmed.com\/fr\/wp-json\/wp\/v2\/comments?post=1734"}],"version-history":[{"count":7,"href":"https:\/\/sardiniansoul.dominioswebmed.com\/fr\/wp-json\/wp\/v2\/pages\/1734\/revisions"}],"predecessor-version":[{"id":1759,"href":"https:\/\/sardiniansoul.dominioswebmed.com\/fr\/wp-json\/wp\/v2\/pages\/1734\/revisions\/1759"}],"wp:attachment":[{"href":"https:\/\/sardiniansoul.dominioswebmed.com\/fr\/wp-json\/wp\/v2\/media?parent=1734"}],"curies":[{"name":"wp","href":"https:\/\/api.w.org\/{rel}","templated":true}]}}