{"id":1437,"date":"2024-09-11T18:25:23","date_gmt":"2024-09-11T18:25:23","guid":{"rendered":"https:\/\/sardiniansoul.dominioswebmed.com\/declaration-daccessibilite\/"},"modified":"2026-01-12T18:02:17","modified_gmt":"2026-01-12T18:02:17","slug":"declaration-daccessibilite","status":"publish","type":"page","link":"https:\/\/sardiniansoul.dominioswebmed.com\/fr\/declaration-daccessibilite\/","title":{"rendered":"D\u00e9claration d\u2019accessibilit\u00e9"},"content":{"rendered":"\t\t<div data-elementor-type=\"wp-page\" data-elementor-id=\"1437\" class=\"elementor elementor-1437 elementor-148\" data-elementor-post-type=\"page\">\n\t\t\t\t<div class=\"elementor-element elementor-element-a5bd677 e-flex e-con-boxed e-con e-parent\" data-id=\"a5bd677\" data-element_type=\"container\" data-settings=\"{&quot;background_background&quot;:&quot;classic&quot;}\">\n\t\t\t\t\t<div class=\"e-con-inner\">\n\t\t<div class=\"elementor-element elementor-element-1047b35 e-con-full e-flex e-con e-child\" data-id=\"1047b35\" data-element_type=\"container\">\n\t\t<div class=\"elementor-element elementor-element-0559752 e-con-full e-flex e-con e-child\" data-id=\"0559752\" data-element_type=\"container\">\n\t\t\t\t<div class=\"elementor-element elementor-element-2bbe722 elementor-icon-list--layout-inline elementor-widget__width-auto elementor-align-right elementor-mobile-align-center elementor-list-item-link-full_width elementor-widget elementor-widget-icon-list\" data-id=\"2bbe722\" data-element_type=\"widget\" data-widget_type=\"icon-list.default\">\n\t\t\t\t<div class=\"elementor-widget-container\">\n\t\t\t\t\t\t\t<ul class=\"elementor-icon-list-items elementor-inline-items\">\n\t\t\t\t\t\t\t<li class=\"elementor-icon-list-item elementor-inline-item\">\n\t\t\t\t\t\t\t\t\t\t\t<a href=\"#\">\n\n\t\t\t\t\t\t\t\t\t\t\t<span class=\"elementor-icon-list-text\">Accueil <\/span>\n\t\t\t\t\t\t\t\t\t\t\t<\/a>\n\t\t\t\t\t\t\t\t\t<\/li>\n\t\t\t\t\t\t\t\t<li class=\"elementor-icon-list-item elementor-inline-item\">\n\t\t\t\t\t\t\t\t\t\t\t<a href=\"#\">\n\n\t\t\t\t\t\t\t\t\t\t\t\t<span class=\"elementor-icon-list-icon\">\n\t\t\t\t\t\t\t<svg aria-hidden=\"true\" class=\"e-font-icon-svg e-fas-minus\" viewBox=\"0 0 448 512\" xmlns=\"http:\/\/www.w3.org\/2000\/svg\"><path d=\"M416 208H32c-17.67 0-32 14.33-32 32v32c0 17.67 14.33 32 32 32h384c17.67 0 32-14.33 32-32v-32c0-17.67-14.33-32-32-32z\"><\/path><\/svg>\t\t\t\t\t\t<\/span>\n\t\t\t\t\t\t\t\t\t\t<span class=\"elementor-icon-list-text\"><\/span>\n\t\t\t\t\t\t\t\t\t\t\t<\/a>\n\t\t\t\t\t\t\t\t\t<\/li>\n\t\t\t\t\t\t<\/ul>\n\t\t\t\t\t\t<\/div>\n\t\t\t\t<\/div>\n\t\t\t\t<\/div>\n\t\t\t\t<\/div>\n\t\t\t\t\t<\/div>\n\t\t\t\t<\/div>\n\t\t<div class=\"elementor-element elementor-element-3a53d5f e-flex e-con-boxed e-con e-parent\" data-id=\"3a53d5f\" data-element_type=\"container\">\n\t\t\t\t\t<div class=\"e-con-inner\">\n\t\t<div class=\"elementor-element elementor-element-aab401a e-con-full e-flex e-con e-child\" data-id=\"aab401a\" data-element_type=\"container\">\n\t\t\t\t<div class=\"elementor-element elementor-element-bae4bfd elementor-widget elementor-widget-text-editor\" data-id=\"bae4bfd\" data-element_type=\"widget\" data-widget_type=\"text-editor.default\">\n\t\t\t\t<div class=\"elementor-widget-container\">\n\t\t\t\t\t\t\t\t\tL\u2019entit\u00e9 Nom de l\u2019entreprise s\u2019engage \u00e0 rendre son site web accessible conform\u00e9ment au <a href=\"http:\/\/www.boe.es\/diario_boe\/txt.php?id=BOE-A-2018-12699\" target=\"_blank\" rel=\"noreferrer noopener\">d\u00e9cret royal 1112\/2018 du 7&nbsp;septembre sur l\u2019accessibilit\u00e9 des sites web et des applications pour appareils mobiles du secteur public.<\/a>\n\nLa pr\u00e9sente d\u00e9claration d\u2019accessibilit\u00e9 s\u2019applique au site web <a href=\"https:\/\/recimol.com\/\">https:\/\/ tusitioweb.com<\/a>\n<h4 class=\"wp-block-heading\"><strong>Situation de conformit\u00e9<\/strong><\/h4>\nCe site web est <strong>partiellement conforme<\/strong> au d\u00e9cret royal 1112\/2018 en raison des exceptions et du non-respect des aspects indiqu\u00e9s ci-dessous.\n<h4 class=\"wp-block-heading\"><strong>Contenu non accessible<\/strong><\/h4>\nLe contenu repris ci-dessous n\u2019est pas accessible pour les raisons suivantes&nbsp;:\n<ol>\n \t<li>Non-conformit\u00e9 au d\u00e9cret royal 1112\/2018\n<ul style=\"margin-left: 25px;\">\n \t<li>Il existe des logos et des images avec un texte alternatif incorrect ou confus, ainsi que des images complexes sans description textuelle [exigence num\u00e9ro&nbsp;9.1.1.1 Contenu non textuel, de la norme UNE-EN 301549:2022].<\/li>\n \t<li>Il existe des listes cr\u00e9\u00e9es de mani\u00e8re incorrecte (sans balise de liste), des tableaux avec des cellules \u00e9tiquet\u00e9es incorrectement et des \u00e9tiquettes invisibles dans les \u00e9l\u00e9ments de formulaires [exigence num\u00e9ro&nbsp;9.1.3.1 Information et relations, de la norme UNE-EN 301549:2022].<\/li>\n \t<li>Il existe des tableaux non adapt\u00e9s aux petites tailles d\u2019\u00e9cran et des champs de formulaire qui ne s\u2019affichent pas correctement sur les petites tailles d\u2019\u00e9cran [exigence num\u00e9ro&nbsp;9.1.4.10 R\u00e9ajustement du texte, de la norme UNE-EN 301549:2022].<\/li>\n \t<li>Il existe du texte qui, lorsque l\u2019on modifie les espaces et les hauteurs de ligne, ne s\u2019affiche pas correctement [exigence num\u00e9ro&nbsp;9.1.4.12 Espacement du texte, de la norme UNE-EN 301549:2022].<\/li>\n \t<li>Il existe des \u00e9l\u00e9ments qui ne sont pas accessibles par clavier, comme par exemple les liens vers les r\u00e9seaux sociaux, l\u2019\u00e9diteur de texte pour les commentaires, les \u00e9l\u00e9ments pour trier les r\u00e9sultats de recherche, la pagination des r\u00e9sultats de recherche ou les fl\u00e8ches de calendrier [exigence num\u00e9ro&nbsp;9.2.1.1 Clavier, de la norme UNE-EN 301549:2022].<\/li>\n \t<li>Certains \u00e9l\u00e9ments ne re\u00e7oivent pas le focus et il n\u2019est donc pas possible d\u2019interagir avec eux au moyen du clavier, par exemple [exigence num\u00e9ro&nbsp;9.2.4.3 Ordre de focus, de la norme UNE-EN 301549:2022].<\/li>\n \t<li>Certains liens n\u2019identifient pas correctement leur fonction (ils ont une description inad\u00e9quate, un texte trop g\u00e9n\u00e9rique, un titre inad\u00e9quat\u2026).\n[exigence num\u00e9ro&nbsp;9.2.4.4 Objectif des liens, de la norme UNE-EN 301549:2022].<\/li>\n \t<li>Certains en-t\u00eates ont un texte r\u00e9p\u00e9t\u00e9 et\/ou peu descriptif [exigence num\u00e9ro&nbsp;9.2.4.6 En-t\u00eates et \u00e9tiquettes, de la norme UNE-EN 301549:2022].<\/li>\n \t<li>Il existe des images, des infographies, des textes de liens ou de boutons, des textes de titres et du contenu qui ne sont pas traduits dans d\u2019autres langues [exigence num\u00e9ro&nbsp;9.3.1.2 Langue des parties, de la norme UNE-EN 301549:2022].<\/li>\n \t<li>Sur certaines pages, le m\u00eame ic\u00f4ne est utilis\u00e9 \u00e0 des fins diff\u00e9rentes, ce qui cr\u00e9e une confusion [exigence num\u00e9ro&nbsp;9.3.2.4 Identification coh\u00e9rente, de la norme UNE-EN 301549:2022].<\/li>\n \t<li>Il existe des messages d\u2019erreur peu descriptifs, ou des messages d\u2019erreur qui ne sont pas regroup\u00e9s dans un seul message, ainsi qu\u2019un manque de suggestions dans le formulaire pour remplir correctement les champs [exigence num\u00e9ro&nbsp;9.3.3.1 Identification des erreurs, de la norme UNE-EN 301549:2022].<\/li>\n \t<li>Il existe des formulaires avec des champs obligatoires o\u00f9 l\u2019utilisateur n\u2019est pas inform\u00e9 de ce fait, ainsi que des champs o\u00f9 il manque un exemple textuel du format du champ.\n(comme par exemple le num\u00e9ro d\u2019identification) [exigence num\u00e9ro&nbsp;9.3.3.2 \u00c9tiquettes et instructions, de la norme UNE-EN 301549:2022].<\/li>\n \t<li>Il existe des champs de formulaires o\u00f9 l\u2019erreur est signal\u00e9e lorsqu\u2019une valeur incorrecte est saisie, mais aucune suggestion de correction n\u2019est fournie.\n[exigence num\u00e9ro&nbsp;9.3.3.3 Suggestions en cas d\u2019erreur, de la norme UNE-EN 301549:2022].<\/li>\n \t<li>Il existe des pages avec des erreurs de syntaxe et, par cons\u00e9quent, certains produits d\u2019assistance peuvent ne pas interpr\u00e9ter correctement le contenu (ID de page en double, balises non ferm\u00e9es, construction incorrecte des balises\u2026). [exigence num\u00e9ro&nbsp;9.4.1.1 Traitement, de la norme UNE-EN 301549:2022]. <\/li>\n \t<li>Il existe des pages sur lesquelles les produits d\u2019assistance ne pourront pas obtenir d\u2019informations, interagir et \u00eatre au courant de l\u2019\u00e9tat des contr\u00f4les de l\u2019interface utilisateur, comme par exemple, les messages d\u2019aide, les messages d\u2019\u00e9tat du r\u00e9sultat des actions, les attributs des liens, l\u2019image de la langue de la page\u2026 qui ne pourront pas \u00eatre lus par les lecteurs d\u2019\u00e9cran au moment o\u00f9 ils apparaissent [exigence num\u00e9ro&nbsp;9.4.1.2 Nom, fonction, valeur de la norme UNE-EN 301549:2022].<\/li>\n \t<li>Il pourrait y avoir des erreurs de modification ponctuelles sur certaines pages web.<\/li>\n<\/ul>\n<\/li>\n \t<li>Charge disproportionn\u00e9e\n<ul style=\"margin-left: 25px;\">\n \t<li>Sans objet.<\/li>\n<\/ul>\n<\/li>\n \t<li>Le contenu n\u2019entre pas dans le champ d\u2019application de la l\u00e9gislation applicable\n<ul style=\"margin-left: 25px;\">\n \t<li>Il pourrait y avoir des fichiers bureautiques en PDF ou dans d\u2019autres formats publi\u00e9s avant le 20&nbsp;septembre 2018 qui ne r\u00e9pondent pas enti\u00e8rement \u00e0 toutes les exigences d\u2019accessibilit\u00e9. Bien que l\u2019on ait veill\u00e9 \u00e0 ce que la plupart d\u2019entre eux les respectent. <\/li>\n<\/ul>\n<\/li>\n<\/ol>\n<h4 class=\"wp-block-heading\"><strong>Pr\u00e9paration de la pr\u00e9sente d\u00e9claration d\u2019accessibilit\u00e9<\/strong><\/h4>\nLa pr\u00e9sente d\u00e9claration a \u00e9t\u00e9 pr\u00e9par\u00e9e le 12\/02\/2024.\n\nLa m\u00e9thode employ\u00e9e pour pr\u00e9parer la d\u00e9claration a \u00e9t\u00e9 une auto-\u00e9valuation r\u00e9alis\u00e9e par l\u2019entit\u00e9 elle-m\u00eame.\n\nDerni\u00e8re r\u00e9vision de la d\u00e9claration&nbsp;: 12\/02\/2024.\n<h4 class=\"wp-block-heading\"><strong>Observations et coordonn\u00e9es<\/strong><\/h4>\nVous pouvez faire part de vos observations sur les exigences d\u2019accessibilit\u00e9 (article&nbsp;10.2.a) du d\u00e9cret royal 1112\/2018), par exemple&nbsp;:\n<ul style=\"margin-left: 50px;\">\n \t<li>signaler tout manquement \u00e9ventuel de ce site web<\/li>\n \t<li>transmettre d\u2019autres difficult\u00e9s d\u2019acc\u00e8s au contenu<\/li>\n \t<li>formuler toute autre question ou suggestion d\u2019am\u00e9lioration concernant l\u2019accessibilit\u00e9 du site web<\/li>\n<\/ul>\nVia le <a href=\"https:\/\/p4.miexpertodigital1.eu\/contacto\">formulaire de contact<\/a> suivant.\n\nVous pouvez pr\u00e9senter&nbsp;:\n<ul style=\"margin-left: 50px;\">\n \t<li>une plainte concernant le respect des exigences du d\u00e9cret royal 1112\/2018 ou<\/li>\n \t<li>une demande d\u2019informations accessibles concernant&nbsp;:\n<ul style=\"margin-left: 25px;\">\n \t<li>les contenus qui sont exclus du champ d\u2019application du d\u00e9cret royal 1112\/2018 conform\u00e9ment aux dispositions de l\u2019article&nbsp;3, paragraphe&nbsp;4<\/li>\n \t<li>les contenus qui sont exempt\u00e9s du respect des exigences d\u2019accessibilit\u00e9 parce qu\u2019ils imposent une charge disproportionn\u00e9e.<\/li>\n<\/ul>\n<\/li>\n<\/ul>\nDans la demande d\u2019informations accessibles, il convient de pr\u00e9ciser, avec toute la clart\u00e9 n\u00e9cessaire, les faits, les raisons et la requ\u00eate qui permettent de constater qu\u2019il s\u2019agit d\u2019une demande raisonnable et l\u00e9gitime.\n<h4 class=\"wp-block-heading\"><strong>Contenu optionnel<\/strong><\/h4>\nCe site web applique les exigences de la norme UNE-EN 301549:2022 en tenant compte des exceptions du d\u00e9cret royal 1112\/2018.\n\nLa derni\u00e8re r\u00e9vision de l\u2019accessibilit\u00e9 a \u00e9t\u00e9 effectu\u00e9e le 12\/02\/2024.\n\nLe site web est optimis\u00e9 pour les navigateurs Microsoft Internet Explorer 8.0 ou versions sup\u00e9rieures et les derni\u00e8res versions en vigueur de FireFox, Safari, Opera et Google Chrome. La r\u00e9solution web minimale recommand\u00e9e est de 1280\u00d71024. \n\nLe site web est con\u00e7u pour un affichage Responsive, ce qui permet de l\u2019afficher de mani\u00e8re optimale sur les tablettes et les t\u00e9l\u00e9phones portables. Sur ces appareils, il est optimis\u00e9 pour un affichage dans les derni\u00e8res versions en vigueur de Chrome for mobile, Firefox for mobile, Safari mobile, Opera Mini et le navigateur natif d\u2019Android. \t\t\t\t\t\t\t\t<\/div>\n\t\t\t\t<\/div>\n\t\t\t\t<\/div>\n\t\t\t\t\t<\/div>\n\t\t\t\t<\/div>\n\t\t\t\t<\/div>\n\t\t","protected":false},"excerpt":{"rendered":"<p>Accueil L\u2019entit\u00e9 Nom de l\u2019entreprise s\u2019engage \u00e0 rendre son site web accessible conform\u00e9ment au d\u00e9cret royal 1112\/2018 du 7&nbsp;septembre sur l\u2019accessibilit\u00e9 des sites web et des applications pour appareils mobiles du secteur public. La pr\u00e9sente d\u00e9claration d\u2019accessibilit\u00e9 s\u2019applique au site web https:\/\/ tusitioweb.com Situation de conformit\u00e9 Ce site web est partiellement conforme au d\u00e9cret royal [&hellip;]<\/p>\n","protected":false},"author":2,"featured_media":0,"parent":0,"menu_order":0,"comment_status":"closed","ping_status":"closed","template":"","meta":{"footnotes":""},"class_list":["post-1437","page","type-page","status-publish","hentry"],"yoast_head":"<!-- This site is optimized with the Yoast SEO plugin v25.3 - https:\/\/yoast.com\/wordpress\/plugins\/seo\/ -->\n<title>D\u00e9claration d\u2019accessibilit\u00e9 - Travel Advisor Sardinian Soul<\/title>\n<meta name=\"robots\" content=\"index, follow, max-snippet:-1, max-image-preview:large, max-video-preview:-1\" \/>\n<link rel=\"canonical\" href=\"https:\/\/sardiniansoul.dominioswebmed.com\/fr\/declaration-daccessibilite\/\" \/>\n<meta property=\"og:locale\" content=\"fr_FR\" \/>\n<meta property=\"og:type\" content=\"article\" \/>\n<meta property=\"og:title\" content=\"D\u00e9claration d\u2019accessibilit\u00e9 - Travel Advisor Sardinian Soul\" \/>\n<meta property=\"og:description\" content=\"Accueil L\u2019entit\u00e9 Nom de l\u2019entreprise s\u2019engage \u00e0 rendre son site web accessible conform\u00e9ment au d\u00e9cret royal 1112\/2018 du 7&nbsp;septembre sur l\u2019accessibilit\u00e9 des sites web et des applications pour appareils mobiles du secteur public. La pr\u00e9sente d\u00e9claration d\u2019accessibilit\u00e9 s\u2019applique au site web https:\/\/ tusitioweb.com Situation de conformit\u00e9 Ce site web est partiellement conforme au d\u00e9cret royal [&hellip;]\" \/>\n<meta property=\"og:url\" content=\"https:\/\/sardiniansoul.dominioswebmed.com\/fr\/declaration-daccessibilite\/\" \/>\n<meta property=\"og:site_name\" content=\"Travel Advisor Sardinian Soul\" \/>\n<meta property=\"article:modified_time\" content=\"2026-01-12T18:02:17+00:00\" \/>\n<meta name=\"twitter:card\" content=\"summary_large_image\" \/>\n<meta name=\"twitter:label1\" content=\"Dur\u00e9e de lecture estim\u00e9e\" \/>\n\t<meta name=\"twitter:data1\" content=\"6 minutes\" \/>\n<script type=\"application\/ld+json\" class=\"yoast-schema-graph\">{\"@context\":\"https:\/\/schema.org\",\"@graph\":[{\"@type\":\"WebPage\",\"@id\":\"https:\/\/sardiniansoul.dominioswebmed.com\/fr\/declaration-daccessibilite\/\",\"url\":\"https:\/\/sardiniansoul.dominioswebmed.com\/fr\/declaration-daccessibilite\/\",\"name\":\"D\u00e9claration d\u2019accessibilit\u00e9 - Travel Advisor Sardinian Soul\",\"isPartOf\":{\"@id\":\"https:\/\/sardiniansoul.dominioswebmed.com\/fr\/#website\"},\"datePublished\":\"2024-09-11T18:25:23+00:00\",\"dateModified\":\"2026-01-12T18:02:17+00:00\",\"breadcrumb\":{\"@id\":\"https:\/\/sardiniansoul.dominioswebmed.com\/fr\/declaration-daccessibilite\/#breadcrumb\"},\"inLanguage\":\"fr-FR\",\"potentialAction\":[{\"@type\":\"ReadAction\",\"target\":[\"https:\/\/sardiniansoul.dominioswebmed.com\/fr\/declaration-daccessibilite\/\"]}]},{\"@type\":\"BreadcrumbList\",\"@id\":\"https:\/\/sardiniansoul.dominioswebmed.com\/fr\/declaration-daccessibilite\/#breadcrumb\",\"itemListElement\":[{\"@type\":\"ListItem\",\"position\":1,\"name\":\"Accueil\",\"item\":\"https:\/\/sardiniansoul.dominioswebmed.com\/fr\/accueil\/\"},{\"@type\":\"ListItem\",\"position\":2,\"name\":\"D\u00e9claration d\u2019accessibilit\u00e9\"}]},{\"@type\":\"WebSite\",\"@id\":\"https:\/\/sardiniansoul.dominioswebmed.com\/fr\/#website\",\"url\":\"https:\/\/sardiniansoul.dominioswebmed.com\/fr\/\",\"name\":\"Travel Advisor Sardinian Soul\",\"description\":\"Tu viaje so\u00f1ado, dise\u00f1ado a medida\",\"potentialAction\":[{\"@type\":\"SearchAction\",\"target\":{\"@type\":\"EntryPoint\",\"urlTemplate\":\"https:\/\/sardiniansoul.dominioswebmed.com\/fr\/?s={search_term_string}\"},\"query-input\":{\"@type\":\"PropertyValueSpecification\",\"valueRequired\":true,\"valueName\":\"search_term_string\"}}],\"inLanguage\":\"fr-FR\"}]}<\/script>\n<!-- \/ Yoast SEO plugin. -->","yoast_head_json":{"title":"D\u00e9claration d\u2019accessibilit\u00e9 - Travel Advisor Sardinian Soul","robots":{"index":"index","follow":"follow","max-snippet":"max-snippet:-1","max-image-preview":"max-image-preview:large","max-video-preview":"max-video-preview:-1"},"canonical":"https:\/\/sardiniansoul.dominioswebmed.com\/fr\/declaration-daccessibilite\/","og_locale":"fr_FR","og_type":"article","og_title":"D\u00e9claration d\u2019accessibilit\u00e9 - Travel Advisor Sardinian Soul","og_description":"Accueil L\u2019entit\u00e9 Nom de l\u2019entreprise s\u2019engage \u00e0 rendre son site web accessible conform\u00e9ment au d\u00e9cret royal 1112\/2018 du 7&nbsp;septembre sur l\u2019accessibilit\u00e9 des sites web et des applications pour appareils mobiles du secteur public. La pr\u00e9sente d\u00e9claration d\u2019accessibilit\u00e9 s\u2019applique au site web https:\/\/ tusitioweb.com Situation de conformit\u00e9 Ce site web est partiellement conforme au d\u00e9cret royal [&hellip;]","og_url":"https:\/\/sardiniansoul.dominioswebmed.com\/fr\/declaration-daccessibilite\/","og_site_name":"Travel Advisor Sardinian Soul","article_modified_time":"2026-01-12T18:02:17+00:00","twitter_card":"summary_large_image","twitter_misc":{"Dur\u00e9e de lecture estim\u00e9e":"6 minutes"},"schema":{"@context":"https:\/\/schema.org","@graph":[{"@type":"WebPage","@id":"https:\/\/sardiniansoul.dominioswebmed.com\/fr\/declaration-daccessibilite\/","url":"https:\/\/sardiniansoul.dominioswebmed.com\/fr\/declaration-daccessibilite\/","name":"D\u00e9claration d\u2019accessibilit\u00e9 - Travel Advisor Sardinian Soul","isPartOf":{"@id":"https:\/\/sardiniansoul.dominioswebmed.com\/fr\/#website"},"datePublished":"2024-09-11T18:25:23+00:00","dateModified":"2026-01-12T18:02:17+00:00","breadcrumb":{"@id":"https:\/\/sardiniansoul.dominioswebmed.com\/fr\/declaration-daccessibilite\/#breadcrumb"},"inLanguage":"fr-FR","potentialAction":[{"@type":"ReadAction","target":["https:\/\/sardiniansoul.dominioswebmed.com\/fr\/declaration-daccessibilite\/"]}]},{"@type":"BreadcrumbList","@id":"https:\/\/sardiniansoul.dominioswebmed.com\/fr\/declaration-daccessibilite\/#breadcrumb","itemListElement":[{"@type":"ListItem","position":1,"name":"Accueil","item":"https:\/\/sardiniansoul.dominioswebmed.com\/fr\/accueil\/"},{"@type":"ListItem","position":2,"name":"D\u00e9claration d\u2019accessibilit\u00e9"}]},{"@type":"WebSite","@id":"https:\/\/sardiniansoul.dominioswebmed.com\/fr\/#website","url":"https:\/\/sardiniansoul.dominioswebmed.com\/fr\/","name":"Travel Advisor Sardinian Soul","description":"Tu viaje so\u00f1ado, dise\u00f1ado a medida","potentialAction":[{"@type":"SearchAction","target":{"@type":"EntryPoint","urlTemplate":"https:\/\/sardiniansoul.dominioswebmed.com\/fr\/?s={search_term_string}"},"query-input":{"@type":"PropertyValueSpecification","valueRequired":true,"valueName":"search_term_string"}}],"inLanguage":"fr-FR"}]}},"_links":{"self":[{"href":"https:\/\/sardiniansoul.dominioswebmed.com\/fr\/wp-json\/wp\/v2\/pages\/1437","targetHints":{"allow":["GET"]}}],"collection":[{"href":"https:\/\/sardiniansoul.dominioswebmed.com\/fr\/wp-json\/wp\/v2\/pages"}],"about":[{"href":"https:\/\/sardiniansoul.dominioswebmed.com\/fr\/wp-json\/wp\/v2\/types\/page"}],"author":[{"embeddable":true,"href":"https:\/\/sardiniansoul.dominioswebmed.com\/fr\/wp-json\/wp\/v2\/users\/2"}],"replies":[{"embeddable":true,"href":"https:\/\/sardiniansoul.dominioswebmed.com\/fr\/wp-json\/wp\/v2\/comments?post=1437"}],"version-history":[{"count":3,"href":"https:\/\/sardiniansoul.dominioswebmed.com\/fr\/wp-json\/wp\/v2\/pages\/1437\/revisions"}],"predecessor-version":[{"id":1448,"href":"https:\/\/sardiniansoul.dominioswebmed.com\/fr\/wp-json\/wp\/v2\/pages\/1437\/revisions\/1448"}],"wp:attachment":[{"href":"https:\/\/sardiniansoul.dominioswebmed.com\/fr\/wp-json\/wp\/v2\/media?parent=1437"}],"curies":[{"name":"wp","href":"https:\/\/api.w.org\/{rel}","templated":true}]}}