{"id":1421,"date":"2024-09-11T18:07:18","date_gmt":"2024-09-11T18:07:18","guid":{"rendered":"https:\/\/sardiniansoul.dominioswebmed.com\/mentions-legales\/"},"modified":"2026-01-12T18:01:53","modified_gmt":"2026-01-12T18:01:53","slug":"mentions-legales","status":"publish","type":"page","link":"https:\/\/sardiniansoul.dominioswebmed.com\/fr\/mentions-legales\/","title":{"rendered":"Mentions l\u00e9gales"},"content":{"rendered":"\t\t<div data-elementor-type=\"wp-page\" data-elementor-id=\"1421\" class=\"elementor elementor-1421 elementor-133\" data-elementor-post-type=\"page\">\n\t\t\t\t<div class=\"elementor-element elementor-element-a5bd677 e-flex e-con-boxed e-con e-parent\" data-id=\"a5bd677\" data-element_type=\"container\" data-settings=\"{&quot;background_background&quot;:&quot;classic&quot;}\">\n\t\t\t\t\t<div class=\"e-con-inner\">\n\t\t<div class=\"elementor-element elementor-element-1047b35 e-con-full e-flex e-con e-child\" data-id=\"1047b35\" data-element_type=\"container\">\n\t\t<div class=\"elementor-element elementor-element-0559752 e-con-full e-flex e-con e-child\" data-id=\"0559752\" data-element_type=\"container\">\n\t\t\t\t<div class=\"elementor-element elementor-element-2bbe722 elementor-icon-list--layout-inline elementor-widget__width-auto elementor-align-right elementor-mobile-align-center elementor-list-item-link-full_width elementor-widget elementor-widget-icon-list\" data-id=\"2bbe722\" data-element_type=\"widget\" data-widget_type=\"icon-list.default\">\n\t\t\t\t<div class=\"elementor-widget-container\">\n\t\t\t\t\t\t\t<ul class=\"elementor-icon-list-items elementor-inline-items\">\n\t\t\t\t\t\t\t<li class=\"elementor-icon-list-item elementor-inline-item\">\n\t\t\t\t\t\t\t\t\t\t\t<a href=\"#\">\n\n\t\t\t\t\t\t\t\t\t\t\t<span class=\"elementor-icon-list-text\">Accueil <\/span>\n\t\t\t\t\t\t\t\t\t\t\t<\/a>\n\t\t\t\t\t\t\t\t\t<\/li>\n\t\t\t\t\t\t\t\t<li class=\"elementor-icon-list-item elementor-inline-item\">\n\t\t\t\t\t\t\t\t\t\t\t<a href=\"#\">\n\n\t\t\t\t\t\t\t\t\t\t\t\t<span class=\"elementor-icon-list-icon\">\n\t\t\t\t\t\t\t<svg aria-hidden=\"true\" class=\"e-font-icon-svg e-fas-minus\" viewBox=\"0 0 448 512\" xmlns=\"http:\/\/www.w3.org\/2000\/svg\"><path d=\"M416 208H32c-17.67 0-32 14.33-32 32v32c0 17.67 14.33 32 32 32h384c17.67 0 32-14.33 32-32v-32c0-17.67-14.33-32-32-32z\"><\/path><\/svg>\t\t\t\t\t\t<\/span>\n\t\t\t\t\t\t\t\t\t\t<span class=\"elementor-icon-list-text\"><\/span>\n\t\t\t\t\t\t\t\t\t\t\t<\/a>\n\t\t\t\t\t\t\t\t\t<\/li>\n\t\t\t\t\t\t<\/ul>\n\t\t\t\t\t\t<\/div>\n\t\t\t\t<\/div>\n\t\t\t\t<\/div>\n\t\t\t\t<\/div>\n\t\t\t\t\t<\/div>\n\t\t\t\t<\/div>\n\t\t<div class=\"elementor-element elementor-element-3a53d5f e-flex e-con-boxed e-con e-parent\" data-id=\"3a53d5f\" data-element_type=\"container\">\n\t\t\t\t\t<div class=\"e-con-inner\">\n\t\t<div class=\"elementor-element elementor-element-aab401a e-con-full e-flex e-con e-child\" data-id=\"aab401a\" data-element_type=\"container\">\n\t\t\t\t<div class=\"elementor-element elementor-element-bae4bfd elementor-widget elementor-widget-text-editor\" data-id=\"bae4bfd\" data-element_type=\"widget\" data-widget_type=\"text-editor.default\">\n\t\t\t\t<div class=\"elementor-widget-container\">\n\t\t\t\t\t\t\t\t\t<p>Ce site web est un espace s\u00e9curis\u00e9. <a href=\"http:\/\/tusitioweb.com\/\">tusitioweb.com<\/a> respecte la vie priv\u00e9e de ses utilisateurs et a adapt\u00e9 ce portail \u00e0 la loi 34\/2002, du 11 juillet, sur les services de la soci\u00e9t\u00e9 de l\u2019information et du commerce \u00e9lectronique (LSSI).<\/p><p>C\u2019est pourquoi nous vous informons de ce qui suit :<\/p><ul style=\"margin-left: 50px;\"><li>D\u00e9nomination sociale : Asesor de viajes Alma Sarda<\/li><li>Adresse : Santa Cruz de Tenerife, Espagne<\/li><li>CIF\/NIF : X9905279F<\/li><li>T\u00e9l\u00e9phone : (+39) 351 937 2669<\/li><li>Email : <a class=\"_mizu194a _1ah31bk5 _ra3xnqa1 _128m1bk5 _1cvmnqa1 _4davt94y _4bfu1r31 _1hms8stv _ajmmnqa1 _vchhusvi _syaz14q2 _ect41gqc _1a3b1r31 _4fpr8stv _5goinqa1 _f8pj14q2 _9oik1r31 _1bnxglyw _jf4cnqa1 _30l314q2 _1nrm1r31 _c2waglyw _1iohnqa1 _9h8h16c2 _1053w7te _1ienw7te _n0fxw7te _1vhvg3x0\" title=\"mailto:danielaspissu@hotmail.com\" href=\"mailto:danielaspissu@hotmail.com\" data-renderer-mark=\"true\" data-is-router-link=\"false\" data-testid=\"link-with-safety\">danielaspissu@hotmail.com<\/a><\/li><li>Activit\u00e9 : \u00c0 ajouter<\/li><li>Finalit\u00e9 de la page web : Promotion de (\u00c0 ajouter)<\/li><\/ul><p>Ce site web est conforme au RGPD (R\u00e8glement UE 2016\/679 relatif \u00e0 la protection des donn\u00e9es) et \u00e0 la LSSI-CE (Loi 34\/2002, du 11 juillet, sur les services de la soci\u00e9t\u00e9 de l\u2019information et du commerce \u00e9lectronique).<\/p><h4><strong>Conditions g\u00e9n\u00e9rales du portail sardiniansoul.com<\/strong><\/h4><p>Les pr\u00e9sentes Conditions G\u00e9n\u00e9rales r\u00e9gissent l\u2019utilisation (y compris le simple acc\u00e8s) des pages web composant le site web sardiniansoul.com, y compris les contenus et services mis \u00e0 disposition sur celles-ci.<\/p><p>Toute personne acc\u00e9dant au portail sardiniansoul.com (\u00ab Utilisateur \u00bb) accepte de se soumettre aux Conditions G\u00e9n\u00e9rales en vigueur \u00e0 chaque moment o\u00f9 elle acc\u00e8de au portail.<\/p><p>Dans tous les cas, theclover.com se r\u00e9serve le droit de modifier, \u00e0 tout moment et sans pr\u00e9avis, la pr\u00e9sentation et la configuration du portail ainsi que les pr\u00e9sentes Conditions G\u00e9n\u00e9rales ou les Conditions Particuli\u00e8res correspondantes.<\/p><h4><strong>Utilisation du portail sardiniansoul.com<\/strong><\/h4><p>Vous acceptez que :<\/p><ol><li>Vous ne pourrez utiliser le site web que pour effectuer des consultations ou des demandes l\u00e9galement valides.<\/li><li>Vous ne pourrez effectuer aucune demande sp\u00e9culative, fausse ou frauduleuse. Si nous avons des motifs raisonnables de consid\u00e9rer qu\u2019une demande de cette nature a \u00e9t\u00e9 faite, nous serons autoris\u00e9s \u00e0 l\u2019annuler et \u00e0 en informer les autorit\u00e9s comp\u00e9tentes. <\/li><li>Vous vous engagez \u00e9galement \u00e0 nous fournir de mani\u00e8re certaine et correcte votre adresse de courrier \u00e9lectronique, votre adresse postale et\/ou d\u2019autres donn\u00e9es de contact et consentez \u00e0 ce que nous puissions utiliser ces informations pour vous contacter si n\u00e9cessaire (voir notre D\u00e9claration de confidentialit\u00e9).<\/li><li>Si vous ne nous fournissez pas toutes les informations dont nous avons besoin, nous ne pourrons pas traiter votre demande.<\/li><li>Le pr\u00e9sent avis juridique (ci-apr\u00e8s, l\u2019\u00ab Avis Juridique \u00bb) r\u00e9git l\u2019utilisation du site web : tusitioweb.com<\/li><\/ol><h4><strong>Protection des donn\u00e9es de sardiniansoul.com<\/strong><\/h4><p>sardiniansoul.com s\u2019engage, dans l\u2019utilisation des donn\u00e9es incluses dans le fichier, \u00e0 respecter leur confidentialit\u00e9 et \u00e0 les utiliser conform\u00e9ment \u00e0 la finalit\u00e9 de celui-ci, ainsi qu\u2019\u00e0 remplir son obligation de les conserver et d\u2019adapter toutes les mesures pour \u00e9viter l\u2019alt\u00e9ration, la perte, le traitement ou l\u2019acc\u00e8s non autoris\u00e9, conform\u00e9ment aux dispositions du D\u00e9cret Royal 1720\/2007 du 21 d\u00e9cembre portant approbation du R\u00e8glement d\u2019application de la Loi Organique 15\/1999 du 13 d\u00e9cembre, relative \u00e0 la Protection des Donn\u00e9es \u00e0 Caract\u00e8re Personnel.<\/p><p>sardiniansoul.com ne partagera jamais les donn\u00e9es des utilisateurs du site web avec des tiers, sauf si les utilisateurs ont \u00e9t\u00e9 inform\u00e9s au pr\u00e9alable et que nous avons leur autorisation expresse.<\/p><p>De m\u00eame, l\u2019Utilisateur a acc\u00e8s \u00e0 tout moment \u00e0 son profil priv\u00e9, pouvant modifier, \u00e9diter ou supprimer les informations fournies, ainsi que g\u00e9rer sa d\u00e9sinscription directement, ou par demande adress\u00e9e \u00e0 <a class=\"_mizu194a _1ah31bk5 _ra3xnqa1 _128m1bk5 _1cvmnqa1 _4davt94y _4bfu1r31 _1hms8stv _ajmmnqa1 _vchhusvi _syaz14q2 _ect41gqc _1a3b1r31 _4fpr8stv _5goinqa1 _f8pj14q2 _9oik1r31 _1bnxglyw _jf4cnqa1 _30l314q2 _1nrm1r31 _c2waglyw _1iohnqa1 _9h8h16c2 _1053w7te _1ienw7te _n0fxw7te _1vhvg3x0\" title=\"mailto:danielaspissu@hotmail.com\" href=\"mailto:danielaspissu@hotmail.com\" data-renderer-mark=\"true\" data-is-router-link=\"false\" data-testid=\"link-with-safety\">danielaspissu@hotmail.com<\/a><\/p><h4><strong>Donn\u00e9es personnelles que recueille et g\u00e8re le portail sardiniansoul.com<\/strong><\/h4><p>Vos informations sont prot\u00e9g\u00e9es conform\u00e9ment \u00e0 notre politique de confidentialit\u00e9 et \u00e0 nos conditions d\u2019utilisation.<\/p><p>Vous comprenez et acceptez que :<\/p><p>\u00c0 partir du moment o\u00f9 vous nous fournissez vos donn\u00e9es via le formulaire de contact, tusitioweb.com a acc\u00e8s \u00e0 : votre nom et votre adresse \u00e9lectronique.<\/p><p>L\u2019utilisateur dispose, conform\u00e9ment \u00e0 l\u2019article 5 d) de la Loi Organique sur la Protection des Donn\u00e9es \u00e0 Caract\u00e8re Personnel, d\u2019un droit d\u2019acc\u00e8s, de rectification, d\u2019annulation et d\u2019opposition. Il pourra exercer ces droits en envoyant un courrier \u00e9lectronique \u00e0 tusitioweb.com depuis la m\u00eame adresse que celle utilis\u00e9e pour l\u2019inscription. <\/p><p>\u00c0 chaque r\u00e9ception d\u2019un courrier \u00e9lectronique, l\u2019utilisateur aura la possibilit\u00e9 d\u2019exercer ses droits d\u2019annulation et de rectification en cliquant sur les liens qu\u2019il trouvera \u00e0 la fin du courrier.<\/p><h4><strong>Utilisation et acc\u00e8s des utilisateurs<\/strong><\/h4><p>L\u2019Utilisateur est inform\u00e9, et accepte, que l\u2019acc\u00e8s au pr\u00e9sent site web ne suppose, en aucun cas, le d\u00e9but d\u2019une relation commerciale avec tusitioweb.com<\/p><p>De cette mani\u00e8re, l\u2019utilisateur s\u2019engage \u00e0 utiliser le site web, ses services et ses contenus sans contrevenir \u00e0 la l\u00e9gislation en vigueur, \u00e0 la bonne foi et \u00e0 l\u2019ordre public. L\u2019utilisation du site web \u00e0 des fins illicites ou pr\u00e9judiciables, ou qui, de quelque mani\u00e8re que ce soit, pourrait causer un pr\u00e9judice ou emp\u00eacher le fonctionnement normal du site web, est interdite. Concernant les contenus de ce site, il est interdit :<\/p><ul style=\"margin-left: 50px;\"><li>Sa reproduction, distribution ou modification, totale ou partielle, \u00e0 moins de disposer de l\u2019autorisation de ses titulaires l\u00e9gitimes ;<\/li><li>Toute violation des droits du prestataire ou des titulaires l\u00e9gitimes ;<\/li><li>Son utilisation \u00e0 des fins commerciales ou publicitaires.<\/li><\/ul><h4><strong>Droits de propri\u00e9t\u00e9 intellectuelle et industrielle<\/strong><\/h4><p>Par le biais des pr\u00e9sentes Conditions G\u00e9n\u00e9rales, aucun droit de propri\u00e9t\u00e9 intellectuelle ou industrielle sur le portail sardiniansoul.com ni sur aucun de ses \u00e9l\u00e9ments constitutifs n\u2019est c\u00e9d\u00e9, \u00e9tant express\u00e9ment interdits \u00e0 l\u2019Utilisateur la reproduction, la transformation, la distribution, la communication publique, la mise \u00e0 disposition du public, l\u2019extraction, la r\u00e9utilisation, le renvoi ou l\u2019utilisation de quelque nature que ce soit, par quelque moyen ou proc\u00e9dure que ce soit, de l\u2019un quelconque d\u2019entre eux, sauf dans les cas o\u00f9 cela est l\u00e9galement autoris\u00e9 ou autoris\u00e9 par le titulaire des droits correspondants.<\/p><p>L\u2019utilisateur conna\u00eet et accepte que la totalit\u00e9 du site web, contenant sans caract\u00e8re exhaustif le texte, le logiciel, les contenus (y compris la structure, la s\u00e9lection, l\u2019organisation et la pr\u00e9sentation de ceux-ci), les photographies, le mat\u00e9riel audiovisuel et les graphiques, est prot\u00e9g\u00e9e par des marques, des droits d\u2019auteur et d\u2019autres droits l\u00e9gitimes enregistr\u00e9s, conform\u00e9ment aux trait\u00e9s internationaux auxquels l\u2019Espagne est partie et \u00e0 d\u2019autres droits de propri\u00e9t\u00e9 et lois espagnoles.<\/p><h4><strong>Liens<\/strong><\/h4><p>Les pages du portail tusitioweb.com fournissent des liens vers d\u2019autres sites web propres et des contenus qui sont la propri\u00e9t\u00e9 de tiers, tels que des r\u00e9seaux sociaux pour partager des contenus. Le seul objet des liens est de fournir \u00e0 l\u2019Utilisateur la possibilit\u00e9 d\u2019acc\u00e9der \u00e0 ces liens, bien que tusitioweb.com n\u2019offre ni ne commercialise par lui-m\u00eame ni par l\u2019interm\u00e9diaire de tiers les informations, contenus et services disponibles sur les sites li\u00e9s, ni n\u2019approuve, ne supervise ou ne contr\u00f4le en aucune mani\u00e8re les contenus et services et tout mat\u00e9riel de quelque nature que ce soit existant sur ceux-ci.<\/p><p>theclover.com ne se responsabilise en aucun cas des r\u00e9sultats qui pourraient d\u00e9couler pour l\u2019Utilisateur de l\u2019acc\u00e8s \u00e0 ces liens.<\/p><p>L\u2019Utilisateur qui se propose d\u2019\u00e9tablir un dispositif technique de lien depuis son site web vers le portail devra obtenir l\u2019autorisation pr\u00e9alable et \u00e9crite de tusitioweb.com L\u2019\u00e9tablissement du lien n\u2019implique en aucun cas l\u2019existence de relations entre tusitioweb.com et le propri\u00e9taire du site sur lequel le lien est \u00e9tabli, ni l\u2019acceptation ou l\u2019approbation par tusitioweb.com de ses contenus ou services.<\/p><h4><strong>Exclusion de garanties et de responsabilit\u00e9<\/strong><\/h4><p>tusitioweb.com n\u2019accorde aucune garantie et ne se fait responsable, en aucun cas, des dommages et pr\u00e9judices de quelque nature que ce soit qui pourraient \u00eatre caus\u00e9s par :<\/p><ul style=\"margin-left: 50px;\"><li>le manque de disponibilit\u00e9, de maintenance et de fonctionnement effectif du web ou de ses services et contenus ;<\/li><li>l\u2019existence de virus, de programmes malveillants ou pr\u00e9judiciables dans les contenus ;<\/li><li>L\u2019utilisation illicite, n\u00e9gligente, frauduleuse ou contraire au pr\u00e9sent Avis Juridique ;<\/li><li>Le manque de lic\u00e9it\u00e9, de qualit\u00e9, de fiabilit\u00e9, d\u2019utilit\u00e9 et de disponibilit\u00e9 des services fournis par des tiers et mis \u00e0 la disposition des utilisateurs sur le site web.<\/li><\/ul><p>Le prestataire ne se fait responsable en aucun cas des dommages qui pourraient d\u00e9couler de l\u2019utilisation ill\u00e9gale ou inappropri\u00e9e de la pr\u00e9sente page web.<\/p><h4><strong>L\u00e9gislation<\/strong><\/h4><p>De mani\u00e8re g\u00e9n\u00e9rale, les relations entre tusitioweb.com et les Utilisateurs de ses services t\u00e9l\u00e9matiques, pr\u00e9sents sur ce site web, sont soumises \u00e0 la l\u00e9gislation et \u00e0 la juridiction espagnoles.<\/p><h4><strong>Adresses de contact<\/strong><\/h4><p>Si un Utilisateur a des questions concernant les pr\u00e9sentes Conditions G\u00e9n\u00e9rales ou des commentaires sur le portail sardiniansoul.com, veuillez les adresser \u00e0 <a class=\"_mizu194a _1ah31bk5 _ra3xnqa1 _128m1bk5 _1cvmnqa1 _4davt94y _4bfu1r31 _1hms8stv _ajmmnqa1 _vchhusvi _syaz14q2 _ect41gqc _1a3b1r31 _4fpr8stv _5goinqa1 _f8pj14q2 _9oik1r31 _1bnxglyw _jf4cnqa1 _30l314q2 _1nrm1r31 _c2waglyw _1iohnqa1 _9h8h16c2 _1053w7te _1ienw7te _n0fxw7te _1vhvg3x0\" title=\"mailto:danielaspissu@hotmail.com\" href=\"mailto:danielaspissu@hotmail.com\" data-renderer-mark=\"true\" data-is-router-link=\"false\" data-testid=\"link-with-safety\">danielaspissu@hotmail.com<\/a><\/p>\t\t\t\t\t\t\t\t<\/div>\n\t\t\t\t<\/div>\n\t\t\t\t<\/div>\n\t\t\t\t\t<\/div>\n\t\t\t\t<\/div>\n\t\t\t\t<\/div>\n\t\t","protected":false},"excerpt":{"rendered":"<p>Accueil Ce site web est un espace s\u00e9curis\u00e9. tusitioweb.com respecte la vie priv\u00e9e de ses utilisateurs et a adapt\u00e9 ce portail \u00e0 la loi 34\/2002, du 11 juillet, sur les services de la soci\u00e9t\u00e9 de l\u2019information et du commerce \u00e9lectronique (LSSI). C\u2019est pourquoi nous vous informons de ce qui suit : D\u00e9nomination sociale : Asesor [&hellip;]<\/p>\n","protected":false},"author":2,"featured_media":0,"parent":0,"menu_order":0,"comment_status":"closed","ping_status":"closed","template":"","meta":{"footnotes":""},"class_list":["post-1421","page","type-page","status-publish","hentry"],"yoast_head":"<!-- This site is optimized with the Yoast SEO plugin v25.3 - https:\/\/yoast.com\/wordpress\/plugins\/seo\/ -->\n<title>Mentions l\u00e9gales - Travel Advisor Sardinian Soul<\/title>\n<meta name=\"robots\" content=\"index, follow, max-snippet:-1, max-image-preview:large, max-video-preview:-1\" \/>\n<link rel=\"canonical\" href=\"https:\/\/sardiniansoul.dominioswebmed.com\/fr\/mentions-legales\/\" \/>\n<meta property=\"og:locale\" content=\"fr_FR\" \/>\n<meta property=\"og:type\" content=\"article\" \/>\n<meta property=\"og:title\" content=\"Mentions l\u00e9gales - Travel Advisor Sardinian Soul\" \/>\n<meta property=\"og:description\" content=\"Accueil Ce site web est un espace s\u00e9curis\u00e9. tusitioweb.com respecte la vie priv\u00e9e de ses utilisateurs et a adapt\u00e9 ce portail \u00e0 la loi 34\/2002, du 11 juillet, sur les services de la soci\u00e9t\u00e9 de l\u2019information et du commerce \u00e9lectronique (LSSI). C\u2019est pourquoi nous vous informons de ce qui suit : D\u00e9nomination sociale : Asesor [&hellip;]\" \/>\n<meta property=\"og:url\" content=\"https:\/\/sardiniansoul.dominioswebmed.com\/fr\/mentions-legales\/\" \/>\n<meta property=\"og:site_name\" content=\"Travel Advisor Sardinian Soul\" \/>\n<meta property=\"article:modified_time\" content=\"2026-01-12T18:01:53+00:00\" \/>\n<meta name=\"twitter:card\" content=\"summary_large_image\" \/>\n<meta name=\"twitter:label1\" content=\"Dur\u00e9e de lecture estim\u00e9e\" \/>\n\t<meta name=\"twitter:data1\" content=\"7 minutes\" \/>\n<script type=\"application\/ld+json\" class=\"yoast-schema-graph\">{\"@context\":\"https:\/\/schema.org\",\"@graph\":[{\"@type\":\"WebPage\",\"@id\":\"https:\/\/sardiniansoul.dominioswebmed.com\/fr\/mentions-legales\/\",\"url\":\"https:\/\/sardiniansoul.dominioswebmed.com\/fr\/mentions-legales\/\",\"name\":\"Mentions l\u00e9gales - Travel Advisor Sardinian Soul\",\"isPartOf\":{\"@id\":\"https:\/\/sardiniansoul.dominioswebmed.com\/fr\/#website\"},\"datePublished\":\"2024-09-11T18:07:18+00:00\",\"dateModified\":\"2026-01-12T18:01:53+00:00\",\"breadcrumb\":{\"@id\":\"https:\/\/sardiniansoul.dominioswebmed.com\/fr\/mentions-legales\/#breadcrumb\"},\"inLanguage\":\"fr-FR\",\"potentialAction\":[{\"@type\":\"ReadAction\",\"target\":[\"https:\/\/sardiniansoul.dominioswebmed.com\/fr\/mentions-legales\/\"]}]},{\"@type\":\"BreadcrumbList\",\"@id\":\"https:\/\/sardiniansoul.dominioswebmed.com\/fr\/mentions-legales\/#breadcrumb\",\"itemListElement\":[{\"@type\":\"ListItem\",\"position\":1,\"name\":\"Accueil\",\"item\":\"https:\/\/sardiniansoul.dominioswebmed.com\/fr\/accueil\/\"},{\"@type\":\"ListItem\",\"position\":2,\"name\":\"Mentions l\u00e9gales\"}]},{\"@type\":\"WebSite\",\"@id\":\"https:\/\/sardiniansoul.dominioswebmed.com\/fr\/#website\",\"url\":\"https:\/\/sardiniansoul.dominioswebmed.com\/fr\/\",\"name\":\"Travel Advisor Sardinian Soul\",\"description\":\"Tu viaje so\u00f1ado, dise\u00f1ado a medida\",\"potentialAction\":[{\"@type\":\"SearchAction\",\"target\":{\"@type\":\"EntryPoint\",\"urlTemplate\":\"https:\/\/sardiniansoul.dominioswebmed.com\/fr\/?s={search_term_string}\"},\"query-input\":{\"@type\":\"PropertyValueSpecification\",\"valueRequired\":true,\"valueName\":\"search_term_string\"}}],\"inLanguage\":\"fr-FR\"}]}<\/script>\n<!-- \/ Yoast SEO plugin. -->","yoast_head_json":{"title":"Mentions l\u00e9gales - Travel Advisor Sardinian Soul","robots":{"index":"index","follow":"follow","max-snippet":"max-snippet:-1","max-image-preview":"max-image-preview:large","max-video-preview":"max-video-preview:-1"},"canonical":"https:\/\/sardiniansoul.dominioswebmed.com\/fr\/mentions-legales\/","og_locale":"fr_FR","og_type":"article","og_title":"Mentions l\u00e9gales - Travel Advisor Sardinian Soul","og_description":"Accueil Ce site web est un espace s\u00e9curis\u00e9. tusitioweb.com respecte la vie priv\u00e9e de ses utilisateurs et a adapt\u00e9 ce portail \u00e0 la loi 34\/2002, du 11 juillet, sur les services de la soci\u00e9t\u00e9 de l\u2019information et du commerce \u00e9lectronique (LSSI). C\u2019est pourquoi nous vous informons de ce qui suit : D\u00e9nomination sociale : Asesor [&hellip;]","og_url":"https:\/\/sardiniansoul.dominioswebmed.com\/fr\/mentions-legales\/","og_site_name":"Travel Advisor Sardinian Soul","article_modified_time":"2026-01-12T18:01:53+00:00","twitter_card":"summary_large_image","twitter_misc":{"Dur\u00e9e de lecture estim\u00e9e":"7 minutes"},"schema":{"@context":"https:\/\/schema.org","@graph":[{"@type":"WebPage","@id":"https:\/\/sardiniansoul.dominioswebmed.com\/fr\/mentions-legales\/","url":"https:\/\/sardiniansoul.dominioswebmed.com\/fr\/mentions-legales\/","name":"Mentions l\u00e9gales - Travel Advisor Sardinian Soul","isPartOf":{"@id":"https:\/\/sardiniansoul.dominioswebmed.com\/fr\/#website"},"datePublished":"2024-09-11T18:07:18+00:00","dateModified":"2026-01-12T18:01:53+00:00","breadcrumb":{"@id":"https:\/\/sardiniansoul.dominioswebmed.com\/fr\/mentions-legales\/#breadcrumb"},"inLanguage":"fr-FR","potentialAction":[{"@type":"ReadAction","target":["https:\/\/sardiniansoul.dominioswebmed.com\/fr\/mentions-legales\/"]}]},{"@type":"BreadcrumbList","@id":"https:\/\/sardiniansoul.dominioswebmed.com\/fr\/mentions-legales\/#breadcrumb","itemListElement":[{"@type":"ListItem","position":1,"name":"Accueil","item":"https:\/\/sardiniansoul.dominioswebmed.com\/fr\/accueil\/"},{"@type":"ListItem","position":2,"name":"Mentions l\u00e9gales"}]},{"@type":"WebSite","@id":"https:\/\/sardiniansoul.dominioswebmed.com\/fr\/#website","url":"https:\/\/sardiniansoul.dominioswebmed.com\/fr\/","name":"Travel Advisor Sardinian Soul","description":"Tu viaje so\u00f1ado, dise\u00f1ado a medida","potentialAction":[{"@type":"SearchAction","target":{"@type":"EntryPoint","urlTemplate":"https:\/\/sardiniansoul.dominioswebmed.com\/fr\/?s={search_term_string}"},"query-input":{"@type":"PropertyValueSpecification","valueRequired":true,"valueName":"search_term_string"}}],"inLanguage":"fr-FR"}]}},"_links":{"self":[{"href":"https:\/\/sardiniansoul.dominioswebmed.com\/fr\/wp-json\/wp\/v2\/pages\/1421","targetHints":{"allow":["GET"]}}],"collection":[{"href":"https:\/\/sardiniansoul.dominioswebmed.com\/fr\/wp-json\/wp\/v2\/pages"}],"about":[{"href":"https:\/\/sardiniansoul.dominioswebmed.com\/fr\/wp-json\/wp\/v2\/types\/page"}],"author":[{"embeddable":true,"href":"https:\/\/sardiniansoul.dominioswebmed.com\/fr\/wp-json\/wp\/v2\/users\/2"}],"replies":[{"embeddable":true,"href":"https:\/\/sardiniansoul.dominioswebmed.com\/fr\/wp-json\/wp\/v2\/comments?post=1421"}],"version-history":[{"count":1,"href":"https:\/\/sardiniansoul.dominioswebmed.com\/fr\/wp-json\/wp\/v2\/pages\/1421\/revisions"}],"predecessor-version":[{"id":1423,"href":"https:\/\/sardiniansoul.dominioswebmed.com\/fr\/wp-json\/wp\/v2\/pages\/1421\/revisions\/1423"}],"wp:attachment":[{"href":"https:\/\/sardiniansoul.dominioswebmed.com\/fr\/wp-json\/wp\/v2\/media?parent=1421"}],"curies":[{"name":"wp","href":"https:\/\/api.w.org\/{rel}","templated":true}]}}