{"id":1415,"date":"2024-09-11T18:18:42","date_gmt":"2024-09-11T18:18:42","guid":{"rendered":"https:\/\/sardiniansoul.dominioswebmed.com\/politique-en-matiere-de-cookies\/"},"modified":"2026-01-12T18:01:53","modified_gmt":"2026-01-12T18:01:53","slug":"politique-en-matiere-de-cookies","status":"publish","type":"page","link":"https:\/\/sardiniansoul.dominioswebmed.com\/fr\/politique-en-matiere-de-cookies\/","title":{"rendered":"Politique en mati\u00e8re de cookies"},"content":{"rendered":"\t\t<div data-elementor-type=\"wp-page\" data-elementor-id=\"1415\" class=\"elementor elementor-1415 elementor-143\" data-elementor-post-type=\"page\">\n\t\t\t\t<div class=\"elementor-element elementor-element-a5bd677 e-flex e-con-boxed e-con e-parent\" data-id=\"a5bd677\" data-element_type=\"container\" data-settings=\"{&quot;background_background&quot;:&quot;classic&quot;}\">\n\t\t\t\t\t<div class=\"e-con-inner\">\n\t\t<div class=\"elementor-element elementor-element-1047b35 e-con-full e-flex e-con e-child\" data-id=\"1047b35\" data-element_type=\"container\">\n\t\t<div class=\"elementor-element elementor-element-0559752 e-con-full e-flex e-con e-child\" data-id=\"0559752\" data-element_type=\"container\">\n\t\t\t\t<div class=\"elementor-element elementor-element-2bbe722 elementor-icon-list--layout-inline elementor-widget__width-auto elementor-align-right elementor-mobile-align-center elementor-list-item-link-full_width elementor-widget elementor-widget-icon-list\" data-id=\"2bbe722\" data-element_type=\"widget\" data-widget_type=\"icon-list.default\">\n\t\t\t\t<div class=\"elementor-widget-container\">\n\t\t\t\t\t\t\t<ul class=\"elementor-icon-list-items elementor-inline-items\">\n\t\t\t\t\t\t\t<li class=\"elementor-icon-list-item elementor-inline-item\">\n\t\t\t\t\t\t\t\t\t\t\t<a href=\"#\">\n\n\t\t\t\t\t\t\t\t\t\t\t<span class=\"elementor-icon-list-text\">Accueil <\/span>\n\t\t\t\t\t\t\t\t\t\t\t<\/a>\n\t\t\t\t\t\t\t\t\t<\/li>\n\t\t\t\t\t\t\t\t<li class=\"elementor-icon-list-item elementor-inline-item\">\n\t\t\t\t\t\t\t\t\t\t\t<a href=\"#\">\n\n\t\t\t\t\t\t\t\t\t\t\t\t<span class=\"elementor-icon-list-icon\">\n\t\t\t\t\t\t\t<svg aria-hidden=\"true\" class=\"e-font-icon-svg e-fas-minus\" viewBox=\"0 0 448 512\" xmlns=\"http:\/\/www.w3.org\/2000\/svg\"><path d=\"M416 208H32c-17.67 0-32 14.33-32 32v32c0 17.67 14.33 32 32 32h384c17.67 0 32-14.33 32-32v-32c0-17.67-14.33-32-32-32z\"><\/path><\/svg>\t\t\t\t\t\t<\/span>\n\t\t\t\t\t\t\t\t\t\t<span class=\"elementor-icon-list-text\"><\/span>\n\t\t\t\t\t\t\t\t\t\t\t<\/a>\n\t\t\t\t\t\t\t\t\t<\/li>\n\t\t\t\t\t\t<\/ul>\n\t\t\t\t\t\t<\/div>\n\t\t\t\t<\/div>\n\t\t\t\t<\/div>\n\t\t\t\t<\/div>\n\t\t\t\t\t<\/div>\n\t\t\t\t<\/div>\n\t\t<div class=\"elementor-element elementor-element-3a53d5f e-flex e-con-boxed e-con e-parent\" data-id=\"3a53d5f\" data-element_type=\"container\">\n\t\t\t\t\t<div class=\"e-con-inner\">\n\t\t<div class=\"elementor-element elementor-element-aab401a e-con-full e-flex e-con e-child\" data-id=\"aab401a\" data-element_type=\"container\">\n\t\t\t\t<div class=\"elementor-element elementor-element-bae4bfd elementor-widget elementor-widget-text-editor\" data-id=\"bae4bfd\" data-element_type=\"widget\" data-widget_type=\"text-editor.default\">\n\t\t\t\t<div class=\"elementor-widget-container\">\n\t\t\t\t\t\t\t\t\t<p>Afin de vous offrir un service plus personnalis\u00e9 et efficace, nous devons m\u00e9moriser et stocker des informations sur la fa\u00e7on dont vous utilisez ce site. Pour ce faire, nous utilisons de petits fichiers texte appel\u00e9s cookies. Les cookies contiennent de petites quantit\u00e9s d\u2019informations et sont install\u00e9s sur votre ordinateur ou sur un autre appareil par un serveur web. Une fois t\u00e9l\u00e9charg\u00e9s, votre navigateur renvoie ces cookies au site web lors de chaque visite ult\u00e9rieure, de sorte que ce dernier peut vous reconna\u00eetre et m\u00e9moriser des donn\u00e9es telles que vos pr\u00e9f\u00e9rences d\u2019utilisateur.   <\/p><p>Des informations peuvent \u00eatre collect\u00e9es chaque fois que vous entrez sur ce site web, gr\u00e2ce \u00e0 l\u2019utilisation de cookies et d\u2019autres technologies. En utilisant ce site, vous acceptez l\u2019utilisation de cookies par nos soins, tel que d\u00e9crit dans ce texte. <\/p><h4><strong>Quels cookies utilisons-nous et pourquoi ?<\/strong><\/h4><p>Certains des cookies que nous utilisons sont n\u00e9cessaires pour permettre la navigation sur le site web et l\u2019utilisation de ses fonctions, comme l\u2019acc\u00e8s aux zones et contenus s\u00e9curis\u00e9s pour les utilisateurs enregistr\u00e9s.<\/p><p>Nous utilisons \u00e9galement des functional cookies ou cookies fonctionnels pour enregistrer des informations sur les options s\u00e9lectionn\u00e9es lors de votre visite sur notre site web et afin de le personnaliser pour les visiteurs. Par exemple, pour m\u00e9moriser la langue ou la r\u00e9gion d\u2019origine, ou pour savoir si une enqu\u00eate a \u00e9t\u00e9 remplie. Ces informations sont normalement sauvegard\u00e9es en supprimant toutes les donn\u00e9es qui permettent d\u2019identifier l\u2019utilisateur, et ne sont utilis\u00e9es \u00e0 aucune autre fin.  <\/p><p>Nous-m\u00eames, ou nos fournisseurs de services, utilisons \u00e9galement des services analytiques qui nous permettent de comprendre dans quelle mesure nos contenus sont efficaces ou quels sont les int\u00e9r\u00eats de nos utilisateurs, ainsi que d\u2019am\u00e9liorer le fonctionnement du site web. De plus, nous utilisons des compteurs de visites (appel\u00e9s en anglais web beacons) ou des pixels de suivi pour compter le nombre de visites, ainsi que les performance cookies ou cookies de performance qui permettent de suivre le nombre d\u2019utilisateurs qui acc\u00e8dent \u00e0 notre site web et \u00e0 quelle fr\u00e9quence. Ces informations sont utilis\u00e9es exclusivement \u00e0 des fins statistiques et nous n\u2019avons pas l\u2019intention de les utiliser pour identifier personnellement les utilisateurs. Toutefois, si vous vous \u00eates enregistr\u00e9 et avez ouvert une session sur notre site, nous pouvons combiner ces informations avec les informations obtenues par les cookies et les services analytiques de notre site web afin d\u2019analyser plus en d\u00e9tail la fa\u00e7on dont vous utilisez le site.   <\/p><p>Ce site n\u2019utilise pas de targeting cookies ou cookies publicitaires, qui sont ceux qui permettent d\u2019envoyer de la publicit\u00e9 personnalis\u00e9e aux visiteurs des sites web.<\/p><p>Veuillez nous contacter si vous souhaitez obtenir des informations plus d\u00e9taill\u00e9es sur la fa\u00e7on dont nous utilisons les cookies.<\/p><h4><strong>Comment contr\u00f4ler les cookies<\/strong><\/h4><p>En utilisant ce site web, vous acceptez que nous puissions installer des cookies sur votre ordinateur ou votre \u00e9quipement, tel qu\u2019expliqu\u00e9 ci-dessus. Toutefois, vous pouvez contr\u00f4ler et g\u00e9rer les cookies de diff\u00e9rentes mani\u00e8res. Veuillez noter que le fait de supprimer ou de bloquer les cookies a un effet sur votre exp\u00e9rience d\u2019utilisateur, et certaines parties du site pourraient ne plus \u00eatre totalement accessibles.  <\/p><h4><strong>Contr\u00f4les du navigateur<\/strong><\/h4><p>La plupart des navigateurs permettent de voir quels cookies sont install\u00e9s et de les supprimer individuellement, ou de bloquer les cookies d\u2019un site web en particulier ou de tous les sites web. Veuillez noter que toute pr\u00e9f\u00e9rence \u00e9tablie sera perdue si tous les cookies sont supprim\u00e9s, y compris la pr\u00e9f\u00e9rence de supprimer les cookies, car cela n\u00e9cessite l\u2019installation d\u2019un cookie de d\u00e9sactivation. Si vous souhaitez obtenir plus d\u2019informations sur la fa\u00e7on de modifier les options de configuration de votre navigateur pour bloquer ou filtrer les cookies, veuillez consulter Aboutcookies.org ou Cookiecentral.com.  <\/p><h4><strong>Boutons sociaux<\/strong><\/h4><p>Nous utilisons des boutons sociaux pour que nos utilisateurs puissent partager des pages web ou les s\u00e9lectionner comme favorites. Il s\u2019agit de boutons pour des sites web de m\u00e9dias sociaux externes. Ces sites peuvent enregistrer des informations sur vos activit\u00e9s sur Internet, y compris notre site web. Vous pouvez consulter les conditions d\u2019utilisation et les politiques de confidentialit\u00e9 de ces sites web pour savoir exactement comment ils utilisent les informations et pour savoir comment ces informations peuvent \u00eatre supprim\u00e9es ou effac\u00e9es.   <\/p><h4><strong>Services web externes<\/strong><\/h4><p>Nous utilisons parfois des services web externes pour afficher des contenus dans nos pages web. Par exemple, pour afficher des images ou des vid\u00e9os, ou pour r\u00e9aliser des enqu\u00eates. Tout comme les boutons sociaux, nous ne pouvons pas emp\u00eacher ces sites, ou domaines externes, de collecter des informations sur l\u2019utilisation qui est faite de ces contenus int\u00e9gr\u00e9s.<br>Communications par courrier \u00e9lectronique  <\/p><p>Les utilisateurs enregistr\u00e9s peuvent mettre \u00e0 jour leurs pr\u00e9f\u00e9rences de communication \u00e0 tout moment en nous contactant, ou ils peuvent se d\u00e9sinscrire en suivant les instructions incluses dans nos communications par courrier \u00e9lectronique.<\/p>\t\t\t\t\t\t\t\t<\/div>\n\t\t\t\t<\/div>\n\t\t\t\t<\/div>\n\t\t\t\t\t<\/div>\n\t\t\t\t<\/div>\n\t\t\t\t<\/div>\n\t\t","protected":false},"excerpt":{"rendered":"<p>Accueil Afin de vous offrir un service plus personnalis\u00e9 et efficace, nous devons m\u00e9moriser et stocker des informations sur la fa\u00e7on dont vous utilisez ce site. Pour ce faire, nous utilisons de petits fichiers texte appel\u00e9s cookies. Les cookies contiennent de petites quantit\u00e9s d\u2019informations et sont install\u00e9s sur votre ordinateur ou sur un autre appareil [&hellip;]<\/p>\n","protected":false},"author":2,"featured_media":0,"parent":0,"menu_order":0,"comment_status":"closed","ping_status":"closed","template":"","meta":{"footnotes":""},"class_list":["post-1415","page","type-page","status-publish","hentry"],"yoast_head":"<!-- This site is optimized with the Yoast SEO plugin v25.3 - https:\/\/yoast.com\/wordpress\/plugins\/seo\/ -->\n<title>Politique en mati\u00e8re de cookies - Travel Advisor Sardinian Soul<\/title>\n<meta name=\"robots\" content=\"index, follow, max-snippet:-1, max-image-preview:large, max-video-preview:-1\" \/>\n<link rel=\"canonical\" href=\"https:\/\/sardiniansoul.dominioswebmed.com\/fr\/politique-en-matiere-de-cookies\/\" \/>\n<meta property=\"og:locale\" content=\"fr_FR\" \/>\n<meta property=\"og:type\" content=\"article\" \/>\n<meta property=\"og:title\" content=\"Politique en mati\u00e8re de cookies - Travel Advisor Sardinian Soul\" \/>\n<meta property=\"og:description\" content=\"Accueil Afin de vous offrir un service plus personnalis\u00e9 et efficace, nous devons m\u00e9moriser et stocker des informations sur la fa\u00e7on dont vous utilisez ce site. Pour ce faire, nous utilisons de petits fichiers texte appel\u00e9s cookies. Les cookies contiennent de petites quantit\u00e9s d\u2019informations et sont install\u00e9s sur votre ordinateur ou sur un autre appareil [&hellip;]\" \/>\n<meta property=\"og:url\" content=\"https:\/\/sardiniansoul.dominioswebmed.com\/fr\/politique-en-matiere-de-cookies\/\" \/>\n<meta property=\"og:site_name\" content=\"Travel Advisor Sardinian Soul\" \/>\n<meta property=\"article:modified_time\" content=\"2026-01-12T18:01:53+00:00\" \/>\n<meta name=\"twitter:card\" content=\"summary_large_image\" \/>\n<meta name=\"twitter:label1\" content=\"Dur\u00e9e de lecture estim\u00e9e\" \/>\n\t<meta name=\"twitter:data1\" content=\"4 minutes\" \/>\n<script type=\"application\/ld+json\" class=\"yoast-schema-graph\">{\"@context\":\"https:\/\/schema.org\",\"@graph\":[{\"@type\":\"WebPage\",\"@id\":\"https:\/\/sardiniansoul.dominioswebmed.com\/fr\/politique-en-matiere-de-cookies\/\",\"url\":\"https:\/\/sardiniansoul.dominioswebmed.com\/fr\/politique-en-matiere-de-cookies\/\",\"name\":\"Politique en mati\u00e8re de cookies - Travel Advisor Sardinian Soul\",\"isPartOf\":{\"@id\":\"https:\/\/sardiniansoul.dominioswebmed.com\/fr\/#website\"},\"datePublished\":\"2024-09-11T18:18:42+00:00\",\"dateModified\":\"2026-01-12T18:01:53+00:00\",\"breadcrumb\":{\"@id\":\"https:\/\/sardiniansoul.dominioswebmed.com\/fr\/politique-en-matiere-de-cookies\/#breadcrumb\"},\"inLanguage\":\"fr-FR\",\"potentialAction\":[{\"@type\":\"ReadAction\",\"target\":[\"https:\/\/sardiniansoul.dominioswebmed.com\/fr\/politique-en-matiere-de-cookies\/\"]}]},{\"@type\":\"BreadcrumbList\",\"@id\":\"https:\/\/sardiniansoul.dominioswebmed.com\/fr\/politique-en-matiere-de-cookies\/#breadcrumb\",\"itemListElement\":[{\"@type\":\"ListItem\",\"position\":1,\"name\":\"Accueil\",\"item\":\"https:\/\/sardiniansoul.dominioswebmed.com\/fr\/accueil\/\"},{\"@type\":\"ListItem\",\"position\":2,\"name\":\"Politique en mati\u00e8re de cookies\"}]},{\"@type\":\"WebSite\",\"@id\":\"https:\/\/sardiniansoul.dominioswebmed.com\/fr\/#website\",\"url\":\"https:\/\/sardiniansoul.dominioswebmed.com\/fr\/\",\"name\":\"Travel Advisor Sardinian Soul\",\"description\":\"Tu viaje so\u00f1ado, dise\u00f1ado a medida\",\"potentialAction\":[{\"@type\":\"SearchAction\",\"target\":{\"@type\":\"EntryPoint\",\"urlTemplate\":\"https:\/\/sardiniansoul.dominioswebmed.com\/fr\/?s={search_term_string}\"},\"query-input\":{\"@type\":\"PropertyValueSpecification\",\"valueRequired\":true,\"valueName\":\"search_term_string\"}}],\"inLanguage\":\"fr-FR\"}]}<\/script>\n<!-- \/ Yoast SEO plugin. -->","yoast_head_json":{"title":"Politique en mati\u00e8re de cookies - Travel Advisor Sardinian Soul","robots":{"index":"index","follow":"follow","max-snippet":"max-snippet:-1","max-image-preview":"max-image-preview:large","max-video-preview":"max-video-preview:-1"},"canonical":"https:\/\/sardiniansoul.dominioswebmed.com\/fr\/politique-en-matiere-de-cookies\/","og_locale":"fr_FR","og_type":"article","og_title":"Politique en mati\u00e8re de cookies - Travel Advisor Sardinian Soul","og_description":"Accueil Afin de vous offrir un service plus personnalis\u00e9 et efficace, nous devons m\u00e9moriser et stocker des informations sur la fa\u00e7on dont vous utilisez ce site. Pour ce faire, nous utilisons de petits fichiers texte appel\u00e9s cookies. Les cookies contiennent de petites quantit\u00e9s d\u2019informations et sont install\u00e9s sur votre ordinateur ou sur un autre appareil [&hellip;]","og_url":"https:\/\/sardiniansoul.dominioswebmed.com\/fr\/politique-en-matiere-de-cookies\/","og_site_name":"Travel Advisor Sardinian Soul","article_modified_time":"2026-01-12T18:01:53+00:00","twitter_card":"summary_large_image","twitter_misc":{"Dur\u00e9e de lecture estim\u00e9e":"4 minutes"},"schema":{"@context":"https:\/\/schema.org","@graph":[{"@type":"WebPage","@id":"https:\/\/sardiniansoul.dominioswebmed.com\/fr\/politique-en-matiere-de-cookies\/","url":"https:\/\/sardiniansoul.dominioswebmed.com\/fr\/politique-en-matiere-de-cookies\/","name":"Politique en mati\u00e8re de cookies - Travel Advisor Sardinian Soul","isPartOf":{"@id":"https:\/\/sardiniansoul.dominioswebmed.com\/fr\/#website"},"datePublished":"2024-09-11T18:18:42+00:00","dateModified":"2026-01-12T18:01:53+00:00","breadcrumb":{"@id":"https:\/\/sardiniansoul.dominioswebmed.com\/fr\/politique-en-matiere-de-cookies\/#breadcrumb"},"inLanguage":"fr-FR","potentialAction":[{"@type":"ReadAction","target":["https:\/\/sardiniansoul.dominioswebmed.com\/fr\/politique-en-matiere-de-cookies\/"]}]},{"@type":"BreadcrumbList","@id":"https:\/\/sardiniansoul.dominioswebmed.com\/fr\/politique-en-matiere-de-cookies\/#breadcrumb","itemListElement":[{"@type":"ListItem","position":1,"name":"Accueil","item":"https:\/\/sardiniansoul.dominioswebmed.com\/fr\/accueil\/"},{"@type":"ListItem","position":2,"name":"Politique en mati\u00e8re de cookies"}]},{"@type":"WebSite","@id":"https:\/\/sardiniansoul.dominioswebmed.com\/fr\/#website","url":"https:\/\/sardiniansoul.dominioswebmed.com\/fr\/","name":"Travel Advisor Sardinian Soul","description":"Tu viaje so\u00f1ado, dise\u00f1ado a medida","potentialAction":[{"@type":"SearchAction","target":{"@type":"EntryPoint","urlTemplate":"https:\/\/sardiniansoul.dominioswebmed.com\/fr\/?s={search_term_string}"},"query-input":{"@type":"PropertyValueSpecification","valueRequired":true,"valueName":"search_term_string"}}],"inLanguage":"fr-FR"}]}},"_links":{"self":[{"href":"https:\/\/sardiniansoul.dominioswebmed.com\/fr\/wp-json\/wp\/v2\/pages\/1415","targetHints":{"allow":["GET"]}}],"collection":[{"href":"https:\/\/sardiniansoul.dominioswebmed.com\/fr\/wp-json\/wp\/v2\/pages"}],"about":[{"href":"https:\/\/sardiniansoul.dominioswebmed.com\/fr\/wp-json\/wp\/v2\/types\/page"}],"author":[{"embeddable":true,"href":"https:\/\/sardiniansoul.dominioswebmed.com\/fr\/wp-json\/wp\/v2\/users\/2"}],"replies":[{"embeddable":true,"href":"https:\/\/sardiniansoul.dominioswebmed.com\/fr\/wp-json\/wp\/v2\/comments?post=1415"}],"version-history":[{"count":1,"href":"https:\/\/sardiniansoul.dominioswebmed.com\/fr\/wp-json\/wp\/v2\/pages\/1415\/revisions"}],"predecessor-version":[{"id":1416,"href":"https:\/\/sardiniansoul.dominioswebmed.com\/fr\/wp-json\/wp\/v2\/pages\/1415\/revisions\/1416"}],"wp:attachment":[{"href":"https:\/\/sardiniansoul.dominioswebmed.com\/fr\/wp-json\/wp\/v2\/media?parent=1415"}],"curies":[{"name":"wp","href":"https:\/\/api.w.org\/{rel}","templated":true}]}}