{"id":1359,"date":"2024-09-11T18:14:54","date_gmt":"2024-09-11T18:14:54","guid":{"rendered":"https:\/\/sardiniansoul.dominioswebmed.com\/politique-de-confidentialite\/"},"modified":"2026-01-12T18:01:37","modified_gmt":"2026-01-12T18:01:37","slug":"politique-de-confidentialite","status":"publish","type":"page","link":"https:\/\/sardiniansoul.dominioswebmed.com\/fr\/politique-de-confidentialite\/","title":{"rendered":"Politique de confidentialit\u00e9"},"content":{"rendered":"\t\t<div data-elementor-type=\"wp-page\" data-elementor-id=\"1359\" class=\"elementor elementor-1359 elementor-138\" data-elementor-post-type=\"page\">\n\t\t\t\t<div class=\"elementor-element elementor-element-a5bd677 e-flex e-con-boxed e-con e-parent\" data-id=\"a5bd677\" data-element_type=\"container\" data-settings=\"{&quot;background_background&quot;:&quot;classic&quot;}\">\n\t\t\t\t\t<div class=\"e-con-inner\">\n\t\t<div class=\"elementor-element elementor-element-1047b35 e-con-full e-flex e-con e-child\" data-id=\"1047b35\" data-element_type=\"container\">\n\t\t<div class=\"elementor-element elementor-element-0559752 e-con-full e-flex e-con e-child\" data-id=\"0559752\" data-element_type=\"container\">\n\t\t\t\t<div class=\"elementor-element elementor-element-2bbe722 elementor-icon-list--layout-inline elementor-widget__width-auto elementor-align-right elementor-mobile-align-center elementor-list-item-link-full_width elementor-widget elementor-widget-icon-list\" data-id=\"2bbe722\" data-element_type=\"widget\" data-widget_type=\"icon-list.default\">\n\t\t\t\t<div class=\"elementor-widget-container\">\n\t\t\t\t\t\t\t<ul class=\"elementor-icon-list-items elementor-inline-items\">\n\t\t\t\t\t\t\t<li class=\"elementor-icon-list-item elementor-inline-item\">\n\t\t\t\t\t\t\t\t\t\t\t<a href=\"#\">\n\n\t\t\t\t\t\t\t\t\t\t\t<span class=\"elementor-icon-list-text\">Accueil <\/span>\n\t\t\t\t\t\t\t\t\t\t\t<\/a>\n\t\t\t\t\t\t\t\t\t<\/li>\n\t\t\t\t\t\t\t\t<li class=\"elementor-icon-list-item elementor-inline-item\">\n\t\t\t\t\t\t\t\t\t\t\t<a href=\"#\">\n\n\t\t\t\t\t\t\t\t\t\t\t\t<span class=\"elementor-icon-list-icon\">\n\t\t\t\t\t\t\t<svg aria-hidden=\"true\" class=\"e-font-icon-svg e-fas-minus\" viewBox=\"0 0 448 512\" xmlns=\"http:\/\/www.w3.org\/2000\/svg\"><path d=\"M416 208H32c-17.67 0-32 14.33-32 32v32c0 17.67 14.33 32 32 32h384c17.67 0 32-14.33 32-32v-32c0-17.67-14.33-32-32-32z\"><\/path><\/svg>\t\t\t\t\t\t<\/span>\n\t\t\t\t\t\t\t\t\t\t<span class=\"elementor-icon-list-text\"><\/span>\n\t\t\t\t\t\t\t\t\t\t\t<\/a>\n\t\t\t\t\t\t\t\t\t<\/li>\n\t\t\t\t\t\t<\/ul>\n\t\t\t\t\t\t<\/div>\n\t\t\t\t<\/div>\n\t\t\t\t<\/div>\n\t\t\t\t<\/div>\n\t\t\t\t\t<\/div>\n\t\t\t\t<\/div>\n\t\t<div class=\"elementor-element elementor-element-3a53d5f e-flex e-con-boxed e-con e-parent\" data-id=\"3a53d5f\" data-element_type=\"container\">\n\t\t\t\t\t<div class=\"e-con-inner\">\n\t\t<div class=\"elementor-element elementor-element-aab401a e-con-full e-flex e-con e-child\" data-id=\"aab401a\" data-element_type=\"container\">\n\t\t\t\t<div class=\"elementor-element elementor-element-bae4bfd elementor-widget elementor-widget-text-editor\" data-id=\"bae4bfd\" data-element_type=\"widget\" data-widget_type=\"text-editor.default\">\n\t\t\t\t<div class=\"elementor-widget-container\">\n\t\t\t\t\t\t\t\t\t<h4><strong>Politique de confidentialit\u00e9<\/strong><\/h4><p>Dans ce document, nous vous informons des raisons pour lesquelles nous recueillons vos donn\u00e9es personnelles, de ce que nous en faisons, de vos droits et de la mani\u00e8re dont vous pouvez les exercer.<\/p><h4><strong>Responsable de vos donn\u00e9es personnelles<\/strong><\/h4><p>Identit\u00e9&nbsp;: DANIELA SPISSU \/ X9905279F<\/p><p>Adresse&nbsp;: Santa Cruz de Tenerife, Espagne<\/p><p>T\u00e9l\u00e9phone&nbsp;: (+39) 351&nbsp;937&nbsp;2669<\/p><p>E-mail&nbsp;: <a class=\"_mizu194a _1ah31bk5 _ra3xnqa1 _128m1bk5 _1cvmnqa1 _4davt94y _4bfu1r31 _1hms8stv _ajmmnqa1 _vchhusvi _syaz14q2 _ect41gqc _1a3b1r31 _4fpr8stv _5goinqa1 _f8pj14q2 _9oik1r31 _1bnxglyw _jf4cnqa1 _30l314q2 _1nrm1r31 _c2waglyw _1iohnqa1 _9h8h16c2 _1053w7te _1ienw7te _n0fxw7te _1vhvg3x0\" title=\"mailto:danielaspissu@hotmail.com\" href=\"mailto:danielaspissu@hotmail.com\" data-renderer-mark=\"true\" data-is-router-link=\"false\" data-testid=\"link-with-safety\">danielaspissu@hotmail.com<\/a><\/p><h4><strong>Pourquoi recueillons-nous vos donn\u00e9es personnelles&nbsp;?<\/strong><\/h4><p>Chez <a class=\"_mizu194a _1ah31bk5 _ra3xnqa1 _128m1bk5 _1cvmnqa1 _4davt94y _4bfu1r31 _1hms8stv _ajmmnqa1 _vchhusvi _syaz14q2 _ect41gqc _1a3b1r31 _4fpr8stv _5goinqa1 _f8pj14q2 _9oik1r31 _1bnxglyw _jf4cnqa1 _30l314q2 _1nrm1r31 _c2waglyw _1iohnqa1 _9h8h16c2 _1053w7te _1ienw7te _n0fxw7te _1vhvg3x0\" title=\"mailto:danielaspissu@hotmail.com\" href=\"mailto:danielaspissu@hotmail.com\" data-renderer-mark=\"true\" data-is-router-link=\"false\" data-testid=\"link-with-safety\">danielaspissu@hotmail.com<\/a>, nous recueillons et traitons les informations que vous nous fournissez afin de r\u00e9pondre aux questions que vous nous posez via nos formulaires de contact et de commentaires, et de vous envoyer des informations susceptibles de vous int\u00e9resser via nos canaux de communication.<\/p><p>Nous conserverons ces informations tant que vous ne demanderez pas leur suppression.<\/p><h4><strong>Quelles sont les bases juridiques du traitement de vos donn\u00e9es&nbsp;?<\/strong><\/h4><p>Les bases juridiques du traitement de vos donn\u00e9es sont les suivantes&nbsp;:<\/p><p>Ex\u00e9cution du contrat d\u2019abonnement, pour vous faire parvenir des informations susceptibles de vous int\u00e9resser via nos canaux de communication.<\/p><p>Obtention de votre consentement, pour r\u00e9pondre aux questions que vous nous posez via nos formulaires de contact et de commentaires.<\/p><p>N\u2019oubliez pas que vous n\u2019\u00eates pas oblig\u00e9 de nous donner votre consentement pour le traitement de vos donn\u00e9es, mais si vous ne le faites pas, <a class=\"_mizu194a _1ah31bk5 _ra3xnqa1 _128m1bk5 _1cvmnqa1 _4davt94y _4bfu1r31 _1hms8stv _ajmmnqa1 _vchhusvi _syaz14q2 _ect41gqc _1a3b1r31 _4fpr8stv _5goinqa1 _f8pj14q2 _9oik1r31 _1bnxglyw _jf4cnqa1 _30l314q2 _1nrm1r31 _c2waglyw _1iohnqa1 _9h8h16c2 _1053w7te _1ienw7te _n0fxw7te _1vhvg3x0\" title=\"mailto:danielaspissu@hotmail.com\" href=\"mailto:danielaspissu@hotmail.com\" data-renderer-mark=\"true\" data-is-router-link=\"false\" data-testid=\"link-with-safety\">danielaspissu@hotmail.com<\/a> ne pourra pas vous faire parvenir des informations susceptibles de vous int\u00e9resser via nos canaux de communication.<\/p><h4><strong>\u00c0 qui vos donn\u00e9es personnelles pourront-elles \u00eatre communiqu\u00e9es&nbsp;?<\/strong><\/h4><p>Afin que nous puissions vous offrir des services de meilleure qualit\u00e9 et remplir nos obligations fiscales, nous vous informons que les donn\u00e9es que vous nous fournissez peuvent \u00eatre c\u00e9d\u00e9es \u00e0&nbsp;:<\/p><p><a href=\"https:\/\/www.siteground.es\/\">Siteground<\/a>, dont le si\u00e8ge social est situ\u00e9 C\/Serrano&nbsp;1, 5\u00ba, charg\u00e9 de fournir l\u2019h\u00e9bergement et le domaine pour ce site web.<\/p><p><a href=\"https:\/\/google.com\/\">Google LLC<\/a>, charg\u00e9 de la collecte des analyses de ce site web et soumis \u00e0 l\u2019accord <a href=\"https:\/\/www.privacyshield.gov\/participant?id=a2zt000000001L5AAI&amp;status=Active\">EU-US Privacy Shield<\/a>.<\/p><h4><strong>Quels sont vos droits sur vos donn\u00e9es&nbsp;?<\/strong><\/h4><p>Voici les droits que vous pouvez exercer sur vos donn\u00e9es personnelles&nbsp;:<\/p><p>Droit de demander l\u2019acc\u00e8s \u00e0 vos donn\u00e9es \u00e0 caract\u00e8re personnel.<\/p><p>Droit de demander la rectification ou la suppression.<\/p><p>Droit de demander la limitation du traitement.<\/p><p>Droit de s\u2019opposer au traitement.<\/p><p>Pour exercer vos droits, mentionn\u00e9s ci-dessus, vous pouvez nous envoyer un e-mail \u00e0 <a class=\"_mizu194a _1ah31bk5 _ra3xnqa1 _128m1bk5 _1cvmnqa1 _4davt94y _4bfu1r31 _1hms8stv _ajmmnqa1 _vchhusvi _syaz14q2 _ect41gqc _1a3b1r31 _4fpr8stv _5goinqa1 _f8pj14q2 _9oik1r31 _1bnxglyw _jf4cnqa1 _30l314q2 _1nrm1r31 _c2waglyw _1iohnqa1 _9h8h16c2 _1053w7te _1ienw7te _n0fxw7te _1vhvg3x0\" title=\"mailto:danielaspissu@hotmail.com\" href=\"mailto:danielaspissu@hotmail.com\" data-renderer-mark=\"true\" data-is-router-link=\"false\" data-testid=\"link-with-safety\">danielaspissu@hotmail.com<\/a> en indiquant dans l\u2019objet \u00ab&nbsp;PROTECTION DES DONN\u00c9ES&nbsp;\u00bb et en joignant une photocopie de votre carte d\u2019identit\u00e9 ou d\u2019un autre document d\u2019identification \u00e9quivalent.<\/p><h4><strong>Puis-je retirer mon consentement&nbsp;?<\/strong><\/h4><p>Vous avez le droit de retirer votre consentement pour toute finalit\u00e9 sp\u00e9cifique accord\u00e9e \u00e0 un moment donn\u00e9, sans que cela n\u2019affecte la lic\u00e9it\u00e9 du traitement fond\u00e9 sur le consentement pr\u00e9alable \u00e0 son retrait.<\/p><h4><strong>O\u00f9 puis-je d\u00e9poser une r\u00e9clamation si je consid\u00e8re que mes donn\u00e9es ne sont pas trait\u00e9es correctement&nbsp;?<\/strong><\/h4><p>Si vous consid\u00e9rez que vos donn\u00e9es ne sont pas trait\u00e9es correctement, vous pouvez adresser vos r\u00e9clamations \u00e0 l\u2019adresse e-mail <a class=\"_mizu194a _1ah31bk5 _ra3xnqa1 _128m1bk5 _1cvmnqa1 _4davt94y _4bfu1r31 _1hms8stv _ajmmnqa1 _vchhusvi _syaz14q2 _ect41gqc _1a3b1r31 _4fpr8stv _5goinqa1 _f8pj14q2 _9oik1r31 _1bnxglyw _jf4cnqa1 _30l314q2 _1nrm1r31 _c2waglyw _1iohnqa1 _9h8h16c2 _1053w7te _1ienw7te _n0fxw7te _1vhvg3x0\" title=\"mailto:danielaspissu@hotmail.com\" href=\"mailto:danielaspissu@hotmail.com\" data-renderer-mark=\"true\" data-is-router-link=\"false\" data-testid=\"link-with-safety\">danielaspissu@hotmail.com<\/a> ou \u00e0 l\u2019Agence espagnole de protection des donn\u00e9es (<a href=\"http:\/\/www.agpd.es\/\">AEPD<\/a>).<\/p><h4><strong>S\u00e9curit\u00e9 et mise \u00e0 jour de vos donn\u00e9es personnelles<\/strong><\/h4><p>Pour garantir la s\u00e9curit\u00e9 de vos donn\u00e9es personnelles, nous vous informons qu\u2019\u00e0 espanolo.com, nous avons adopt\u00e9 toutes les mesures techniques et organisationnelles n\u00e9cessaires pour garantir la s\u00e9curit\u00e9 de vos donn\u00e9es personnelles. Afin d\u2019\u00e9viter leur alt\u00e9ration, leur perte ou les acc\u00e8s non autoris\u00e9s, conform\u00e9ment aux exigences de la loi, \u00e9tant entendu que la s\u00e9curit\u00e9 absolue n\u2019existe pas. <\/p><p>Afin de pouvoir maintenir vos donn\u00e9es personnelles \u00e0 jour, nous vous prions de nous informer en cas de modification de celles-ci.<\/p>\t\t\t\t\t\t\t\t<\/div>\n\t\t\t\t<\/div>\n\t\t\t\t<\/div>\n\t\t\t\t\t<\/div>\n\t\t\t\t<\/div>\n\t\t\t\t<\/div>\n\t\t","protected":false},"excerpt":{"rendered":"<p>Accueil Politique de confidentialit\u00e9 Dans ce document, nous vous informons des raisons pour lesquelles nous recueillons vos donn\u00e9es personnelles, de ce que nous en faisons, de vos droits et de la mani\u00e8re dont vous pouvez les exercer. Responsable de vos donn\u00e9es personnelles Identit\u00e9&nbsp;: DANIELA SPISSU \/ X9905279F Adresse&nbsp;: Santa Cruz de Tenerife, Espagne T\u00e9l\u00e9phone&nbsp;: (+39) [&hellip;]<\/p>\n","protected":false},"author":2,"featured_media":0,"parent":0,"menu_order":0,"comment_status":"closed","ping_status":"closed","template":"","meta":{"footnotes":""},"class_list":["post-1359","page","type-page","status-publish","hentry"],"yoast_head":"<!-- This site is optimized with the Yoast SEO plugin v25.3 - https:\/\/yoast.com\/wordpress\/plugins\/seo\/ -->\n<title>Politique de confidentialit\u00e9 - Travel Advisor Sardinian Soul<\/title>\n<meta name=\"robots\" content=\"index, follow, max-snippet:-1, max-image-preview:large, max-video-preview:-1\" \/>\n<link rel=\"canonical\" href=\"https:\/\/sardiniansoul.dominioswebmed.com\/fr\/politique-de-confidentialite\/\" \/>\n<meta property=\"og:locale\" content=\"fr_FR\" \/>\n<meta property=\"og:type\" content=\"article\" \/>\n<meta property=\"og:title\" content=\"Politique de confidentialit\u00e9 - Travel Advisor Sardinian Soul\" \/>\n<meta property=\"og:description\" content=\"Accueil Politique de confidentialit\u00e9 Dans ce document, nous vous informons des raisons pour lesquelles nous recueillons vos donn\u00e9es personnelles, de ce que nous en faisons, de vos droits et de la mani\u00e8re dont vous pouvez les exercer. Responsable de vos donn\u00e9es personnelles Identit\u00e9&nbsp;: DANIELA SPISSU \/ X9905279F Adresse&nbsp;: Santa Cruz de Tenerife, Espagne T\u00e9l\u00e9phone&nbsp;: (+39) [&hellip;]\" \/>\n<meta property=\"og:url\" content=\"https:\/\/sardiniansoul.dominioswebmed.com\/fr\/politique-de-confidentialite\/\" \/>\n<meta property=\"og:site_name\" content=\"Travel Advisor Sardinian Soul\" \/>\n<meta property=\"article:modified_time\" content=\"2026-01-12T18:01:37+00:00\" \/>\n<meta name=\"twitter:card\" content=\"summary_large_image\" \/>\n<meta name=\"twitter:label1\" content=\"Dur\u00e9e de lecture estim\u00e9e\" \/>\n\t<meta name=\"twitter:data1\" content=\"3 minutes\" \/>\n<script type=\"application\/ld+json\" class=\"yoast-schema-graph\">{\"@context\":\"https:\/\/schema.org\",\"@graph\":[{\"@type\":\"WebPage\",\"@id\":\"https:\/\/sardiniansoul.dominioswebmed.com\/fr\/politique-de-confidentialite\/\",\"url\":\"https:\/\/sardiniansoul.dominioswebmed.com\/fr\/politique-de-confidentialite\/\",\"name\":\"Politique de confidentialit\u00e9 - Travel Advisor Sardinian Soul\",\"isPartOf\":{\"@id\":\"https:\/\/sardiniansoul.dominioswebmed.com\/fr\/#website\"},\"datePublished\":\"2024-09-11T18:14:54+00:00\",\"dateModified\":\"2026-01-12T18:01:37+00:00\",\"breadcrumb\":{\"@id\":\"https:\/\/sardiniansoul.dominioswebmed.com\/fr\/politique-de-confidentialite\/#breadcrumb\"},\"inLanguage\":\"fr-FR\",\"potentialAction\":[{\"@type\":\"ReadAction\",\"target\":[\"https:\/\/sardiniansoul.dominioswebmed.com\/fr\/politique-de-confidentialite\/\"]}]},{\"@type\":\"BreadcrumbList\",\"@id\":\"https:\/\/sardiniansoul.dominioswebmed.com\/fr\/politique-de-confidentialite\/#breadcrumb\",\"itemListElement\":[{\"@type\":\"ListItem\",\"position\":1,\"name\":\"Accueil\",\"item\":\"https:\/\/sardiniansoul.dominioswebmed.com\/fr\/accueil\/\"},{\"@type\":\"ListItem\",\"position\":2,\"name\":\"Politique de confidentialit\u00e9\"}]},{\"@type\":\"WebSite\",\"@id\":\"https:\/\/sardiniansoul.dominioswebmed.com\/fr\/#website\",\"url\":\"https:\/\/sardiniansoul.dominioswebmed.com\/fr\/\",\"name\":\"Travel Advisor Sardinian Soul\",\"description\":\"Tu viaje so\u00f1ado, dise\u00f1ado a medida\",\"potentialAction\":[{\"@type\":\"SearchAction\",\"target\":{\"@type\":\"EntryPoint\",\"urlTemplate\":\"https:\/\/sardiniansoul.dominioswebmed.com\/fr\/?s={search_term_string}\"},\"query-input\":{\"@type\":\"PropertyValueSpecification\",\"valueRequired\":true,\"valueName\":\"search_term_string\"}}],\"inLanguage\":\"fr-FR\"}]}<\/script>\n<!-- \/ Yoast SEO plugin. -->","yoast_head_json":{"title":"Politique de confidentialit\u00e9 - Travel Advisor Sardinian Soul","robots":{"index":"index","follow":"follow","max-snippet":"max-snippet:-1","max-image-preview":"max-image-preview:large","max-video-preview":"max-video-preview:-1"},"canonical":"https:\/\/sardiniansoul.dominioswebmed.com\/fr\/politique-de-confidentialite\/","og_locale":"fr_FR","og_type":"article","og_title":"Politique de confidentialit\u00e9 - Travel Advisor Sardinian Soul","og_description":"Accueil Politique de confidentialit\u00e9 Dans ce document, nous vous informons des raisons pour lesquelles nous recueillons vos donn\u00e9es personnelles, de ce que nous en faisons, de vos droits et de la mani\u00e8re dont vous pouvez les exercer. Responsable de vos donn\u00e9es personnelles Identit\u00e9&nbsp;: DANIELA SPISSU \/ X9905279F Adresse&nbsp;: Santa Cruz de Tenerife, Espagne T\u00e9l\u00e9phone&nbsp;: (+39) [&hellip;]","og_url":"https:\/\/sardiniansoul.dominioswebmed.com\/fr\/politique-de-confidentialite\/","og_site_name":"Travel Advisor Sardinian Soul","article_modified_time":"2026-01-12T18:01:37+00:00","twitter_card":"summary_large_image","twitter_misc":{"Dur\u00e9e de lecture estim\u00e9e":"3 minutes"},"schema":{"@context":"https:\/\/schema.org","@graph":[{"@type":"WebPage","@id":"https:\/\/sardiniansoul.dominioswebmed.com\/fr\/politique-de-confidentialite\/","url":"https:\/\/sardiniansoul.dominioswebmed.com\/fr\/politique-de-confidentialite\/","name":"Politique de confidentialit\u00e9 - Travel Advisor Sardinian Soul","isPartOf":{"@id":"https:\/\/sardiniansoul.dominioswebmed.com\/fr\/#website"},"datePublished":"2024-09-11T18:14:54+00:00","dateModified":"2026-01-12T18:01:37+00:00","breadcrumb":{"@id":"https:\/\/sardiniansoul.dominioswebmed.com\/fr\/politique-de-confidentialite\/#breadcrumb"},"inLanguage":"fr-FR","potentialAction":[{"@type":"ReadAction","target":["https:\/\/sardiniansoul.dominioswebmed.com\/fr\/politique-de-confidentialite\/"]}]},{"@type":"BreadcrumbList","@id":"https:\/\/sardiniansoul.dominioswebmed.com\/fr\/politique-de-confidentialite\/#breadcrumb","itemListElement":[{"@type":"ListItem","position":1,"name":"Accueil","item":"https:\/\/sardiniansoul.dominioswebmed.com\/fr\/accueil\/"},{"@type":"ListItem","position":2,"name":"Politique de confidentialit\u00e9"}]},{"@type":"WebSite","@id":"https:\/\/sardiniansoul.dominioswebmed.com\/fr\/#website","url":"https:\/\/sardiniansoul.dominioswebmed.com\/fr\/","name":"Travel Advisor Sardinian Soul","description":"Tu viaje so\u00f1ado, dise\u00f1ado a medida","potentialAction":[{"@type":"SearchAction","target":{"@type":"EntryPoint","urlTemplate":"https:\/\/sardiniansoul.dominioswebmed.com\/fr\/?s={search_term_string}"},"query-input":{"@type":"PropertyValueSpecification","valueRequired":true,"valueName":"search_term_string"}}],"inLanguage":"fr-FR"}]}},"_links":{"self":[{"href":"https:\/\/sardiniansoul.dominioswebmed.com\/fr\/wp-json\/wp\/v2\/pages\/1359","targetHints":{"allow":["GET"]}}],"collection":[{"href":"https:\/\/sardiniansoul.dominioswebmed.com\/fr\/wp-json\/wp\/v2\/pages"}],"about":[{"href":"https:\/\/sardiniansoul.dominioswebmed.com\/fr\/wp-json\/wp\/v2\/types\/page"}],"author":[{"embeddable":true,"href":"https:\/\/sardiniansoul.dominioswebmed.com\/fr\/wp-json\/wp\/v2\/users\/2"}],"replies":[{"embeddable":true,"href":"https:\/\/sardiniansoul.dominioswebmed.com\/fr\/wp-json\/wp\/v2\/comments?post=1359"}],"version-history":[{"count":1,"href":"https:\/\/sardiniansoul.dominioswebmed.com\/fr\/wp-json\/wp\/v2\/pages\/1359\/revisions"}],"predecessor-version":[{"id":1360,"href":"https:\/\/sardiniansoul.dominioswebmed.com\/fr\/wp-json\/wp\/v2\/pages\/1359\/revisions\/1360"}],"wp:attachment":[{"href":"https:\/\/sardiniansoul.dominioswebmed.com\/fr\/wp-json\/wp\/v2\/media?parent=1359"}],"curies":[{"name":"wp","href":"https:\/\/api.w.org\/{rel}","templated":true}]}}