{"id":1312,"date":"2024-09-23T00:21:13","date_gmt":"2024-09-23T00:21:13","guid":{"rendered":"https:\/\/sardiniansoul.dominioswebmed.com\/catalogue-de-services\/"},"modified":"2026-01-16T00:32:30","modified_gmt":"2026-01-16T00:32:30","slug":"catalogue-de-services","status":"publish","type":"page","link":"https:\/\/sardiniansoul.dominioswebmed.com\/fr\/catalogue-de-services\/","title":{"rendered":"Catalogue de services"},"content":{"rendered":"\t\t<div data-elementor-type=\"wp-page\" data-elementor-id=\"1312\" class=\"elementor elementor-1312 elementor-219\" data-elementor-post-type=\"page\">\n\t\t\t\t<div class=\"elementor-element elementor-element-bc0869d e-flex e-con-boxed e-con e-parent\" data-id=\"bc0869d\" data-element_type=\"container\" data-settings=\"{&quot;background_background&quot;:&quot;classic&quot;}\">\n\t\t\t\t\t<div class=\"e-con-inner\">\n\t\t<div class=\"elementor-element elementor-element-b0961c6 e-con-full e-flex e-con e-child\" data-id=\"b0961c6\" data-element_type=\"container\">\n\t\t<div class=\"elementor-element elementor-element-9353ea4 e-con-full e-flex e-con e-child\" data-id=\"9353ea4\" data-element_type=\"container\">\n\t\t\t\t<div class=\"elementor-element elementor-element-5fadb39 elementor-icon-list--layout-inline elementor-widget__width-auto elementor-align-right elementor-mobile-align-center elementor-list-item-link-full_width elementor-widget elementor-widget-icon-list\" data-id=\"5fadb39\" data-element_type=\"widget\" data-widget_type=\"icon-list.default\">\n\t\t\t\t<div class=\"elementor-widget-container\">\n\t\t\t\t\t\t\t<ul class=\"elementor-icon-list-items elementor-inline-items\">\n\t\t\t\t\t\t\t<li class=\"elementor-icon-list-item elementor-inline-item\">\n\t\t\t\t\t\t\t\t\t\t\t<a href=\"#\">\n\n\t\t\t\t\t\t\t\t\t\t\t<span class=\"elementor-icon-list-text\">Accueil <\/span>\n\t\t\t\t\t\t\t\t\t\t\t<\/a>\n\t\t\t\t\t\t\t\t\t<\/li>\n\t\t\t\t\t\t\t\t<li class=\"elementor-icon-list-item elementor-inline-item\">\n\t\t\t\t\t\t\t\t\t\t\t<a href=\"#\">\n\n\t\t\t\t\t\t\t\t\t\t\t\t<span class=\"elementor-icon-list-icon\">\n\t\t\t\t\t\t\t<svg aria-hidden=\"true\" class=\"e-font-icon-svg e-fas-minus\" viewBox=\"0 0 448 512\" xmlns=\"http:\/\/www.w3.org\/2000\/svg\"><path d=\"M416 208H32c-17.67 0-32 14.33-32 32v32c0 17.67 14.33 32 32 32h384c17.67 0 32-14.33 32-32v-32c0-17.67-14.33-32-32-32z\"><\/path><\/svg>\t\t\t\t\t\t<\/span>\n\t\t\t\t\t\t\t\t\t\t<span class=\"elementor-icon-list-text\"><\/span>\n\t\t\t\t\t\t\t\t\t\t\t<\/a>\n\t\t\t\t\t\t\t\t\t<\/li>\n\t\t\t\t\t\t<\/ul>\n\t\t\t\t\t\t<\/div>\n\t\t\t\t<\/div>\n\t\t\t\t<\/div>\n\t\t\t\t<\/div>\n\t\t\t\t\t<\/div>\n\t\t\t\t<\/div>\n\t\t<div class=\"elementor-element elementor-element-e43b2da e-flex e-con-boxed e-con e-parent\" data-id=\"e43b2da\" data-element_type=\"container\">\n\t\t\t\t\t<div class=\"e-con-inner\">\n\t\t<div class=\"elementor-element elementor-element-54d6930 e-con-full e-flex e-con e-child\" data-id=\"54d6930\" data-element_type=\"container\">\n\t\t<div class=\"elementor-element elementor-element-5659076 e-con-full e-flex e-con e-child\" data-id=\"5659076\" data-element_type=\"container\">\n\t\t<div class=\"elementor-element elementor-element-f9baa53 e-con-full e-flex e-con e-child\" data-id=\"f9baa53\" data-element_type=\"container\">\n\t\t\t\t<div class=\"elementor-element elementor-element-4bc8679 elementor-widget-mobile__width-inherit elementor-widget elementor-widget-heading\" data-id=\"4bc8679\" data-element_type=\"widget\" data-widget_type=\"heading.default\">\n\t\t\t\t<div class=\"elementor-widget-container\">\n\t\t\t\t\t<h2 class=\"elementor-heading-title elementor-size-default\">Tous les produits<\/h2>\t\t\t\t<\/div>\n\t\t\t\t<\/div>\n\t\t\t\t<div class=\"elementor-element elementor-element-72f05ab elementor-search-form--skin-minimal elementor-widget__width-initial elementor-widget elementor-widget-search-form\" data-id=\"72f05ab\" data-element_type=\"widget\" data-settings=\"{&quot;skin&quot;:&quot;minimal&quot;}\" data-widget_type=\"search-form.default\">\n\t\t\t\t<div class=\"elementor-widget-container\">\n\t\t\t\t\t\t\t<search role=\"search\">\n\t\t\t<form class=\"elementor-search-form\" action=\"https:\/\/sardiniansoul.dominioswebmed.com\/fr\/\" method=\"get\">\n\t\t\t\t\t\t\t\t\t\t\t\t<div class=\"elementor-search-form__container\">\n\t\t\t\t\t<label class=\"elementor-screen-only\" for=\"elementor-search-form-72f05ab\">Rechercher<\/label>\n\n\t\t\t\t\t\t\t\t\t\t\t<div class=\"elementor-search-form__icon\">\n\t\t\t\t\t\t\t<div class=\"e-font-icon-svg-container\"><svg aria-hidden=\"true\" class=\"e-font-icon-svg e-fas-search\" viewBox=\"0 0 512 512\" xmlns=\"http:\/\/www.w3.org\/2000\/svg\"><path d=\"M505 442.7L405.3 343c-4.5-4.5-10.6-7-17-7H372c27.6-35.3 44-79.7 44-128C416 93.1 322.9 0 208 0S0 93.1 0 208s93.1 208 208 208c48.3 0 92.7-16.4 128-44v16.3c0 6.4 2.5 12.5 7 17l99.7 99.7c9.4 9.4 24.6 9.4 33.9 0l28.3-28.3c9.4-9.4 9.4-24.6.1-34zM208 336c-70.7 0-128-57.2-128-128 0-70.7 57.2-128 128-128 70.7 0 128 57.2 128 128 0 70.7-57.2 128-128 128z\"><\/path><\/svg><\/div>\t\t\t\t\t\t\t<span class=\"elementor-screen-only\">Rechercher<\/span>\n\t\t\t\t\t\t<\/div>\n\t\t\t\t\t\n\t\t\t\t\t<input id=\"elementor-search-form-72f05ab\" placeholder=\"Rechercher des produits\" class=\"elementor-search-form__input\" type=\"search\" name=\"s\" value=\"\">\n\t\t\t\t\t<input type='hidden' name='lang' value='fr' \/>\n\t\t\t\t\t\n\t\t\t\t\t\t\t\t\t<\/div>\n\t\t\t<\/form>\n\t\t<\/search>\n\t\t\t\t\t\t<\/div>\n\t\t\t\t<\/div>\n\t\t\t\t<\/div>\n\t\t\t\t<div class=\"elementor-element elementor-element-defe1e3 elementor-product-loop-item--align-center elementor-grid-tablet-2 elementor-grid-mobile-1 elementor-grid-4 elementor-products-grid elementor-wc-products elementor-widget elementor-widget-woocommerce-products\" data-id=\"defe1e3\" data-element_type=\"widget\" data-widget_type=\"woocommerce-products.default\">\n\t\t\t\t<div class=\"elementor-widget-container\">\n\t\t\t\t\t<div class=\"woocommerce columns-4 \"><div class=\"woocommerce-notices-wrapper\"><\/div><p class=\"woocommerce-result-count\" role=\"alert\" aria-relevant=\"all\" >\n\t4\u00a0r\u00e9sultats affich\u00e9s<\/p>\n<form class=\"woocommerce-ordering\" method=\"get\">\n\t\t<select\n\t\tname=\"orderby\"\n\t\tclass=\"orderby\"\n\t\t\t\t\taria-label=\"Commande\"\n\t\t\t>\n\t\t\t\t\t<option value=\"menu_order\"  selected='selected'>Tri par d\u00e9faut<\/option>\n\t\t\t\t\t<option value=\"popularity\" >Tri par popularit\u00e9<\/option>\n\t\t\t\t\t<option value=\"rating\" >Tri par notes moyennes<\/option>\n\t\t\t\t\t<option value=\"date\" >Tri du plus r\u00e9cent au plus ancien<\/option>\n\t\t\t\t\t<option value=\"price\" >Tri par tarif croissant<\/option>\n\t\t\t\t\t<option value=\"price-desc\" >Tri par tarif d\u00e9croissant<\/option>\n\t\t\t<\/select>\n\t<input type=\"hidden\" name=\"paged\" value=\"1\" \/>\n\t<\/form>\n<ul class=\"products elementor-grid columns-4\">\n<li class=\"product type-product post-1687 status-publish first instock product_cat-produits has-post-thumbnail shipping-taxable purchasable product-type-simple\">\n\t<a href=\"https:\/\/sardiniansoul.dominioswebmed.com\/fr\/produit\/consultation-appel-de-30-minutes-pour-discuter-de-vos-objectifs-de-voyage-de-vos-preferences-et-des-premieres-recommandations\/\" class=\"woocommerce-LoopProduct-link woocommerce-loop-product__link\"><img fetchpriority=\"high\" decoding=\"async\" width=\"300\" height=\"300\" src=\"https:\/\/sardiniansoul.dominioswebmed.com\/wp-content\/uploads\/2025\/09\/LOGO-1-300x300.jpeg\" class=\"attachment-woocommerce_thumbnail size-woocommerce_thumbnail\" alt=\"Consultation : appel de 30 minutes pour discuter de vos objectifs de voyage, de vos pr\u00e9f\u00e9rences et des premi\u00e8res recommandations.\" srcset=\"https:\/\/sardiniansoul.dominioswebmed.com\/wp-content\/uploads\/2025\/09\/LOGO-1-300x300.jpeg 300w, https:\/\/sardiniansoul.dominioswebmed.com\/wp-content\/uploads\/2025\/09\/LOGO-1-100x100.jpeg 100w, https:\/\/sardiniansoul.dominioswebmed.com\/wp-content\/uploads\/2025\/09\/LOGO-1-600x600.jpeg 600w, https:\/\/sardiniansoul.dominioswebmed.com\/wp-content\/uploads\/2025\/09\/LOGO-1-150x150.jpeg 150w, https:\/\/sardiniansoul.dominioswebmed.com\/wp-content\/uploads\/2025\/09\/LOGO-1-768x768.jpeg 768w, https:\/\/sardiniansoul.dominioswebmed.com\/wp-content\/uploads\/2025\/09\/LOGO-1.jpeg 1024w\" sizes=\"(max-width: 300px) 100vw, 300px\" \/><h2 class=\"woocommerce-loop-product__title\">Consultation : appel de 30 minutes pour discuter de vos objectifs de voyage, de vos pr\u00e9f\u00e9rences et des premi\u00e8res recommandations.<\/h2>\n\t<span class=\"price\"><span class=\"woocommerce-Price-amount amount\"><bdi><span class=\"woocommerce-Price-currencySymbol\">&euro;<\/span>55.00<\/bdi><\/span><\/span>\n<\/a><div class=\"woocommerce-loop-product__buttons\"><a href=\"\/fr\/wp-json\/wp\/v2\/pages\/1312?add-to-cart=1687\" aria-describedby=\"woocommerce_loop_add_to_cart_link_describedby_1687\" data-quantity=\"1\" class=\"button product_type_simple add_to_cart_button ajax_add_to_cart\" data-product_id=\"1687\" data-product_sku=\"\" aria-label=\"Ajouter au panier\u00a0: &ldquo;Consultation : appel de 30 minutes pour discuter de vos objectifs de voyage, de vos pr\u00e9f\u00e9rences et des premi\u00e8res recommandations.&rdquo;\" rel=\"nofollow\" data-success_message=\"\u00ab\u00a0Consultation : appel de 30 minutes pour discuter de vos objectifs de voyage, de vos pr\u00e9f\u00e9rences et des premi\u00e8res recommandations.\u00a0\u00bb a \u00e9t\u00e9 ajout\u00e9 \u00e0 votre panier\" role=\"button\">Ajouter au panier<\/a><\/div>\t<span id=\"woocommerce_loop_add_to_cart_link_describedby_1687\" class=\"screen-reader-text\">\n\t\t\t<\/span>\n<\/li>\n<li class=\"product type-product post-1639 status-publish instock product_cat-produits has-post-thumbnail shipping-taxable product-type-external\">\n\t<a href=\"https:\/\/sardiniansoul.dominioswebmed.com\/fr\/produit\/consultation-par-e-mail-whatsapp-ou-appel\/\" class=\"woocommerce-LoopProduct-link woocommerce-loop-product__link\"><img decoding=\"async\" width=\"300\" height=\"300\" src=\"https:\/\/sardiniansoul.dominioswebmed.com\/wp-content\/uploads\/2025\/09\/LOGO-1-300x300.jpeg\" class=\"attachment-woocommerce_thumbnail size-woocommerce_thumbnail\" alt=\"Consultation gratuite par e-mail, WhatsApp ou appel\" srcset=\"https:\/\/sardiniansoul.dominioswebmed.com\/wp-content\/uploads\/2025\/09\/LOGO-1-300x300.jpeg 300w, https:\/\/sardiniansoul.dominioswebmed.com\/wp-content\/uploads\/2025\/09\/LOGO-1-100x100.jpeg 100w, https:\/\/sardiniansoul.dominioswebmed.com\/wp-content\/uploads\/2025\/09\/LOGO-1-600x600.jpeg 600w, https:\/\/sardiniansoul.dominioswebmed.com\/wp-content\/uploads\/2025\/09\/LOGO-1-150x150.jpeg 150w, https:\/\/sardiniansoul.dominioswebmed.com\/wp-content\/uploads\/2025\/09\/LOGO-1-768x768.jpeg 768w, https:\/\/sardiniansoul.dominioswebmed.com\/wp-content\/uploads\/2025\/09\/LOGO-1.jpeg 1024w\" sizes=\"(max-width: 300px) 100vw, 300px\" \/><h2 class=\"woocommerce-loop-product__title\">Consultation gratuite par e-mail, WhatsApp ou appel<\/h2>\n\t<span class=\"price\"><span class=\"woocommerce-Price-amount amount\"><bdi><span class=\"woocommerce-Price-currencySymbol\">&euro;<\/span>0.00<\/bdi><\/span><\/span>\n<\/a><div class=\"woocommerce-loop-product__buttons\"><a href=\"https:\/\/api.whatsapp.com\/send\/?phone=393519372669&#038;text&#038;type=phone_number&#038;app_absent=0\" aria-describedby=\"woocommerce_loop_add_to_cart_link_describedby_1639\" data-quantity=\"1\" class=\"button product_type_external\" data-product_id=\"1639\" data-product_sku=\"\" aria-label=\"Whatsapp\" rel=\"nofollow\">Whatsapp<\/a><\/div>\t<span id=\"woocommerce_loop_add_to_cart_link_describedby_1639\" class=\"screen-reader-text\">\n\t\t\t<\/span>\n<\/li>\n<li class=\"product type-product post-1682 status-publish instock product_cat-produits has-post-thumbnail shipping-taxable purchasable product-type-simple\">\n\t<a href=\"https:\/\/sardiniansoul.dominioswebmed.com\/fr\/produit\/presentation-de-la-consultation-pour-un-voyage-organise-de-7-jours\/\" class=\"woocommerce-LoopProduct-link woocommerce-loop-product__link\"><img decoding=\"async\" width=\"300\" height=\"300\" src=\"https:\/\/sardiniansoul.dominioswebmed.com\/wp-content\/uploads\/2025\/09\/LOGO-1-300x300.jpeg\" class=\"attachment-woocommerce_thumbnail size-woocommerce_thumbnail\" alt=\"Pr\u00e9sentation de la demande de forfait touristique de 7 jours\" srcset=\"https:\/\/sardiniansoul.dominioswebmed.com\/wp-content\/uploads\/2025\/09\/LOGO-1-300x300.jpeg 300w, https:\/\/sardiniansoul.dominioswebmed.com\/wp-content\/uploads\/2025\/09\/LOGO-1-100x100.jpeg 100w, https:\/\/sardiniansoul.dominioswebmed.com\/wp-content\/uploads\/2025\/09\/LOGO-1-600x600.jpeg 600w, https:\/\/sardiniansoul.dominioswebmed.com\/wp-content\/uploads\/2025\/09\/LOGO-1-150x150.jpeg 150w, https:\/\/sardiniansoul.dominioswebmed.com\/wp-content\/uploads\/2025\/09\/LOGO-1-768x768.jpeg 768w, https:\/\/sardiniansoul.dominioswebmed.com\/wp-content\/uploads\/2025\/09\/LOGO-1.jpeg 1024w\" sizes=\"(max-width: 300px) 100vw, 300px\" \/><h2 class=\"woocommerce-loop-product__title\">Pr\u00e9sentation de la demande de forfait touristique de 7 jours<\/h2>\n\t<span class=\"price\"><span class=\"woocommerce-Price-amount amount\"><bdi><span class=\"woocommerce-Price-currencySymbol\">&euro;<\/span>350.00<\/bdi><\/span><\/span>\n<\/a><div class=\"woocommerce-loop-product__buttons\"><a href=\"\/fr\/wp-json\/wp\/v2\/pages\/1312?add-to-cart=1682\" aria-describedby=\"woocommerce_loop_add_to_cart_link_describedby_1682\" data-quantity=\"1\" class=\"button product_type_simple add_to_cart_button ajax_add_to_cart\" data-product_id=\"1682\" data-product_sku=\"\" aria-label=\"Ajouter au panier\u00a0: &ldquo;Pr\u00e9sentation de la demande de forfait touristique de 7 jours&rdquo;\" rel=\"nofollow\" data-success_message=\"\u00ab\u00a0Pr\u00e9sentation de la demande de forfait touristique de 7 jours\u00a0\u00bb a \u00e9t\u00e9 ajout\u00e9 \u00e0 votre panier\" role=\"button\">Ajouter au panier<\/a><\/div>\t<span id=\"woocommerce_loop_add_to_cart_link_describedby_1682\" class=\"screen-reader-text\">\n\t\t\t<\/span>\n<\/li>\n<li class=\"product type-product post-1683 status-publish last instock product_cat-produits has-post-thumbnail shipping-taxable product-type-external\">\n\t<a href=\"https:\/\/sardiniansoul.dominioswebmed.com\/fr\/produit\/service-de-conciergerie-avec-itineraire-complet-fourni-pour-un-groupe-de-10-personnes-ou-plus\/\" class=\"woocommerce-LoopProduct-link woocommerce-loop-product__link\"><img loading=\"lazy\" decoding=\"async\" width=\"300\" height=\"300\" src=\"https:\/\/sardiniansoul.dominioswebmed.com\/wp-content\/uploads\/2025\/09\/LOGO-1-300x300.jpeg\" class=\"attachment-woocommerce_thumbnail size-woocommerce_thumbnail\" alt=\"Service de conciergerie : Itin\u00e9raire complet pour 10 personnes ou plus.\" srcset=\"https:\/\/sardiniansoul.dominioswebmed.com\/wp-content\/uploads\/2025\/09\/LOGO-1-300x300.jpeg 300w, https:\/\/sardiniansoul.dominioswebmed.com\/wp-content\/uploads\/2025\/09\/LOGO-1-100x100.jpeg 100w, https:\/\/sardiniansoul.dominioswebmed.com\/wp-content\/uploads\/2025\/09\/LOGO-1-600x600.jpeg 600w, https:\/\/sardiniansoul.dominioswebmed.com\/wp-content\/uploads\/2025\/09\/LOGO-1-150x150.jpeg 150w, https:\/\/sardiniansoul.dominioswebmed.com\/wp-content\/uploads\/2025\/09\/LOGO-1-768x768.jpeg 768w, https:\/\/sardiniansoul.dominioswebmed.com\/wp-content\/uploads\/2025\/09\/LOGO-1.jpeg 1024w\" sizes=\"(max-width: 300px) 100vw, 300px\" \/><h2 class=\"woocommerce-loop-product__title\">Service de conciergerie : Itin\u00e9raire complet pour 10 personnes ou plus.<\/h2>\n<\/a><div class=\"woocommerce-loop-product__buttons\"><a href=\"https:\/\/api.whatsapp.com\/send\/?phone=393519372669&#038;text&#038;type=phone_number&#038;app_absent=0\" aria-describedby=\"woocommerce_loop_add_to_cart_link_describedby_1683\" data-quantity=\"1\" class=\"button product_type_external\" data-product_id=\"1683\" data-product_sku=\"\" aria-label=\"DEMANDER UN DEVIS\" rel=\"nofollow\">DEMANDER UN DEVIS<\/a><\/div>\t<span id=\"woocommerce_loop_add_to_cart_link_describedby_1683\" class=\"screen-reader-text\">\n\t\t\t<\/span>\n<\/li>\n<\/ul>\n<\/div>\t\t\t\t<\/div>\n\t\t\t\t<\/div>\n\t\t\t\t<\/div>\n\t\t\t\t<\/div>\n\t\t\t\t\t<\/div>\n\t\t\t\t<\/div>\n\t\t\t\t<\/div>\n\t\t","protected":false},"excerpt":{"rendered":"<p>Accueil Tous les produits<\/p>\n","protected":false},"author":2,"featured_media":0,"parent":0,"menu_order":0,"comment_status":"closed","ping_status":"closed","template":"","meta":{"footnotes":""},"class_list":["post-1312","page","type-page","status-publish","hentry"],"yoast_head":"<!-- This site is optimized with the Yoast SEO plugin v25.3 - https:\/\/yoast.com\/wordpress\/plugins\/seo\/ -->\n<title>Catalogue de services - Travel Advisor Sardinian Soul<\/title>\n<meta name=\"robots\" content=\"index, follow, max-snippet:-1, max-image-preview:large, max-video-preview:-1\" \/>\n<link rel=\"canonical\" href=\"https:\/\/sardiniansoul.dominioswebmed.com\/fr\/catalogue-de-services\/\" \/>\n<meta property=\"og:locale\" content=\"fr_FR\" \/>\n<meta property=\"og:type\" content=\"article\" \/>\n<meta property=\"og:title\" content=\"Catalogue de services - Travel Advisor Sardinian Soul\" \/>\n<meta property=\"og:description\" content=\"Accueil Tous les produits\" \/>\n<meta property=\"og:url\" content=\"https:\/\/sardiniansoul.dominioswebmed.com\/fr\/catalogue-de-services\/\" \/>\n<meta property=\"og:site_name\" content=\"Travel Advisor Sardinian Soul\" \/>\n<meta property=\"article:modified_time\" content=\"2026-01-16T00:32:30+00:00\" \/>\n<meta name=\"twitter:card\" content=\"summary_large_image\" \/>\n<script type=\"application\/ld+json\" class=\"yoast-schema-graph\">{\"@context\":\"https:\/\/schema.org\",\"@graph\":[{\"@type\":\"WebPage\",\"@id\":\"https:\/\/sardiniansoul.dominioswebmed.com\/fr\/catalogue-de-services\/\",\"url\":\"https:\/\/sardiniansoul.dominioswebmed.com\/fr\/catalogue-de-services\/\",\"name\":\"Catalogue de services - Travel Advisor Sardinian Soul\",\"isPartOf\":{\"@id\":\"https:\/\/sardiniansoul.dominioswebmed.com\/fr\/#website\"},\"datePublished\":\"2024-09-23T00:21:13+00:00\",\"dateModified\":\"2026-01-16T00:32:30+00:00\",\"breadcrumb\":{\"@id\":\"https:\/\/sardiniansoul.dominioswebmed.com\/fr\/catalogue-de-services\/#breadcrumb\"},\"inLanguage\":\"fr-FR\",\"potentialAction\":[{\"@type\":\"ReadAction\",\"target\":[\"https:\/\/sardiniansoul.dominioswebmed.com\/fr\/catalogue-de-services\/\"]}]},{\"@type\":\"BreadcrumbList\",\"@id\":\"https:\/\/sardiniansoul.dominioswebmed.com\/fr\/catalogue-de-services\/#breadcrumb\",\"itemListElement\":[{\"@type\":\"ListItem\",\"position\":1,\"name\":\"Accueil\",\"item\":\"https:\/\/sardiniansoul.dominioswebmed.com\/fr\/accueil\/\"},{\"@type\":\"ListItem\",\"position\":2,\"name\":\"Catalogue de services\"}]},{\"@type\":\"WebSite\",\"@id\":\"https:\/\/sardiniansoul.dominioswebmed.com\/fr\/#website\",\"url\":\"https:\/\/sardiniansoul.dominioswebmed.com\/fr\/\",\"name\":\"Travel Advisor Sardinian Soul\",\"description\":\"Tu viaje so\u00f1ado, dise\u00f1ado a medida\",\"potentialAction\":[{\"@type\":\"SearchAction\",\"target\":{\"@type\":\"EntryPoint\",\"urlTemplate\":\"https:\/\/sardiniansoul.dominioswebmed.com\/fr\/?s={search_term_string}\"},\"query-input\":{\"@type\":\"PropertyValueSpecification\",\"valueRequired\":true,\"valueName\":\"search_term_string\"}}],\"inLanguage\":\"fr-FR\"}]}<\/script>\n<!-- \/ Yoast SEO plugin. -->","yoast_head_json":{"title":"Catalogue de services - Travel Advisor Sardinian Soul","robots":{"index":"index","follow":"follow","max-snippet":"max-snippet:-1","max-image-preview":"max-image-preview:large","max-video-preview":"max-video-preview:-1"},"canonical":"https:\/\/sardiniansoul.dominioswebmed.com\/fr\/catalogue-de-services\/","og_locale":"fr_FR","og_type":"article","og_title":"Catalogue de services - Travel Advisor Sardinian Soul","og_description":"Accueil Tous les produits","og_url":"https:\/\/sardiniansoul.dominioswebmed.com\/fr\/catalogue-de-services\/","og_site_name":"Travel Advisor Sardinian Soul","article_modified_time":"2026-01-16T00:32:30+00:00","twitter_card":"summary_large_image","schema":{"@context":"https:\/\/schema.org","@graph":[{"@type":"WebPage","@id":"https:\/\/sardiniansoul.dominioswebmed.com\/fr\/catalogue-de-services\/","url":"https:\/\/sardiniansoul.dominioswebmed.com\/fr\/catalogue-de-services\/","name":"Catalogue de services - Travel Advisor Sardinian Soul","isPartOf":{"@id":"https:\/\/sardiniansoul.dominioswebmed.com\/fr\/#website"},"datePublished":"2024-09-23T00:21:13+00:00","dateModified":"2026-01-16T00:32:30+00:00","breadcrumb":{"@id":"https:\/\/sardiniansoul.dominioswebmed.com\/fr\/catalogue-de-services\/#breadcrumb"},"inLanguage":"fr-FR","potentialAction":[{"@type":"ReadAction","target":["https:\/\/sardiniansoul.dominioswebmed.com\/fr\/catalogue-de-services\/"]}]},{"@type":"BreadcrumbList","@id":"https:\/\/sardiniansoul.dominioswebmed.com\/fr\/catalogue-de-services\/#breadcrumb","itemListElement":[{"@type":"ListItem","position":1,"name":"Accueil","item":"https:\/\/sardiniansoul.dominioswebmed.com\/fr\/accueil\/"},{"@type":"ListItem","position":2,"name":"Catalogue de services"}]},{"@type":"WebSite","@id":"https:\/\/sardiniansoul.dominioswebmed.com\/fr\/#website","url":"https:\/\/sardiniansoul.dominioswebmed.com\/fr\/","name":"Travel Advisor Sardinian Soul","description":"Tu viaje so\u00f1ado, dise\u00f1ado a medida","potentialAction":[{"@type":"SearchAction","target":{"@type":"EntryPoint","urlTemplate":"https:\/\/sardiniansoul.dominioswebmed.com\/fr\/?s={search_term_string}"},"query-input":{"@type":"PropertyValueSpecification","valueRequired":true,"valueName":"search_term_string"}}],"inLanguage":"fr-FR"}]}},"_links":{"self":[{"href":"https:\/\/sardiniansoul.dominioswebmed.com\/fr\/wp-json\/wp\/v2\/pages\/1312","targetHints":{"allow":["GET"]}}],"collection":[{"href":"https:\/\/sardiniansoul.dominioswebmed.com\/fr\/wp-json\/wp\/v2\/pages"}],"about":[{"href":"https:\/\/sardiniansoul.dominioswebmed.com\/fr\/wp-json\/wp\/v2\/types\/page"}],"author":[{"embeddable":true,"href":"https:\/\/sardiniansoul.dominioswebmed.com\/fr\/wp-json\/wp\/v2\/users\/2"}],"replies":[{"embeddable":true,"href":"https:\/\/sardiniansoul.dominioswebmed.com\/fr\/wp-json\/wp\/v2\/comments?post=1312"}],"version-history":[{"count":2,"href":"https:\/\/sardiniansoul.dominioswebmed.com\/fr\/wp-json\/wp\/v2\/pages\/1312\/revisions"}],"predecessor-version":[{"id":1771,"href":"https:\/\/sardiniansoul.dominioswebmed.com\/fr\/wp-json\/wp\/v2\/pages\/1312\/revisions\/1771"}],"wp:attachment":[{"href":"https:\/\/sardiniansoul.dominioswebmed.com\/fr\/wp-json\/wp\/v2\/media?parent=1312"}],"curies":[{"name":"wp","href":"https:\/\/api.w.org\/{rel}","templated":true}]}}