{"id":1275,"date":"2024-09-11T11:20:07","date_gmt":"2024-09-11T11:20:07","guid":{"rendered":"https:\/\/sardiniansoul.dominioswebmed.com\/nous\/"},"modified":"2026-01-12T16:38:45","modified_gmt":"2026-01-12T16:38:45","slug":"nous","status":"publish","type":"page","link":"https:\/\/sardiniansoul.dominioswebmed.com\/fr\/nous\/","title":{"rendered":"Nous"},"content":{"rendered":"\t\t<div data-elementor-type=\"wp-page\" data-elementor-id=\"1275\" class=\"elementor elementor-1275 elementor-101\" data-elementor-post-type=\"page\">\n\t\t\t\t<div class=\"elementor-element elementor-element-1272fd9 e-flex e-con-boxed e-con e-parent\" data-id=\"1272fd9\" data-element_type=\"container\" data-settings=\"{&quot;background_background&quot;:&quot;classic&quot;}\">\n\t\t\t\t\t<div class=\"e-con-inner\">\n\t\t<div class=\"elementor-element elementor-element-2071cc0 e-con-full e-flex e-con e-child\" data-id=\"2071cc0\" data-element_type=\"container\">\n\t\t\t\t<div class=\"elementor-element elementor-element-f4ca118 elementor-widget elementor-widget-heading\" data-id=\"f4ca118\" data-element_type=\"widget\" data-widget_type=\"heading.default\">\n\t\t\t\t<div class=\"elementor-widget-container\">\n\t\t\t\t\t<h2 class=\"elementor-heading-title elementor-size-default\">Nous<\/h2>\t\t\t\t<\/div>\n\t\t\t\t<\/div>\n\t\t<div class=\"elementor-element elementor-element-e5779bd e-con-full e-flex e-con e-child\" data-id=\"e5779bd\" data-element_type=\"container\">\n\t\t\t\t<div class=\"elementor-element elementor-element-9d0b5e9 elementor-icon-list--layout-inline elementor-widget__width-auto elementor-align-right elementor-mobile-align-center elementor-list-item-link-full_width elementor-widget elementor-widget-icon-list\" data-id=\"9d0b5e9\" data-element_type=\"widget\" data-widget_type=\"icon-list.default\">\n\t\t\t\t<div class=\"elementor-widget-container\">\n\t\t\t\t\t\t\t<ul class=\"elementor-icon-list-items elementor-inline-items\">\n\t\t\t\t\t\t\t<li class=\"elementor-icon-list-item elementor-inline-item\">\n\t\t\t\t\t\t\t\t\t\t\t<a href=\"#\">\n\n\t\t\t\t\t\t\t\t\t\t\t<span class=\"elementor-icon-list-text\">Accueil <\/span>\n\t\t\t\t\t\t\t\t\t\t\t<\/a>\n\t\t\t\t\t\t\t\t\t<\/li>\n\t\t\t\t\t\t\t\t<li class=\"elementor-icon-list-item elementor-inline-item\">\n\t\t\t\t\t\t\t\t\t\t\t<a href=\"#\">\n\n\t\t\t\t\t\t\t\t\t\t\t\t<span class=\"elementor-icon-list-icon\">\n\t\t\t\t\t\t\t<svg aria-hidden=\"true\" class=\"e-font-icon-svg e-fas-minus\" viewBox=\"0 0 448 512\" xmlns=\"http:\/\/www.w3.org\/2000\/svg\"><path d=\"M416 208H32c-17.67 0-32 14.33-32 32v32c0 17.67 14.33 32 32 32h384c17.67 0 32-14.33 32-32v-32c0-17.67-14.33-32-32-32z\"><\/path><\/svg>\t\t\t\t\t\t<\/span>\n\t\t\t\t\t\t\t\t\t\t<span class=\"elementor-icon-list-text\">Nous<\/span>\n\t\t\t\t\t\t\t\t\t\t\t<\/a>\n\t\t\t\t\t\t\t\t\t<\/li>\n\t\t\t\t\t\t<\/ul>\n\t\t\t\t\t\t<\/div>\n\t\t\t\t<\/div>\n\t\t\t\t<\/div>\n\t\t\t\t<\/div>\n\t\t\t\t\t<\/div>\n\t\t\t\t<\/div>\n\t\t<div class=\"elementor-element elementor-element-97fdb80 e-flex e-con-boxed e-con e-parent\" data-id=\"97fdb80\" data-element_type=\"container\">\n\t\t\t\t\t<div class=\"e-con-inner\">\n\t\t<div class=\"elementor-element elementor-element-3a0781e e-con-full e-flex e-con e-child\" data-id=\"3a0781e\" data-element_type=\"container\">\n\t\t\t\t<div class=\"elementor-element elementor-element-6805158 elementor-widget__width-initial elementor-widget elementor-widget-heading\" data-id=\"6805158\" data-element_type=\"widget\" data-widget_type=\"heading.default\">\n\t\t\t\t<div class=\"elementor-widget-container\">\n\t\t\t\t\t<h2 class=\"elementor-heading-title elementor-size-default\">\u00c0 propos de nous<\/h2>\t\t\t\t<\/div>\n\t\t\t\t<\/div>\n\t\t\t\t<\/div>\n\t\t<div class=\"elementor-element elementor-element-9c4cf19 e-con-full e-flex e-con e-child\" data-id=\"9c4cf19\" data-element_type=\"container\">\n\t\t\t\t<div class=\"elementor-element elementor-element-4c73b37 elementor-widget elementor-widget-text-editor\" data-id=\"4c73b37\" data-element_type=\"widget\" data-widget_type=\"text-editor.default\">\n\t\t\t\t<div class=\"elementor-widget-container\">\n\t\t\t\t\t\t\t\t\t<p><b>Travel Advisor Sardinian Soul<\/b><span style=\"font-weight: 400;\"> est n\u00e9 en <\/span><b>2025<\/b><span style=\"font-weight: 400;\"> dans un seul but : transformer la planification de voyages en une exp\u00e9rience agr\u00e9able et sans stress. Nous nous consacrons \u00e0 concevoir le <\/span><b>voyage de r\u00eave<\/b><span style=\"font-weight: 400;\"> pour chacun de nos clients, en devenant leur <\/span><b>Travel Advisor de confiance<\/b><span style=\"font-weight: 400;\">. Nous savons que votre temps est pr\u00e9cieux et que chaque exp\u00e9rience compte, c\u2019est pourquoi nous offrons un service <\/span><b>100 % personnalis\u00e9<\/b><span style=\"font-weight: 400;\"> qui s\u2019adapte \u00e0 vos go\u00fbts, \u00e0 votre rythme et \u00e0 votre budget.<\/span><\/p>\t\t\t\t\t\t\t\t<\/div>\n\t\t\t\t<\/div>\n\t\t\t\t<\/div>\n\t\t<div class=\"elementor-element elementor-element-5f9ec51 e-con-full e-flex e-con e-child\" data-id=\"5f9ec51\" data-element_type=\"container\">\n\t\t\t\t<div class=\"elementor-element elementor-element-0524862 elementor-widget elementor-widget-text-editor\" data-id=\"0524862\" data-element_type=\"widget\" data-widget_type=\"text-editor.default\">\n\t\t\t\t<div class=\"elementor-widget-container\">\n\t\t\t\t\t\t\t\t\t<p><span style=\"font-weight: 400;\">Ce qui nous diff\u00e9rencie des autres services, c\u2019est notre <\/span><b>empathie, notre passion et notre engagement<\/b><span style=\"font-weight: 400;\">. Nous ne vendons pas de forfaits g\u00e9n\u00e9riques, mais nous cr\u00e9ons des <\/span><b>exp\u00e9riences authentiques<\/b><span style=\"font-weight: 400;\"> qui vous \u00e9loignent du tourisme de masse. De la planification d\u2019itin\u00e9raires uniques \u00e0 la gestion compl\u00e8te de vos r\u00e9servations d\u2019h\u00e9bergement, de transferts et d\u2019activit\u00e9s, nous vous accompagnons \u00e0 chaque \u00e9tape. Chez <\/span><b>Travel Advisor Sardinian Soul<\/b><span style=\"font-weight: 400;\">, votre voyage sera aussi unique que vous.<\/span><\/p>\t\t\t\t\t\t\t\t<\/div>\n\t\t\t\t<\/div>\n\t\t\t\t<\/div>\n\t\t\t\t\t<\/div>\n\t\t\t\t<\/div>\n\t\t<div class=\"elementor-element elementor-element-e5185fb e-flex e-con-boxed e-con e-parent\" data-id=\"e5185fb\" data-element_type=\"container\" data-settings=\"{&quot;background_background&quot;:&quot;classic&quot;}\">\n\t\t\t\t\t<div class=\"e-con-inner\">\n\t\t<div class=\"elementor-element elementor-element-85808c4 e-con-full e-flex e-con e-child\" data-id=\"85808c4\" data-element_type=\"container\">\n\t\t\t\t<div class=\"elementor-element elementor-element-a26d5e6 elementor-widget__width-initial elementor-widget elementor-widget-image\" data-id=\"a26d5e6\" data-element_type=\"widget\" data-widget_type=\"image.default\">\n\t\t\t\t<div class=\"elementor-widget-container\">\n\t\t\t\t\t\t\t\t\t\t\t\t\t\t\t<img fetchpriority=\"high\" decoding=\"async\" width=\"1500\" height=\"2000\" src=\"https:\/\/sardiniansoul.dominioswebmed.com\/wp-content\/uploads\/2025\/09\/WhatsApp-Image-2025-07-22-at-08.48.06-1.jpeg\" class=\"attachment-full size-full wp-image-1280\" alt=\"\" srcset=\"https:\/\/sardiniansoul.dominioswebmed.com\/wp-content\/uploads\/2025\/09\/WhatsApp-Image-2025-07-22-at-08.48.06-1.jpeg 1500w, https:\/\/sardiniansoul.dominioswebmed.com\/wp-content\/uploads\/2025\/09\/WhatsApp-Image-2025-07-22-at-08.48.06-1-600x800.jpeg 600w, https:\/\/sardiniansoul.dominioswebmed.com\/wp-content\/uploads\/2025\/09\/WhatsApp-Image-2025-07-22-at-08.48.06-1-225x300.jpeg 225w, https:\/\/sardiniansoul.dominioswebmed.com\/wp-content\/uploads\/2025\/09\/WhatsApp-Image-2025-07-22-at-08.48.06-1-768x1024.jpeg 768w, https:\/\/sardiniansoul.dominioswebmed.com\/wp-content\/uploads\/2025\/09\/WhatsApp-Image-2025-07-22-at-08.48.06-1-1152x1536.jpeg 1152w\" sizes=\"(max-width: 1500px) 100vw, 1500px\" \/>\t\t\t\t\t\t\t\t\t\t\t\t\t\t\t<\/div>\n\t\t\t\t<\/div>\n\t\t\t\t<\/div>\n\t\t<div class=\"elementor-element elementor-element-1c0b3cf e-con-full e-flex e-con e-child\" data-id=\"1c0b3cf\" data-element_type=\"container\">\n\t\t\t\t<div class=\"elementor-element elementor-element-ddaabe1 elementor-widget elementor-widget-heading\" data-id=\"ddaabe1\" data-element_type=\"widget\" data-widget_type=\"heading.default\">\n\t\t\t\t<div class=\"elementor-widget-container\">\n\t\t\t\t\t<h2 class=\"elementor-heading-title elementor-size-default\">Notre mission, notre vision et nos valeurs<\/h2>\t\t\t\t<\/div>\n\t\t\t\t<\/div>\n\t\t\t\t<div class=\"elementor-element elementor-element-5662875 elementor-widget elementor-widget-text-editor\" data-id=\"5662875\" data-element_type=\"widget\" data-widget_type=\"text-editor.default\">\n\t\t\t\t<div class=\"elementor-widget-container\">\n\t\t\t\t\t\t\t\t\t<p><b>Mission :<\/b><span style=\"font-weight: 400;\"> Chez <\/span><b>Travel Advisor Sardinian Soul<\/b><span style=\"font-weight: 400;\">, nous nous engageons \u00e0 offrir un service de conseil personnel et expert. Notre mission est de concevoir et de g\u00e9rer des voyages authentiques qui d\u00e9passent les attentes de nos clients, en veillant \u00e0 ce que chaque aventure soit unique et m\u00e9morable.<\/span><\/p><p><b>Vision :<\/b><span style=\"font-weight: 400;\"> Nous aspirons \u00e0 \u00eatre la principale r\u00e9f\u00e9rence en mati\u00e8re de conception de voyages sur mesure, reconnus pour notre capacit\u00e9 \u00e0 cr\u00e9er des exp\u00e9riences qui vont au-del\u00e0 du tourisme conventionnel. Nous voulons \u00eatre l\u2019alli\u00e9 de confiance de chaque voyageur, en facilitant des explorations authentiques et durables.<\/span><\/p><p><b>Valeurs :<\/b><\/p><ul><li><b>Passion du voyage :<\/b><span style=\"font-weight: 400;\"> Un amour v\u00e9ritable pour la d\u00e9couverte du monde que nous partageons avec nos clients.<\/span><\/li><li><b>Personnalisation :<\/b><span> Chaque voyageur est unique, et ses itin\u00e9raires doivent en \u00eatre le reflet.<\/span><\/li><li><b>Excellence et souci du d\u00e9tail :<\/b><span> Nous nous engageons \u00e0 fournir un service impeccable, en soignant chaque aspect du voyage.<\/span><\/li><li><b>Authenticit\u00e9 :<\/b><span> Nous encourageons les exp\u00e9riences qui se connectent \u00e0 l\u2019essence de chaque destination.<\/span><\/li><li><b>Confiance et transparence :<\/b><span> Nous construisons des relations bas\u00e9es sur l\u2019honn\u00eatet\u00e9 et la fiabilit\u00e9.<\/span><\/li><li><b>Engagement :<\/b><span> Nous accompagnons nos voyageurs \u00e0 chaque \u00e9tape, en leur offrant soutien et tranquillit\u00e9 d\u2019esprit.<\/span><\/li><\/ul>\t\t\t\t\t\t\t\t<\/div>\n\t\t\t\t<\/div>\n\t\t\t\t<\/div>\n\t\t\t\t\t<\/div>\n\t\t\t\t<\/div>\n\t\t<div class=\"elementor-element elementor-element-43d7ed65 e-flex e-con-boxed e-con e-parent\" data-id=\"43d7ed65\" data-element_type=\"container\" data-settings=\"{&quot;background_background&quot;:&quot;classic&quot;}\">\n\t\t\t\t\t<div class=\"e-con-inner\">\n\t\t<div class=\"elementor-element elementor-element-18a8f10c e-con-full e-flex e-con e-child\" data-id=\"18a8f10c\" data-element_type=\"container\">\n\t\t\t\t<div class=\"elementor-element elementor-element-11ff7871 animated-slow elementor-invisible elementor-widget elementor-widget-heading\" data-id=\"11ff7871\" data-element_type=\"widget\" data-settings=\"{&quot;_animation&quot;:&quot;fadeInUp&quot;}\" data-widget_type=\"heading.default\">\n\t\t\t\t<div class=\"elementor-widget-container\">\n\t\t\t\t\t<h2 class=\"elementor-heading-title elementor-size-default\">Nous sommes l\u00e0 pour vous aider \u00e0 cr\u00e9er cette exp\u00e9rience unique dont vous r\u00eavez<\/h2>\t\t\t\t<\/div>\n\t\t\t\t<\/div>\n\t\t\t\t<\/div>\n\t\t<div class=\"elementor-element elementor-element-25cfe024 e-con-full e-flex e-con e-child\" data-id=\"25cfe024\" data-element_type=\"container\">\n\t\t\t\t<div class=\"elementor-element elementor-element-19883330 elementor-align-right elementor-mobile-align-center elementor-widget elementor-widget-button\" data-id=\"19883330\" data-element_type=\"widget\" data-widget_type=\"button.default\">\n\t\t\t\t<div class=\"elementor-widget-container\">\n\t\t\t\t\t\t\t\t\t<div class=\"elementor-button-wrapper\">\n\t\t\t\t\t<a class=\"elementor-button elementor-button-link elementor-size-sm\" href=\"https:\/\/sardiniansoul.dominioswebmed.com\/fr\/contact\/\">\n\t\t\t\t\t\t<span class=\"elementor-button-content-wrapper\">\n\t\t\t\t\t\t\t\t\t<span class=\"elementor-button-text\">Contactez-nous <\/span>\n\t\t\t\t\t<\/span>\n\t\t\t\t\t<\/a>\n\t\t\t\t<\/div>\n\t\t\t\t\t\t\t\t<\/div>\n\t\t\t\t<\/div>\n\t\t\t\t<\/div>\n\t\t\t\t\t<\/div>\n\t\t\t\t<\/div>\n\t\t\t\t<\/div>\n\t\t","protected":false},"excerpt":{"rendered":"<p>Nous Accueil Nous \u00c0 propos de nous Travel Advisor Sardinian Soul est n\u00e9 en 2025 dans un seul but : transformer la planification de voyages en une exp\u00e9rience agr\u00e9able et sans stress. Nous nous consacrons \u00e0 concevoir le voyage de r\u00eave pour chacun de nos clients, en devenant leur Travel Advisor de confiance. Nous savons [&hellip;]<\/p>\n","protected":false},"author":2,"featured_media":0,"parent":0,"menu_order":0,"comment_status":"closed","ping_status":"closed","template":"","meta":{"footnotes":""},"class_list":["post-1275","page","type-page","status-publish","hentry"],"yoast_head":"<!-- This site is optimized with the Yoast SEO plugin v25.3 - https:\/\/yoast.com\/wordpress\/plugins\/seo\/ -->\n<title>Nous - Travel Advisor Sardinian Soul<\/title>\n<meta name=\"robots\" content=\"index, follow, max-snippet:-1, max-image-preview:large, max-video-preview:-1\" \/>\n<link rel=\"canonical\" href=\"https:\/\/sardiniansoul.dominioswebmed.com\/fr\/nous\/\" \/>\n<meta property=\"og:locale\" content=\"fr_FR\" \/>\n<meta property=\"og:type\" content=\"article\" \/>\n<meta property=\"og:title\" content=\"Nous - Travel Advisor Sardinian Soul\" \/>\n<meta property=\"og:description\" content=\"Nous Accueil Nous \u00c0 propos de nous Travel Advisor Sardinian Soul est n\u00e9 en 2025 dans un seul but : transformer la planification de voyages en une exp\u00e9rience agr\u00e9able et sans stress. Nous nous consacrons \u00e0 concevoir le voyage de r\u00eave pour chacun de nos clients, en devenant leur Travel Advisor de confiance. Nous savons [&hellip;]\" \/>\n<meta property=\"og:url\" content=\"https:\/\/sardiniansoul.dominioswebmed.com\/fr\/nous\/\" \/>\n<meta property=\"og:site_name\" content=\"Travel Advisor Sardinian Soul\" \/>\n<meta property=\"article:modified_time\" content=\"2026-01-12T16:38:45+00:00\" \/>\n<meta property=\"og:image\" content=\"https:\/\/sardiniansoul.dominioswebmed.com\/wp-content\/uploads\/2025\/09\/WhatsApp-Image-2025-07-22-at-08.48.06-1.jpeg\" \/>\n\t<meta property=\"og:image:width\" content=\"1500\" \/>\n\t<meta property=\"og:image:height\" content=\"2000\" \/>\n\t<meta property=\"og:image:type\" content=\"image\/jpeg\" \/>\n<meta name=\"twitter:card\" content=\"summary_large_image\" \/>\n<meta name=\"twitter:label1\" content=\"Dur\u00e9e de lecture estim\u00e9e\" \/>\n\t<meta name=\"twitter:data1\" content=\"2 minutes\" \/>\n<script type=\"application\/ld+json\" class=\"yoast-schema-graph\">{\"@context\":\"https:\/\/schema.org\",\"@graph\":[{\"@type\":\"WebPage\",\"@id\":\"https:\/\/sardiniansoul.dominioswebmed.com\/fr\/nous\/\",\"url\":\"https:\/\/sardiniansoul.dominioswebmed.com\/fr\/nous\/\",\"name\":\"Nous - Travel Advisor Sardinian Soul\",\"isPartOf\":{\"@id\":\"https:\/\/sardiniansoul.dominioswebmed.com\/fr\/#website\"},\"primaryImageOfPage\":{\"@id\":\"https:\/\/sardiniansoul.dominioswebmed.com\/fr\/nous\/#primaryimage\"},\"image\":{\"@id\":\"https:\/\/sardiniansoul.dominioswebmed.com\/fr\/nous\/#primaryimage\"},\"thumbnailUrl\":\"https:\/\/sardiniansoul.dominioswebmed.com\/wp-content\/uploads\/2025\/09\/WhatsApp-Image-2025-07-22-at-08.48.06-1.jpeg\",\"datePublished\":\"2024-09-11T11:20:07+00:00\",\"dateModified\":\"2026-01-12T16:38:45+00:00\",\"breadcrumb\":{\"@id\":\"https:\/\/sardiniansoul.dominioswebmed.com\/fr\/nous\/#breadcrumb\"},\"inLanguage\":\"fr-FR\",\"potentialAction\":[{\"@type\":\"ReadAction\",\"target\":[\"https:\/\/sardiniansoul.dominioswebmed.com\/fr\/nous\/\"]}]},{\"@type\":\"ImageObject\",\"inLanguage\":\"fr-FR\",\"@id\":\"https:\/\/sardiniansoul.dominioswebmed.com\/fr\/nous\/#primaryimage\",\"url\":\"https:\/\/sardiniansoul.dominioswebmed.com\/wp-content\/uploads\/2025\/09\/WhatsApp-Image-2025-07-22-at-08.48.06-1.jpeg\",\"contentUrl\":\"https:\/\/sardiniansoul.dominioswebmed.com\/wp-content\/uploads\/2025\/09\/WhatsApp-Image-2025-07-22-at-08.48.06-1.jpeg\"},{\"@type\":\"BreadcrumbList\",\"@id\":\"https:\/\/sardiniansoul.dominioswebmed.com\/fr\/nous\/#breadcrumb\",\"itemListElement\":[{\"@type\":\"ListItem\",\"position\":1,\"name\":\"Accueil\",\"item\":\"https:\/\/sardiniansoul.dominioswebmed.com\/fr\/accueil\/\"},{\"@type\":\"ListItem\",\"position\":2,\"name\":\"Nous\"}]},{\"@type\":\"WebSite\",\"@id\":\"https:\/\/sardiniansoul.dominioswebmed.com\/fr\/#website\",\"url\":\"https:\/\/sardiniansoul.dominioswebmed.com\/fr\/\",\"name\":\"Travel Advisor Sardinian Soul\",\"description\":\"Tu viaje so\u00f1ado, dise\u00f1ado a medida\",\"potentialAction\":[{\"@type\":\"SearchAction\",\"target\":{\"@type\":\"EntryPoint\",\"urlTemplate\":\"https:\/\/sardiniansoul.dominioswebmed.com\/fr\/?s={search_term_string}\"},\"query-input\":{\"@type\":\"PropertyValueSpecification\",\"valueRequired\":true,\"valueName\":\"search_term_string\"}}],\"inLanguage\":\"fr-FR\"}]}<\/script>\n<!-- \/ Yoast SEO plugin. -->","yoast_head_json":{"title":"Nous - Travel Advisor Sardinian Soul","robots":{"index":"index","follow":"follow","max-snippet":"max-snippet:-1","max-image-preview":"max-image-preview:large","max-video-preview":"max-video-preview:-1"},"canonical":"https:\/\/sardiniansoul.dominioswebmed.com\/fr\/nous\/","og_locale":"fr_FR","og_type":"article","og_title":"Nous - Travel Advisor Sardinian Soul","og_description":"Nous Accueil Nous \u00c0 propos de nous Travel Advisor Sardinian Soul est n\u00e9 en 2025 dans un seul but : transformer la planification de voyages en une exp\u00e9rience agr\u00e9able et sans stress. Nous nous consacrons \u00e0 concevoir le voyage de r\u00eave pour chacun de nos clients, en devenant leur Travel Advisor de confiance. Nous savons [&hellip;]","og_url":"https:\/\/sardiniansoul.dominioswebmed.com\/fr\/nous\/","og_site_name":"Travel Advisor Sardinian Soul","article_modified_time":"2026-01-12T16:38:45+00:00","og_image":[{"width":1500,"height":2000,"url":"https:\/\/sardiniansoul.dominioswebmed.com\/wp-content\/uploads\/2025\/09\/WhatsApp-Image-2025-07-22-at-08.48.06-1.jpeg","type":"image\/jpeg"}],"twitter_card":"summary_large_image","twitter_misc":{"Dur\u00e9e de lecture estim\u00e9e":"2 minutes"},"schema":{"@context":"https:\/\/schema.org","@graph":[{"@type":"WebPage","@id":"https:\/\/sardiniansoul.dominioswebmed.com\/fr\/nous\/","url":"https:\/\/sardiniansoul.dominioswebmed.com\/fr\/nous\/","name":"Nous - Travel Advisor Sardinian Soul","isPartOf":{"@id":"https:\/\/sardiniansoul.dominioswebmed.com\/fr\/#website"},"primaryImageOfPage":{"@id":"https:\/\/sardiniansoul.dominioswebmed.com\/fr\/nous\/#primaryimage"},"image":{"@id":"https:\/\/sardiniansoul.dominioswebmed.com\/fr\/nous\/#primaryimage"},"thumbnailUrl":"https:\/\/sardiniansoul.dominioswebmed.com\/wp-content\/uploads\/2025\/09\/WhatsApp-Image-2025-07-22-at-08.48.06-1.jpeg","datePublished":"2024-09-11T11:20:07+00:00","dateModified":"2026-01-12T16:38:45+00:00","breadcrumb":{"@id":"https:\/\/sardiniansoul.dominioswebmed.com\/fr\/nous\/#breadcrumb"},"inLanguage":"fr-FR","potentialAction":[{"@type":"ReadAction","target":["https:\/\/sardiniansoul.dominioswebmed.com\/fr\/nous\/"]}]},{"@type":"ImageObject","inLanguage":"fr-FR","@id":"https:\/\/sardiniansoul.dominioswebmed.com\/fr\/nous\/#primaryimage","url":"https:\/\/sardiniansoul.dominioswebmed.com\/wp-content\/uploads\/2025\/09\/WhatsApp-Image-2025-07-22-at-08.48.06-1.jpeg","contentUrl":"https:\/\/sardiniansoul.dominioswebmed.com\/wp-content\/uploads\/2025\/09\/WhatsApp-Image-2025-07-22-at-08.48.06-1.jpeg"},{"@type":"BreadcrumbList","@id":"https:\/\/sardiniansoul.dominioswebmed.com\/fr\/nous\/#breadcrumb","itemListElement":[{"@type":"ListItem","position":1,"name":"Accueil","item":"https:\/\/sardiniansoul.dominioswebmed.com\/fr\/accueil\/"},{"@type":"ListItem","position":2,"name":"Nous"}]},{"@type":"WebSite","@id":"https:\/\/sardiniansoul.dominioswebmed.com\/fr\/#website","url":"https:\/\/sardiniansoul.dominioswebmed.com\/fr\/","name":"Travel Advisor Sardinian Soul","description":"Tu viaje so\u00f1ado, dise\u00f1ado a medida","potentialAction":[{"@type":"SearchAction","target":{"@type":"EntryPoint","urlTemplate":"https:\/\/sardiniansoul.dominioswebmed.com\/fr\/?s={search_term_string}"},"query-input":{"@type":"PropertyValueSpecification","valueRequired":true,"valueName":"search_term_string"}}],"inLanguage":"fr-FR"}]}},"_links":{"self":[{"href":"https:\/\/sardiniansoul.dominioswebmed.com\/fr\/wp-json\/wp\/v2\/pages\/1275","targetHints":{"allow":["GET"]}}],"collection":[{"href":"https:\/\/sardiniansoul.dominioswebmed.com\/fr\/wp-json\/wp\/v2\/pages"}],"about":[{"href":"https:\/\/sardiniansoul.dominioswebmed.com\/fr\/wp-json\/wp\/v2\/types\/page"}],"author":[{"embeddable":true,"href":"https:\/\/sardiniansoul.dominioswebmed.com\/fr\/wp-json\/wp\/v2\/users\/2"}],"replies":[{"embeddable":true,"href":"https:\/\/sardiniansoul.dominioswebmed.com\/fr\/wp-json\/wp\/v2\/comments?post=1275"}],"version-history":[{"count":1,"href":"https:\/\/sardiniansoul.dominioswebmed.com\/fr\/wp-json\/wp\/v2\/pages\/1275\/revisions"}],"predecessor-version":[{"id":1287,"href":"https:\/\/sardiniansoul.dominioswebmed.com\/fr\/wp-json\/wp\/v2\/pages\/1275\/revisions\/1287"}],"wp:attachment":[{"href":"https:\/\/sardiniansoul.dominioswebmed.com\/fr\/wp-json\/wp\/v2\/media?parent=1275"}],"curies":[{"name":"wp","href":"https:\/\/api.w.org\/{rel}","templated":true}]}}