{"id":1179,"date":"2024-09-11T10:27:43","date_gmt":"2024-09-11T10:27:43","guid":{"rendered":"https:\/\/sardiniansoul.dominioswebmed.com\/services\/"},"modified":"2026-01-12T16:38:09","modified_gmt":"2026-01-12T16:38:09","slug":"services","status":"publish","type":"page","link":"https:\/\/sardiniansoul.dominioswebmed.com\/en\/services\/","title":{"rendered":"Services"},"content":{"rendered":"\t\t<div data-elementor-type=\"wp-page\" data-elementor-id=\"1179\" class=\"elementor elementor-1179 elementor-96\" data-elementor-post-type=\"page\">\n\t\t\t\t<div class=\"elementor-element elementor-element-f35726c e-flex e-con-boxed e-con e-parent\" data-id=\"f35726c\" data-element_type=\"container\" data-settings=\"{&quot;background_background&quot;:&quot;classic&quot;}\">\n\t\t\t\t\t<div class=\"e-con-inner\">\n\t\t<div class=\"elementor-element elementor-element-45798d5 e-con-full e-flex e-con e-child\" data-id=\"45798d5\" data-element_type=\"container\">\n\t\t\t\t<div class=\"elementor-element elementor-element-10f9074 elementor-widget elementor-widget-heading\" data-id=\"10f9074\" data-element_type=\"widget\" data-widget_type=\"heading.default\">\n\t\t\t\t<div class=\"elementor-widget-container\">\n\t\t\t\t\t<h2 class=\"elementor-heading-title elementor-size-default\">Services<\/h2>\t\t\t\t<\/div>\n\t\t\t\t<\/div>\n\t\t<div class=\"elementor-element elementor-element-8b57a40 e-con-full e-flex e-con e-child\" data-id=\"8b57a40\" data-element_type=\"container\">\n\t\t\t\t<div class=\"elementor-element elementor-element-051632a elementor-icon-list--layout-inline elementor-widget__width-auto elementor-list-item-link-full_width elementor-widget elementor-widget-icon-list\" data-id=\"051632a\" data-element_type=\"widget\" data-widget_type=\"icon-list.default\">\n\t\t\t\t<div class=\"elementor-widget-container\">\n\t\t\t\t\t\t\t<ul class=\"elementor-icon-list-items elementor-inline-items\">\n\t\t\t\t\t\t\t<li class=\"elementor-icon-list-item elementor-inline-item\">\n\t\t\t\t\t\t\t\t\t\t\t<a href=\"#\">\n\n\t\t\t\t\t\t\t\t\t\t\t<span class=\"elementor-icon-list-text\">Home <\/span>\n\t\t\t\t\t\t\t\t\t\t\t<\/a>\n\t\t\t\t\t\t\t\t\t<\/li>\n\t\t\t\t\t\t\t\t<li class=\"elementor-icon-list-item elementor-inline-item\">\n\t\t\t\t\t\t\t\t\t\t\t<a href=\"#\">\n\n\t\t\t\t\t\t\t\t\t\t\t\t<span class=\"elementor-icon-list-icon\">\n\t\t\t\t\t\t\t<svg aria-hidden=\"true\" class=\"e-font-icon-svg e-fas-minus\" viewBox=\"0 0 448 512\" xmlns=\"http:\/\/www.w3.org\/2000\/svg\"><path d=\"M416 208H32c-17.67 0-32 14.33-32 32v32c0 17.67 14.33 32 32 32h384c17.67 0 32-14.33 32-32v-32c0-17.67-14.33-32-32-32z\"><\/path><\/svg>\t\t\t\t\t\t<\/span>\n\t\t\t\t\t\t\t\t\t\t<span class=\"elementor-icon-list-text\">Services<\/span>\n\t\t\t\t\t\t\t\t\t\t\t<\/a>\n\t\t\t\t\t\t\t\t\t<\/li>\n\t\t\t\t\t\t<\/ul>\n\t\t\t\t\t\t<\/div>\n\t\t\t\t<\/div>\n\t\t\t\t<\/div>\n\t\t\t\t<\/div>\n\t\t\t\t\t<\/div>\n\t\t\t\t<\/div>\n\t\t<div class=\"elementor-element elementor-element-8362151 e-flex e-con-boxed e-con e-parent\" data-id=\"8362151\" data-element_type=\"container\" data-settings=\"{&quot;background_background&quot;:&quot;classic&quot;}\">\n\t\t\t\t\t<div class=\"e-con-inner\">\n\t\t<div class=\"elementor-element elementor-element-7c4605a e-con-full e-flex e-con e-child\" data-id=\"7c4605a\" data-element_type=\"container\">\n\t\t\t\t<div class=\"elementor-element elementor-element-822056f elementor-widget__width-initial elementor-widget elementor-widget-heading\" data-id=\"822056f\" data-element_type=\"widget\" data-widget_type=\"heading.default\">\n\t\t\t\t<div class=\"elementor-widget-container\">\n\t\t\t\t\t<h2 class=\"elementor-heading-title elementor-size-default\">Why choose our services?<\/h2>\t\t\t\t<\/div>\n\t\t\t\t<\/div>\n\t\t\t\t<\/div>\n\t\t<div class=\"elementor-element elementor-element-006ff1f e-con-full e-flex e-con e-child\" data-id=\"006ff1f\" data-element_type=\"container\">\n\t\t\t\t<div class=\"elementor-element elementor-element-8d1b741 elementor-widget elementor-widget-text-editor\" data-id=\"8d1b741\" data-element_type=\"widget\" data-widget_type=\"text-editor.default\">\n\t\t\t\t<div class=\"elementor-widget-container\">\n\t\t\t\t\t\t\t\t\t<p><span style=\"font-weight: 400;\">At <\/span><b>Travel Advisor Sardinian Soul<\/b><span style=\"font-weight: 400;\">, we transform travel planning into a <\/span><b>pleasant and stress-free<\/b><span style=\"font-weight: 400;\"> experience. Each trip we design is 100% personalized, adapting to your tastes, pace, and budget. Our unique approach is based on empathy, passion, and commitment, ensuring that every adventure we offer is exceptional and authentic.<\/span><\/p><p><span style=\"font-weight: 400;\">We stand out because we don&#8217;t sell generic packages; we are your personal travel experts who listen to you and guide you in the process of creating unique experiences. Save time, energy, and frustration while we take care of every detail, ensuring that every moment of your trip is memorable. <\/span><\/p>\t\t\t\t\t\t\t\t<\/div>\n\t\t\t\t<\/div>\n\t\t\t\t<\/div>\n\t\t\t\t\t<\/div>\n\t\t\t\t<\/div>\n\t\t<div class=\"elementor-element elementor-element-68e0273 e-flex e-con-boxed e-con e-parent\" data-id=\"68e0273\" data-element_type=\"container\" data-settings=\"{&quot;background_background&quot;:&quot;classic&quot;}\">\n\t\t\t\t\t<div class=\"e-con-inner\">\n\t\t<div class=\"elementor-element elementor-element-333252a e-con-full e-flex e-con e-child\" data-id=\"333252a\" data-element_type=\"container\">\n\t\t<div class=\"elementor-element elementor-element-47643c5 e-con-full e-flex e-con e-child\" data-id=\"47643c5\" data-element_type=\"container\">\n\t\t\t\t<div class=\"elementor-element elementor-element-c66b456 elementor-widget elementor-widget-heading\" data-id=\"c66b456\" data-element_type=\"widget\" data-widget_type=\"heading.default\">\n\t\t\t\t<div class=\"elementor-widget-container\">\n\t\t\t\t\t<h2 class=\"elementor-heading-title elementor-size-default\">Our Services<\/h2>\t\t\t\t<\/div>\n\t\t\t\t<\/div>\n\t\t\t\t<\/div>\n\t\t<div class=\"elementor-element elementor-element-ae4b275 e-con-full e-flex e-con e-child\" data-id=\"ae4b275\" data-element_type=\"container\">\n\t\t\t\t<div class=\"elementor-element elementor-element-ab3777e elementor-widget__width-initial elementor-widget-mobile__width-initial elementor-widget elementor-widget-tfimagebox\" data-id=\"ab3777e\" data-element_type=\"widget\" data-widget_type=\"tfimagebox.default\">\n\t\t\t\t<div class=\"elementor-widget-container\">\n\t\t\t\t\t<div class=\"tf-imagebox style-1\">\r\n\t\t\t\t<div class=\"image\"><img decoding=\"async\" src=\"https:\/\/sardiniansoul.dominioswebmed.com\/wp-content\/uploads\/elementor\/thumbs\/WhatsApp-Image-2025-07-22-at-08.46.55-rcbtbfc41mm3fdpom5bx8rs4j9h1u88rtfp4e6b1pc.jpeg\" title=\"WhatsApp Image 2025-07-22 at 08.46.55\" alt=\"WhatsApp Image 2025-07-22 at 08.46.55\" loading=\"lazy\" \/> <\/div>\r\n\t\t\t\t<div class=\"content-only \"> <h4 class=\"title\"><a href=\"#\">Planificaci\u00f3n Personalizada de Viajes<\/a><\/h4><\/div>\r\n\t\t\t\t<div class=\"content \"> <h4 class=\"title\"><a href=\"#\">Planificaci\u00f3n Personalizada de Viajes<\/a><\/h4> <div class=\"description\">\u00a1Tu viaje so\u00f1ado comienza aqu\u00ed! Te escuchamos, comprendemos tus deseos y dise\u00f1amos itinerarios completamente adaptados a ti. Desde el destino hasta las actividades, cada aspecto es creado para maximizar tu disfrute y minimizar cualquier tipo de estr\u00e9s. Puedes confiar en que cada itinerario estar\u00e1 a la altura de tus expectativas y deseos.<\/div> <\/div>\r\n\t\t\t<\/div>\t\t\t\t<\/div>\n\t\t\t\t<\/div>\n\t\t\t\t<div class=\"elementor-element elementor-element-7cac602 elementor-widget__width-initial elementor-widget-mobile__width-initial elementor-widget elementor-widget-tfimagebox\" data-id=\"7cac602\" data-element_type=\"widget\" data-widget_type=\"tfimagebox.default\">\n\t\t\t\t<div class=\"elementor-widget-container\">\n\t\t\t\t\t<div class=\"tf-imagebox style-1\">\r\n\t\t\t\t<div class=\"image\"><img decoding=\"async\" src=\"https:\/\/sardiniansoul.dominioswebmed.com\/wp-content\/uploads\/elementor\/thumbs\/WhatsApp-Image-2025-07-22-at-08.48.04-rcbtbmutkawe09ere8kxspvtacfzjt2migx08dzwbk.jpeg\" title=\"WhatsApp Image 2025-07-22 at 08.48.04\" alt=\"WhatsApp Image 2025-07-22 at 08.48.04\" loading=\"lazy\" \/> <\/div>\r\n\t\t\t\t<div class=\"content-only \"> <h4 class=\"title\"><a href=\"#\">Acceso a Experiencias Aut\u00e9nticas<\/a><\/h4><\/div>\r\n\t\t\t\t<div class=\"content \"> <h4 class=\"title\"><a href=\"#\">Acceso a Experiencias Aut\u00e9nticas<\/a><\/h4> <div class=\"description\">Descubre lo mejor de cada destino. Nuestra misi\u00f3n es conectarte con la esencia aut\u00e9ntica de cada lugar, lejos de las rutas tur\u00edsticas tradicionales. Te proporcionamos acceso a experiencias \u00fanicas que te permitir\u00e1n vivir como un local y crear recuerdos que perduren<\/div> <\/div>\r\n\t\t\t<\/div>\t\t\t\t<\/div>\n\t\t\t\t<\/div>\n\t\t\t\t<div class=\"elementor-element elementor-element-1f4ae1c elementor-widget__width-initial elementor-widget-mobile__width-initial elementor-widget elementor-widget-tfimagebox\" data-id=\"1f4ae1c\" data-element_type=\"widget\" data-widget_type=\"tfimagebox.default\">\n\t\t\t\t<div class=\"elementor-widget-container\">\n\t\t\t\t\t<div class=\"tf-imagebox style-1\">\r\n\t\t\t\t<div class=\"image\"><img decoding=\"async\" src=\"https:\/\/sardiniansoul.dominioswebmed.com\/wp-content\/uploads\/elementor\/thumbs\/WhatsApp-Image-2025-07-22-at-08.48.03-1-rcbtbi5mm4pye7ll5ojsy92ibf35hbjyttnku06v6o.jpeg\" title=\"WhatsApp Image 2025-07-22 at 08.48.03 (1)\" alt=\"WhatsApp Image 2025-07-22 at 08.48.03 (1)\" loading=\"lazy\" \/> <\/div>\r\n\t\t\t\t<div class=\"content-only \"> <h4 class=\"title\"><a href=\"#\">Sugerencia en la gesti\u00f3n de reserva y logistica<\/a><\/h4><\/div>\r\n\t\t\t\t<div class=\"content \"> <h4 class=\"title\"><a href=\"#\">Sugerencia en la gesti\u00f3n de reserva y logistica<\/a><\/h4> <div class=\"description\">Deja que nosotros nos encarguemos de los detalles. Nos ocupamos de todas las reservas necesarias, incluyendo alojamientos, traslados y actividades, para que no tengas que preocuparte por nada. Nuestra atenci\u00f3n al detalle garantiza que todo funcione a la perfecci\u00f3n.<\/div> <\/div>\r\n\t\t\t<\/div>\t\t\t\t<\/div>\n\t\t\t\t<\/div>\n\t\t\t\t<\/div>\n\t\t<div class=\"elementor-element elementor-element-3999166 e-con-full e-flex e-con e-child\" data-id=\"3999166\" data-element_type=\"container\">\n\t\t\t\t<div class=\"elementor-element elementor-element-d10f667 elementor-widget__width-initial elementor-widget-mobile__width-initial elementor-widget elementor-widget-tfimagebox\" data-id=\"d10f667\" data-element_type=\"widget\" data-widget_type=\"tfimagebox.default\">\n\t\t\t\t<div class=\"elementor-widget-container\">\n\t\t\t\t\t<div class=\"tf-imagebox style-1\">\r\n\t\t\t\t<div class=\"image\"><img decoding=\"async\" src=\"https:\/\/sardiniansoul.dominioswebmed.com\/wp-content\/uploads\/elementor\/thumbs\/WhatsApp-Image-2025-07-22-at-08.50.38-rcbtbx71nhajjyzqpv1u259vtl10wh7o7w3cifkkf4.jpeg\" title=\"WhatsApp Image 2025-07-22 at 08.50.38\" alt=\"WhatsApp Image 2025-07-22 at 08.50.38\" loading=\"lazy\" \/> <\/div>\r\n\t\t\t\t<div class=\"content-only \"> <h4 class=\"title\"><a href=\"#\">Asistencia Continua antes, durante y despu\u00e9s del viaje<\/a><\/h4><\/div>\r\n\t\t\t\t<div class=\"content \"> <h4 class=\"title\"><a href=\"#\">Asistencia Continua antes, durante y despu\u00e9s del viaje<\/a><\/h4> <div class=\"description\">Tu tranquilidad es nuestra prioridad. Te acompa\u00f1amos en cada etapa de tu aventura, ofreciendo soporte constante antes, durante y despu\u00e9s de tu viaje. Estamos disponibles para resolver cualquier inconveniente que pueda surgir y asegurarnos de que disfrutes al m\u00e1ximo cada momento.<\/div> <\/div>\r\n\t\t\t<\/div>\t\t\t\t<\/div>\n\t\t\t\t<\/div>\n\t\t\t\t<div class=\"elementor-element elementor-element-917c46f elementor-widget__width-initial elementor-widget-mobile__width-initial elementor-widget elementor-widget-tfimagebox\" data-id=\"917c46f\" data-element_type=\"widget\" data-widget_type=\"tfimagebox.default\">\n\t\t\t\t<div class=\"elementor-widget-container\">\n\t\t\t\t\t<div class=\"tf-imagebox style-1\">\r\n\t\t\t\t<div class=\"image\"><img decoding=\"async\" src=\"https:\/\/sardiniansoul.dominioswebmed.com\/wp-content\/uploads\/elementor\/thumbs\/WhatsApp-Image-2025-07-22-at-08.48.09-rcbtbudj2z6ol53u6btycnzi1fex9dwh7i4w2loqxs.jpeg\" title=\"WhatsApp Image 2025-07-22 at 08.48.09\" alt=\"WhatsApp Image 2025-07-22 at 08.48.09\" loading=\"lazy\" \/> <\/div>\r\n\t\t\t\t<div class=\"content-only \"> <h4 class=\"title\"><a href=\"#\">Consultor\u00eda de Destinos<\/a><\/h4><\/div>\r\n\t\t\t\t<div class=\"content \"> <h4 class=\"title\"><a href=\"#\">Consultor\u00eda de Destinos<\/a><\/h4> <div class=\"description\">Te ayudamos a elegir el mejor destino. Si est\u00e1s indeciso sobre d\u00f3nde ir, ofrecemos asesoramiento experto para que encuentres el lugar perfecto que se ajuste a tus intereses y expectativas. Te guiamos en el proceso de selecci\u00f3n y planificaci\u00f3n, asegurando que cada detalle est\u00e9 alineado con tus deseos.<\/div> <\/div>\r\n\t\t\t<\/div>\t\t\t\t<\/div>\n\t\t\t\t<\/div>\n\t\t\t\t<div class=\"elementor-element elementor-element-40177a0 elementor-widget__width-initial elementor-widget-mobile__width-initial elementor-widget elementor-widget-tfimagebox\" data-id=\"40177a0\" data-element_type=\"widget\" data-widget_type=\"tfimagebox.default\">\n\t\t\t\t<div class=\"elementor-widget-container\">\n\t\t\t\t\t<div class=\"tf-imagebox style-1\">\r\n\t\t\t\t<div class=\"image\"><img decoding=\"async\" src=\"https:\/\/sardiniansoul.dominioswebmed.com\/wp-content\/uploads\/elementor\/thumbs\/WhatsApp-Image-2025-07-22-at-08.48.09-1-rcbtbshupb43xx6khb0p7ogkuno6tzp0j8tx41rja8.jpeg\" title=\"WhatsApp Image 2025-07-22 at 08.48.09 (1)\" alt=\"WhatsApp Image 2025-07-22 at 08.48.09 (1)\" loading=\"lazy\" \/> <\/div>\r\n\t\t\t\t<div class=\"content-only \"> <h4 class=\"title\"><a href=\"#\">Asesor\u00eda Personalizada en Tiempo Real<\/a><\/h4><\/div>\r\n\t\t\t\t<div class=\"content \"> <h4 class=\"title\"><a href=\"#\">Asesor\u00eda Personalizada en Tiempo Real<\/a><\/h4> <div class=\"description\">Comunicaci\u00f3n directa para una mejor experiencia. Utiliza nuestro globo de WhatsApp para mantenerte en contacto con nosotros en cualquier momento. Nos aseguramos de que est\u00e9s informado y respaldado durante toda tu experiencia de viaje, haciendo que la comunicaci\u00f3n sea fluida y sencilla.<\/div> <\/div>\r\n\t\t\t<\/div>\t\t\t\t<\/div>\n\t\t\t\t<\/div>\n\t\t\t\t<\/div>\n\t\t\t\t<\/div>\n\t\t\t\t\t<\/div>\n\t\t\t\t<\/div>\n\t\t<div class=\"elementor-element elementor-element-1a4577e e-flex e-con-boxed e-con e-parent\" data-id=\"1a4577e\" data-element_type=\"container\" data-settings=\"{&quot;background_background&quot;:&quot;classic&quot;}\">\n\t\t\t\t\t<div class=\"e-con-inner\">\n\t\t<div class=\"elementor-element elementor-element-0494bef e-con-full e-flex e-con e-child\" data-id=\"0494bef\" data-element_type=\"container\">\n\t\t\t\t<div class=\"elementor-element elementor-element-0afb0a2 animated-slow elementor-widget__width-initial elementor-invisible elementor-widget elementor-widget-heading\" data-id=\"0afb0a2\" data-element_type=\"widget\" data-settings=\"{&quot;_animation&quot;:&quot;fadeInUp&quot;}\" data-widget_type=\"heading.default\">\n\t\t\t\t<div class=\"elementor-widget-container\">\n\t\t\t\t\t<h2 class=\"elementor-heading-title elementor-size-default\">Don't wait any longer to plan your ideal trip! Contact us today and request your personalized proposal <\/h2>\t\t\t\t<\/div>\n\t\t\t\t<\/div>\n\t\t\t\t<\/div>\n\t\t<div class=\"elementor-element elementor-element-f703c5f e-con-full e-flex e-con e-child\" data-id=\"f703c5f\" data-element_type=\"container\">\n\t\t\t\t<div class=\"elementor-element elementor-element-6c93b52 elementor-align-right elementor-mobile-align-center elementor-widget elementor-widget-button\" data-id=\"6c93b52\" data-element_type=\"widget\" data-widget_type=\"button.default\">\n\t\t\t\t<div class=\"elementor-widget-container\">\n\t\t\t\t\t\t\t\t\t<div class=\"elementor-button-wrapper\">\n\t\t\t\t\t<a class=\"elementor-button elementor-button-link elementor-size-sm\" href=\"https:\/\/sardiniansoul.dominioswebmed.com\/en\/contact\/\">\n\t\t\t\t\t\t<span class=\"elementor-button-content-wrapper\">\n\t\t\t\t\t\t\t\t\t<span class=\"elementor-button-text\">Contact us <\/span>\n\t\t\t\t\t<\/span>\n\t\t\t\t\t<\/a>\n\t\t\t\t<\/div>\n\t\t\t\t\t\t\t\t<\/div>\n\t\t\t\t<\/div>\n\t\t\t\t<\/div>\n\t\t\t\t\t<\/div>\n\t\t\t\t<\/div>\n\t\t\t\t<\/div>\n\t\t","protected":false},"excerpt":{"rendered":"<p>Services Home Services Why choose our services? At Travel Advisor Sardinian Soul, we transform travel planning into a pleasant and stress-free experience. Each trip we design is 100% personalized, adapting to your tastes, pace, and budget. Our unique approach is based on empathy, passion, and commitment, ensuring that every adventure we offer is exceptional and [&hellip;]<\/p>\n","protected":false},"author":2,"featured_media":0,"parent":0,"menu_order":0,"comment_status":"closed","ping_status":"closed","template":"","meta":{"footnotes":""},"class_list":["post-1179","page","type-page","status-publish","hentry"],"yoast_head":"<!-- This site is optimized with the Yoast SEO plugin v25.3 - https:\/\/yoast.com\/wordpress\/plugins\/seo\/ -->\n<title>Services - Travel Advisor Sardinian Soul<\/title>\n<meta name=\"robots\" content=\"index, follow, max-snippet:-1, max-image-preview:large, max-video-preview:-1\" \/>\n<link rel=\"canonical\" href=\"https:\/\/sardiniansoul.dominioswebmed.com\/en\/services\/\" \/>\n<meta property=\"og:locale\" content=\"en_US\" \/>\n<meta property=\"og:type\" content=\"article\" \/>\n<meta property=\"og:title\" content=\"Services - Travel Advisor Sardinian Soul\" \/>\n<meta property=\"og:description\" content=\"Services Home Services Why choose our services? At Travel Advisor Sardinian Soul, we transform travel planning into a pleasant and stress-free experience. Each trip we design is 100% personalized, adapting to your tastes, pace, and budget. Our unique approach is based on empathy, passion, and commitment, ensuring that every adventure we offer is exceptional and [&hellip;]\" \/>\n<meta property=\"og:url\" content=\"https:\/\/sardiniansoul.dominioswebmed.com\/en\/services\/\" \/>\n<meta property=\"og:site_name\" content=\"Travel Advisor Sardinian Soul\" \/>\n<meta property=\"article:modified_time\" content=\"2026-01-12T16:38:09+00:00\" \/>\n<meta property=\"og:image\" content=\"https:\/\/sardiniansoul.dominioswebmed.com\/wp-content\/uploads\/elementor\/thumbs\/WhatsApp-Image-2025-07-22-at-08.46.55-rcbtbfc41mm3fdpom5bx8rs4j9h1u88rtfp4e6b1pc.jpeg\" \/>\n<meta name=\"twitter:card\" content=\"summary_large_image\" \/>\n<meta name=\"twitter:label1\" content=\"Est. reading time\" \/>\n\t<meta name=\"twitter:data1\" content=\"2 minutes\" \/>\n<script type=\"application\/ld+json\" class=\"yoast-schema-graph\">{\"@context\":\"https:\/\/schema.org\",\"@graph\":[{\"@type\":\"WebPage\",\"@id\":\"https:\/\/sardiniansoul.dominioswebmed.com\/en\/services\/\",\"url\":\"https:\/\/sardiniansoul.dominioswebmed.com\/en\/services\/\",\"name\":\"Services - Travel Advisor Sardinian Soul\",\"isPartOf\":{\"@id\":\"https:\/\/sardiniansoul.dominioswebmed.com\/en\/#website\"},\"primaryImageOfPage\":{\"@id\":\"https:\/\/sardiniansoul.dominioswebmed.com\/en\/services\/#primaryimage\"},\"image\":{\"@id\":\"https:\/\/sardiniansoul.dominioswebmed.com\/en\/services\/#primaryimage\"},\"thumbnailUrl\":\"https:\/\/sardiniansoul.dominioswebmed.com\/wp-content\/uploads\/elementor\/thumbs\/WhatsApp-Image-2025-07-22-at-08.46.55-rcbtbfc41mm3fdpom5bx8rs4j9h1u88rtfp4e6b1pc.jpeg\",\"datePublished\":\"2024-09-11T10:27:43+00:00\",\"dateModified\":\"2026-01-12T16:38:09+00:00\",\"breadcrumb\":{\"@id\":\"https:\/\/sardiniansoul.dominioswebmed.com\/en\/services\/#breadcrumb\"},\"inLanguage\":\"en-US\",\"potentialAction\":[{\"@type\":\"ReadAction\",\"target\":[\"https:\/\/sardiniansoul.dominioswebmed.com\/en\/services\/\"]}]},{\"@type\":\"ImageObject\",\"inLanguage\":\"en-US\",\"@id\":\"https:\/\/sardiniansoul.dominioswebmed.com\/en\/services\/#primaryimage\",\"url\":\"https:\/\/sardiniansoul.dominioswebmed.com\/wp-content\/uploads\/elementor\/thumbs\/WhatsApp-Image-2025-07-22-at-08.46.55-rcbtbfc41mm3fdpom5bx8rs4j9h1u88rtfp4e6b1pc.jpeg\",\"contentUrl\":\"https:\/\/sardiniansoul.dominioswebmed.com\/wp-content\/uploads\/elementor\/thumbs\/WhatsApp-Image-2025-07-22-at-08.46.55-rcbtbfc41mm3fdpom5bx8rs4j9h1u88rtfp4e6b1pc.jpeg\"},{\"@type\":\"BreadcrumbList\",\"@id\":\"https:\/\/sardiniansoul.dominioswebmed.com\/en\/services\/#breadcrumb\",\"itemListElement\":[{\"@type\":\"ListItem\",\"position\":1,\"name\":\"Home\",\"item\":\"https:\/\/sardiniansoul.dominioswebmed.com\/en\/home\/\"},{\"@type\":\"ListItem\",\"position\":2,\"name\":\"Services\"}]},{\"@type\":\"WebSite\",\"@id\":\"https:\/\/sardiniansoul.dominioswebmed.com\/en\/#website\",\"url\":\"https:\/\/sardiniansoul.dominioswebmed.com\/en\/\",\"name\":\"Travel Advisor Sardinian Soul\",\"description\":\"Tu viaje so\u00f1ado, dise\u00f1ado a medida\",\"potentialAction\":[{\"@type\":\"SearchAction\",\"target\":{\"@type\":\"EntryPoint\",\"urlTemplate\":\"https:\/\/sardiniansoul.dominioswebmed.com\/en\/?s={search_term_string}\"},\"query-input\":{\"@type\":\"PropertyValueSpecification\",\"valueRequired\":true,\"valueName\":\"search_term_string\"}}],\"inLanguage\":\"en-US\"}]}<\/script>\n<!-- \/ Yoast SEO plugin. -->","yoast_head_json":{"title":"Services - Travel Advisor Sardinian Soul","robots":{"index":"index","follow":"follow","max-snippet":"max-snippet:-1","max-image-preview":"max-image-preview:large","max-video-preview":"max-video-preview:-1"},"canonical":"https:\/\/sardiniansoul.dominioswebmed.com\/en\/services\/","og_locale":"en_US","og_type":"article","og_title":"Services - Travel Advisor Sardinian Soul","og_description":"Services Home Services Why choose our services? At Travel Advisor Sardinian Soul, we transform travel planning into a pleasant and stress-free experience. Each trip we design is 100% personalized, adapting to your tastes, pace, and budget. Our unique approach is based on empathy, passion, and commitment, ensuring that every adventure we offer is exceptional and [&hellip;]","og_url":"https:\/\/sardiniansoul.dominioswebmed.com\/en\/services\/","og_site_name":"Travel Advisor Sardinian Soul","article_modified_time":"2026-01-12T16:38:09+00:00","og_image":[{"url":"https:\/\/sardiniansoul.dominioswebmed.com\/wp-content\/uploads\/elementor\/thumbs\/WhatsApp-Image-2025-07-22-at-08.46.55-rcbtbfc41mm3fdpom5bx8rs4j9h1u88rtfp4e6b1pc.jpeg","type":"","width":"","height":""}],"twitter_card":"summary_large_image","twitter_misc":{"Est. reading time":"2 minutes"},"schema":{"@context":"https:\/\/schema.org","@graph":[{"@type":"WebPage","@id":"https:\/\/sardiniansoul.dominioswebmed.com\/en\/services\/","url":"https:\/\/sardiniansoul.dominioswebmed.com\/en\/services\/","name":"Services - Travel Advisor Sardinian Soul","isPartOf":{"@id":"https:\/\/sardiniansoul.dominioswebmed.com\/en\/#website"},"primaryImageOfPage":{"@id":"https:\/\/sardiniansoul.dominioswebmed.com\/en\/services\/#primaryimage"},"image":{"@id":"https:\/\/sardiniansoul.dominioswebmed.com\/en\/services\/#primaryimage"},"thumbnailUrl":"https:\/\/sardiniansoul.dominioswebmed.com\/wp-content\/uploads\/elementor\/thumbs\/WhatsApp-Image-2025-07-22-at-08.46.55-rcbtbfc41mm3fdpom5bx8rs4j9h1u88rtfp4e6b1pc.jpeg","datePublished":"2024-09-11T10:27:43+00:00","dateModified":"2026-01-12T16:38:09+00:00","breadcrumb":{"@id":"https:\/\/sardiniansoul.dominioswebmed.com\/en\/services\/#breadcrumb"},"inLanguage":"en-US","potentialAction":[{"@type":"ReadAction","target":["https:\/\/sardiniansoul.dominioswebmed.com\/en\/services\/"]}]},{"@type":"ImageObject","inLanguage":"en-US","@id":"https:\/\/sardiniansoul.dominioswebmed.com\/en\/services\/#primaryimage","url":"https:\/\/sardiniansoul.dominioswebmed.com\/wp-content\/uploads\/elementor\/thumbs\/WhatsApp-Image-2025-07-22-at-08.46.55-rcbtbfc41mm3fdpom5bx8rs4j9h1u88rtfp4e6b1pc.jpeg","contentUrl":"https:\/\/sardiniansoul.dominioswebmed.com\/wp-content\/uploads\/elementor\/thumbs\/WhatsApp-Image-2025-07-22-at-08.46.55-rcbtbfc41mm3fdpom5bx8rs4j9h1u88rtfp4e6b1pc.jpeg"},{"@type":"BreadcrumbList","@id":"https:\/\/sardiniansoul.dominioswebmed.com\/en\/services\/#breadcrumb","itemListElement":[{"@type":"ListItem","position":1,"name":"Home","item":"https:\/\/sardiniansoul.dominioswebmed.com\/en\/home\/"},{"@type":"ListItem","position":2,"name":"Services"}]},{"@type":"WebSite","@id":"https:\/\/sardiniansoul.dominioswebmed.com\/en\/#website","url":"https:\/\/sardiniansoul.dominioswebmed.com\/en\/","name":"Travel Advisor Sardinian Soul","description":"Tu viaje so\u00f1ado, dise\u00f1ado a medida","potentialAction":[{"@type":"SearchAction","target":{"@type":"EntryPoint","urlTemplate":"https:\/\/sardiniansoul.dominioswebmed.com\/en\/?s={search_term_string}"},"query-input":{"@type":"PropertyValueSpecification","valueRequired":true,"valueName":"search_term_string"}}],"inLanguage":"en-US"}]}},"_links":{"self":[{"href":"https:\/\/sardiniansoul.dominioswebmed.com\/en\/wp-json\/wp\/v2\/pages\/1179","targetHints":{"allow":["GET"]}}],"collection":[{"href":"https:\/\/sardiniansoul.dominioswebmed.com\/en\/wp-json\/wp\/v2\/pages"}],"about":[{"href":"https:\/\/sardiniansoul.dominioswebmed.com\/en\/wp-json\/wp\/v2\/types\/page"}],"author":[{"embeddable":true,"href":"https:\/\/sardiniansoul.dominioswebmed.com\/en\/wp-json\/wp\/v2\/users\/2"}],"replies":[{"embeddable":true,"href":"https:\/\/sardiniansoul.dominioswebmed.com\/en\/wp-json\/wp\/v2\/comments?post=1179"}],"version-history":[{"count":1,"href":"https:\/\/sardiniansoul.dominioswebmed.com\/en\/wp-json\/wp\/v2\/pages\/1179\/revisions"}],"predecessor-version":[{"id":1186,"href":"https:\/\/sardiniansoul.dominioswebmed.com\/en\/wp-json\/wp\/v2\/pages\/1179\/revisions\/1186"}],"wp:attachment":[{"href":"https:\/\/sardiniansoul.dominioswebmed.com\/en\/wp-json\/wp\/v2\/media?parent=1179"}],"curies":[{"name":"wp","href":"https:\/\/api.w.org\/{rel}","templated":true}]}}