{"id":1689,"date":"2025-11-17T18:31:42","date_gmt":"2025-11-17T18:31:42","guid":{"rendered":"https:\/\/sardiniansoul.dominioswebmed.com\/product\/beratung-30-minuetiges-gespraech-zur-besprechung-ihrer-reiseziele-vorlieben-und-ersten-empfehlungen\/"},"modified":"2026-01-16T00:24:06","modified_gmt":"2026-01-16T00:24:06","slug":"beratung-30-minuetiges-gespraech-zur-besprechung-ihrer-reiseziele-vorlieben-und-ersten-empfehlungen","status":"publish","type":"product","link":"https:\/\/sardiniansoul.dominioswebmed.com\/de\/produkt\/beratung-30-minuetiges-gespraech-zur-besprechung-ihrer-reiseziele-vorlieben-und-ersten-empfehlungen\/","title":{"rendered":"Beratung: 30-min\u00fctiges Gespr\u00e4ch \u00fcber Ihre Reiseziele, Vorlieben und erste Empfehlungen."},"content":{"rendered":"<p><strong>Inklusive:<\/strong><br \/>\n&#8211; Fragen Sie alles zu Ihren bevorzugten Reisepaketen<br \/>\n&#8211; Ich gebe Ihnen allgemeine Vorschl\u00e4ge zur Reisedauer, Logistik, zu bereisenden Gebieten und m\u00f6glichen Aktivit\u00e4ten<\/p>\n<p><strong>Nicht enthalten:<\/strong><br \/>\nVollst\u00e4ndiger Reiseplan, bestimmte Hotels oder Aktivit\u00e4ten<\/p>\n","protected":false},"excerpt":{"rendered":"<p>Inklusive: &#8211; Fragen Sie alles zu Ihren bevorzugten Reisepaketen &#8211; Ich gebe Ihnen allgemeine Vorschl\u00e4ge zur Reisedauer, Logistik, zu bereisenden Gebieten und m\u00f6glichen Aktivit\u00e4ten Nicht enthalten: Vollst\u00e4ndiger Reiseplan, bestimmte Hotels oder Aktivit\u00e4ten<\/p>\n","protected":false},"featured_media":1248,"comment_status":"open","ping_status":"closed","template":"","meta":[],"product_brand":[],"product_cat":[53],"product_tag":[],"class_list":{"0":"post-1689","1":"product","2":"type-product","3":"status-publish","4":"has-post-thumbnail","6":"product_cat-produkte","8":"first","9":"instock","10":"shipping-taxable","11":"purchasable","12":"product-type-simple"},"yoast_head":"<!-- This site is optimized with the Yoast SEO plugin v25.3 - https:\/\/yoast.com\/wordpress\/plugins\/seo\/ -->\n<title>Beratung: 30-min\u00fctiges Gespr\u00e4ch \u00fcber Ihre Reiseziele, Vorlieben und erste Empfehlungen. - Travel Advisor Sardinian Soul<\/title>\n<meta name=\"robots\" content=\"index, follow, max-snippet:-1, max-image-preview:large, max-video-preview:-1\" \/>\n<link rel=\"canonical\" href=\"https:\/\/sardiniansoul.dominioswebmed.com\/de\/produkt\/beratung-30-minuetiges-gespraech-zur-besprechung-ihrer-reiseziele-vorlieben-und-ersten-empfehlungen\/\" \/>\n<meta property=\"og:locale\" content=\"de_DE\" \/>\n<meta property=\"og:type\" content=\"article\" \/>\n<meta property=\"og:title\" content=\"Beratung: 30-min\u00fctiges Gespr\u00e4ch \u00fcber Ihre Reiseziele, Vorlieben und erste Empfehlungen. - Travel Advisor Sardinian Soul\" \/>\n<meta property=\"og:description\" content=\"Inklusive: &#8211; Fragen Sie alles zu Ihren bevorzugten Reisepaketen &#8211; Ich gebe Ihnen allgemeine Vorschl\u00e4ge zur Reisedauer, Logistik, zu bereisenden Gebieten und m\u00f6glichen Aktivit\u00e4ten Nicht enthalten: Vollst\u00e4ndiger Reiseplan, bestimmte Hotels oder Aktivit\u00e4ten\" \/>\n<meta property=\"og:url\" content=\"https:\/\/sardiniansoul.dominioswebmed.com\/de\/produkt\/beratung-30-minuetiges-gespraech-zur-besprechung-ihrer-reiseziele-vorlieben-und-ersten-empfehlungen\/\" \/>\n<meta property=\"og:site_name\" content=\"Travel Advisor Sardinian Soul\" \/>\n<meta property=\"article:modified_time\" content=\"2026-01-16T00:24:06+00:00\" \/>\n<meta property=\"og:image\" content=\"https:\/\/sardiniansoul.dominioswebmed.com\/wp-content\/uploads\/2025\/09\/LOGO-1.jpeg\" \/>\n\t<meta property=\"og:image:width\" content=\"1024\" \/>\n\t<meta property=\"og:image:height\" content=\"1024\" \/>\n\t<meta property=\"og:image:type\" content=\"image\/jpeg\" \/>\n<meta name=\"twitter:card\" content=\"summary_large_image\" \/>\n<script type=\"application\/ld+json\" class=\"yoast-schema-graph\">{\"@context\":\"https:\/\/schema.org\",\"@graph\":[{\"@type\":\"WebPage\",\"@id\":\"https:\/\/sardiniansoul.dominioswebmed.com\/de\/produkt\/beratung-30-minuetiges-gespraech-zur-besprechung-ihrer-reiseziele-vorlieben-und-ersten-empfehlungen\/\",\"url\":\"https:\/\/sardiniansoul.dominioswebmed.com\/de\/produkt\/beratung-30-minuetiges-gespraech-zur-besprechung-ihrer-reiseziele-vorlieben-und-ersten-empfehlungen\/\",\"name\":\"Beratung: 30-min\u00fctiges Gespr\u00e4ch \u00fcber Ihre Reiseziele, Vorlieben und erste Empfehlungen. - Travel Advisor Sardinian Soul\",\"isPartOf\":{\"@id\":\"https:\/\/sardiniansoul.dominioswebmed.com\/de\/#website\"},\"primaryImageOfPage\":{\"@id\":\"https:\/\/sardiniansoul.dominioswebmed.com\/de\/produkt\/beratung-30-minuetiges-gespraech-zur-besprechung-ihrer-reiseziele-vorlieben-und-ersten-empfehlungen\/#primaryimage\"},\"image\":{\"@id\":\"https:\/\/sardiniansoul.dominioswebmed.com\/de\/produkt\/beratung-30-minuetiges-gespraech-zur-besprechung-ihrer-reiseziele-vorlieben-und-ersten-empfehlungen\/#primaryimage\"},\"thumbnailUrl\":\"https:\/\/sardiniansoul.dominioswebmed.com\/wp-content\/uploads\/2025\/09\/LOGO-1.jpeg\",\"datePublished\":\"2025-11-17T18:31:42+00:00\",\"dateModified\":\"2026-01-16T00:24:06+00:00\",\"breadcrumb\":{\"@id\":\"https:\/\/sardiniansoul.dominioswebmed.com\/de\/produkt\/beratung-30-minuetiges-gespraech-zur-besprechung-ihrer-reiseziele-vorlieben-und-ersten-empfehlungen\/#breadcrumb\"},\"inLanguage\":\"de\",\"potentialAction\":[{\"@type\":\"ReadAction\",\"target\":[\"https:\/\/sardiniansoul.dominioswebmed.com\/de\/produkt\/beratung-30-minuetiges-gespraech-zur-besprechung-ihrer-reiseziele-vorlieben-und-ersten-empfehlungen\/\"]}]},{\"@type\":\"ImageObject\",\"inLanguage\":\"de\",\"@id\":\"https:\/\/sardiniansoul.dominioswebmed.com\/de\/produkt\/beratung-30-minuetiges-gespraech-zur-besprechung-ihrer-reiseziele-vorlieben-und-ersten-empfehlungen\/#primaryimage\",\"url\":\"https:\/\/sardiniansoul.dominioswebmed.com\/wp-content\/uploads\/2025\/09\/LOGO-1.jpeg\",\"contentUrl\":\"https:\/\/sardiniansoul.dominioswebmed.com\/wp-content\/uploads\/2025\/09\/LOGO-1.jpeg\",\"width\":1024,\"height\":1024},{\"@type\":\"BreadcrumbList\",\"@id\":\"https:\/\/sardiniansoul.dominioswebmed.com\/de\/produkt\/beratung-30-minuetiges-gespraech-zur-besprechung-ihrer-reiseziele-vorlieben-und-ersten-empfehlungen\/#breadcrumb\",\"itemListElement\":[{\"@type\":\"ListItem\",\"position\":1,\"name\":\"Startseite\",\"item\":\"https:\/\/sardiniansoul.dominioswebmed.com\/de\/home\/\"},{\"@type\":\"ListItem\",\"position\":2,\"name\":\"Shop\",\"item\":\"https:\/\/sardiniansoul.dominioswebmed.com\/de\/shop\/\"},{\"@type\":\"ListItem\",\"position\":3,\"name\":\"Beratung: 30-min\u00fctiges Gespr\u00e4ch \u00fcber Ihre Reiseziele, Vorlieben und erste Empfehlungen.\"}]},{\"@type\":\"WebSite\",\"@id\":\"https:\/\/sardiniansoul.dominioswebmed.com\/de\/#website\",\"url\":\"https:\/\/sardiniansoul.dominioswebmed.com\/de\/\",\"name\":\"Travel Advisor Sardinian Soul\",\"description\":\"Tu viaje so\u00f1ado, dise\u00f1ado a medida\",\"potentialAction\":[{\"@type\":\"SearchAction\",\"target\":{\"@type\":\"EntryPoint\",\"urlTemplate\":\"https:\/\/sardiniansoul.dominioswebmed.com\/de\/?s={search_term_string}\"},\"query-input\":{\"@type\":\"PropertyValueSpecification\",\"valueRequired\":true,\"valueName\":\"search_term_string\"}}],\"inLanguage\":\"de\"}]}<\/script>\n<!-- \/ Yoast SEO plugin. -->","yoast_head_json":{"title":"Beratung: 30-min\u00fctiges Gespr\u00e4ch \u00fcber Ihre Reiseziele, Vorlieben und erste Empfehlungen. - Travel Advisor Sardinian Soul","robots":{"index":"index","follow":"follow","max-snippet":"max-snippet:-1","max-image-preview":"max-image-preview:large","max-video-preview":"max-video-preview:-1"},"canonical":"https:\/\/sardiniansoul.dominioswebmed.com\/de\/produkt\/beratung-30-minuetiges-gespraech-zur-besprechung-ihrer-reiseziele-vorlieben-und-ersten-empfehlungen\/","og_locale":"de_DE","og_type":"article","og_title":"Beratung: 30-min\u00fctiges Gespr\u00e4ch \u00fcber Ihre Reiseziele, Vorlieben und erste Empfehlungen. - Travel Advisor Sardinian Soul","og_description":"Inklusive: &#8211; Fragen Sie alles zu Ihren bevorzugten Reisepaketen &#8211; Ich gebe Ihnen allgemeine Vorschl\u00e4ge zur Reisedauer, Logistik, zu bereisenden Gebieten und m\u00f6glichen Aktivit\u00e4ten Nicht enthalten: Vollst\u00e4ndiger Reiseplan, bestimmte Hotels oder Aktivit\u00e4ten","og_url":"https:\/\/sardiniansoul.dominioswebmed.com\/de\/produkt\/beratung-30-minuetiges-gespraech-zur-besprechung-ihrer-reiseziele-vorlieben-und-ersten-empfehlungen\/","og_site_name":"Travel Advisor Sardinian Soul","article_modified_time":"2026-01-16T00:24:06+00:00","og_image":[{"width":1024,"height":1024,"url":"https:\/\/sardiniansoul.dominioswebmed.com\/wp-content\/uploads\/2025\/09\/LOGO-1.jpeg","type":"image\/jpeg"}],"twitter_card":"summary_large_image","schema":{"@context":"https:\/\/schema.org","@graph":[{"@type":"WebPage","@id":"https:\/\/sardiniansoul.dominioswebmed.com\/de\/produkt\/beratung-30-minuetiges-gespraech-zur-besprechung-ihrer-reiseziele-vorlieben-und-ersten-empfehlungen\/","url":"https:\/\/sardiniansoul.dominioswebmed.com\/de\/produkt\/beratung-30-minuetiges-gespraech-zur-besprechung-ihrer-reiseziele-vorlieben-und-ersten-empfehlungen\/","name":"Beratung: 30-min\u00fctiges Gespr\u00e4ch \u00fcber Ihre Reiseziele, Vorlieben und erste Empfehlungen. - Travel Advisor Sardinian Soul","isPartOf":{"@id":"https:\/\/sardiniansoul.dominioswebmed.com\/de\/#website"},"primaryImageOfPage":{"@id":"https:\/\/sardiniansoul.dominioswebmed.com\/de\/produkt\/beratung-30-minuetiges-gespraech-zur-besprechung-ihrer-reiseziele-vorlieben-und-ersten-empfehlungen\/#primaryimage"},"image":{"@id":"https:\/\/sardiniansoul.dominioswebmed.com\/de\/produkt\/beratung-30-minuetiges-gespraech-zur-besprechung-ihrer-reiseziele-vorlieben-und-ersten-empfehlungen\/#primaryimage"},"thumbnailUrl":"https:\/\/sardiniansoul.dominioswebmed.com\/wp-content\/uploads\/2025\/09\/LOGO-1.jpeg","datePublished":"2025-11-17T18:31:42+00:00","dateModified":"2026-01-16T00:24:06+00:00","breadcrumb":{"@id":"https:\/\/sardiniansoul.dominioswebmed.com\/de\/produkt\/beratung-30-minuetiges-gespraech-zur-besprechung-ihrer-reiseziele-vorlieben-und-ersten-empfehlungen\/#breadcrumb"},"inLanguage":"de","potentialAction":[{"@type":"ReadAction","target":["https:\/\/sardiniansoul.dominioswebmed.com\/de\/produkt\/beratung-30-minuetiges-gespraech-zur-besprechung-ihrer-reiseziele-vorlieben-und-ersten-empfehlungen\/"]}]},{"@type":"ImageObject","inLanguage":"de","@id":"https:\/\/sardiniansoul.dominioswebmed.com\/de\/produkt\/beratung-30-minuetiges-gespraech-zur-besprechung-ihrer-reiseziele-vorlieben-und-ersten-empfehlungen\/#primaryimage","url":"https:\/\/sardiniansoul.dominioswebmed.com\/wp-content\/uploads\/2025\/09\/LOGO-1.jpeg","contentUrl":"https:\/\/sardiniansoul.dominioswebmed.com\/wp-content\/uploads\/2025\/09\/LOGO-1.jpeg","width":1024,"height":1024},{"@type":"BreadcrumbList","@id":"https:\/\/sardiniansoul.dominioswebmed.com\/de\/produkt\/beratung-30-minuetiges-gespraech-zur-besprechung-ihrer-reiseziele-vorlieben-und-ersten-empfehlungen\/#breadcrumb","itemListElement":[{"@type":"ListItem","position":1,"name":"Startseite","item":"https:\/\/sardiniansoul.dominioswebmed.com\/de\/home\/"},{"@type":"ListItem","position":2,"name":"Shop","item":"https:\/\/sardiniansoul.dominioswebmed.com\/de\/shop\/"},{"@type":"ListItem","position":3,"name":"Beratung: 30-min\u00fctiges Gespr\u00e4ch \u00fcber Ihre Reiseziele, Vorlieben und erste Empfehlungen."}]},{"@type":"WebSite","@id":"https:\/\/sardiniansoul.dominioswebmed.com\/de\/#website","url":"https:\/\/sardiniansoul.dominioswebmed.com\/de\/","name":"Travel Advisor Sardinian Soul","description":"Tu viaje so\u00f1ado, dise\u00f1ado a medida","potentialAction":[{"@type":"SearchAction","target":{"@type":"EntryPoint","urlTemplate":"https:\/\/sardiniansoul.dominioswebmed.com\/de\/?s={search_term_string}"},"query-input":{"@type":"PropertyValueSpecification","valueRequired":true,"valueName":"search_term_string"}}],"inLanguage":"de"}]}},"_links":{"self":[{"href":"https:\/\/sardiniansoul.dominioswebmed.com\/de\/wp-json\/wp\/v2\/product\/1689","targetHints":{"allow":["GET"]}}],"collection":[{"href":"https:\/\/sardiniansoul.dominioswebmed.com\/de\/wp-json\/wp\/v2\/product"}],"about":[{"href":"https:\/\/sardiniansoul.dominioswebmed.com\/de\/wp-json\/wp\/v2\/types\/product"}],"replies":[{"embeddable":true,"href":"https:\/\/sardiniansoul.dominioswebmed.com\/de\/wp-json\/wp\/v2\/comments?post=1689"}],"wp:featuredmedia":[{"embeddable":true,"href":"https:\/\/sardiniansoul.dominioswebmed.com\/de\/wp-json\/wp\/v2\/media\/1248"}],"wp:attachment":[{"href":"https:\/\/sardiniansoul.dominioswebmed.com\/de\/wp-json\/wp\/v2\/media?parent=1689"}],"wp:term":[{"taxonomy":"product_brand","embeddable":true,"href":"https:\/\/sardiniansoul.dominioswebmed.com\/de\/wp-json\/wp\/v2\/product_brand?post=1689"},{"taxonomy":"product_cat","embeddable":true,"href":"https:\/\/sardiniansoul.dominioswebmed.com\/de\/wp-json\/wp\/v2\/product_cat?post=1689"},{"taxonomy":"product_tag","embeddable":true,"href":"https:\/\/sardiniansoul.dominioswebmed.com\/de\/wp-json\/wp\/v2\/product_tag?post=1689"}],"curies":[{"name":"wp","href":"https:\/\/api.w.org\/{rel}","templated":true}]}}