{"id":1681,"date":"2025-11-17T18:41:49","date_gmt":"2025-11-17T18:41:49","guid":{"rendered":"https:\/\/sardiniansoul.dominioswebmed.com\/product\/concierge-service-vollstaendiger-reiseplan-fuer-gruppen-ab-10-personen\/"},"modified":"2026-01-16T00:28:54","modified_gmt":"2026-01-16T00:28:54","slug":"concierge-service-vollstaendiger-reiseplan-fuer-gruppen-ab-10-personen","status":"publish","type":"product","link":"https:\/\/sardiniansoul.dominioswebmed.com\/de\/produkt\/concierge-service-vollstaendiger-reiseplan-fuer-gruppen-ab-10-personen\/","title":{"rendered":"Concierge-Service: Vollst\u00e4ndige Reiseroute f\u00fcr 10 oder mehr Personen."},"content":{"rendered":"<p data-renderer-start-pos=\"869\"><strong>ANGEBOT ANFORDERN<\/strong><\/p>\n<p data-renderer-start-pos=\"869\"><strong>Inklusive:<\/strong><\/p>\n<p>&#8211; Vollst\u00e4ndig kuratierter Reiseplan<br \/>\n&#8211; Unterst\u00fctzung bei der Buchung und Reservierung von Unterk\u00fcnften, gef\u00fchrten Touren, Aktivit\u00e4ten und einzigartigen Erlebnissen<br \/>\n&#8211; Privater Transport<br \/>\n&#8211; Professioneller Tour Director, der Sie von der Ankunft bis zur Abreise betreut.<\/p>\n<p><strong>Nicht enthalten:<\/strong><\/p>\n<p>&#8211; Reiseversicherung<br \/>\n&#8211; Flugbuchung<\/p>\n<p data-renderer-start-pos=\"1245\"><strong>Disclaimer hinzuf\u00fcgen<\/strong><\/p>\n<p data-renderer-start-pos=\"1245\">Die Reiseberatung durch Sardinian Soul dient nur zu Informations- und Beratungszwecken. Obwohl alle Anstrengungen unternommen werden, um genaue und aktuelle Informationen anzubieten, \u00fcbernimmt Sardinian Soul keine Verantwortung f\u00fcr die Handlungen, Dienstleistungen oder die Zuverl\u00e4ssigkeit von Drittanbietern, einschliesslich Fluggesellschaften, Hotels, Reiseveranstaltern, Transportunternehmen oder anderen Servicepartnern.<br \/>\nDie Kunden sind selbst daf\u00fcr verantwortlich, ihre Reisevorbereitungen und Entscheidungen zu treffen. Sardinian Soul haftet nicht f\u00fcr Verluste, Versp\u00e4tungen, Unf\u00e4lle, Verletzungen oder Sch\u00e4den, die aus der Nutzung von Informationen oder Empfehlungen entstehen, die w\u00e4hrend der Beratung gegeben werden.<\/p>\n","protected":false},"excerpt":{"rendered":"<p>ANGEBOT ANFORDERN Inklusive: &#8211; Vollst\u00e4ndig kuratierter Reiseplan &#8211; Unterst\u00fctzung bei der Buchung und Reservierung von Unterk\u00fcnften, gef\u00fchrten Touren, Aktivit\u00e4ten und einzigartigen Erlebnissen &#8211; Privater Transport &#8211; Professioneller Tour Director, der Sie von der Ankunft bis zur Abreise betreut. Nicht enthalten: &#8211; Reiseversicherung &#8211; Flugbuchung Disclaimer hinzuf\u00fcgen Die Reiseberatung durch Sardinian Soul dient nur zu Informations- [&hellip;]<\/p>\n","protected":false},"featured_media":1248,"comment_status":"open","ping_status":"closed","template":"","meta":[],"product_brand":[],"product_cat":[53],"product_tag":[],"class_list":{"0":"post-1681","1":"product","2":"type-product","3":"status-publish","4":"has-post-thumbnail","6":"product_cat-produkte","8":"first","9":"instock","10":"shipping-taxable","11":"product-type-external"},"yoast_head":"<!-- This site is optimized with the Yoast SEO plugin v25.3 - https:\/\/yoast.com\/wordpress\/plugins\/seo\/ -->\n<title>Concierge-Service: Vollst\u00e4ndige Reiseroute f\u00fcr 10 oder mehr Personen. - Travel Advisor Sardinian Soul<\/title>\n<meta name=\"robots\" content=\"index, follow, max-snippet:-1, max-image-preview:large, max-video-preview:-1\" \/>\n<link rel=\"canonical\" href=\"https:\/\/sardiniansoul.dominioswebmed.com\/de\/produkt\/concierge-service-vollstaendiger-reiseplan-fuer-gruppen-ab-10-personen\/\" \/>\n<meta property=\"og:locale\" content=\"de_DE\" \/>\n<meta property=\"og:type\" content=\"article\" \/>\n<meta property=\"og:title\" content=\"Concierge-Service: Vollst\u00e4ndige Reiseroute f\u00fcr 10 oder mehr Personen. - Travel Advisor Sardinian Soul\" \/>\n<meta property=\"og:description\" content=\"ANGEBOT ANFORDERN Inklusive: &#8211; Vollst\u00e4ndig kuratierter Reiseplan &#8211; Unterst\u00fctzung bei der Buchung und Reservierung von Unterk\u00fcnften, gef\u00fchrten Touren, Aktivit\u00e4ten und einzigartigen Erlebnissen &#8211; Privater Transport &#8211; Professioneller Tour Director, der Sie von der Ankunft bis zur Abreise betreut. Nicht enthalten: &#8211; Reiseversicherung &#8211; Flugbuchung Disclaimer hinzuf\u00fcgen Die Reiseberatung durch Sardinian Soul dient nur zu Informations- [&hellip;]\" \/>\n<meta property=\"og:url\" content=\"https:\/\/sardiniansoul.dominioswebmed.com\/de\/produkt\/concierge-service-vollstaendiger-reiseplan-fuer-gruppen-ab-10-personen\/\" \/>\n<meta property=\"og:site_name\" content=\"Travel Advisor Sardinian Soul\" \/>\n<meta property=\"article:modified_time\" content=\"2026-01-16T00:28:54+00:00\" \/>\n<meta property=\"og:image\" content=\"https:\/\/sardiniansoul.dominioswebmed.com\/wp-content\/uploads\/2025\/09\/LOGO-1.jpeg\" \/>\n\t<meta property=\"og:image:width\" content=\"1024\" \/>\n\t<meta property=\"og:image:height\" content=\"1024\" \/>\n\t<meta property=\"og:image:type\" content=\"image\/jpeg\" \/>\n<meta name=\"twitter:card\" content=\"summary_large_image\" \/>\n<meta name=\"twitter:label1\" content=\"Gesch\u00e4tzte Lesezeit\" \/>\n\t<meta name=\"twitter:data1\" content=\"1\u00a0Minute\" \/>\n<script type=\"application\/ld+json\" class=\"yoast-schema-graph\">{\"@context\":\"https:\/\/schema.org\",\"@graph\":[{\"@type\":\"WebPage\",\"@id\":\"https:\/\/sardiniansoul.dominioswebmed.com\/de\/produkt\/concierge-service-vollstaendiger-reiseplan-fuer-gruppen-ab-10-personen\/\",\"url\":\"https:\/\/sardiniansoul.dominioswebmed.com\/de\/produkt\/concierge-service-vollstaendiger-reiseplan-fuer-gruppen-ab-10-personen\/\",\"name\":\"Concierge-Service: Vollst\u00e4ndige Reiseroute f\u00fcr 10 oder mehr Personen. - Travel Advisor Sardinian Soul\",\"isPartOf\":{\"@id\":\"https:\/\/sardiniansoul.dominioswebmed.com\/de\/#website\"},\"primaryImageOfPage\":{\"@id\":\"https:\/\/sardiniansoul.dominioswebmed.com\/de\/produkt\/concierge-service-vollstaendiger-reiseplan-fuer-gruppen-ab-10-personen\/#primaryimage\"},\"image\":{\"@id\":\"https:\/\/sardiniansoul.dominioswebmed.com\/de\/produkt\/concierge-service-vollstaendiger-reiseplan-fuer-gruppen-ab-10-personen\/#primaryimage\"},\"thumbnailUrl\":\"https:\/\/sardiniansoul.dominioswebmed.com\/wp-content\/uploads\/2025\/09\/LOGO-1.jpeg\",\"datePublished\":\"2025-11-17T18:41:49+00:00\",\"dateModified\":\"2026-01-16T00:28:54+00:00\",\"breadcrumb\":{\"@id\":\"https:\/\/sardiniansoul.dominioswebmed.com\/de\/produkt\/concierge-service-vollstaendiger-reiseplan-fuer-gruppen-ab-10-personen\/#breadcrumb\"},\"inLanguage\":\"de\",\"potentialAction\":[{\"@type\":\"ReadAction\",\"target\":[\"https:\/\/sardiniansoul.dominioswebmed.com\/de\/produkt\/concierge-service-vollstaendiger-reiseplan-fuer-gruppen-ab-10-personen\/\"]}]},{\"@type\":\"ImageObject\",\"inLanguage\":\"de\",\"@id\":\"https:\/\/sardiniansoul.dominioswebmed.com\/de\/produkt\/concierge-service-vollstaendiger-reiseplan-fuer-gruppen-ab-10-personen\/#primaryimage\",\"url\":\"https:\/\/sardiniansoul.dominioswebmed.com\/wp-content\/uploads\/2025\/09\/LOGO-1.jpeg\",\"contentUrl\":\"https:\/\/sardiniansoul.dominioswebmed.com\/wp-content\/uploads\/2025\/09\/LOGO-1.jpeg\",\"width\":1024,\"height\":1024},{\"@type\":\"BreadcrumbList\",\"@id\":\"https:\/\/sardiniansoul.dominioswebmed.com\/de\/produkt\/concierge-service-vollstaendiger-reiseplan-fuer-gruppen-ab-10-personen\/#breadcrumb\",\"itemListElement\":[{\"@type\":\"ListItem\",\"position\":1,\"name\":\"Startseite\",\"item\":\"https:\/\/sardiniansoul.dominioswebmed.com\/de\/home\/\"},{\"@type\":\"ListItem\",\"position\":2,\"name\":\"Shop\",\"item\":\"https:\/\/sardiniansoul.dominioswebmed.com\/de\/shop\/\"},{\"@type\":\"ListItem\",\"position\":3,\"name\":\"Concierge-Service: Vollst\u00e4ndige Reiseroute f\u00fcr 10 oder mehr Personen.\"}]},{\"@type\":\"WebSite\",\"@id\":\"https:\/\/sardiniansoul.dominioswebmed.com\/de\/#website\",\"url\":\"https:\/\/sardiniansoul.dominioswebmed.com\/de\/\",\"name\":\"Travel Advisor Sardinian Soul\",\"description\":\"Tu viaje so\u00f1ado, dise\u00f1ado a medida\",\"potentialAction\":[{\"@type\":\"SearchAction\",\"target\":{\"@type\":\"EntryPoint\",\"urlTemplate\":\"https:\/\/sardiniansoul.dominioswebmed.com\/de\/?s={search_term_string}\"},\"query-input\":{\"@type\":\"PropertyValueSpecification\",\"valueRequired\":true,\"valueName\":\"search_term_string\"}}],\"inLanguage\":\"de\"}]}<\/script>\n<!-- \/ Yoast SEO plugin. -->","yoast_head_json":{"title":"Concierge-Service: Vollst\u00e4ndige Reiseroute f\u00fcr 10 oder mehr Personen. - Travel Advisor Sardinian Soul","robots":{"index":"index","follow":"follow","max-snippet":"max-snippet:-1","max-image-preview":"max-image-preview:large","max-video-preview":"max-video-preview:-1"},"canonical":"https:\/\/sardiniansoul.dominioswebmed.com\/de\/produkt\/concierge-service-vollstaendiger-reiseplan-fuer-gruppen-ab-10-personen\/","og_locale":"de_DE","og_type":"article","og_title":"Concierge-Service: Vollst\u00e4ndige Reiseroute f\u00fcr 10 oder mehr Personen. - Travel Advisor Sardinian Soul","og_description":"ANGEBOT ANFORDERN Inklusive: &#8211; Vollst\u00e4ndig kuratierter Reiseplan &#8211; Unterst\u00fctzung bei der Buchung und Reservierung von Unterk\u00fcnften, gef\u00fchrten Touren, Aktivit\u00e4ten und einzigartigen Erlebnissen &#8211; Privater Transport &#8211; Professioneller Tour Director, der Sie von der Ankunft bis zur Abreise betreut. Nicht enthalten: &#8211; Reiseversicherung &#8211; Flugbuchung Disclaimer hinzuf\u00fcgen Die Reiseberatung durch Sardinian Soul dient nur zu Informations- [&hellip;]","og_url":"https:\/\/sardiniansoul.dominioswebmed.com\/de\/produkt\/concierge-service-vollstaendiger-reiseplan-fuer-gruppen-ab-10-personen\/","og_site_name":"Travel Advisor Sardinian Soul","article_modified_time":"2026-01-16T00:28:54+00:00","og_image":[{"width":1024,"height":1024,"url":"https:\/\/sardiniansoul.dominioswebmed.com\/wp-content\/uploads\/2025\/09\/LOGO-1.jpeg","type":"image\/jpeg"}],"twitter_card":"summary_large_image","twitter_misc":{"Gesch\u00e4tzte Lesezeit":"1\u00a0Minute"},"schema":{"@context":"https:\/\/schema.org","@graph":[{"@type":"WebPage","@id":"https:\/\/sardiniansoul.dominioswebmed.com\/de\/produkt\/concierge-service-vollstaendiger-reiseplan-fuer-gruppen-ab-10-personen\/","url":"https:\/\/sardiniansoul.dominioswebmed.com\/de\/produkt\/concierge-service-vollstaendiger-reiseplan-fuer-gruppen-ab-10-personen\/","name":"Concierge-Service: Vollst\u00e4ndige Reiseroute f\u00fcr 10 oder mehr Personen. - Travel Advisor Sardinian Soul","isPartOf":{"@id":"https:\/\/sardiniansoul.dominioswebmed.com\/de\/#website"},"primaryImageOfPage":{"@id":"https:\/\/sardiniansoul.dominioswebmed.com\/de\/produkt\/concierge-service-vollstaendiger-reiseplan-fuer-gruppen-ab-10-personen\/#primaryimage"},"image":{"@id":"https:\/\/sardiniansoul.dominioswebmed.com\/de\/produkt\/concierge-service-vollstaendiger-reiseplan-fuer-gruppen-ab-10-personen\/#primaryimage"},"thumbnailUrl":"https:\/\/sardiniansoul.dominioswebmed.com\/wp-content\/uploads\/2025\/09\/LOGO-1.jpeg","datePublished":"2025-11-17T18:41:49+00:00","dateModified":"2026-01-16T00:28:54+00:00","breadcrumb":{"@id":"https:\/\/sardiniansoul.dominioswebmed.com\/de\/produkt\/concierge-service-vollstaendiger-reiseplan-fuer-gruppen-ab-10-personen\/#breadcrumb"},"inLanguage":"de","potentialAction":[{"@type":"ReadAction","target":["https:\/\/sardiniansoul.dominioswebmed.com\/de\/produkt\/concierge-service-vollstaendiger-reiseplan-fuer-gruppen-ab-10-personen\/"]}]},{"@type":"ImageObject","inLanguage":"de","@id":"https:\/\/sardiniansoul.dominioswebmed.com\/de\/produkt\/concierge-service-vollstaendiger-reiseplan-fuer-gruppen-ab-10-personen\/#primaryimage","url":"https:\/\/sardiniansoul.dominioswebmed.com\/wp-content\/uploads\/2025\/09\/LOGO-1.jpeg","contentUrl":"https:\/\/sardiniansoul.dominioswebmed.com\/wp-content\/uploads\/2025\/09\/LOGO-1.jpeg","width":1024,"height":1024},{"@type":"BreadcrumbList","@id":"https:\/\/sardiniansoul.dominioswebmed.com\/de\/produkt\/concierge-service-vollstaendiger-reiseplan-fuer-gruppen-ab-10-personen\/#breadcrumb","itemListElement":[{"@type":"ListItem","position":1,"name":"Startseite","item":"https:\/\/sardiniansoul.dominioswebmed.com\/de\/home\/"},{"@type":"ListItem","position":2,"name":"Shop","item":"https:\/\/sardiniansoul.dominioswebmed.com\/de\/shop\/"},{"@type":"ListItem","position":3,"name":"Concierge-Service: Vollst\u00e4ndige Reiseroute f\u00fcr 10 oder mehr Personen."}]},{"@type":"WebSite","@id":"https:\/\/sardiniansoul.dominioswebmed.com\/de\/#website","url":"https:\/\/sardiniansoul.dominioswebmed.com\/de\/","name":"Travel Advisor Sardinian Soul","description":"Tu viaje so\u00f1ado, dise\u00f1ado a medida","potentialAction":[{"@type":"SearchAction","target":{"@type":"EntryPoint","urlTemplate":"https:\/\/sardiniansoul.dominioswebmed.com\/de\/?s={search_term_string}"},"query-input":{"@type":"PropertyValueSpecification","valueRequired":true,"valueName":"search_term_string"}}],"inLanguage":"de"}]}},"_links":{"self":[{"href":"https:\/\/sardiniansoul.dominioswebmed.com\/de\/wp-json\/wp\/v2\/product\/1681","targetHints":{"allow":["GET"]}}],"collection":[{"href":"https:\/\/sardiniansoul.dominioswebmed.com\/de\/wp-json\/wp\/v2\/product"}],"about":[{"href":"https:\/\/sardiniansoul.dominioswebmed.com\/de\/wp-json\/wp\/v2\/types\/product"}],"replies":[{"embeddable":true,"href":"https:\/\/sardiniansoul.dominioswebmed.com\/de\/wp-json\/wp\/v2\/comments?post=1681"}],"wp:featuredmedia":[{"embeddable":true,"href":"https:\/\/sardiniansoul.dominioswebmed.com\/de\/wp-json\/wp\/v2\/media\/1248"}],"wp:attachment":[{"href":"https:\/\/sardiniansoul.dominioswebmed.com\/de\/wp-json\/wp\/v2\/media?parent=1681"}],"wp:term":[{"taxonomy":"product_brand","embeddable":true,"href":"https:\/\/sardiniansoul.dominioswebmed.com\/de\/wp-json\/wp\/v2\/product_brand?post=1681"},{"taxonomy":"product_cat","embeddable":true,"href":"https:\/\/sardiniansoul.dominioswebmed.com\/de\/wp-json\/wp\/v2\/product_cat?post=1681"},{"taxonomy":"product_tag","embeddable":true,"href":"https:\/\/sardiniansoul.dominioswebmed.com\/de\/wp-json\/wp\/v2\/product_tag?post=1681"}],"curies":[{"name":"wp","href":"https:\/\/api.w.org\/{rel}","templated":true}]}}