{"id":1732,"date":"2026-01-15T23:07:07","date_gmt":"2026-01-15T23:07:07","guid":{"rendered":"https:\/\/sardiniansoul.dominioswebmed.com\/haftungsausschluss-hinzufuegen-2\/"},"modified":"2026-01-15T23:16:18","modified_gmt":"2026-01-15T23:16:18","slug":"haftungsausschluss-hinzufuegen-2","status":"publish","type":"page","link":"https:\/\/sardiniansoul.dominioswebmed.com\/de\/haftungsausschluss-hinzufuegen-2\/","title":{"rendered":"Haftungsausschluss hinzuf\u00fcgen"},"content":{"rendered":"\t\t<div data-elementor-type=\"wp-page\" data-elementor-id=\"1732\" class=\"elementor elementor-1732 elementor-1728\" data-elementor-post-type=\"page\">\n\t\t\t\t<div class=\"elementor-element elementor-element-1272fd9 e-flex e-con-boxed e-con e-parent\" data-id=\"1272fd9\" data-element_type=\"container\" data-settings=\"{&quot;background_background&quot;:&quot;classic&quot;}\">\n\t\t\t\t\t<div class=\"e-con-inner\">\n\t\t<div class=\"elementor-element elementor-element-2071cc0 e-con-full e-flex e-con e-child\" data-id=\"2071cc0\" data-element_type=\"container\">\n\t\t\t\t<div class=\"elementor-element elementor-element-f4ca118 elementor-widget elementor-widget-heading\" data-id=\"f4ca118\" data-element_type=\"widget\" data-widget_type=\"heading.default\">\n\t\t\t\t<div class=\"elementor-widget-container\">\n\t\t\t\t\t<h2 class=\"elementor-heading-title elementor-size-default\">Haftungsausschluss hinzuf\u00fcgen<\/h2>\t\t\t\t<\/div>\n\t\t\t\t<\/div>\n\t\t<div class=\"elementor-element elementor-element-e5779bd e-con-full e-flex e-con e-child\" data-id=\"e5779bd\" data-element_type=\"container\">\n\t\t\t\t<div class=\"elementor-element elementor-element-9d0b5e9 elementor-icon-list--layout-inline elementor-widget__width-auto elementor-align-right elementor-mobile-align-center elementor-list-item-link-full_width elementor-widget elementor-widget-icon-list\" data-id=\"9d0b5e9\" data-element_type=\"widget\" data-widget_type=\"icon-list.default\">\n\t\t\t\t<div class=\"elementor-widget-container\">\n\t\t\t\t\t\t\t<ul class=\"elementor-icon-list-items elementor-inline-items\">\n\t\t\t\t\t\t\t<li class=\"elementor-icon-list-item elementor-inline-item\">\n\t\t\t\t\t\t\t\t\t\t\t<a href=\"#\">\n\n\t\t\t\t\t\t\t\t\t\t\t<span class=\"elementor-icon-list-text\">Home <\/span>\n\t\t\t\t\t\t\t\t\t\t\t<\/a>\n\t\t\t\t\t\t\t\t\t<\/li>\n\t\t\t\t\t\t\t\t<li class=\"elementor-icon-list-item elementor-inline-item\">\n\t\t\t\t\t\t\t\t\t\t\t<a href=\"#\">\n\n\t\t\t\t\t\t\t\t\t\t\t\t<span class=\"elementor-icon-list-icon\">\n\t\t\t\t\t\t\t<svg aria-hidden=\"true\" class=\"e-font-icon-svg e-fas-minus\" viewBox=\"0 0 448 512\" xmlns=\"http:\/\/www.w3.org\/2000\/svg\"><path d=\"M416 208H32c-17.67 0-32 14.33-32 32v32c0 17.67 14.33 32 32 32h384c17.67 0 32-14.33 32-32v-32c0-17.67-14.33-32-32-32z\"><\/path><\/svg>\t\t\t\t\t\t<\/span>\n\t\t\t\t\t\t\t\t\t\t<span class=\"elementor-icon-list-text\">Wir<\/span>\n\t\t\t\t\t\t\t\t\t\t\t<\/a>\n\t\t\t\t\t\t\t\t\t<\/li>\n\t\t\t\t\t\t<\/ul>\n\t\t\t\t\t\t<\/div>\n\t\t\t\t<\/div>\n\t\t\t\t<\/div>\n\t\t\t\t<\/div>\n\t\t\t\t\t<\/div>\n\t\t\t\t<\/div>\n\t\t<div class=\"elementor-element elementor-element-97fdb80 e-flex e-con-boxed e-con e-parent\" data-id=\"97fdb80\" data-element_type=\"container\">\n\t\t\t\t\t<div class=\"e-con-inner\">\n\t\t<div class=\"elementor-element elementor-element-9c4cf19 e-con-full e-flex e-con e-child\" data-id=\"9c4cf19\" data-element_type=\"container\">\n\t\t\t\t<div class=\"elementor-element elementor-element-4c73b37 elementor-widget elementor-widget-text-editor\" data-id=\"4c73b37\" data-element_type=\"widget\" data-widget_type=\"text-editor.default\">\n\t\t\t\t<div class=\"elementor-widget-container\">\n\t\t\t\t\t\t\t\t\t<p>Die Reiseberatung durch Sardinian Soul dient nur zu Informations- und Beratungszwecken. Obwohl alle Anstrengungen unternommen werden, um genaue und aktuelle Informationen anzubieten, \u00fcbernimmt Sardinian Soul keine Verantwortung f\u00fcr die Handlungen, Dienstleistungen oder die Zuverl\u00e4ssigkeit von Drittanbietern, einschlie\u00dflich Fluggesellschaften, Hotels, Reiseveranstaltern, Transportunternehmen oder anderen Servicepartnern.<br>Die Kunden sind f\u00fcr ihre eigenen Reisevorbereitungen und Entscheidungen verantwortlich. Sardinian Soul haftet nicht f\u00fcr Verluste, Versp\u00e4tungen, Unf\u00e4lle, Verletzungen oder Sch\u00e4den, die aus der Nutzung von Informationen oder Empfehlungen entstehen, die w\u00e4hrend der Beratung gegeben werden.<\/p>\t\t\t\t\t\t\t\t<\/div>\n\t\t\t\t<\/div>\n\t\t\t\t<\/div>\n\t\t\t\t\t<\/div>\n\t\t\t\t<\/div>\n\t\t\t\t<\/div>\n\t\t","protected":false},"excerpt":{"rendered":"<p>Haftungsausschluss hinzuf\u00fcgen Home Wir Die Reiseberatung durch Sardinian Soul dient nur zu Informations- und Beratungszwecken. Obwohl alle Anstrengungen unternommen werden, um genaue und aktuelle Informationen anzubieten, \u00fcbernimmt Sardinian Soul keine Verantwortung f\u00fcr die Handlungen, Dienstleistungen oder die Zuverl\u00e4ssigkeit von Drittanbietern, einschlie\u00dflich Fluggesellschaften, Hotels, Reiseveranstaltern, Transportunternehmen oder anderen Servicepartnern.Die Kunden sind f\u00fcr ihre eigenen Reisevorbereitungen und [&hellip;]<\/p>\n","protected":false},"author":1,"featured_media":0,"parent":0,"menu_order":0,"comment_status":"closed","ping_status":"closed","template":"","meta":{"footnotes":""},"class_list":["post-1732","page","type-page","status-publish","hentry"],"yoast_head":"<!-- This site is optimized with the Yoast SEO plugin v25.3 - https:\/\/yoast.com\/wordpress\/plugins\/seo\/ -->\n<title>Haftungsausschluss hinzuf\u00fcgen - Travel Advisor Sardinian Soul<\/title>\n<meta name=\"robots\" content=\"index, follow, max-snippet:-1, max-image-preview:large, max-video-preview:-1\" \/>\n<link rel=\"canonical\" href=\"https:\/\/sardiniansoul.dominioswebmed.com\/de\/haftungsausschluss-hinzufuegen-2\/\" \/>\n<meta property=\"og:locale\" content=\"de_DE\" \/>\n<meta property=\"og:type\" content=\"article\" \/>\n<meta property=\"og:title\" content=\"Haftungsausschluss hinzuf\u00fcgen - Travel Advisor Sardinian Soul\" \/>\n<meta property=\"og:description\" content=\"Haftungsausschluss hinzuf\u00fcgen Home Wir Die Reiseberatung durch Sardinian Soul dient nur zu Informations- und Beratungszwecken. Obwohl alle Anstrengungen unternommen werden, um genaue und aktuelle Informationen anzubieten, \u00fcbernimmt Sardinian Soul keine Verantwortung f\u00fcr die Handlungen, Dienstleistungen oder die Zuverl\u00e4ssigkeit von Drittanbietern, einschlie\u00dflich Fluggesellschaften, Hotels, Reiseveranstaltern, Transportunternehmen oder anderen Servicepartnern.Die Kunden sind f\u00fcr ihre eigenen Reisevorbereitungen und [&hellip;]\" \/>\n<meta property=\"og:url\" content=\"https:\/\/sardiniansoul.dominioswebmed.com\/de\/haftungsausschluss-hinzufuegen-2\/\" \/>\n<meta property=\"og:site_name\" content=\"Travel Advisor Sardinian Soul\" \/>\n<meta property=\"article:modified_time\" content=\"2026-01-15T23:16:18+00:00\" \/>\n<meta name=\"twitter:card\" content=\"summary_large_image\" \/>\n<script type=\"application\/ld+json\" class=\"yoast-schema-graph\">{\"@context\":\"https:\/\/schema.org\",\"@graph\":[{\"@type\":\"WebPage\",\"@id\":\"https:\/\/sardiniansoul.dominioswebmed.com\/de\/haftungsausschluss-hinzufuegen-2\/\",\"url\":\"https:\/\/sardiniansoul.dominioswebmed.com\/de\/haftungsausschluss-hinzufuegen-2\/\",\"name\":\"Haftungsausschluss hinzuf\u00fcgen - Travel Advisor Sardinian Soul\",\"isPartOf\":{\"@id\":\"https:\/\/sardiniansoul.dominioswebmed.com\/de\/#website\"},\"datePublished\":\"2026-01-15T23:07:07+00:00\",\"dateModified\":\"2026-01-15T23:16:18+00:00\",\"breadcrumb\":{\"@id\":\"https:\/\/sardiniansoul.dominioswebmed.com\/de\/haftungsausschluss-hinzufuegen-2\/#breadcrumb\"},\"inLanguage\":\"de\",\"potentialAction\":[{\"@type\":\"ReadAction\",\"target\":[\"https:\/\/sardiniansoul.dominioswebmed.com\/de\/haftungsausschluss-hinzufuegen-2\/\"]}]},{\"@type\":\"BreadcrumbList\",\"@id\":\"https:\/\/sardiniansoul.dominioswebmed.com\/de\/haftungsausschluss-hinzufuegen-2\/#breadcrumb\",\"itemListElement\":[{\"@type\":\"ListItem\",\"position\":1,\"name\":\"Startseite\",\"item\":\"https:\/\/sardiniansoul.dominioswebmed.com\/de\/home\/\"},{\"@type\":\"ListItem\",\"position\":2,\"name\":\"Haftungsausschluss hinzuf\u00fcgen\"}]},{\"@type\":\"WebSite\",\"@id\":\"https:\/\/sardiniansoul.dominioswebmed.com\/de\/#website\",\"url\":\"https:\/\/sardiniansoul.dominioswebmed.com\/de\/\",\"name\":\"Travel Advisor Sardinian Soul\",\"description\":\"Tu viaje so\u00f1ado, dise\u00f1ado a medida\",\"potentialAction\":[{\"@type\":\"SearchAction\",\"target\":{\"@type\":\"EntryPoint\",\"urlTemplate\":\"https:\/\/sardiniansoul.dominioswebmed.com\/de\/?s={search_term_string}\"},\"query-input\":{\"@type\":\"PropertyValueSpecification\",\"valueRequired\":true,\"valueName\":\"search_term_string\"}}],\"inLanguage\":\"de\"}]}<\/script>\n<!-- \/ Yoast SEO plugin. -->","yoast_head_json":{"title":"Haftungsausschluss hinzuf\u00fcgen - Travel Advisor Sardinian Soul","robots":{"index":"index","follow":"follow","max-snippet":"max-snippet:-1","max-image-preview":"max-image-preview:large","max-video-preview":"max-video-preview:-1"},"canonical":"https:\/\/sardiniansoul.dominioswebmed.com\/de\/haftungsausschluss-hinzufuegen-2\/","og_locale":"de_DE","og_type":"article","og_title":"Haftungsausschluss hinzuf\u00fcgen - Travel Advisor Sardinian Soul","og_description":"Haftungsausschluss hinzuf\u00fcgen Home Wir Die Reiseberatung durch Sardinian Soul dient nur zu Informations- und Beratungszwecken. Obwohl alle Anstrengungen unternommen werden, um genaue und aktuelle Informationen anzubieten, \u00fcbernimmt Sardinian Soul keine Verantwortung f\u00fcr die Handlungen, Dienstleistungen oder die Zuverl\u00e4ssigkeit von Drittanbietern, einschlie\u00dflich Fluggesellschaften, Hotels, Reiseveranstaltern, Transportunternehmen oder anderen Servicepartnern.Die Kunden sind f\u00fcr ihre eigenen Reisevorbereitungen und [&hellip;]","og_url":"https:\/\/sardiniansoul.dominioswebmed.com\/de\/haftungsausschluss-hinzufuegen-2\/","og_site_name":"Travel Advisor Sardinian Soul","article_modified_time":"2026-01-15T23:16:18+00:00","twitter_card":"summary_large_image","schema":{"@context":"https:\/\/schema.org","@graph":[{"@type":"WebPage","@id":"https:\/\/sardiniansoul.dominioswebmed.com\/de\/haftungsausschluss-hinzufuegen-2\/","url":"https:\/\/sardiniansoul.dominioswebmed.com\/de\/haftungsausschluss-hinzufuegen-2\/","name":"Haftungsausschluss hinzuf\u00fcgen - Travel Advisor Sardinian Soul","isPartOf":{"@id":"https:\/\/sardiniansoul.dominioswebmed.com\/de\/#website"},"datePublished":"2026-01-15T23:07:07+00:00","dateModified":"2026-01-15T23:16:18+00:00","breadcrumb":{"@id":"https:\/\/sardiniansoul.dominioswebmed.com\/de\/haftungsausschluss-hinzufuegen-2\/#breadcrumb"},"inLanguage":"de","potentialAction":[{"@type":"ReadAction","target":["https:\/\/sardiniansoul.dominioswebmed.com\/de\/haftungsausschluss-hinzufuegen-2\/"]}]},{"@type":"BreadcrumbList","@id":"https:\/\/sardiniansoul.dominioswebmed.com\/de\/haftungsausschluss-hinzufuegen-2\/#breadcrumb","itemListElement":[{"@type":"ListItem","position":1,"name":"Startseite","item":"https:\/\/sardiniansoul.dominioswebmed.com\/de\/home\/"},{"@type":"ListItem","position":2,"name":"Haftungsausschluss hinzuf\u00fcgen"}]},{"@type":"WebSite","@id":"https:\/\/sardiniansoul.dominioswebmed.com\/de\/#website","url":"https:\/\/sardiniansoul.dominioswebmed.com\/de\/","name":"Travel Advisor Sardinian Soul","description":"Tu viaje so\u00f1ado, dise\u00f1ado a medida","potentialAction":[{"@type":"SearchAction","target":{"@type":"EntryPoint","urlTemplate":"https:\/\/sardiniansoul.dominioswebmed.com\/de\/?s={search_term_string}"},"query-input":{"@type":"PropertyValueSpecification","valueRequired":true,"valueName":"search_term_string"}}],"inLanguage":"de"}]}},"_links":{"self":[{"href":"https:\/\/sardiniansoul.dominioswebmed.com\/de\/wp-json\/wp\/v2\/pages\/1732","targetHints":{"allow":["GET"]}}],"collection":[{"href":"https:\/\/sardiniansoul.dominioswebmed.com\/de\/wp-json\/wp\/v2\/pages"}],"about":[{"href":"https:\/\/sardiniansoul.dominioswebmed.com\/de\/wp-json\/wp\/v2\/types\/page"}],"author":[{"embeddable":true,"href":"https:\/\/sardiniansoul.dominioswebmed.com\/de\/wp-json\/wp\/v2\/users\/1"}],"replies":[{"embeddable":true,"href":"https:\/\/sardiniansoul.dominioswebmed.com\/de\/wp-json\/wp\/v2\/comments?post=1732"}],"version-history":[{"count":5,"href":"https:\/\/sardiniansoul.dominioswebmed.com\/de\/wp-json\/wp\/v2\/pages\/1732\/revisions"}],"predecessor-version":[{"id":1757,"href":"https:\/\/sardiniansoul.dominioswebmed.com\/de\/wp-json\/wp\/v2\/pages\/1732\/revisions\/1757"}],"wp:attachment":[{"href":"https:\/\/sardiniansoul.dominioswebmed.com\/de\/wp-json\/wp\/v2\/media?parent=1732"}],"curies":[{"name":"wp","href":"https:\/\/api.w.org\/{rel}","templated":true}]}}