{"id":1441,"date":"2024-09-11T18:25:23","date_gmt":"2024-09-11T18:25:23","guid":{"rendered":"https:\/\/sardiniansoul.dominioswebmed.com\/barrierefreiheitserklaerung\/"},"modified":"2026-01-12T18:02:17","modified_gmt":"2026-01-12T18:02:17","slug":"barrierefreiheitserklaerung","status":"publish","type":"page","link":"https:\/\/sardiniansoul.dominioswebmed.com\/de\/barrierefreiheitserklaerung\/","title":{"rendered":"Barrierefreiheitserkl\u00e4rung"},"content":{"rendered":"\t\t<div data-elementor-type=\"wp-page\" data-elementor-id=\"1441\" class=\"elementor elementor-1441 elementor-148\" data-elementor-post-type=\"page\">\n\t\t\t\t<div class=\"elementor-element elementor-element-a5bd677 e-flex e-con-boxed e-con e-parent\" data-id=\"a5bd677\" data-element_type=\"container\" data-settings=\"{&quot;background_background&quot;:&quot;classic&quot;}\">\n\t\t\t\t\t<div class=\"e-con-inner\">\n\t\t<div class=\"elementor-element elementor-element-1047b35 e-con-full e-flex e-con e-child\" data-id=\"1047b35\" data-element_type=\"container\">\n\t\t<div class=\"elementor-element elementor-element-0559752 e-con-full e-flex e-con e-child\" data-id=\"0559752\" data-element_type=\"container\">\n\t\t\t\t<div class=\"elementor-element elementor-element-2bbe722 elementor-icon-list--layout-inline elementor-widget__width-auto elementor-align-right elementor-mobile-align-center elementor-list-item-link-full_width elementor-widget elementor-widget-icon-list\" data-id=\"2bbe722\" data-element_type=\"widget\" data-widget_type=\"icon-list.default\">\n\t\t\t\t<div class=\"elementor-widget-container\">\n\t\t\t\t\t\t\t<ul class=\"elementor-icon-list-items elementor-inline-items\">\n\t\t\t\t\t\t\t<li class=\"elementor-icon-list-item elementor-inline-item\">\n\t\t\t\t\t\t\t\t\t\t\t<a href=\"#\">\n\n\t\t\t\t\t\t\t\t\t\t\t<span class=\"elementor-icon-list-text\">Startseite <\/span>\n\t\t\t\t\t\t\t\t\t\t\t<\/a>\n\t\t\t\t\t\t\t\t\t<\/li>\n\t\t\t\t\t\t\t\t<li class=\"elementor-icon-list-item elementor-inline-item\">\n\t\t\t\t\t\t\t\t\t\t\t<a href=\"#\">\n\n\t\t\t\t\t\t\t\t\t\t\t\t<span class=\"elementor-icon-list-icon\">\n\t\t\t\t\t\t\t<svg aria-hidden=\"true\" class=\"e-font-icon-svg e-fas-minus\" viewBox=\"0 0 448 512\" xmlns=\"http:\/\/www.w3.org\/2000\/svg\"><path d=\"M416 208H32c-17.67 0-32 14.33-32 32v32c0 17.67 14.33 32 32 32h384c17.67 0 32-14.33 32-32v-32c0-17.67-14.33-32-32-32z\"><\/path><\/svg>\t\t\t\t\t\t<\/span>\n\t\t\t\t\t\t\t\t\t\t<span class=\"elementor-icon-list-text\"><\/span>\n\t\t\t\t\t\t\t\t\t\t\t<\/a>\n\t\t\t\t\t\t\t\t\t<\/li>\n\t\t\t\t\t\t<\/ul>\n\t\t\t\t\t\t<\/div>\n\t\t\t\t<\/div>\n\t\t\t\t<\/div>\n\t\t\t\t<\/div>\n\t\t\t\t\t<\/div>\n\t\t\t\t<\/div>\n\t\t<div class=\"elementor-element elementor-element-3a53d5f e-flex e-con-boxed e-con e-parent\" data-id=\"3a53d5f\" data-element_type=\"container\">\n\t\t\t\t\t<div class=\"e-con-inner\">\n\t\t<div class=\"elementor-element elementor-element-aab401a e-con-full e-flex e-con e-child\" data-id=\"aab401a\" data-element_type=\"container\">\n\t\t\t\t<div class=\"elementor-element elementor-element-bae4bfd elementor-widget elementor-widget-text-editor\" data-id=\"bae4bfd\" data-element_type=\"widget\" data-widget_type=\"text-editor.default\">\n\t\t\t\t<div class=\"elementor-widget-container\">\n\t\t\t\t\t\t\t\t\tDie Einrichtung Name des Unternehmens hat sich verpflichtet, ihre Website in \u00dcbereinstimmung mit dem <a href=\"http:\/\/www.boe.es\/diario_boe\/txt.php?id=BOE-A-2018-12699\" target=\"_blank\" rel=\"noreferrer noopener\">K\u00f6niglichen Erlass 1112\/2018 vom 7. September \u00fcber die Barrierefreiheit von Websites und Anwendungen f\u00fcr mobile Ger\u00e4te des \u00f6ffentlichen Sektors<\/a> zug\u00e4nglich zu machen.\n\nDiese Barrierefreiheitserkl\u00e4rung gilt f\u00fcr die Website <a href=\"https:\/\/recimol.com\/\">https:\/\/ihrewebseite.com<\/a>\n<h4 class=\"wp-block-heading\"><strong>Stand der Einhaltung<\/strong><\/h4>\nDiese Website ist <strong>teilweise konform<\/strong> mit dem RD 1112\/2018 aufgrund der Ausnahmen und der mangelnden Konformit\u00e4t der nachfolgend aufgef\u00fchrten Aspekte.\n<h4 class=\"wp-block-heading\"><strong>Nicht zug\u00e4ngliche Inhalte<\/strong><\/h4>\nDie folgenden Inhalte sind aus folgenden Gr\u00fcnden nicht zug\u00e4nglich:\n<ol>\n \t<li>Mangelnde \u00dcbereinstimmung mit dem RD 1112\/2018\n<ul style=\"margin-left: 25px;\">\n \t<li>Es gibt Logos und Bilder mit falschem oder verwirrendem Alternativtext sowie komplexe Bilder ohne Textbeschreibung [Anforderung Nummer 9.1.1.1 Nicht-Text-Inhalt, aus UNE-EN 301549:2022].<\/li>\n \t<li>Es gibt Listen, die falsch erstellt wurden (ohne Listen-Tag), Tabellen mit falsch beschrifteten Zellen und unsichtbare Beschriftungen in Formularelementen [Anforderung Nummer 9.1.3.1 Informationen und Beziehungen, aus UNE-EN 301549:2022].<\/li>\n \t<li>Es gibt Tabellen, die nicht an kleine Bildschirmgr\u00f6\u00dfen angepasst sind, und Formularfelder, die in kleinen Bildschirmgr\u00f6\u00dfen nicht korrekt angezeigt werden [Anforderung Nummer 9.1.4.10 Textumbruch, aus UNE-EN 301549:2022].<\/li>\n \t<li>Es gibt Text, der bei \u00c4nderung der Leerzeichen und Zeilenh\u00f6hen nicht korrekt angezeigt wird [Anforderung Nummer 9.1.4.12 Textabstand, aus UNE-EN 301549:2022].<\/li>\n \t<li>Es gibt Elemente, die nicht \u00fcber die Tastatur zug\u00e4nglich sind, wie z. B. Links zu sozialen Netzwerken, der Texteditor f\u00fcr Kommentare, Elemente zum Sortieren von Suchergebnissen, die Paginierung der Suchergebnisse oder die Kalenderpfeile [Anforderung Nummer 9.2.1.1 Tastatur, aus UNE-EN 301549:2022].<\/li>\n \t<li>Es gibt Elemente, die den Fokus nicht erhalten und daher nicht \u00fcber die Tastatur bedient werden k\u00f6nnen, zum Beispiel [Anforderung Nummer 9.2.4.3 Fokusreihenfolge, aus UNE-EN 301549:2022].<\/li>\n \t<li>Es gibt Links, bei denen die Funktion nicht korrekt identifiziert wird (sie haben eine unzureichende Beschreibung, einen zu generischen Text, einen unzureichenden Titel&#8230;).\n[Anforderung Nummer 9.2.4.4 Zweck von Links, aus UNE-EN 301549:2022].<\/li>\n \t<li>Es gibt \u00dcberschriften mit wiederholtem und\/oder wenig aussagekr\u00e4ftigem Text [Anforderung Nummer 9.2.4.6 \u00dcberschriften und Beschriftungen, aus UNE-EN 301549:2022].<\/li>\n \t<li>Es gibt Bilder, Infografiken, Linktexte oder Schaltfl\u00e4chen, Text von \u00dcberschriften und Inhalte, die nicht in andere Sprachen \u00fcbersetzt sind [Anforderung Nummer 9.3.1.2 Sprache der Teile, aus UNE-EN 301549:2022].<\/li>\n \t<li>Auf einigen Seiten wird dasselbe Symbol f\u00fcr verschiedene Zwecke verwendet, was zu Verwirrung f\u00fchrt [Anforderung Nummer 9.3.2.4 Konsistente Identifizierung, aus UNE-EN 301549:2022].<\/li>\n \t<li>Es gibt wenig aussagekr\u00e4ftige Fehlermeldungen oder Fehlermeldungen, die nicht in einer einzigen Meldung zusammengefasst sind, sowie fehlende Vorschl\u00e4ge im Formular zum korrekten Ausf\u00fcllen der Felder [Anforderung Nummer 9.3.3.1 Fehlererkennung, aus UNE-EN 301549:2022].<\/li>\n \t<li>Es gibt Formulare mit Pflichtfeldern, in denen der Benutzer nicht dar\u00fcber informiert wird, sowie Felder, in denen ein Textbeispiel f\u00fcr das Format des Feldes fehlt.\n(wie z. B. die Personalausweisnummer) [Anforderung Nummer 9.3.3.2 Beschriftungen und Anweisungen, aus UNE-EN 301549:2022].<\/li>\n \t<li>Es gibt Formularfelder, in denen der Fehler gemeldet wird, wenn ein falscher Wert eingegeben wird, aber kein Vorschlag zur Korrektur gegeben wird.\n[Anforderung Nummer 9.3.3.3 Vorschl\u00e4ge bei Fehlern, aus UNE-EN 301549:2022].<\/li>\n \t<li>Es gibt Seiten mit Syntaxfehlern, so dass ein Hilfsmittel den Inhalt m\u00f6glicherweise nicht korrekt interpretiert (doppelte Seiten-IDs, nicht geschlossene Tags, inkorrekte Konstruktion von Tags&#8230;). [Anforderung Nummer 9.4.1.1 Verarbeitung, aus UNE-EN 301549:2022]. <\/li>\n \t<li>Es gibt Seiten, auf denen Hilfsmittel keine Informationen erhalten, nicht interagieren und nicht \u00fcber den Status der Steuerelemente der Benutzeroberfl\u00e4che informiert werden k\u00f6nnen, wie z. B. Hilfemeldungen, Statusmeldungen \u00fcber das Ergebnis von Aktionen, Attribute von Links, Bild der Seitensprache&#8230; die von Screenreadern nicht gelesen werden k\u00f6nnen, wenn sie erscheinen [Anforderung Nummer 9.4.1.2 Name, Funktion, Wert aus UNE-EN 301549:2022].<\/li>\n \t<li>Es k\u00f6nnte gelegentlich zu Bearbeitungsfehlern auf einer Webseite kommen.<\/li>\n<\/ul>\n<\/li>\n \t<li>Unverh\u00e4ltnism\u00e4\u00dfige Belastung\n<ul style=\"margin-left: 25px;\">\n \t<li>Trifft nicht zu.<\/li>\n<\/ul>\n<\/li>\n \t<li>Der Inhalt f\u00e4llt nicht in den Anwendungsbereich der geltenden Gesetzgebung\n<ul style=\"margin-left: 25px;\">\n \t<li>Es k\u00f6nnte B\u00fcrodateien im PDF-Format oder in anderen Formaten geben, die vor dem 20. September 2018 ver\u00f6ffentlicht wurden und nicht alle Anforderungen an die Barrierefreiheit vollst\u00e4ndig erf\u00fcllen. Es wurde jedoch versucht, dass die meisten von ihnen dies tun. <\/li>\n<\/ul>\n<\/li>\n<\/ol>\n<h4 class=\"wp-block-heading\"><strong>Erstellung dieser Barrierefreiheitserkl\u00e4rung<\/strong><\/h4>\nDiese Erkl\u00e4rung wurde am 12.02.2024 erstellt.\n\nDie zur Erstellung der Erkl\u00e4rung verwendete Methode war eine Selbsteinsch\u00e4tzung, die von der Einrichtung selbst durchgef\u00fchrt wurde.\n\nLetzte \u00dcberpr\u00fcfung der Erkl\u00e4rung: 12.02.2024.\n<h4 class=\"wp-block-heading\"><strong>Bemerkungen und Kontaktdaten<\/strong><\/h4>\nSie k\u00f6nnen Mitteilungen \u00fcber Anforderungen an die Barrierefreiheit (Artikel 10.2.a) des RD 1112\/2018) machen, wie zum Beispiel:\n<ul style=\"margin-left: 50px;\">\n \t<li>Informationen \u00fcber m\u00f6gliche Verst\u00f6\u00dfe durch diese Website<\/li>\n \t<li>\u00dcbermittlung anderer Schwierigkeiten beim Zugriff auf die Inhalte<\/li>\n \t<li>Formulierung anderer Fragen oder Verbesserungsvorschl\u00e4ge in Bezug auf die Barrierefreiheit der Website<\/li>\n<\/ul>\n\u00dcber das folgende <a href=\"https:\/\/p4.miexpertodigital1.eu\/contacto\">Kontaktformular.<\/a>\n\nSie k\u00f6nnen Folgendes einreichen:\n<ul style=\"margin-left: 50px;\">\n \t<li>eine Beschwerde bez\u00fcglich der Erf\u00fcllung der Anforderungen des RD 1112\/2018 oder<\/li>\n \t<li>einen Antrag auf zug\u00e4ngliche Informationen bez\u00fcglich:\n<ul style=\"margin-left: 25px;\">\n \t<li>Inhalte, die gem\u00e4\u00df Artikel 3 Absatz 4 vom Anwendungsbereich des RD 1112\/2018 ausgeschlossen sind<\/li>\n \t<li>Inhalte, die von der Erf\u00fcllung der Anforderungen an die Barrierefreiheit befreit sind, da sie eine unverh\u00e4ltnism\u00e4\u00dfige Belastung darstellen.<\/li>\n<\/ul>\n<\/li>\n<\/ul>\nIm Antrag auf zug\u00e4ngliche Informationen m\u00fcssen die Tatsachen, Gr\u00fcnde und Antr\u00e4ge, die die Feststellung erm\u00f6glichen, dass es sich um einen angemessenen und legitimen Antrag handelt, klar und deutlich dargelegt werden.\n<h4 class=\"wp-block-heading\"><strong>Optionaler Inhalt<\/strong><\/h4>\nDiese Website wendet die Anforderungen der Norm UNE-EN 301549:2022 unter Ber\u00fccksichtigung der Ausnahmen des RD 1112\/2018 an.\n\nDie letzte \u00dcberpr\u00fcfung der Barrierefreiheit wurde am 12.02.2024 durchgef\u00fchrt.\n\nDie Website ist f\u00fcr die Browser Microsoft Internet Explorer 8.0 oder h\u00f6her und die neuesten Versionen von FireFox, Safari, Opera und Google Chrome optimiert. Die empfohlene minimale Webaufl\u00f6sung betr\u00e4gt 1280\u00d71024. \n\nDie Website ist f\u00fcr die Responsive-Anzeige konzipiert, wodurch sie auf Tablets und Mobilger\u00e4ten optimal angezeigt wird. Auf diesen Ger\u00e4ten ist sie f\u00fcr die Anzeige in den neuesten Versionen von Chrome for mobile, Firefox for mobile, Safari mobile, Opera Mini und dem nativen Android-Browser optimiert. \t\t\t\t\t\t\t\t<\/div>\n\t\t\t\t<\/div>\n\t\t\t\t<\/div>\n\t\t\t\t\t<\/div>\n\t\t\t\t<\/div>\n\t\t\t\t<\/div>\n\t\t","protected":false},"excerpt":{"rendered":"<p>Startseite Die Einrichtung Name des Unternehmens hat sich verpflichtet, ihre Website in \u00dcbereinstimmung mit dem K\u00f6niglichen Erlass 1112\/2018 vom 7. September \u00fcber die Barrierefreiheit von Websites und Anwendungen f\u00fcr mobile Ger\u00e4te des \u00f6ffentlichen Sektors zug\u00e4nglich zu machen. Diese Barrierefreiheitserkl\u00e4rung gilt f\u00fcr die Website https:\/\/ihrewebseite.com Stand der Einhaltung Diese Website ist teilweise konform mit dem RD [&hellip;]<\/p>\n","protected":false},"author":2,"featured_media":0,"parent":0,"menu_order":0,"comment_status":"closed","ping_status":"closed","template":"","meta":{"footnotes":""},"class_list":["post-1441","page","type-page","status-publish","hentry"],"yoast_head":"<!-- This site is optimized with the Yoast SEO plugin v25.3 - https:\/\/yoast.com\/wordpress\/plugins\/seo\/ -->\n<title>Barrierefreiheitserkl\u00e4rung - Travel Advisor Sardinian Soul<\/title>\n<meta name=\"robots\" content=\"index, follow, max-snippet:-1, max-image-preview:large, max-video-preview:-1\" \/>\n<link rel=\"canonical\" href=\"https:\/\/sardiniansoul.dominioswebmed.com\/de\/barrierefreiheitserklaerung\/\" \/>\n<meta property=\"og:locale\" content=\"de_DE\" \/>\n<meta property=\"og:type\" content=\"article\" \/>\n<meta property=\"og:title\" content=\"Barrierefreiheitserkl\u00e4rung - Travel Advisor Sardinian Soul\" \/>\n<meta property=\"og:description\" content=\"Startseite Die Einrichtung Name des Unternehmens hat sich verpflichtet, ihre Website in \u00dcbereinstimmung mit dem K\u00f6niglichen Erlass 1112\/2018 vom 7. September \u00fcber die Barrierefreiheit von Websites und Anwendungen f\u00fcr mobile Ger\u00e4te des \u00f6ffentlichen Sektors zug\u00e4nglich zu machen. Diese Barrierefreiheitserkl\u00e4rung gilt f\u00fcr die Website https:\/\/ihrewebseite.com Stand der Einhaltung Diese Website ist teilweise konform mit dem RD [&hellip;]\" \/>\n<meta property=\"og:url\" content=\"https:\/\/sardiniansoul.dominioswebmed.com\/de\/barrierefreiheitserklaerung\/\" \/>\n<meta property=\"og:site_name\" content=\"Travel Advisor Sardinian Soul\" \/>\n<meta property=\"article:modified_time\" content=\"2026-01-12T18:02:17+00:00\" \/>\n<meta name=\"twitter:card\" content=\"summary_large_image\" \/>\n<meta name=\"twitter:label1\" content=\"Gesch\u00e4tzte Lesezeit\" \/>\n\t<meta name=\"twitter:data1\" content=\"4\u00a0Minuten\" \/>\n<script type=\"application\/ld+json\" class=\"yoast-schema-graph\">{\"@context\":\"https:\/\/schema.org\",\"@graph\":[{\"@type\":\"WebPage\",\"@id\":\"https:\/\/sardiniansoul.dominioswebmed.com\/de\/barrierefreiheitserklaerung\/\",\"url\":\"https:\/\/sardiniansoul.dominioswebmed.com\/de\/barrierefreiheitserklaerung\/\",\"name\":\"Barrierefreiheitserkl\u00e4rung - Travel Advisor Sardinian Soul\",\"isPartOf\":{\"@id\":\"https:\/\/sardiniansoul.dominioswebmed.com\/de\/#website\"},\"datePublished\":\"2024-09-11T18:25:23+00:00\",\"dateModified\":\"2026-01-12T18:02:17+00:00\",\"breadcrumb\":{\"@id\":\"https:\/\/sardiniansoul.dominioswebmed.com\/de\/barrierefreiheitserklaerung\/#breadcrumb\"},\"inLanguage\":\"de\",\"potentialAction\":[{\"@type\":\"ReadAction\",\"target\":[\"https:\/\/sardiniansoul.dominioswebmed.com\/de\/barrierefreiheitserklaerung\/\"]}]},{\"@type\":\"BreadcrumbList\",\"@id\":\"https:\/\/sardiniansoul.dominioswebmed.com\/de\/barrierefreiheitserklaerung\/#breadcrumb\",\"itemListElement\":[{\"@type\":\"ListItem\",\"position\":1,\"name\":\"Startseite\",\"item\":\"https:\/\/sardiniansoul.dominioswebmed.com\/de\/home\/\"},{\"@type\":\"ListItem\",\"position\":2,\"name\":\"Barrierefreiheitserkl\u00e4rung\"}]},{\"@type\":\"WebSite\",\"@id\":\"https:\/\/sardiniansoul.dominioswebmed.com\/de\/#website\",\"url\":\"https:\/\/sardiniansoul.dominioswebmed.com\/de\/\",\"name\":\"Travel Advisor Sardinian Soul\",\"description\":\"Tu viaje so\u00f1ado, dise\u00f1ado a medida\",\"potentialAction\":[{\"@type\":\"SearchAction\",\"target\":{\"@type\":\"EntryPoint\",\"urlTemplate\":\"https:\/\/sardiniansoul.dominioswebmed.com\/de\/?s={search_term_string}\"},\"query-input\":{\"@type\":\"PropertyValueSpecification\",\"valueRequired\":true,\"valueName\":\"search_term_string\"}}],\"inLanguage\":\"de\"}]}<\/script>\n<!-- \/ Yoast SEO plugin. -->","yoast_head_json":{"title":"Barrierefreiheitserkl\u00e4rung - Travel Advisor Sardinian Soul","robots":{"index":"index","follow":"follow","max-snippet":"max-snippet:-1","max-image-preview":"max-image-preview:large","max-video-preview":"max-video-preview:-1"},"canonical":"https:\/\/sardiniansoul.dominioswebmed.com\/de\/barrierefreiheitserklaerung\/","og_locale":"de_DE","og_type":"article","og_title":"Barrierefreiheitserkl\u00e4rung - Travel Advisor Sardinian Soul","og_description":"Startseite Die Einrichtung Name des Unternehmens hat sich verpflichtet, ihre Website in \u00dcbereinstimmung mit dem K\u00f6niglichen Erlass 1112\/2018 vom 7. September \u00fcber die Barrierefreiheit von Websites und Anwendungen f\u00fcr mobile Ger\u00e4te des \u00f6ffentlichen Sektors zug\u00e4nglich zu machen. Diese Barrierefreiheitserkl\u00e4rung gilt f\u00fcr die Website https:\/\/ihrewebseite.com Stand der Einhaltung Diese Website ist teilweise konform mit dem RD [&hellip;]","og_url":"https:\/\/sardiniansoul.dominioswebmed.com\/de\/barrierefreiheitserklaerung\/","og_site_name":"Travel Advisor Sardinian Soul","article_modified_time":"2026-01-12T18:02:17+00:00","twitter_card":"summary_large_image","twitter_misc":{"Gesch\u00e4tzte Lesezeit":"4\u00a0Minuten"},"schema":{"@context":"https:\/\/schema.org","@graph":[{"@type":"WebPage","@id":"https:\/\/sardiniansoul.dominioswebmed.com\/de\/barrierefreiheitserklaerung\/","url":"https:\/\/sardiniansoul.dominioswebmed.com\/de\/barrierefreiheitserklaerung\/","name":"Barrierefreiheitserkl\u00e4rung - Travel Advisor Sardinian Soul","isPartOf":{"@id":"https:\/\/sardiniansoul.dominioswebmed.com\/de\/#website"},"datePublished":"2024-09-11T18:25:23+00:00","dateModified":"2026-01-12T18:02:17+00:00","breadcrumb":{"@id":"https:\/\/sardiniansoul.dominioswebmed.com\/de\/barrierefreiheitserklaerung\/#breadcrumb"},"inLanguage":"de","potentialAction":[{"@type":"ReadAction","target":["https:\/\/sardiniansoul.dominioswebmed.com\/de\/barrierefreiheitserklaerung\/"]}]},{"@type":"BreadcrumbList","@id":"https:\/\/sardiniansoul.dominioswebmed.com\/de\/barrierefreiheitserklaerung\/#breadcrumb","itemListElement":[{"@type":"ListItem","position":1,"name":"Startseite","item":"https:\/\/sardiniansoul.dominioswebmed.com\/de\/home\/"},{"@type":"ListItem","position":2,"name":"Barrierefreiheitserkl\u00e4rung"}]},{"@type":"WebSite","@id":"https:\/\/sardiniansoul.dominioswebmed.com\/de\/#website","url":"https:\/\/sardiniansoul.dominioswebmed.com\/de\/","name":"Travel Advisor Sardinian Soul","description":"Tu viaje so\u00f1ado, dise\u00f1ado a medida","potentialAction":[{"@type":"SearchAction","target":{"@type":"EntryPoint","urlTemplate":"https:\/\/sardiniansoul.dominioswebmed.com\/de\/?s={search_term_string}"},"query-input":{"@type":"PropertyValueSpecification","valueRequired":true,"valueName":"search_term_string"}}],"inLanguage":"de"}]}},"_links":{"self":[{"href":"https:\/\/sardiniansoul.dominioswebmed.com\/de\/wp-json\/wp\/v2\/pages\/1441","targetHints":{"allow":["GET"]}}],"collection":[{"href":"https:\/\/sardiniansoul.dominioswebmed.com\/de\/wp-json\/wp\/v2\/pages"}],"about":[{"href":"https:\/\/sardiniansoul.dominioswebmed.com\/de\/wp-json\/wp\/v2\/types\/page"}],"author":[{"embeddable":true,"href":"https:\/\/sardiniansoul.dominioswebmed.com\/de\/wp-json\/wp\/v2\/users\/2"}],"replies":[{"embeddable":true,"href":"https:\/\/sardiniansoul.dominioswebmed.com\/de\/wp-json\/wp\/v2\/comments?post=1441"}],"version-history":[{"count":3,"href":"https:\/\/sardiniansoul.dominioswebmed.com\/de\/wp-json\/wp\/v2\/pages\/1441\/revisions"}],"predecessor-version":[{"id":1452,"href":"https:\/\/sardiniansoul.dominioswebmed.com\/de\/wp-json\/wp\/v2\/pages\/1441\/revisions\/1452"}],"wp:attachment":[{"href":"https:\/\/sardiniansoul.dominioswebmed.com\/de\/wp-json\/wp\/v2\/media?parent=1441"}],"curies":[{"name":"wp","href":"https:\/\/api.w.org\/{rel}","templated":true}]}}