{"id":1419,"date":"2024-09-11T18:18:42","date_gmt":"2024-09-11T18:18:42","guid":{"rendered":"https:\/\/sardiniansoul.dominioswebmed.com\/cookie-richtlinie\/"},"modified":"2026-01-12T18:01:53","modified_gmt":"2026-01-12T18:01:53","slug":"cookie-richtlinie","status":"publish","type":"page","link":"https:\/\/sardiniansoul.dominioswebmed.com\/de\/cookie-richtlinie\/","title":{"rendered":"Cookie-Richtlinie"},"content":{"rendered":"\t\t<div data-elementor-type=\"wp-page\" data-elementor-id=\"1419\" class=\"elementor elementor-1419 elementor-143\" data-elementor-post-type=\"page\">\n\t\t\t\t<div class=\"elementor-element elementor-element-a5bd677 e-flex e-con-boxed e-con e-parent\" data-id=\"a5bd677\" data-element_type=\"container\" data-settings=\"{&quot;background_background&quot;:&quot;classic&quot;}\">\n\t\t\t\t\t<div class=\"e-con-inner\">\n\t\t<div class=\"elementor-element elementor-element-1047b35 e-con-full e-flex e-con e-child\" data-id=\"1047b35\" data-element_type=\"container\">\n\t\t<div class=\"elementor-element elementor-element-0559752 e-con-full e-flex e-con e-child\" data-id=\"0559752\" data-element_type=\"container\">\n\t\t\t\t<div class=\"elementor-element elementor-element-2bbe722 elementor-icon-list--layout-inline elementor-widget__width-auto elementor-align-right elementor-mobile-align-center elementor-list-item-link-full_width elementor-widget elementor-widget-icon-list\" data-id=\"2bbe722\" data-element_type=\"widget\" data-widget_type=\"icon-list.default\">\n\t\t\t\t<div class=\"elementor-widget-container\">\n\t\t\t\t\t\t\t<ul class=\"elementor-icon-list-items elementor-inline-items\">\n\t\t\t\t\t\t\t<li class=\"elementor-icon-list-item elementor-inline-item\">\n\t\t\t\t\t\t\t\t\t\t\t<a href=\"#\">\n\n\t\t\t\t\t\t\t\t\t\t\t<span class=\"elementor-icon-list-text\">Startseite <\/span>\n\t\t\t\t\t\t\t\t\t\t\t<\/a>\n\t\t\t\t\t\t\t\t\t<\/li>\n\t\t\t\t\t\t\t\t<li class=\"elementor-icon-list-item elementor-inline-item\">\n\t\t\t\t\t\t\t\t\t\t\t<a href=\"#\">\n\n\t\t\t\t\t\t\t\t\t\t\t\t<span class=\"elementor-icon-list-icon\">\n\t\t\t\t\t\t\t<svg aria-hidden=\"true\" class=\"e-font-icon-svg e-fas-minus\" viewBox=\"0 0 448 512\" xmlns=\"http:\/\/www.w3.org\/2000\/svg\"><path d=\"M416 208H32c-17.67 0-32 14.33-32 32v32c0 17.67 14.33 32 32 32h384c17.67 0 32-14.33 32-32v-32c0-17.67-14.33-32-32-32z\"><\/path><\/svg>\t\t\t\t\t\t<\/span>\n\t\t\t\t\t\t\t\t\t\t<span class=\"elementor-icon-list-text\"><\/span>\n\t\t\t\t\t\t\t\t\t\t\t<\/a>\n\t\t\t\t\t\t\t\t\t<\/li>\n\t\t\t\t\t\t<\/ul>\n\t\t\t\t\t\t<\/div>\n\t\t\t\t<\/div>\n\t\t\t\t<\/div>\n\t\t\t\t<\/div>\n\t\t\t\t\t<\/div>\n\t\t\t\t<\/div>\n\t\t<div class=\"elementor-element elementor-element-3a53d5f e-flex e-con-boxed e-con e-parent\" data-id=\"3a53d5f\" data-element_type=\"container\">\n\t\t\t\t\t<div class=\"e-con-inner\">\n\t\t<div class=\"elementor-element elementor-element-aab401a e-con-full e-flex e-con e-child\" data-id=\"aab401a\" data-element_type=\"container\">\n\t\t\t\t<div class=\"elementor-element elementor-element-bae4bfd elementor-widget elementor-widget-text-editor\" data-id=\"bae4bfd\" data-element_type=\"widget\" data-widget_type=\"text-editor.default\">\n\t\t\t\t<div class=\"elementor-widget-container\">\n\t\t\t\t\t\t\t\t\t<p>Um Ihnen einen pers\u00f6nlicheren und effektiveren Service bieten zu k\u00f6nnen, m\u00fcssen wir Informationen dar\u00fcber speichern und abrufen, wie Sie diese Website nutzen. Dies kann mithilfe von kleinen Textdateien, sogenannten Cookies, geschehen. Cookies enthalten kleine Mengen an Informationen und werden von einem Webserver auf Ihrem Computer oder einem anderen Ger\u00e4t installiert. Nach dem Herunterladen sendet Ihr Browser diese Cookies bei jedem weiteren Besuch an die Website zur\u00fcck, sodass diese Sie wiedererkennen und Daten wie Ihre Nutzereinstellungen speichern kann.   <\/p><p>Durch den Einsatz von Cookies und anderen Technologien k\u00f6nnen Informationen gesammelt werden, sobald Sie diese Website betreten. Durch die Nutzung dieser Website stimmen Sie der Verwendung von Cookies durch uns zu, wie in diesem Text beschrieben. <\/p><h4><strong>Welche Cookies verwenden wir und warum?<\/strong><\/h4><p>Einige der von uns verwendeten Cookies sind notwendig, um die Navigation innerhalb der Website zu erm\u00f6glichen und ihre Funktionen zu nutzen, wie z. B. den Zugriff auf sichere Bereiche und Inhalte f\u00fcr registrierte Benutzer.<\/p><p>Wir verwenden auch Functional Cookies oder funktionale Cookies, um Informationen \u00fcber die Optionen zu speichern, die beim Betreten unserer Website ausgew\u00e4hlt werden, und um diese f\u00fcr die Besucher zu personalisieren. Zum Beispiel, um die Sprache oder die Herkunftsregion zu speichern oder um zu wissen, ob eine Umfrage ausgef\u00fcllt wurde. Diese Informationen werden normalerweise gespeichert, indem alle Daten entfernt werden, die es erm\u00f6glichen, den Benutzer zu identifizieren, und sie werden nicht f\u00fcr andere Zwecke verwendet.  <\/p><p>Wir oder unsere Dienstleister nutzen auch Analysedienste, die es uns erm\u00f6glichen, zu verstehen, wie effektiv unsere Inhalte sind oder welche Interessen unsere Nutzer haben, sowie die Funktionsweise der Website zu verbessern. Dar\u00fcber hinaus verwenden wir Web Beacons oder Z\u00e4hlpixel, um die Anzahl der Besuche zu z\u00e4hlen, sowie Performance Cookies oder Cookies zur Leistungsmessung, die es erm\u00f6glichen, zu verfolgen, wie viele Nutzer auf unsere Website zugreifen und wie oft. Diese Informationen werden ausschlie\u00dflich f\u00fcr statistische Zwecke verwendet und es ist nicht unsere Absicht, sie zu verwenden, um Nutzer pers\u00f6nlich zu identifizieren. Wenn Sie sich jedoch auf unserer Website registriert und angemeldet haben, k\u00f6nnen wir diese Informationen mit den Informationen kombinieren, die wir durch Cookies und Analysedienste unserer Website erhalten, um detaillierter zu analysieren, wie Sie die Website nutzen.   <\/p><p>Diese Website verwendet keine Targeting Cookies oder Werbe-Cookies, die es erm\u00f6glichen, personalisierte Werbung an die Besucher der Websites zu senden.<\/p><p>Bitte kontaktieren Sie uns, wenn Sie detailliertere Informationen dar\u00fcber w\u00fcnschen, wie wir Cookies verwenden.<\/p><h4><strong>Wie man Cookies kontrolliert<\/strong><\/h4><p>Durch die Nutzung dieser Website erkl\u00e4ren Sie sich damit einverstanden, dass wir Cookies auf Ihrem Computer oder Ger\u00e4t installieren d\u00fcrfen, wie oben erl\u00e4utert. Sie k\u00f6nnen die Cookies jedoch auf verschiedene Weise kontrollieren und verwalten. Bitte beachten Sie, dass das L\u00f6schen oder Blockieren von Cookies Auswirkungen auf Ihre Benutzererfahrung hat und einige Teile der Website m\u00f6glicherweise nicht mehr vollst\u00e4ndig zug\u00e4nglich sind.  <\/p><h4><strong>Browser-Steuerelemente<\/strong><\/h4><p>Die meisten Browser erm\u00f6glichen es, zu sehen, welche Cookies vorhanden sind, und sie einzeln zu l\u00f6schen oder Cookies von einer bestimmten Website oder allen Websites zu blockieren. Bitte beachten Sie, dass alle festgelegten Pr\u00e4ferenzen verloren gehen, wenn alle Cookies gel\u00f6scht werden, einschlie\u00dflich der Pr\u00e4ferenz, Cookies zu l\u00f6schen, da dies die Installation eines Deaktivierungs-Cookies erfordert. Wenn Sie weitere Informationen dar\u00fcber w\u00fcnschen, wie Sie die Konfiguration Ihres Browsers \u00e4ndern k\u00f6nnen, um Cookies zu blockieren oder zu filtern, besuchen Sie Aboutcookies.org oder Cookiecentral.com.  <\/p><h4><strong>Soziale Schaltfl\u00e4chen<\/strong><\/h4><p>Wir verwenden soziale Schaltfl\u00e4chen, damit unsere Nutzer Webseiten teilen oder als Favoriten markieren k\u00f6nnen. Dies sind Schaltfl\u00e4chen f\u00fcr externe Social-Media-Websites. Diese Seiten k\u00f6nnen Informationen \u00fcber Ihre Aktivit\u00e4ten im Internet aufzeichnen, einschlie\u00dflich unserer Website. Sie k\u00f6nnen die Nutzungsbedingungen und die Datenschutzrichtlinien dieser Websites einsehen, um genau zu erfahren, wie sie die Informationen verwenden und wie Sie diese Informationen entfernen oder l\u00f6schen k\u00f6nnen.   <\/p><h4><strong>Externe Webdienste<\/strong><\/h4><p>Gelegentlich verwenden wir externe Webdienste, um Inhalte innerhalb unserer Webseiten anzuzeigen. Zum Beispiel, um Bilder oder Videos anzuzeigen oder um Umfragen durchzuf\u00fchren. Wie bei den sozialen Schaltfl\u00e4chen k\u00f6nnen wir nicht verhindern, dass diese Seiten oder externen Domains Informationen \u00fcber die Nutzung dieser eingebetteten Inhalte sammeln.<br>Kommunikation per E-Mail  <\/p><p>Registrierte Nutzer k\u00f6nnen ihre Kommunikationseinstellungen jederzeit aktualisieren, indem sie sich mit uns in Verbindung setzen, oder sie k\u00f6nnen sich abmelden, indem sie die Anweisungen in unseren E-Mail-Mitteilungen befolgen.<\/p>\t\t\t\t\t\t\t\t<\/div>\n\t\t\t\t<\/div>\n\t\t\t\t<\/div>\n\t\t\t\t\t<\/div>\n\t\t\t\t<\/div>\n\t\t\t\t<\/div>\n\t\t","protected":false},"excerpt":{"rendered":"<p>Startseite Um Ihnen einen pers\u00f6nlicheren und effektiveren Service bieten zu k\u00f6nnen, m\u00fcssen wir Informationen dar\u00fcber speichern und abrufen, wie Sie diese Website nutzen. Dies kann mithilfe von kleinen Textdateien, sogenannten Cookies, geschehen. Cookies enthalten kleine Mengen an Informationen und werden von einem Webserver auf Ihrem Computer oder einem anderen Ger\u00e4t installiert. Nach dem Herunterladen sendet [&hellip;]<\/p>\n","protected":false},"author":2,"featured_media":0,"parent":0,"menu_order":0,"comment_status":"closed","ping_status":"closed","template":"","meta":{"footnotes":""},"class_list":["post-1419","page","type-page","status-publish","hentry"],"yoast_head":"<!-- This site is optimized with the Yoast SEO plugin v25.3 - https:\/\/yoast.com\/wordpress\/plugins\/seo\/ -->\n<title>Cookie-Richtlinie - Travel Advisor Sardinian Soul<\/title>\n<meta name=\"robots\" content=\"index, follow, max-snippet:-1, max-image-preview:large, max-video-preview:-1\" \/>\n<link rel=\"canonical\" href=\"https:\/\/sardiniansoul.dominioswebmed.com\/de\/cookie-richtlinie\/\" \/>\n<meta property=\"og:locale\" content=\"de_DE\" \/>\n<meta property=\"og:type\" content=\"article\" \/>\n<meta property=\"og:title\" content=\"Cookie-Richtlinie - Travel Advisor Sardinian Soul\" \/>\n<meta property=\"og:description\" content=\"Startseite Um Ihnen einen pers\u00f6nlicheren und effektiveren Service bieten zu k\u00f6nnen, m\u00fcssen wir Informationen dar\u00fcber speichern und abrufen, wie Sie diese Website nutzen. Dies kann mithilfe von kleinen Textdateien, sogenannten Cookies, geschehen. Cookies enthalten kleine Mengen an Informationen und werden von einem Webserver auf Ihrem Computer oder einem anderen Ger\u00e4t installiert. Nach dem Herunterladen sendet [&hellip;]\" \/>\n<meta property=\"og:url\" content=\"https:\/\/sardiniansoul.dominioswebmed.com\/de\/cookie-richtlinie\/\" \/>\n<meta property=\"og:site_name\" content=\"Travel Advisor Sardinian Soul\" \/>\n<meta property=\"article:modified_time\" content=\"2026-01-12T18:01:53+00:00\" \/>\n<meta name=\"twitter:card\" content=\"summary_large_image\" \/>\n<meta name=\"twitter:label1\" content=\"Gesch\u00e4tzte Lesezeit\" \/>\n\t<meta name=\"twitter:data1\" content=\"4\u00a0Minuten\" \/>\n<script type=\"application\/ld+json\" class=\"yoast-schema-graph\">{\"@context\":\"https:\/\/schema.org\",\"@graph\":[{\"@type\":\"WebPage\",\"@id\":\"https:\/\/sardiniansoul.dominioswebmed.com\/de\/cookie-richtlinie\/\",\"url\":\"https:\/\/sardiniansoul.dominioswebmed.com\/de\/cookie-richtlinie\/\",\"name\":\"Cookie-Richtlinie - Travel Advisor Sardinian Soul\",\"isPartOf\":{\"@id\":\"https:\/\/sardiniansoul.dominioswebmed.com\/de\/#website\"},\"datePublished\":\"2024-09-11T18:18:42+00:00\",\"dateModified\":\"2026-01-12T18:01:53+00:00\",\"breadcrumb\":{\"@id\":\"https:\/\/sardiniansoul.dominioswebmed.com\/de\/cookie-richtlinie\/#breadcrumb\"},\"inLanguage\":\"de\",\"potentialAction\":[{\"@type\":\"ReadAction\",\"target\":[\"https:\/\/sardiniansoul.dominioswebmed.com\/de\/cookie-richtlinie\/\"]}]},{\"@type\":\"BreadcrumbList\",\"@id\":\"https:\/\/sardiniansoul.dominioswebmed.com\/de\/cookie-richtlinie\/#breadcrumb\",\"itemListElement\":[{\"@type\":\"ListItem\",\"position\":1,\"name\":\"Startseite\",\"item\":\"https:\/\/sardiniansoul.dominioswebmed.com\/de\/home\/\"},{\"@type\":\"ListItem\",\"position\":2,\"name\":\"Cookie-Richtlinie\"}]},{\"@type\":\"WebSite\",\"@id\":\"https:\/\/sardiniansoul.dominioswebmed.com\/de\/#website\",\"url\":\"https:\/\/sardiniansoul.dominioswebmed.com\/de\/\",\"name\":\"Travel Advisor Sardinian Soul\",\"description\":\"Tu viaje so\u00f1ado, dise\u00f1ado a medida\",\"potentialAction\":[{\"@type\":\"SearchAction\",\"target\":{\"@type\":\"EntryPoint\",\"urlTemplate\":\"https:\/\/sardiniansoul.dominioswebmed.com\/de\/?s={search_term_string}\"},\"query-input\":{\"@type\":\"PropertyValueSpecification\",\"valueRequired\":true,\"valueName\":\"search_term_string\"}}],\"inLanguage\":\"de\"}]}<\/script>\n<!-- \/ Yoast SEO plugin. -->","yoast_head_json":{"title":"Cookie-Richtlinie - Travel Advisor Sardinian Soul","robots":{"index":"index","follow":"follow","max-snippet":"max-snippet:-1","max-image-preview":"max-image-preview:large","max-video-preview":"max-video-preview:-1"},"canonical":"https:\/\/sardiniansoul.dominioswebmed.com\/de\/cookie-richtlinie\/","og_locale":"de_DE","og_type":"article","og_title":"Cookie-Richtlinie - Travel Advisor Sardinian Soul","og_description":"Startseite Um Ihnen einen pers\u00f6nlicheren und effektiveren Service bieten zu k\u00f6nnen, m\u00fcssen wir Informationen dar\u00fcber speichern und abrufen, wie Sie diese Website nutzen. Dies kann mithilfe von kleinen Textdateien, sogenannten Cookies, geschehen. Cookies enthalten kleine Mengen an Informationen und werden von einem Webserver auf Ihrem Computer oder einem anderen Ger\u00e4t installiert. Nach dem Herunterladen sendet [&hellip;]","og_url":"https:\/\/sardiniansoul.dominioswebmed.com\/de\/cookie-richtlinie\/","og_site_name":"Travel Advisor Sardinian Soul","article_modified_time":"2026-01-12T18:01:53+00:00","twitter_card":"summary_large_image","twitter_misc":{"Gesch\u00e4tzte Lesezeit":"4\u00a0Minuten"},"schema":{"@context":"https:\/\/schema.org","@graph":[{"@type":"WebPage","@id":"https:\/\/sardiniansoul.dominioswebmed.com\/de\/cookie-richtlinie\/","url":"https:\/\/sardiniansoul.dominioswebmed.com\/de\/cookie-richtlinie\/","name":"Cookie-Richtlinie - Travel Advisor Sardinian Soul","isPartOf":{"@id":"https:\/\/sardiniansoul.dominioswebmed.com\/de\/#website"},"datePublished":"2024-09-11T18:18:42+00:00","dateModified":"2026-01-12T18:01:53+00:00","breadcrumb":{"@id":"https:\/\/sardiniansoul.dominioswebmed.com\/de\/cookie-richtlinie\/#breadcrumb"},"inLanguage":"de","potentialAction":[{"@type":"ReadAction","target":["https:\/\/sardiniansoul.dominioswebmed.com\/de\/cookie-richtlinie\/"]}]},{"@type":"BreadcrumbList","@id":"https:\/\/sardiniansoul.dominioswebmed.com\/de\/cookie-richtlinie\/#breadcrumb","itemListElement":[{"@type":"ListItem","position":1,"name":"Startseite","item":"https:\/\/sardiniansoul.dominioswebmed.com\/de\/home\/"},{"@type":"ListItem","position":2,"name":"Cookie-Richtlinie"}]},{"@type":"WebSite","@id":"https:\/\/sardiniansoul.dominioswebmed.com\/de\/#website","url":"https:\/\/sardiniansoul.dominioswebmed.com\/de\/","name":"Travel Advisor Sardinian Soul","description":"Tu viaje so\u00f1ado, dise\u00f1ado a medida","potentialAction":[{"@type":"SearchAction","target":{"@type":"EntryPoint","urlTemplate":"https:\/\/sardiniansoul.dominioswebmed.com\/de\/?s={search_term_string}"},"query-input":{"@type":"PropertyValueSpecification","valueRequired":true,"valueName":"search_term_string"}}],"inLanguage":"de"}]}},"_links":{"self":[{"href":"https:\/\/sardiniansoul.dominioswebmed.com\/de\/wp-json\/wp\/v2\/pages\/1419","targetHints":{"allow":["GET"]}}],"collection":[{"href":"https:\/\/sardiniansoul.dominioswebmed.com\/de\/wp-json\/wp\/v2\/pages"}],"about":[{"href":"https:\/\/sardiniansoul.dominioswebmed.com\/de\/wp-json\/wp\/v2\/types\/page"}],"author":[{"embeddable":true,"href":"https:\/\/sardiniansoul.dominioswebmed.com\/de\/wp-json\/wp\/v2\/users\/2"}],"replies":[{"embeddable":true,"href":"https:\/\/sardiniansoul.dominioswebmed.com\/de\/wp-json\/wp\/v2\/comments?post=1419"}],"version-history":[{"count":1,"href":"https:\/\/sardiniansoul.dominioswebmed.com\/de\/wp-json\/wp\/v2\/pages\/1419\/revisions"}],"predecessor-version":[{"id":1420,"href":"https:\/\/sardiniansoul.dominioswebmed.com\/de\/wp-json\/wp\/v2\/pages\/1419\/revisions\/1420"}],"wp:attachment":[{"href":"https:\/\/sardiniansoul.dominioswebmed.com\/de\/wp-json\/wp\/v2\/media?parent=1419"}],"curies":[{"name":"wp","href":"https:\/\/api.w.org\/{rel}","templated":true}]}}