{"id":1408,"date":"2024-09-11T18:07:18","date_gmt":"2024-09-11T18:07:18","guid":{"rendered":"https:\/\/sardiniansoul.dominioswebmed.com\/impressum\/"},"modified":"2026-01-12T18:01:37","modified_gmt":"2026-01-12T18:01:37","slug":"impressum","status":"publish","type":"page","link":"https:\/\/sardiniansoul.dominioswebmed.com\/de\/impressum\/","title":{"rendered":"Impressum"},"content":{"rendered":"\t\t<div data-elementor-type=\"wp-page\" data-elementor-id=\"1408\" class=\"elementor elementor-1408 elementor-133\" data-elementor-post-type=\"page\">\n\t\t\t\t<div class=\"elementor-element elementor-element-a5bd677 e-flex e-con-boxed e-con e-parent\" data-id=\"a5bd677\" data-element_type=\"container\" data-settings=\"{&quot;background_background&quot;:&quot;classic&quot;}\">\n\t\t\t\t\t<div class=\"e-con-inner\">\n\t\t<div class=\"elementor-element elementor-element-1047b35 e-con-full e-flex e-con e-child\" data-id=\"1047b35\" data-element_type=\"container\">\n\t\t<div class=\"elementor-element elementor-element-0559752 e-con-full e-flex e-con e-child\" data-id=\"0559752\" data-element_type=\"container\">\n\t\t\t\t<div class=\"elementor-element elementor-element-2bbe722 elementor-icon-list--layout-inline elementor-widget__width-auto elementor-align-right elementor-mobile-align-center elementor-list-item-link-full_width elementor-widget elementor-widget-icon-list\" data-id=\"2bbe722\" data-element_type=\"widget\" data-widget_type=\"icon-list.default\">\n\t\t\t\t<div class=\"elementor-widget-container\">\n\t\t\t\t\t\t\t<ul class=\"elementor-icon-list-items elementor-inline-items\">\n\t\t\t\t\t\t\t<li class=\"elementor-icon-list-item elementor-inline-item\">\n\t\t\t\t\t\t\t\t\t\t\t<a href=\"#\">\n\n\t\t\t\t\t\t\t\t\t\t\t<span class=\"elementor-icon-list-text\">Startseite <\/span>\n\t\t\t\t\t\t\t\t\t\t\t<\/a>\n\t\t\t\t\t\t\t\t\t<\/li>\n\t\t\t\t\t\t\t\t<li class=\"elementor-icon-list-item elementor-inline-item\">\n\t\t\t\t\t\t\t\t\t\t\t<a href=\"#\">\n\n\t\t\t\t\t\t\t\t\t\t\t\t<span class=\"elementor-icon-list-icon\">\n\t\t\t\t\t\t\t<svg aria-hidden=\"true\" class=\"e-font-icon-svg e-fas-minus\" viewBox=\"0 0 448 512\" xmlns=\"http:\/\/www.w3.org\/2000\/svg\"><path d=\"M416 208H32c-17.67 0-32 14.33-32 32v32c0 17.67 14.33 32 32 32h384c17.67 0 32-14.33 32-32v-32c0-17.67-14.33-32-32-32z\"><\/path><\/svg>\t\t\t\t\t\t<\/span>\n\t\t\t\t\t\t\t\t\t\t<span class=\"elementor-icon-list-text\"><\/span>\n\t\t\t\t\t\t\t\t\t\t\t<\/a>\n\t\t\t\t\t\t\t\t\t<\/li>\n\t\t\t\t\t\t<\/ul>\n\t\t\t\t\t\t<\/div>\n\t\t\t\t<\/div>\n\t\t\t\t<\/div>\n\t\t\t\t<\/div>\n\t\t\t\t\t<\/div>\n\t\t\t\t<\/div>\n\t\t<div class=\"elementor-element elementor-element-3a53d5f e-flex e-con-boxed e-con e-parent\" data-id=\"3a53d5f\" data-element_type=\"container\">\n\t\t\t\t\t<div class=\"e-con-inner\">\n\t\t<div class=\"elementor-element elementor-element-aab401a e-con-full e-flex e-con e-child\" data-id=\"aab401a\" data-element_type=\"container\">\n\t\t\t\t<div class=\"elementor-element elementor-element-bae4bfd elementor-widget elementor-widget-text-editor\" data-id=\"bae4bfd\" data-element_type=\"widget\" data-widget_type=\"text-editor.default\">\n\t\t\t\t<div class=\"elementor-widget-container\">\n\t\t\t\t\t\t\t\t\t<p>Diese Website ist ein sicherer Ort. <a href=\"http:\/\/tusitioweb.com\/\">tusitioweb.com<\/a> respektiert die Privatsph\u00e4re seiner Nutzer und hat dieses Portal an das Gesetz 34\/2002 vom 11. Juli \u00fcber die Dienste der Informationsgesellschaft und den elektronischen Handel (LSSI) angepasst.<\/p><p>Aus diesem Grund informieren wir Sie \u00fcber Folgendes:<\/p><ul style=\"margin-left: 50px;\"><li>Firmenname: Reiseberaterin Alma Sarda<\/li><li>Adresse: Santa Cruz de Tenerife, Spanien<\/li><li>CIF\/NIF: X9905279F<\/li><li>Telefon: (+39) 351 937 2669<\/li><li>E-Mail: <a class=\"_mizu194a _1ah31bk5 _ra3xnqa1 _128m1bk5 _1cvmnqa1 _4davt94y _4bfu1r31 _1hms8stv _ajmmnqa1 _vchhusvi _syaz14q2 _ect41gqc _1a3b1r31 _4fpr8stv _5goinqa1 _f8pj14q2 _9oik1r31 _1bnxglyw _jf4cnqa1 _30l314q2 _1nrm1r31 _c2waglyw _1iohnqa1 _9h8h16c2 _1053w7te _1ienw7te _n0fxw7te _1vhvg3x0\" title=\"mailto:danielaspissu@hotmail.com\" href=\"mailto:danielaspissu@hotmail.com\" data-renderer-mark=\"true\" data-is-router-link=\"false\" data-testid=\"link-with-safety\">danielaspissu@hotmail.com<\/a><\/li><li>T\u00e4tigkeit: Fehlende Angabe<\/li><li>Zweck der Webseite: Werbung f\u00fcr (Fehlende Angabe)<\/li><\/ul><p>Diese Website entspricht der DSGVO (EU-Verordnung 2016\/679 zum Schutz personenbezogener Daten) und dem LSSI-CE (Gesetz 34\/2002 vom 11. Juli \u00fcber die Dienste der Informationsgesellschaft und den elektronischen Handel).<\/p><h4><strong>Allgemeine Gesch\u00e4ftsbedingungen des Portals sardiniansoul.com<\/strong><\/h4><p>Die vorliegenden Allgemeinen Gesch\u00e4ftsbedingungen regeln die Nutzung (einschlie\u00dflich des blo\u00dfen Zugriffs) der Webseiten, die Bestandteil der Website sardiniansoul.com sind, einschlie\u00dflich der dort zur Verf\u00fcgung gestellten Inhalte und Dienste.<\/p><p>Jede Person, die auf das Portal sardiniansoul.com zugreift (\u201eNutzer\u201c), erkl\u00e4rt sich damit einverstanden, sich den jeweils g\u00fcltigen Allgemeinen Gesch\u00e4ftsbedingungen zu unterwerfen.<\/p><p>In jedem Fall beh\u00e4lt sich theclover.com das Recht vor, die Darstellung und Konfiguration des Portals sowie die vorliegenden Allgemeinen Gesch\u00e4ftsbedingungen oder die entsprechenden Besonderen Bedingungen jederzeit und ohne vorherige Ank\u00fcndigung zu \u00e4ndern.<\/p><h4><strong>Nutzung des Portals sardiniansoul.com<\/strong><\/h4><p>Sie akzeptieren, dass:<\/p><ol><li>Sie die Website nur f\u00fcr rechtlich zul\u00e4ssige Anfragen oder Antr\u00e4ge nutzen d\u00fcrfen.<\/li><li>Sie keine spekulativen, falschen oder betr\u00fcgerischen Anfragen stellen d\u00fcrfen. Wenn wir hinreichende Gr\u00fcnde f\u00fcr die Annahme haben, dass eine Anfrage dieser Art gestellt wurde, sind wir berechtigt, diese zu annullieren und die zust\u00e4ndigen Beh\u00f6rden zu informieren. <\/li><li>Sie sind au\u00dferdem verpflichtet, uns Ihre E-Mail-Adresse, Postanschrift und\/oder andere Kontaktdaten wahrheitsgem\u00e4\u00df und korrekt anzugeben, und Sie willigen ein, dass wir diese Informationen verwenden d\u00fcrfen, um Sie bei Bedarf zu kontaktieren (siehe unsere Datenschutzerkl\u00e4rung).<\/li><li>Wenn Sie uns nicht alle erforderlichen Informationen zur Verf\u00fcgung stellen, k\u00f6nnen wir Ihre Anfrage nicht bearbeiten.<\/li><li>Der vorliegende Rechtshinweis (im Folgenden \u201eRechtshinweis\u201c) regelt die Nutzung der Website: tusitioweb.com<\/li><\/ol><h4><strong>Datenschutz von sardiniansoul.com<\/strong><\/h4><p>sardiniansoul.com verpflichtet sich, die in der Datei enthaltenen Daten vertraulich zu behandeln und sie in \u00dcbereinstimmung mit dem Zweck der Datei zu verwenden, sowie seine Verpflichtung zu erf\u00fcllen, sie zu speichern und alle Ma\u00dfnahmen zu ergreifen, um Ver\u00e4nderungen, Verlust, Verarbeitung oder unbefugten Zugriff zu verhindern, in \u00dcbereinstimmung mit den Bestimmungen des K\u00f6niglichen Dekrets 1720\/2007 vom 21. Dezember, mit dem die Verordnung zur Durchf\u00fchrung des Organgesetzes 15\/1999 vom 13. Dezember \u00fcber den Schutz personenbezogener Daten genehmigt wird.<\/p><p>sardiniansoul.com wird niemals Daten von Webseiten-Nutzern an Dritte weitergeben, es sei denn, die Nutzer wurden zuvor informiert und wir haben ihre ausdr\u00fcckliche Genehmigung.<\/p><p>Ebenso hat der Nutzer jederzeit Zugang zu seinem privaten Profil und kann die bereitgestellten Informationen \u00e4ndern, bearbeiten oder l\u00f6schen sowie seine Abmeldung direkt oder durch eine Anfrage an <a class=\"_mizu194a _1ah31bk5 _ra3xnqa1 _128m1bk5 _1cvmnqa1 _4davt94y _4bfu1r31 _1hms8stv _ajmmnqa1 _vchhusvi _syaz14q2 _ect41gqc _1a3b1r31 _4fpr8stv _5goinqa1 _f8pj14q2 _9oik1r31 _1bnxglyw _jf4cnqa1 _30l314q2 _1nrm1r31 _c2waglyw _1iohnqa1 _9h8h16c2 _1053w7te _1ienw7te _n0fxw7te _1vhvg3x0\" title=\"mailto:danielaspissu@hotmail.com\" href=\"mailto:danielaspissu@hotmail.com\" data-renderer-mark=\"true\" data-is-router-link=\"false\" data-testid=\"link-with-safety\">danielaspissu@hotmail.com<\/a> verwalten.<\/p><h4><strong>Personenbezogene Daten, die das Portal sardiniansoul.com erfasst und verwaltet<\/strong><\/h4><p>Ihre Daten sind gem\u00e4\u00df unserer Datenschutzrichtlinie und unseren Nutzungsbedingungen gesch\u00fctzt.<\/p><p>Sie verstehen und akzeptieren, dass:<\/p><p>Ab dem Zeitpunkt, an dem Sie uns Ihre Daten \u00fcber das Kontaktformular mitteilen, hat tusitioweb.com Zugriff auf: Ihren Namen und Ihre E-Mail-Adresse.<\/p><p>Der Nutzer hat gem\u00e4\u00df Artikel 5 d) des Organgesetzes \u00fcber den Schutz personenbezogener Daten das Recht auf Zugang, Berichtigung, L\u00f6schung und Widerspruch. Sie k\u00f6nnen diese Rechte aus\u00fcben, indem Sie eine E-Mail von derselben Adresse, die Sie f\u00fcr die Registrierung verwendet haben, an tusitioweb.com senden. <\/p><p>Bei jedem Empfang einer E-Mail hat der Nutzer die M\u00f6glichkeit, seine Rechte auf L\u00f6schung und Berichtigung auszu\u00fcben, indem er auf die Links klickt, die er am Ende der E-Mail findet.<\/p><h4><strong>Nutzung und Zugriff von Nutzern<\/strong><\/h4><p>Der Nutzer wird dar\u00fcber informiert und akzeptiert, dass der Zugriff auf diese Website in keiner Weise den Beginn einer Gesch\u00e4ftsbeziehung mit tusitioweb.com darstellt.<\/p><p>Auf diese Weise verpflichtet sich der Nutzer, die Website, ihre Dienste und Inhalte zu nutzen, ohne gegen geltendes Recht, Treu und Glauben und die \u00f6ffentliche Ordnung zu versto\u00dfen. Die Nutzung der Website f\u00fcr illegale oder sch\u00e4dliche Zwecke oder in einer Weise, die Schaden verursachen oder den normalen Betrieb der Website verhindern k\u00f6nnte, ist untersagt. In Bezug auf die Inhalte dieser Website ist Folgendes untersagt:  <\/p><ul style=\"margin-left: 50px;\"><li>Ihre vollst\u00e4ndige oder teilweise Vervielf\u00e4ltigung, Verbreitung oder \u00c4nderung, es sei denn, es liegt eine Genehmigung der rechtm\u00e4\u00dfigen Eigent\u00fcmer vor;<\/li><li>Jegliche Verletzung der Rechte des Anbieters oder der rechtm\u00e4\u00dfigen Eigent\u00fcmer;<\/li><li>Ihre Nutzung f\u00fcr kommerzielle oder Werbezwecke.<\/li><\/ul><h4><strong>Rechte an geistigem und gewerblichem Eigentum<\/strong><\/h4><p>Durch diese Allgemeinen Gesch\u00e4ftsbedingungen wird kein Recht an geistigem oder gewerblichem Eigentum an dem Portal sardiniansoul.com oder an einem seiner Bestandteile \u00fcbertragen, wobei dem Nutzer die Vervielf\u00e4ltigung, Umwandlung, Verbreitung, \u00f6ffentliche Bekanntmachung, Bereitstellung f\u00fcr die \u00d6ffentlichkeit, Entnahme, Wiederverwendung, Weiterleitung oder Nutzung jeglicher Art, mit welchen Mitteln oder Verfahren auch immer, ausdr\u00fccklich untersagt ist, es sei denn, dies ist gesetzlich zul\u00e4ssig oder wird vom Inhaber der entsprechenden Rechte genehmigt.<\/p><p>Der Nutzer erkennt an und akzeptiert, dass die gesamte Website, einschlie\u00dflich, aber nicht beschr\u00e4nkt auf Texte, Software, Inhalte (einschlie\u00dflich Struktur, Auswahl, Anordnung und Pr\u00e4sentation derselben), Fotos, audiovisuelles Material und Grafiken, durch Marken, Urheberrechte und andere rechtm\u00e4\u00dfige eingetragene Rechte gem\u00e4\u00df den internationalen Vertr\u00e4gen, denen Spanien angeh\u00f6rt, und anderen Eigentumsrechten und Gesetzen Spaniens gesch\u00fctzt ist.<\/p><h4><strong>Links<\/strong><\/h4><p>Die Seiten des Portals tusitioweb.com enthalten Links zu anderen Webseiten und Inhalten, die Eigentum Dritter sind, wie z. B. soziale Netzwerke zum Teilen von Inhalten. Der einzige Zweck der Links ist es, dem Nutzer die M\u00f6glichkeit zu geben, auf diese Links zuzugreifen, obwohl tusitioweb.com die auf den verlinkten Seiten verf\u00fcgbaren Informationen, Inhalte und Dienste weder selbst noch \u00fcber Dritte anbietet oder vermarktet, noch die Inhalte und Dienste und jegliches Material jeglicher Art, das auf diesen Seiten vorhanden ist, in irgendeiner Weise billigt, \u00fcberwacht oder kontrolliert. <\/p><p>theclover.com haftet in keinem Fall f\u00fcr die Ergebnisse, die sich f\u00fcr den Nutzer aus dem Zugriff auf diese Links ergeben k\u00f6nnen.<\/p><p>Nutzer, die beabsichtigen, von ihrer Website aus ein technisches Ger\u00e4t zur Verlinkung mit dem Portal einzurichten, m\u00fcssen die vorherige schriftliche Genehmigung von tusitioweb.com einholen. Die Einrichtung des Links impliziert in keinem Fall das Bestehen von Beziehungen zwischen tusitioweb.com und dem Eigent\u00fcmer der Website, auf der der Link eingerichtet wird, noch die Akzeptanz oder Billigung ihrer Inhalte oder Dienste durch tusitioweb.com.<\/p><h4><strong>Ausschluss von Garantien und Haftung<\/strong><\/h4><p>tusitioweb.com \u00fcbernimmt keine Garantie und haftet in keinem Fall f\u00fcr Sch\u00e4den jeglicher Art, die auf Folgendes zur\u00fcckzuf\u00fchren sind:<\/p><ul style=\"margin-left: 50px;\"><li>die mangelnde Verf\u00fcgbarkeit, Wartung und effektive Funktion der Website oder ihrer Dienste und Inhalte;<\/li><li>das Vorhandensein von Viren, b\u00f6sartigen oder sch\u00e4dlichen Programmen in den Inhalten;<\/li><li>Die illegale, fahrl\u00e4ssige, betr\u00fcgerische oder gegen diesen Rechtshinweis versto\u00dfende Nutzung;<\/li><li>Die mangelnde Rechtm\u00e4\u00dfigkeit, Qualit\u00e4t, Zuverl\u00e4ssigkeit, N\u00fctzlichkeit und Verf\u00fcgbarkeit der von Dritten erbrachten Dienstleistungen, die den Nutzern auf der Website zur Verf\u00fcgung gestellt werden.<\/li><\/ul><p>Der Anbieter haftet unter keinen Umst\u00e4nden f\u00fcr Sch\u00e4den, die aus der illegalen oder unsachgem\u00e4\u00dfen Nutzung dieser Webseite entstehen k\u00f6nnen.<\/p><h4><strong>Gesetzgebung<\/strong><\/h4><p>Im Allgemeinen unterliegen die Beziehungen zwischen tusitioweb.com und den Nutzern seiner Telematikdienste, die auf dieser Website vorhanden sind, der spanischen Gesetzgebung und Gerichtsbarkeit.<\/p><h4><strong>Kontaktadressen<\/strong><\/h4><p>Wenn ein Nutzer Fragen zu diesen Allgemeinen Gesch\u00e4ftsbedingungen oder Anmerkungen zum Portal sardiniansoul.com hat, wenden Sie sich bitte an <a class=\"_mizu194a _1ah31bk5 _ra3xnqa1 _128m1bk5 _1cvmnqa1 _4davt94y _4bfu1r31 _1hms8stv _ajmmnqa1 _vchhusvi _syaz14q2 _ect41gqc _1a3b1r31 _4fpr8stv _5goinqa1 _f8pj14q2 _9oik1r31 _1bnxglyw _jf4cnqa1 _30l314q2 _1nrm1r31 _c2waglyw _1iohnqa1 _9h8h16c2 _1053w7te _1ienw7te _n0fxw7te _1vhvg3x0\" title=\"mailto:danielaspissu@hotmail.com\" href=\"mailto:danielaspissu@hotmail.com\" data-renderer-mark=\"true\" data-is-router-link=\"false\" data-testid=\"link-with-safety\">danielaspissu@hotmail.com<\/a><\/p>\t\t\t\t\t\t\t\t<\/div>\n\t\t\t\t<\/div>\n\t\t\t\t<\/div>\n\t\t\t\t\t<\/div>\n\t\t\t\t<\/div>\n\t\t\t\t<\/div>\n\t\t","protected":false},"excerpt":{"rendered":"<p>Startseite Diese Website ist ein sicherer Ort. tusitioweb.com respektiert die Privatsph\u00e4re seiner Nutzer und hat dieses Portal an das Gesetz 34\/2002 vom 11. Juli \u00fcber die Dienste der Informationsgesellschaft und den elektronischen Handel (LSSI) angepasst. Aus diesem Grund informieren wir Sie \u00fcber Folgendes: Firmenname: Reiseberaterin Alma Sarda Adresse: Santa Cruz de Tenerife, Spanien CIF\/NIF: X9905279F [&hellip;]<\/p>\n","protected":false},"author":2,"featured_media":0,"parent":0,"menu_order":0,"comment_status":"closed","ping_status":"closed","template":"","meta":{"footnotes":""},"class_list":["post-1408","page","type-page","status-publish","hentry"],"yoast_head":"<!-- This site is optimized with the Yoast SEO plugin v25.3 - https:\/\/yoast.com\/wordpress\/plugins\/seo\/ -->\n<title>Impressum - Travel Advisor Sardinian Soul<\/title>\n<meta name=\"robots\" content=\"index, follow, max-snippet:-1, max-image-preview:large, max-video-preview:-1\" \/>\n<link rel=\"canonical\" href=\"https:\/\/sardiniansoul.dominioswebmed.com\/de\/impressum\/\" \/>\n<meta property=\"og:locale\" content=\"de_DE\" \/>\n<meta property=\"og:type\" content=\"article\" \/>\n<meta property=\"og:title\" content=\"Impressum - Travel Advisor Sardinian Soul\" \/>\n<meta property=\"og:description\" content=\"Startseite Diese Website ist ein sicherer Ort. tusitioweb.com respektiert die Privatsph\u00e4re seiner Nutzer und hat dieses Portal an das Gesetz 34\/2002 vom 11. Juli \u00fcber die Dienste der Informationsgesellschaft und den elektronischen Handel (LSSI) angepasst. Aus diesem Grund informieren wir Sie \u00fcber Folgendes: Firmenname: Reiseberaterin Alma Sarda Adresse: Santa Cruz de Tenerife, Spanien CIF\/NIF: X9905279F [&hellip;]\" \/>\n<meta property=\"og:url\" content=\"https:\/\/sardiniansoul.dominioswebmed.com\/de\/impressum\/\" \/>\n<meta property=\"og:site_name\" content=\"Travel Advisor Sardinian Soul\" \/>\n<meta property=\"article:modified_time\" content=\"2026-01-12T18:01:37+00:00\" \/>\n<meta name=\"twitter:card\" content=\"summary_large_image\" \/>\n<meta name=\"twitter:label1\" content=\"Gesch\u00e4tzte Lesezeit\" \/>\n\t<meta name=\"twitter:data1\" content=\"6\u00a0Minuten\" \/>\n<script type=\"application\/ld+json\" class=\"yoast-schema-graph\">{\"@context\":\"https:\/\/schema.org\",\"@graph\":[{\"@type\":\"WebPage\",\"@id\":\"https:\/\/sardiniansoul.dominioswebmed.com\/de\/impressum\/\",\"url\":\"https:\/\/sardiniansoul.dominioswebmed.com\/de\/impressum\/\",\"name\":\"Impressum - Travel Advisor Sardinian Soul\",\"isPartOf\":{\"@id\":\"https:\/\/sardiniansoul.dominioswebmed.com\/de\/#website\"},\"datePublished\":\"2024-09-11T18:07:18+00:00\",\"dateModified\":\"2026-01-12T18:01:37+00:00\",\"breadcrumb\":{\"@id\":\"https:\/\/sardiniansoul.dominioswebmed.com\/de\/impressum\/#breadcrumb\"},\"inLanguage\":\"de\",\"potentialAction\":[{\"@type\":\"ReadAction\",\"target\":[\"https:\/\/sardiniansoul.dominioswebmed.com\/de\/impressum\/\"]}]},{\"@type\":\"BreadcrumbList\",\"@id\":\"https:\/\/sardiniansoul.dominioswebmed.com\/de\/impressum\/#breadcrumb\",\"itemListElement\":[{\"@type\":\"ListItem\",\"position\":1,\"name\":\"Startseite\",\"item\":\"https:\/\/sardiniansoul.dominioswebmed.com\/de\/home\/\"},{\"@type\":\"ListItem\",\"position\":2,\"name\":\"Impressum\"}]},{\"@type\":\"WebSite\",\"@id\":\"https:\/\/sardiniansoul.dominioswebmed.com\/de\/#website\",\"url\":\"https:\/\/sardiniansoul.dominioswebmed.com\/de\/\",\"name\":\"Travel Advisor Sardinian Soul\",\"description\":\"Tu viaje so\u00f1ado, dise\u00f1ado a medida\",\"potentialAction\":[{\"@type\":\"SearchAction\",\"target\":{\"@type\":\"EntryPoint\",\"urlTemplate\":\"https:\/\/sardiniansoul.dominioswebmed.com\/de\/?s={search_term_string}\"},\"query-input\":{\"@type\":\"PropertyValueSpecification\",\"valueRequired\":true,\"valueName\":\"search_term_string\"}}],\"inLanguage\":\"de\"}]}<\/script>\n<!-- \/ Yoast SEO plugin. -->","yoast_head_json":{"title":"Impressum - Travel Advisor Sardinian Soul","robots":{"index":"index","follow":"follow","max-snippet":"max-snippet:-1","max-image-preview":"max-image-preview:large","max-video-preview":"max-video-preview:-1"},"canonical":"https:\/\/sardiniansoul.dominioswebmed.com\/de\/impressum\/","og_locale":"de_DE","og_type":"article","og_title":"Impressum - Travel Advisor Sardinian Soul","og_description":"Startseite Diese Website ist ein sicherer Ort. tusitioweb.com respektiert die Privatsph\u00e4re seiner Nutzer und hat dieses Portal an das Gesetz 34\/2002 vom 11. Juli \u00fcber die Dienste der Informationsgesellschaft und den elektronischen Handel (LSSI) angepasst. Aus diesem Grund informieren wir Sie \u00fcber Folgendes: Firmenname: Reiseberaterin Alma Sarda Adresse: Santa Cruz de Tenerife, Spanien CIF\/NIF: X9905279F [&hellip;]","og_url":"https:\/\/sardiniansoul.dominioswebmed.com\/de\/impressum\/","og_site_name":"Travel Advisor Sardinian Soul","article_modified_time":"2026-01-12T18:01:37+00:00","twitter_card":"summary_large_image","twitter_misc":{"Gesch\u00e4tzte Lesezeit":"6\u00a0Minuten"},"schema":{"@context":"https:\/\/schema.org","@graph":[{"@type":"WebPage","@id":"https:\/\/sardiniansoul.dominioswebmed.com\/de\/impressum\/","url":"https:\/\/sardiniansoul.dominioswebmed.com\/de\/impressum\/","name":"Impressum - Travel Advisor Sardinian Soul","isPartOf":{"@id":"https:\/\/sardiniansoul.dominioswebmed.com\/de\/#website"},"datePublished":"2024-09-11T18:07:18+00:00","dateModified":"2026-01-12T18:01:37+00:00","breadcrumb":{"@id":"https:\/\/sardiniansoul.dominioswebmed.com\/de\/impressum\/#breadcrumb"},"inLanguage":"de","potentialAction":[{"@type":"ReadAction","target":["https:\/\/sardiniansoul.dominioswebmed.com\/de\/impressum\/"]}]},{"@type":"BreadcrumbList","@id":"https:\/\/sardiniansoul.dominioswebmed.com\/de\/impressum\/#breadcrumb","itemListElement":[{"@type":"ListItem","position":1,"name":"Startseite","item":"https:\/\/sardiniansoul.dominioswebmed.com\/de\/home\/"},{"@type":"ListItem","position":2,"name":"Impressum"}]},{"@type":"WebSite","@id":"https:\/\/sardiniansoul.dominioswebmed.com\/de\/#website","url":"https:\/\/sardiniansoul.dominioswebmed.com\/de\/","name":"Travel Advisor Sardinian Soul","description":"Tu viaje so\u00f1ado, dise\u00f1ado a medida","potentialAction":[{"@type":"SearchAction","target":{"@type":"EntryPoint","urlTemplate":"https:\/\/sardiniansoul.dominioswebmed.com\/de\/?s={search_term_string}"},"query-input":{"@type":"PropertyValueSpecification","valueRequired":true,"valueName":"search_term_string"}}],"inLanguage":"de"}]}},"_links":{"self":[{"href":"https:\/\/sardiniansoul.dominioswebmed.com\/de\/wp-json\/wp\/v2\/pages\/1408","targetHints":{"allow":["GET"]}}],"collection":[{"href":"https:\/\/sardiniansoul.dominioswebmed.com\/de\/wp-json\/wp\/v2\/pages"}],"about":[{"href":"https:\/\/sardiniansoul.dominioswebmed.com\/de\/wp-json\/wp\/v2\/types\/page"}],"author":[{"embeddable":true,"href":"https:\/\/sardiniansoul.dominioswebmed.com\/de\/wp-json\/wp\/v2\/users\/2"}],"replies":[{"embeddable":true,"href":"https:\/\/sardiniansoul.dominioswebmed.com\/de\/wp-json\/wp\/v2\/comments?post=1408"}],"version-history":[{"count":1,"href":"https:\/\/sardiniansoul.dominioswebmed.com\/de\/wp-json\/wp\/v2\/pages\/1408\/revisions"}],"predecessor-version":[{"id":1411,"href":"https:\/\/sardiniansoul.dominioswebmed.com\/de\/wp-json\/wp\/v2\/pages\/1408\/revisions\/1411"}],"wp:attachment":[{"href":"https:\/\/sardiniansoul.dominioswebmed.com\/de\/wp-json\/wp\/v2\/media?parent=1408"}],"curies":[{"name":"wp","href":"https:\/\/api.w.org\/{rel}","templated":true}]}}