{"id":1365,"date":"2024-09-11T18:14:54","date_gmt":"2024-09-11T18:14:54","guid":{"rendered":"https:\/\/sardiniansoul.dominioswebmed.com\/datenschutzbestimmungen\/"},"modified":"2026-01-12T18:01:37","modified_gmt":"2026-01-12T18:01:37","slug":"datenschutzbestimmungen","status":"publish","type":"page","link":"https:\/\/sardiniansoul.dominioswebmed.com\/de\/datenschutzbestimmungen\/","title":{"rendered":"Datenschutzbestimmungen"},"content":{"rendered":"\t\t<div data-elementor-type=\"wp-page\" data-elementor-id=\"1365\" class=\"elementor elementor-1365 elementor-138\" data-elementor-post-type=\"page\">\n\t\t\t\t<div class=\"elementor-element elementor-element-a5bd677 e-flex e-con-boxed e-con e-parent\" data-id=\"a5bd677\" data-element_type=\"container\" data-settings=\"{&quot;background_background&quot;:&quot;classic&quot;}\">\n\t\t\t\t\t<div class=\"e-con-inner\">\n\t\t<div class=\"elementor-element elementor-element-1047b35 e-con-full e-flex e-con e-child\" data-id=\"1047b35\" data-element_type=\"container\">\n\t\t<div class=\"elementor-element elementor-element-0559752 e-con-full e-flex e-con e-child\" data-id=\"0559752\" data-element_type=\"container\">\n\t\t\t\t<div class=\"elementor-element elementor-element-2bbe722 elementor-icon-list--layout-inline elementor-widget__width-auto elementor-align-right elementor-mobile-align-center elementor-list-item-link-full_width elementor-widget elementor-widget-icon-list\" data-id=\"2bbe722\" data-element_type=\"widget\" data-widget_type=\"icon-list.default\">\n\t\t\t\t<div class=\"elementor-widget-container\">\n\t\t\t\t\t\t\t<ul class=\"elementor-icon-list-items elementor-inline-items\">\n\t\t\t\t\t\t\t<li class=\"elementor-icon-list-item elementor-inline-item\">\n\t\t\t\t\t\t\t\t\t\t\t<a href=\"#\">\n\n\t\t\t\t\t\t\t\t\t\t\t<span class=\"elementor-icon-list-text\">Home <\/span>\n\t\t\t\t\t\t\t\t\t\t\t<\/a>\n\t\t\t\t\t\t\t\t\t<\/li>\n\t\t\t\t\t\t\t\t<li class=\"elementor-icon-list-item elementor-inline-item\">\n\t\t\t\t\t\t\t\t\t\t\t<a href=\"#\">\n\n\t\t\t\t\t\t\t\t\t\t\t\t<span class=\"elementor-icon-list-icon\">\n\t\t\t\t\t\t\t<svg aria-hidden=\"true\" class=\"e-font-icon-svg e-fas-minus\" viewBox=\"0 0 448 512\" xmlns=\"http:\/\/www.w3.org\/2000\/svg\"><path d=\"M416 208H32c-17.67 0-32 14.33-32 32v32c0 17.67 14.33 32 32 32h384c17.67 0 32-14.33 32-32v-32c0-17.67-14.33-32-32-32z\"><\/path><\/svg>\t\t\t\t\t\t<\/span>\n\t\t\t\t\t\t\t\t\t\t<span class=\"elementor-icon-list-text\"><\/span>\n\t\t\t\t\t\t\t\t\t\t\t<\/a>\n\t\t\t\t\t\t\t\t\t<\/li>\n\t\t\t\t\t\t<\/ul>\n\t\t\t\t\t\t<\/div>\n\t\t\t\t<\/div>\n\t\t\t\t<\/div>\n\t\t\t\t<\/div>\n\t\t\t\t\t<\/div>\n\t\t\t\t<\/div>\n\t\t<div class=\"elementor-element elementor-element-3a53d5f e-flex e-con-boxed e-con e-parent\" data-id=\"3a53d5f\" data-element_type=\"container\">\n\t\t\t\t\t<div class=\"e-con-inner\">\n\t\t<div class=\"elementor-element elementor-element-aab401a e-con-full e-flex e-con e-child\" data-id=\"aab401a\" data-element_type=\"container\">\n\t\t\t\t<div class=\"elementor-element elementor-element-bae4bfd elementor-widget elementor-widget-text-editor\" data-id=\"bae4bfd\" data-element_type=\"widget\" data-widget_type=\"text-editor.default\">\n\t\t\t\t<div class=\"elementor-widget-container\">\n\t\t\t\t\t\t\t\t\t<h4><strong>Datenschutzbestimmungen<\/strong><\/h4><p>In diesem Dokument informieren wir dich \u00fcber die Gr\u00fcnde, aus denen wir deine pers\u00f6nlichen Daten erfassen, was wir mit diesen Daten tun, welche Rechte du hast und wie du diese aus\u00fcben kannst.<\/p><h4><strong>Verantwortlicher f\u00fcr deine pers\u00f6nlichen Daten.<\/strong><\/h4><p>Identit\u00e4t: DANIELA SPISSU \/ X9905279F<\/p><p>Adresse: Santa Cruz de Tenerife, Spanien<\/p><p>Telefon: (+39) 351 937 2669<\/p><p>E-Mail: <a class=\"_mizu194a _1ah31bk5 _ra3xnqa1 _128m1bk5 _1cvmnqa1 _4davt94y _4bfu1r31 _1hms8stv _ajmmnqa1 _vchhusvi _syaz14q2 _ect41gqc _1a3b1r31 _4fpr8stv _5goinqa1 _f8pj14q2 _9oik1r31 _1bnxglyw _jf4cnqa1 _30l314q2 _1nrm1r31 _c2waglyw _1iohnqa1 _9h8h16c2 _1053w7te _1ienw7te _n0fxw7te _1vhvg3x0\" title=\"mailto:danielaspissu@hotmail.com\" href=\"mailto:danielaspissu@hotmail.com\" data-renderer-mark=\"true\" data-is-router-link=\"false\" data-testid=\"link-with-safety\">danielaspissu@hotmail.com<\/a><\/p><h4><strong>Wof\u00fcr erfassen wir deine pers\u00f6nlichen Daten?<\/strong><\/h4><p>Bei <a class=\"_mizu194a _1ah31bk5 _ra3xnqa1 _128m1bk5 _1cvmnqa1 _4davt94y _4bfu1r31 _1hms8stv _ajmmnqa1 _vchhusvi _syaz14q2 _ect41gqc _1a3b1r31 _4fpr8stv _5goinqa1 _f8pj14q2 _9oik1r31 _1bnxglyw _jf4cnqa1 _30l314q2 _1nrm1r31 _c2waglyw _1iohnqa1 _9h8h16c2 _1053w7te _1ienw7te _n0fxw7te _1vhvg3x0\" title=\"mailto:danielaspissu@hotmail.com\" href=\"mailto:danielaspissu@hotmail.com\" data-renderer-mark=\"true\" data-is-router-link=\"false\" data-testid=\"link-with-safety\">danielaspissu@hotmail.com<\/a> erfassen und verarbeiten wir die Informationen, die du uns zur Verf\u00fcgung stellst, um die Fragen zu beantworten, die du uns \u00fcber unsere Kontakt- und Kommentarformulare stellst, und um dir Informationen zukommen zu lassen, die f\u00fcr dich \u00fcber unsere Kommunikationskan\u00e4le von Interesse sind.<\/p><p>Wir speichern diese Informationen, solange du nicht verlangst, dass wir sie l\u00f6schen.<\/p><h4><strong>Welche sind die Rechtsgrundlagen f\u00fcr die Verarbeitung deiner Daten?<\/strong><\/h4><p>Die Rechtsgrundlagen f\u00fcr die Verarbeitung deiner Daten sind die folgenden:<\/p><p>Erf\u00fcllung des Abonnementvertrags, um dir Informationen zukommen zu lassen, die f\u00fcr dich \u00fcber unsere Kommunikationskan\u00e4le von Interesse sind.<\/p><p>Einholung deiner Einwilligung, um die Fragen zu beantworten, die du uns \u00fcber unsere Kontakt- und Kommentarformulare stellst.<\/p><p>Denke daran, dass du nicht verpflichtet bist, uns deine Einwilligung zur Verarbeitung deiner Daten zu geben, aber wenn du dies nicht tust, kann <a class=\"_mizu194a _1ah31bk5 _ra3xnqa1 _128m1bk5 _1cvmnqa1 _4davt94y _4bfu1r31 _1hms8stv _ajmmnqa1 _vchhusvi _syaz14q2 _ect41gqc _1a3b1r31 _4fpr8stv _5goinqa1 _f8pj14q2 _9oik1r31 _1bnxglyw _jf4cnqa1 _30l314q2 _1nrm1r31 _c2waglyw _1iohnqa1 _9h8h16c2 _1053w7te _1ienw7te _n0fxw7te _1vhvg3x0\" title=\"mailto:danielaspissu@hotmail.com\" href=\"mailto:danielaspissu@hotmail.com\" data-renderer-mark=\"true\" data-is-router-link=\"false\" data-testid=\"link-with-safety\">danielaspissu@hotmail.com<\/a> dir keine Informationen zukommen lassen, die f\u00fcr dich \u00fcber unsere Kommunikationskan\u00e4le von Interesse sind.<\/p><h4><strong>An wen k\u00f6nnen deine pers\u00f6nlichen Daten weitergegeben werden?<\/strong><\/h4><p>Damit wir dir qualitativ hochwertigere Dienstleistungen anbieten und unsere steuerlichen Verpflichtungen erf\u00fcllen k\u00f6nnen, teilen wir dir mit, dass die Daten, die du uns zur Verf\u00fcgung stellst, an folgende Unternehmen weitergegeben werden k\u00f6nnen:<\/p><p><a href=\"https:\/\/www.siteground.es\/\">Siteground<\/a> mit Sitz in C\/Serrano 1, 5\u00ba, zust\u00e4ndig f\u00fcr die Bereitstellung des Hostings und der Domain f\u00fcr diese Website.<\/p><p><a href=\"https:\/\/google.com\/\">Google LLC<\/a>, zust\u00e4ndig f\u00fcr die Erfassung von Analysen dieser Website und unterliegt der Vereinbarung <a href=\"https:\/\/www.privacyshield.gov\/participant?id=a2zt000000001L5AAI&amp;status=Active\">EU-US Privacy Shield<\/a>.<\/p><h4><strong>Welche Rechte hast du an deinen Daten?<\/strong><\/h4><p>Dies sind die Rechte, die du in Bezug auf deine pers\u00f6nlichen Daten aus\u00fcben kannst:<\/p><p>Recht auf Antrag auf Zugang zu deinen pers\u00f6nlichen Daten.<\/p><p>Recht auf Antrag auf Berichtigung oder L\u00f6schung.<\/p><p>Recht auf Antrag auf Einschr\u00e4nkung der Verarbeitung.<\/p><p>Recht auf Widerspruch gegen die Verarbeitung.<\/p><p>Um deine oben genannten Rechte auszu\u00fcben, kannst du uns eine E-Mail an <a class=\"_mizu194a _1ah31bk5 _ra3xnqa1 _128m1bk5 _1cvmnqa1 _4davt94y _4bfu1r31 _1hms8stv _ajmmnqa1 _vchhusvi _syaz14q2 _ect41gqc _1a3b1r31 _4fpr8stv _5goinqa1 _f8pj14q2 _9oik1r31 _1bnxglyw _jf4cnqa1 _30l314q2 _1nrm1r31 _c2waglyw _1iohnqa1 _9h8h16c2 _1053w7te _1ienw7te _n0fxw7te _1vhvg3x0\" title=\"mailto:danielaspissu@hotmail.com\" href=\"mailto:danielaspissu@hotmail.com\" data-renderer-mark=\"true\" data-is-router-link=\"false\" data-testid=\"link-with-safety\">danielaspissu@hotmail.com<\/a> senden, in der du im Betreff \u201eDATENSCHUTZ\u201c angibst und eine Fotokopie deines Personalausweises oder eines anderen gleichwertigen Ausweisdokuments beif\u00fcgst.<\/p><h4><strong>Kann ich die Einwilligung widerrufen?<\/strong><\/h4><p>Du hast das Recht, die Einwilligung f\u00fcr jeden einzelnen Zweck, f\u00fcr den sie erteilt wurde, jederzeit zu widerrufen, ohne dass dies die Rechtm\u00e4\u00dfigkeit der aufgrund der Einwilligung bis zum Widerruf erfolgten Verarbeitung ber\u00fchrt.<\/p><h4><strong>Wo kann ich mich beschweren, wenn ich der Meinung bin, dass meine Daten nicht korrekt verarbeitet werden?<\/strong><\/h4><p>Wenn du der Meinung bist, dass deine Daten nicht korrekt verarbeitet werden, kannst du deine Beschwerden an die E-Mail-Adresse <a class=\"_mizu194a _1ah31bk5 _ra3xnqa1 _128m1bk5 _1cvmnqa1 _4davt94y _4bfu1r31 _1hms8stv _ajmmnqa1 _vchhusvi _syaz14q2 _ect41gqc _1a3b1r31 _4fpr8stv _5goinqa1 _f8pj14q2 _9oik1r31 _1bnxglyw _jf4cnqa1 _30l314q2 _1nrm1r31 _c2waglyw _1iohnqa1 _9h8h16c2 _1053w7te _1ienw7te _n0fxw7te _1vhvg3x0\" title=\"mailto:danielaspissu@hotmail.com\" href=\"mailto:danielaspissu@hotmail.com\" data-renderer-mark=\"true\" data-is-router-link=\"false\" data-testid=\"link-with-safety\">danielaspissu@hotmail.com<\/a> oder an die spanische Datenschutzbeh\u00f6rde (<a href=\"http:\/\/www.agpd.es\/\">AEPD<\/a>) richten.<\/p><h4><strong>Sicherheit und Aktualisierung deiner pers\u00f6nlichen Daten<\/strong><\/h4><p>Um die Sicherheit deiner pers\u00f6nlichen Daten zu gew\u00e4hrleisten, informieren wir dich, dass wir bei espanolo.com alle notwendigen technischen und organisatorischen Ma\u00dfnahmen ergriffen haben, um die Sicherheit deiner pers\u00f6nlichen Daten zu gew\u00e4hrleisten. Um deren Ver\u00e4nderung, Verlust oder unbefugten Zugriff zu verhindern, wie es das Gesetz verlangt, wobei wir davon ausgehen, dass es keine absolute Sicherheit gibt. <\/p><p>Um deine pers\u00f6nlichen Daten auf dem neuesten Stand zu halten, bitten wir dich, uns zu informieren, wenn es \u00c4nderungen an diesen gibt.<\/p>\t\t\t\t\t\t\t\t<\/div>\n\t\t\t\t<\/div>\n\t\t\t\t<\/div>\n\t\t\t\t\t<\/div>\n\t\t\t\t<\/div>\n\t\t\t\t<\/div>\n\t\t","protected":false},"excerpt":{"rendered":"<p>Home Datenschutzbestimmungen In diesem Dokument informieren wir dich \u00fcber die Gr\u00fcnde, aus denen wir deine pers\u00f6nlichen Daten erfassen, was wir mit diesen Daten tun, welche Rechte du hast und wie du diese aus\u00fcben kannst. Verantwortlicher f\u00fcr deine pers\u00f6nlichen Daten. Identit\u00e4t: DANIELA SPISSU \/ X9905279F Adresse: Santa Cruz de Tenerife, Spanien Telefon: (+39) 351 937 2669 [&hellip;]<\/p>\n","protected":false},"author":2,"featured_media":0,"parent":0,"menu_order":0,"comment_status":"closed","ping_status":"closed","template":"","meta":{"footnotes":""},"class_list":["post-1365","page","type-page","status-publish","hentry"],"yoast_head":"<!-- This site is optimized with the Yoast SEO plugin v25.3 - https:\/\/yoast.com\/wordpress\/plugins\/seo\/ -->\n<title>Datenschutzbestimmungen - Travel Advisor Sardinian Soul<\/title>\n<meta name=\"robots\" content=\"index, follow, max-snippet:-1, max-image-preview:large, max-video-preview:-1\" \/>\n<link rel=\"canonical\" href=\"https:\/\/sardiniansoul.dominioswebmed.com\/de\/datenschutzbestimmungen\/\" \/>\n<meta property=\"og:locale\" content=\"de_DE\" \/>\n<meta property=\"og:type\" content=\"article\" \/>\n<meta property=\"og:title\" content=\"Datenschutzbestimmungen - Travel Advisor Sardinian Soul\" \/>\n<meta property=\"og:description\" content=\"Home Datenschutzbestimmungen In diesem Dokument informieren wir dich \u00fcber die Gr\u00fcnde, aus denen wir deine pers\u00f6nlichen Daten erfassen, was wir mit diesen Daten tun, welche Rechte du hast und wie du diese aus\u00fcben kannst. Verantwortlicher f\u00fcr deine pers\u00f6nlichen Daten. Identit\u00e4t: DANIELA SPISSU \/ X9905279F Adresse: Santa Cruz de Tenerife, Spanien Telefon: (+39) 351 937 2669 [&hellip;]\" \/>\n<meta property=\"og:url\" content=\"https:\/\/sardiniansoul.dominioswebmed.com\/de\/datenschutzbestimmungen\/\" \/>\n<meta property=\"og:site_name\" content=\"Travel Advisor Sardinian Soul\" \/>\n<meta property=\"article:modified_time\" content=\"2026-01-12T18:01:37+00:00\" \/>\n<meta name=\"twitter:card\" content=\"summary_large_image\" \/>\n<meta name=\"twitter:label1\" content=\"Gesch\u00e4tzte Lesezeit\" \/>\n\t<meta name=\"twitter:data1\" content=\"3\u00a0Minuten\" \/>\n<script type=\"application\/ld+json\" class=\"yoast-schema-graph\">{\"@context\":\"https:\/\/schema.org\",\"@graph\":[{\"@type\":\"WebPage\",\"@id\":\"https:\/\/sardiniansoul.dominioswebmed.com\/de\/datenschutzbestimmungen\/\",\"url\":\"https:\/\/sardiniansoul.dominioswebmed.com\/de\/datenschutzbestimmungen\/\",\"name\":\"Datenschutzbestimmungen - Travel Advisor Sardinian Soul\",\"isPartOf\":{\"@id\":\"https:\/\/sardiniansoul.dominioswebmed.com\/de\/#website\"},\"datePublished\":\"2024-09-11T18:14:54+00:00\",\"dateModified\":\"2026-01-12T18:01:37+00:00\",\"breadcrumb\":{\"@id\":\"https:\/\/sardiniansoul.dominioswebmed.com\/de\/datenschutzbestimmungen\/#breadcrumb\"},\"inLanguage\":\"de\",\"potentialAction\":[{\"@type\":\"ReadAction\",\"target\":[\"https:\/\/sardiniansoul.dominioswebmed.com\/de\/datenschutzbestimmungen\/\"]}]},{\"@type\":\"BreadcrumbList\",\"@id\":\"https:\/\/sardiniansoul.dominioswebmed.com\/de\/datenschutzbestimmungen\/#breadcrumb\",\"itemListElement\":[{\"@type\":\"ListItem\",\"position\":1,\"name\":\"Startseite\",\"item\":\"https:\/\/sardiniansoul.dominioswebmed.com\/de\/home\/\"},{\"@type\":\"ListItem\",\"position\":2,\"name\":\"Datenschutzbestimmungen\"}]},{\"@type\":\"WebSite\",\"@id\":\"https:\/\/sardiniansoul.dominioswebmed.com\/de\/#website\",\"url\":\"https:\/\/sardiniansoul.dominioswebmed.com\/de\/\",\"name\":\"Travel Advisor Sardinian Soul\",\"description\":\"Tu viaje so\u00f1ado, dise\u00f1ado a medida\",\"potentialAction\":[{\"@type\":\"SearchAction\",\"target\":{\"@type\":\"EntryPoint\",\"urlTemplate\":\"https:\/\/sardiniansoul.dominioswebmed.com\/de\/?s={search_term_string}\"},\"query-input\":{\"@type\":\"PropertyValueSpecification\",\"valueRequired\":true,\"valueName\":\"search_term_string\"}}],\"inLanguage\":\"de\"}]}<\/script>\n<!-- \/ Yoast SEO plugin. -->","yoast_head_json":{"title":"Datenschutzbestimmungen - Travel Advisor Sardinian Soul","robots":{"index":"index","follow":"follow","max-snippet":"max-snippet:-1","max-image-preview":"max-image-preview:large","max-video-preview":"max-video-preview:-1"},"canonical":"https:\/\/sardiniansoul.dominioswebmed.com\/de\/datenschutzbestimmungen\/","og_locale":"de_DE","og_type":"article","og_title":"Datenschutzbestimmungen - Travel Advisor Sardinian Soul","og_description":"Home Datenschutzbestimmungen In diesem Dokument informieren wir dich \u00fcber die Gr\u00fcnde, aus denen wir deine pers\u00f6nlichen Daten erfassen, was wir mit diesen Daten tun, welche Rechte du hast und wie du diese aus\u00fcben kannst. Verantwortlicher f\u00fcr deine pers\u00f6nlichen Daten. Identit\u00e4t: DANIELA SPISSU \/ X9905279F Adresse: Santa Cruz de Tenerife, Spanien Telefon: (+39) 351 937 2669 [&hellip;]","og_url":"https:\/\/sardiniansoul.dominioswebmed.com\/de\/datenschutzbestimmungen\/","og_site_name":"Travel Advisor Sardinian Soul","article_modified_time":"2026-01-12T18:01:37+00:00","twitter_card":"summary_large_image","twitter_misc":{"Gesch\u00e4tzte Lesezeit":"3\u00a0Minuten"},"schema":{"@context":"https:\/\/schema.org","@graph":[{"@type":"WebPage","@id":"https:\/\/sardiniansoul.dominioswebmed.com\/de\/datenschutzbestimmungen\/","url":"https:\/\/sardiniansoul.dominioswebmed.com\/de\/datenschutzbestimmungen\/","name":"Datenschutzbestimmungen - Travel Advisor Sardinian Soul","isPartOf":{"@id":"https:\/\/sardiniansoul.dominioswebmed.com\/de\/#website"},"datePublished":"2024-09-11T18:14:54+00:00","dateModified":"2026-01-12T18:01:37+00:00","breadcrumb":{"@id":"https:\/\/sardiniansoul.dominioswebmed.com\/de\/datenschutzbestimmungen\/#breadcrumb"},"inLanguage":"de","potentialAction":[{"@type":"ReadAction","target":["https:\/\/sardiniansoul.dominioswebmed.com\/de\/datenschutzbestimmungen\/"]}]},{"@type":"BreadcrumbList","@id":"https:\/\/sardiniansoul.dominioswebmed.com\/de\/datenschutzbestimmungen\/#breadcrumb","itemListElement":[{"@type":"ListItem","position":1,"name":"Startseite","item":"https:\/\/sardiniansoul.dominioswebmed.com\/de\/home\/"},{"@type":"ListItem","position":2,"name":"Datenschutzbestimmungen"}]},{"@type":"WebSite","@id":"https:\/\/sardiniansoul.dominioswebmed.com\/de\/#website","url":"https:\/\/sardiniansoul.dominioswebmed.com\/de\/","name":"Travel Advisor Sardinian Soul","description":"Tu viaje so\u00f1ado, dise\u00f1ado a medida","potentialAction":[{"@type":"SearchAction","target":{"@type":"EntryPoint","urlTemplate":"https:\/\/sardiniansoul.dominioswebmed.com\/de\/?s={search_term_string}"},"query-input":{"@type":"PropertyValueSpecification","valueRequired":true,"valueName":"search_term_string"}}],"inLanguage":"de"}]}},"_links":{"self":[{"href":"https:\/\/sardiniansoul.dominioswebmed.com\/de\/wp-json\/wp\/v2\/pages\/1365","targetHints":{"allow":["GET"]}}],"collection":[{"href":"https:\/\/sardiniansoul.dominioswebmed.com\/de\/wp-json\/wp\/v2\/pages"}],"about":[{"href":"https:\/\/sardiniansoul.dominioswebmed.com\/de\/wp-json\/wp\/v2\/types\/page"}],"author":[{"embeddable":true,"href":"https:\/\/sardiniansoul.dominioswebmed.com\/de\/wp-json\/wp\/v2\/users\/2"}],"replies":[{"embeddable":true,"href":"https:\/\/sardiniansoul.dominioswebmed.com\/de\/wp-json\/wp\/v2\/comments?post=1365"}],"version-history":[{"count":1,"href":"https:\/\/sardiniansoul.dominioswebmed.com\/de\/wp-json\/wp\/v2\/pages\/1365\/revisions"}],"predecessor-version":[{"id":1375,"href":"https:\/\/sardiniansoul.dominioswebmed.com\/de\/wp-json\/wp\/v2\/pages\/1365\/revisions\/1375"}],"wp:attachment":[{"href":"https:\/\/sardiniansoul.dominioswebmed.com\/de\/wp-json\/wp\/v2\/media?parent=1365"}],"curies":[{"name":"wp","href":"https:\/\/api.w.org\/{rel}","templated":true}]}}