{"id":1202,"date":"2024-09-11T11:20:07","date_gmt":"2024-09-11T11:20:07","guid":{"rendered":"https:\/\/sardiniansoul.dominioswebmed.com\/wir\/"},"modified":"2026-01-12T16:38:21","modified_gmt":"2026-01-12T16:38:21","slug":"wir","status":"publish","type":"page","link":"https:\/\/sardiniansoul.dominioswebmed.com\/de\/wir\/","title":{"rendered":"Wir"},"content":{"rendered":"\t\t<div data-elementor-type=\"wp-page\" data-elementor-id=\"1202\" class=\"elementor elementor-1202 elementor-101\" data-elementor-post-type=\"page\">\n\t\t\t\t<div class=\"elementor-element elementor-element-1272fd9 e-flex e-con-boxed e-con e-parent\" data-id=\"1272fd9\" data-element_type=\"container\" data-settings=\"{&quot;background_background&quot;:&quot;classic&quot;}\">\n\t\t\t\t\t<div class=\"e-con-inner\">\n\t\t<div class=\"elementor-element elementor-element-2071cc0 e-con-full e-flex e-con e-child\" data-id=\"2071cc0\" data-element_type=\"container\">\n\t\t\t\t<div class=\"elementor-element elementor-element-f4ca118 elementor-widget elementor-widget-heading\" data-id=\"f4ca118\" data-element_type=\"widget\" data-widget_type=\"heading.default\">\n\t\t\t\t<div class=\"elementor-widget-container\">\n\t\t\t\t\t<h2 class=\"elementor-heading-title elementor-size-default\">Wir<\/h2>\t\t\t\t<\/div>\n\t\t\t\t<\/div>\n\t\t<div class=\"elementor-element elementor-element-e5779bd e-con-full e-flex e-con e-child\" data-id=\"e5779bd\" data-element_type=\"container\">\n\t\t\t\t<div class=\"elementor-element elementor-element-9d0b5e9 elementor-icon-list--layout-inline elementor-widget__width-auto elementor-align-right elementor-mobile-align-center elementor-list-item-link-full_width elementor-widget elementor-widget-icon-list\" data-id=\"9d0b5e9\" data-element_type=\"widget\" data-widget_type=\"icon-list.default\">\n\t\t\t\t<div class=\"elementor-widget-container\">\n\t\t\t\t\t\t\t<ul class=\"elementor-icon-list-items elementor-inline-items\">\n\t\t\t\t\t\t\t<li class=\"elementor-icon-list-item elementor-inline-item\">\n\t\t\t\t\t\t\t\t\t\t\t<a href=\"#\">\n\n\t\t\t\t\t\t\t\t\t\t\t<span class=\"elementor-icon-list-text\">Home <\/span>\n\t\t\t\t\t\t\t\t\t\t\t<\/a>\n\t\t\t\t\t\t\t\t\t<\/li>\n\t\t\t\t\t\t\t\t<li class=\"elementor-icon-list-item elementor-inline-item\">\n\t\t\t\t\t\t\t\t\t\t\t<a href=\"#\">\n\n\t\t\t\t\t\t\t\t\t\t\t\t<span class=\"elementor-icon-list-icon\">\n\t\t\t\t\t\t\t<svg aria-hidden=\"true\" class=\"e-font-icon-svg e-fas-minus\" viewBox=\"0 0 448 512\" xmlns=\"http:\/\/www.w3.org\/2000\/svg\"><path d=\"M416 208H32c-17.67 0-32 14.33-32 32v32c0 17.67 14.33 32 32 32h384c17.67 0 32-14.33 32-32v-32c0-17.67-14.33-32-32-32z\"><\/path><\/svg>\t\t\t\t\t\t<\/span>\n\t\t\t\t\t\t\t\t\t\t<span class=\"elementor-icon-list-text\">Wir<\/span>\n\t\t\t\t\t\t\t\t\t\t\t<\/a>\n\t\t\t\t\t\t\t\t\t<\/li>\n\t\t\t\t\t\t<\/ul>\n\t\t\t\t\t\t<\/div>\n\t\t\t\t<\/div>\n\t\t\t\t<\/div>\n\t\t\t\t<\/div>\n\t\t\t\t\t<\/div>\n\t\t\t\t<\/div>\n\t\t<div class=\"elementor-element elementor-element-97fdb80 e-flex e-con-boxed e-con e-parent\" data-id=\"97fdb80\" data-element_type=\"container\">\n\t\t\t\t\t<div class=\"e-con-inner\">\n\t\t<div class=\"elementor-element elementor-element-3a0781e e-con-full e-flex e-con e-child\" data-id=\"3a0781e\" data-element_type=\"container\">\n\t\t\t\t<div class=\"elementor-element elementor-element-6805158 elementor-widget__width-initial elementor-widget elementor-widget-heading\" data-id=\"6805158\" data-element_type=\"widget\" data-widget_type=\"heading.default\">\n\t\t\t\t<div class=\"elementor-widget-container\">\n\t\t\t\t\t<h2 class=\"elementor-heading-title elementor-size-default\">\u00dcber uns<\/h2>\t\t\t\t<\/div>\n\t\t\t\t<\/div>\n\t\t\t\t<\/div>\n\t\t<div class=\"elementor-element elementor-element-9c4cf19 e-con-full e-flex e-con e-child\" data-id=\"9c4cf19\" data-element_type=\"container\">\n\t\t\t\t<div class=\"elementor-element elementor-element-4c73b37 elementor-widget elementor-widget-text-editor\" data-id=\"4c73b37\" data-element_type=\"widget\" data-widget_type=\"text-editor.default\">\n\t\t\t\t<div class=\"elementor-widget-container\">\n\t\t\t\t\t\t\t\t\t<p><b>Travel Advisor Sardinian Soul<\/b><span style=\"font-weight: 400;\"> wurde im Jahr <\/span><b>2025<\/b><span style=\"font-weight: 400;\"> mit dem einzigen Ziel gegr\u00fcndet, die Reiseplanung in ein angenehmes und stressfreies Erlebnis zu verwandeln. Wir widmen uns der Gestaltung der <\/span><b>Traumreise<\/b><span style=\"font-weight: 400;\"> f\u00fcr jeden unserer Kunden und werden so zu Ihrem <\/span><b>vertrauensw\u00fcrdigen Reiseberater<\/b><span style=\"font-weight: 400;\">. Wir wissen, dass Ihre Zeit wertvoll ist und jede Erfahrung z\u00e4hlt. Deshalb bieten wir einen <\/span><b>100 % personalisierten<\/b><span style=\"font-weight: 400;\"> Service, der auf Ihre Vorlieben, Ihr Tempo und Ihr Budget zugeschnitten ist.<\/span><\/p>\t\t\t\t\t\t\t\t<\/div>\n\t\t\t\t<\/div>\n\t\t\t\t<\/div>\n\t\t<div class=\"elementor-element elementor-element-5f9ec51 e-con-full e-flex e-con e-child\" data-id=\"5f9ec51\" data-element_type=\"container\">\n\t\t\t\t<div class=\"elementor-element elementor-element-0524862 elementor-widget elementor-widget-text-editor\" data-id=\"0524862\" data-element_type=\"widget\" data-widget_type=\"text-editor.default\">\n\t\t\t\t<div class=\"elementor-widget-container\">\n\t\t\t\t\t\t\t\t\t<p><span style=\"font-weight: 400;\">Was uns von anderen Dienstleistungen unterscheidet, ist unsere <\/span><b>Empathie, Leidenschaft und unser Engagement<\/b><span style=\"font-weight: 400;\">. Wir verkaufen keine generischen Pakete, sondern schaffen <\/span><b>authentische Erlebnisse<\/b><span style=\"font-weight: 400;\">, die Sie vom Massentourismus fernhalten. Von der Planung einzigartiger Reiserouten bis hin zur vollst\u00e4ndigen Verwaltung Ihrer Unterkunfts-, Transfer- und Aktivit\u00e4tsbuchungen begleiten wir Sie auf jedem Schritt des Weges. Bei <\/span><b>Travel Advisor Sardinian Soul<\/b><span style=\"font-weight: 400;\"> wird Ihre Reise so einzigartig sein wie Sie selbst.<\/span><\/p>\t\t\t\t\t\t\t\t<\/div>\n\t\t\t\t<\/div>\n\t\t\t\t<\/div>\n\t\t\t\t\t<\/div>\n\t\t\t\t<\/div>\n\t\t<div class=\"elementor-element elementor-element-e5185fb e-flex e-con-boxed e-con e-parent\" data-id=\"e5185fb\" data-element_type=\"container\" data-settings=\"{&quot;background_background&quot;:&quot;classic&quot;}\">\n\t\t\t\t\t<div class=\"e-con-inner\">\n\t\t<div class=\"elementor-element elementor-element-85808c4 e-con-full e-flex e-con e-child\" data-id=\"85808c4\" data-element_type=\"container\">\n\t\t\t\t<div class=\"elementor-element elementor-element-a26d5e6 elementor-widget__width-initial elementor-widget elementor-widget-image\" data-id=\"a26d5e6\" data-element_type=\"widget\" data-widget_type=\"image.default\">\n\t\t\t\t<div class=\"elementor-widget-container\">\n\t\t\t\t\t\t\t\t\t\t\t\t\t\t\t<img fetchpriority=\"high\" decoding=\"async\" width=\"1500\" height=\"2000\" src=\"https:\/\/sardiniansoul.dominioswebmed.com\/wp-content\/uploads\/2025\/09\/WhatsApp-Image-2025-07-22-at-08.48.06-1.jpeg\" class=\"attachment-full size-full wp-image-1208\" alt=\"\" srcset=\"https:\/\/sardiniansoul.dominioswebmed.com\/wp-content\/uploads\/2025\/09\/WhatsApp-Image-2025-07-22-at-08.48.06-1.jpeg 1500w, https:\/\/sardiniansoul.dominioswebmed.com\/wp-content\/uploads\/2025\/09\/WhatsApp-Image-2025-07-22-at-08.48.06-1-600x800.jpeg 600w, https:\/\/sardiniansoul.dominioswebmed.com\/wp-content\/uploads\/2025\/09\/WhatsApp-Image-2025-07-22-at-08.48.06-1-225x300.jpeg 225w, https:\/\/sardiniansoul.dominioswebmed.com\/wp-content\/uploads\/2025\/09\/WhatsApp-Image-2025-07-22-at-08.48.06-1-768x1024.jpeg 768w, https:\/\/sardiniansoul.dominioswebmed.com\/wp-content\/uploads\/2025\/09\/WhatsApp-Image-2025-07-22-at-08.48.06-1-1152x1536.jpeg 1152w\" sizes=\"(max-width: 1500px) 100vw, 1500px\" \/>\t\t\t\t\t\t\t\t\t\t\t\t\t\t\t<\/div>\n\t\t\t\t<\/div>\n\t\t\t\t<\/div>\n\t\t<div class=\"elementor-element elementor-element-1c0b3cf e-con-full e-flex e-con e-child\" data-id=\"1c0b3cf\" data-element_type=\"container\">\n\t\t\t\t<div class=\"elementor-element elementor-element-ddaabe1 elementor-widget elementor-widget-heading\" data-id=\"ddaabe1\" data-element_type=\"widget\" data-widget_type=\"heading.default\">\n\t\t\t\t<div class=\"elementor-widget-container\">\n\t\t\t\t\t<h2 class=\"elementor-heading-title elementor-size-default\">Unsere Mission, Vision und Werte<\/h2>\t\t\t\t<\/div>\n\t\t\t\t<\/div>\n\t\t\t\t<div class=\"elementor-element elementor-element-5662875 elementor-widget elementor-widget-text-editor\" data-id=\"5662875\" data-element_type=\"widget\" data-widget_type=\"text-editor.default\">\n\t\t\t\t<div class=\"elementor-widget-container\">\n\t\t\t\t\t\t\t\t\t<p><b>Mission:<\/b><span style=\"font-weight: 400;\"> Wir von <\/span><b>Travel Advisor Sardinian Soul<\/b><span style=\"font-weight: 400;\"> haben uns der Aufgabe verschrieben, einen pers\u00f6nlichen und kompetenten Beratungsservice anzubieten. Unsere Mission ist es, authentische Reisen zu entwerfen und zu verwalten, die die Erwartungen unserer Kunden \u00fcbertreffen und sicherzustellen, dass jedes Abenteuer einzigartig und unvergesslich wird.<\/span><\/p><p><b>Vision:<\/b><span style=\"font-weight: 400;\"> Wir wollen die erste Adresse f\u00fcr die Gestaltung von massgeschneiderten Reisen sein, bekannt f\u00fcr unsere F\u00e4higkeit, Erlebnisse zu schaffen, die \u00fcber den konventionellen Tourismus hinausgehen. Wir wollen der vertrauensw\u00fcrdige Partner f\u00fcr jeden Reisenden sein, der authentische und nachhaltige Erkundungen erm\u00f6glicht.<\/span><\/p><p><b>Werte:<\/b><\/p><ul><li><b>Leidenschaft f\u00fcr das Reisen:<\/b><span style=\"font-weight: 400;\"> Eine echte Liebe, die Welt zu entdecken, die wir mit unseren Kunden teilen.<\/span><\/li><li><b>Personalisierung:<\/b><span> Jeder Reisende ist einzigartig, und seine Reiserouten sollten dies widerspiegeln.<\/span><\/li><li><b>Exzellenz und Liebe zum Detail:<\/b><span> Wir verpflichten uns zu einem tadellosen Service und k\u00fcmmern uns um jeden Aspekt der Reise.<\/span><\/li><li><b>Authentizit\u00e4t:<\/b><span> Wir f\u00f6rdern Erlebnisse, die mit dem Wesen jedes Reiseziels verbinden.<\/span><\/li><li><b>Vertrauen und Transparenz:<\/b><span> Wir bauen Beziehungen auf, die auf Ehrlichkeit und Zuverl\u00e4ssigkeit basieren.<\/span><\/li><li><b>Engagement:<\/b><span> Wir begleiten unsere Reisenden in jeder Phase und bieten Unterst\u00fctzung und Sicherheit.<\/span><\/li><\/ul>\t\t\t\t\t\t\t\t<\/div>\n\t\t\t\t<\/div>\n\t\t\t\t<\/div>\n\t\t\t\t\t<\/div>\n\t\t\t\t<\/div>\n\t\t<div class=\"elementor-element elementor-element-43d7ed65 e-flex e-con-boxed e-con e-parent\" data-id=\"43d7ed65\" data-element_type=\"container\" data-settings=\"{&quot;background_background&quot;:&quot;classic&quot;}\">\n\t\t\t\t\t<div class=\"e-con-inner\">\n\t\t<div class=\"elementor-element elementor-element-18a8f10c e-con-full e-flex e-con e-child\" data-id=\"18a8f10c\" data-element_type=\"container\">\n\t\t\t\t<div class=\"elementor-element elementor-element-11ff7871 animated-slow elementor-invisible elementor-widget elementor-widget-heading\" data-id=\"11ff7871\" data-element_type=\"widget\" data-settings=\"{&quot;_animation&quot;:&quot;fadeInUp&quot;}\" data-widget_type=\"heading.default\">\n\t\t\t\t<div class=\"elementor-widget-container\">\n\t\t\t\t\t<h2 class=\"elementor-heading-title elementor-size-default\">Wir sind hier, um Ihnen zu helfen, das einzigartige Erlebnis zu schaffen, von dem Sie getr\u00e4umt haben<\/h2>\t\t\t\t<\/div>\n\t\t\t\t<\/div>\n\t\t\t\t<\/div>\n\t\t<div class=\"elementor-element elementor-element-25cfe024 e-con-full e-flex e-con e-child\" data-id=\"25cfe024\" data-element_type=\"container\">\n\t\t\t\t<div class=\"elementor-element elementor-element-19883330 elementor-align-right elementor-mobile-align-center elementor-widget elementor-widget-button\" data-id=\"19883330\" data-element_type=\"widget\" data-widget_type=\"button.default\">\n\t\t\t\t<div class=\"elementor-widget-container\">\n\t\t\t\t\t\t\t\t\t<div class=\"elementor-button-wrapper\">\n\t\t\t\t\t<a class=\"elementor-button elementor-button-link elementor-size-sm\" href=\"https:\/\/sardiniansoul.dominioswebmed.com\/de\/kontakt\/\">\n\t\t\t\t\t\t<span class=\"elementor-button-content-wrapper\">\n\t\t\t\t\t\t\t\t\t<span class=\"elementor-button-text\">Kontaktieren Sie uns <\/span>\n\t\t\t\t\t<\/span>\n\t\t\t\t\t<\/a>\n\t\t\t\t<\/div>\n\t\t\t\t\t\t\t\t<\/div>\n\t\t\t\t<\/div>\n\t\t\t\t<\/div>\n\t\t\t\t\t<\/div>\n\t\t\t\t<\/div>\n\t\t\t\t<\/div>\n\t\t","protected":false},"excerpt":{"rendered":"<p>Wir Home Wir \u00dcber uns Travel Advisor Sardinian Soul wurde im Jahr 2025 mit dem einzigen Ziel gegr\u00fcndet, die Reiseplanung in ein angenehmes und stressfreies Erlebnis zu verwandeln. Wir widmen uns der Gestaltung der Traumreise f\u00fcr jeden unserer Kunden und werden so zu Ihrem vertrauensw\u00fcrdigen Reiseberater. Wir wissen, dass Ihre Zeit wertvoll ist und jede [&hellip;]<\/p>\n","protected":false},"author":2,"featured_media":0,"parent":0,"menu_order":0,"comment_status":"closed","ping_status":"closed","template":"","meta":{"footnotes":""},"class_list":["post-1202","page","type-page","status-publish","hentry"],"yoast_head":"<!-- This site is optimized with the Yoast SEO plugin v25.3 - https:\/\/yoast.com\/wordpress\/plugins\/seo\/ -->\n<title>Wir - Travel Advisor Sardinian Soul<\/title>\n<meta name=\"robots\" content=\"index, follow, max-snippet:-1, max-image-preview:large, max-video-preview:-1\" \/>\n<link rel=\"canonical\" href=\"https:\/\/sardiniansoul.dominioswebmed.com\/de\/wir\/\" \/>\n<meta property=\"og:locale\" content=\"de_DE\" \/>\n<meta property=\"og:type\" content=\"article\" \/>\n<meta property=\"og:title\" content=\"Wir - Travel Advisor Sardinian Soul\" \/>\n<meta property=\"og:description\" content=\"Wir Home Wir \u00dcber uns Travel Advisor Sardinian Soul wurde im Jahr 2025 mit dem einzigen Ziel gegr\u00fcndet, die Reiseplanung in ein angenehmes und stressfreies Erlebnis zu verwandeln. Wir widmen uns der Gestaltung der Traumreise f\u00fcr jeden unserer Kunden und werden so zu Ihrem vertrauensw\u00fcrdigen Reiseberater. Wir wissen, dass Ihre Zeit wertvoll ist und jede [&hellip;]\" \/>\n<meta property=\"og:url\" content=\"https:\/\/sardiniansoul.dominioswebmed.com\/de\/wir\/\" \/>\n<meta property=\"og:site_name\" content=\"Travel Advisor Sardinian Soul\" \/>\n<meta property=\"article:modified_time\" content=\"2026-01-12T16:38:21+00:00\" \/>\n<meta property=\"og:image\" content=\"https:\/\/sardiniansoul.dominioswebmed.com\/wp-content\/uploads\/2025\/09\/WhatsApp-Image-2025-07-22-at-08.48.06-1.jpeg\" \/>\n\t<meta property=\"og:image:width\" content=\"1500\" \/>\n\t<meta property=\"og:image:height\" content=\"2000\" \/>\n\t<meta property=\"og:image:type\" content=\"image\/jpeg\" \/>\n<meta name=\"twitter:card\" content=\"summary_large_image\" \/>\n<meta name=\"twitter:label1\" content=\"Gesch\u00e4tzte Lesezeit\" \/>\n\t<meta name=\"twitter:data1\" content=\"2\u00a0Minuten\" \/>\n<script type=\"application\/ld+json\" class=\"yoast-schema-graph\">{\"@context\":\"https:\/\/schema.org\",\"@graph\":[{\"@type\":\"WebPage\",\"@id\":\"https:\/\/sardiniansoul.dominioswebmed.com\/de\/wir\/\",\"url\":\"https:\/\/sardiniansoul.dominioswebmed.com\/de\/wir\/\",\"name\":\"Wir - Travel Advisor Sardinian Soul\",\"isPartOf\":{\"@id\":\"https:\/\/sardiniansoul.dominioswebmed.com\/de\/#website\"},\"primaryImageOfPage\":{\"@id\":\"https:\/\/sardiniansoul.dominioswebmed.com\/de\/wir\/#primaryimage\"},\"image\":{\"@id\":\"https:\/\/sardiniansoul.dominioswebmed.com\/de\/wir\/#primaryimage\"},\"thumbnailUrl\":\"https:\/\/sardiniansoul.dominioswebmed.com\/wp-content\/uploads\/2025\/09\/WhatsApp-Image-2025-07-22-at-08.48.06-1.jpeg\",\"datePublished\":\"2024-09-11T11:20:07+00:00\",\"dateModified\":\"2026-01-12T16:38:21+00:00\",\"breadcrumb\":{\"@id\":\"https:\/\/sardiniansoul.dominioswebmed.com\/de\/wir\/#breadcrumb\"},\"inLanguage\":\"de\",\"potentialAction\":[{\"@type\":\"ReadAction\",\"target\":[\"https:\/\/sardiniansoul.dominioswebmed.com\/de\/wir\/\"]}]},{\"@type\":\"ImageObject\",\"inLanguage\":\"de\",\"@id\":\"https:\/\/sardiniansoul.dominioswebmed.com\/de\/wir\/#primaryimage\",\"url\":\"https:\/\/sardiniansoul.dominioswebmed.com\/wp-content\/uploads\/2025\/09\/WhatsApp-Image-2025-07-22-at-08.48.06-1.jpeg\",\"contentUrl\":\"https:\/\/sardiniansoul.dominioswebmed.com\/wp-content\/uploads\/2025\/09\/WhatsApp-Image-2025-07-22-at-08.48.06-1.jpeg\"},{\"@type\":\"BreadcrumbList\",\"@id\":\"https:\/\/sardiniansoul.dominioswebmed.com\/de\/wir\/#breadcrumb\",\"itemListElement\":[{\"@type\":\"ListItem\",\"position\":1,\"name\":\"Startseite\",\"item\":\"https:\/\/sardiniansoul.dominioswebmed.com\/de\/home\/\"},{\"@type\":\"ListItem\",\"position\":2,\"name\":\"Wir\"}]},{\"@type\":\"WebSite\",\"@id\":\"https:\/\/sardiniansoul.dominioswebmed.com\/de\/#website\",\"url\":\"https:\/\/sardiniansoul.dominioswebmed.com\/de\/\",\"name\":\"Travel Advisor Sardinian Soul\",\"description\":\"Tu viaje so\u00f1ado, dise\u00f1ado a medida\",\"potentialAction\":[{\"@type\":\"SearchAction\",\"target\":{\"@type\":\"EntryPoint\",\"urlTemplate\":\"https:\/\/sardiniansoul.dominioswebmed.com\/de\/?s={search_term_string}\"},\"query-input\":{\"@type\":\"PropertyValueSpecification\",\"valueRequired\":true,\"valueName\":\"search_term_string\"}}],\"inLanguage\":\"de\"}]}<\/script>\n<!-- \/ Yoast SEO plugin. -->","yoast_head_json":{"title":"Wir - Travel Advisor Sardinian Soul","robots":{"index":"index","follow":"follow","max-snippet":"max-snippet:-1","max-image-preview":"max-image-preview:large","max-video-preview":"max-video-preview:-1"},"canonical":"https:\/\/sardiniansoul.dominioswebmed.com\/de\/wir\/","og_locale":"de_DE","og_type":"article","og_title":"Wir - Travel Advisor Sardinian Soul","og_description":"Wir Home Wir \u00dcber uns Travel Advisor Sardinian Soul wurde im Jahr 2025 mit dem einzigen Ziel gegr\u00fcndet, die Reiseplanung in ein angenehmes und stressfreies Erlebnis zu verwandeln. Wir widmen uns der Gestaltung der Traumreise f\u00fcr jeden unserer Kunden und werden so zu Ihrem vertrauensw\u00fcrdigen Reiseberater. Wir wissen, dass Ihre Zeit wertvoll ist und jede [&hellip;]","og_url":"https:\/\/sardiniansoul.dominioswebmed.com\/de\/wir\/","og_site_name":"Travel Advisor Sardinian Soul","article_modified_time":"2026-01-12T16:38:21+00:00","og_image":[{"width":1500,"height":2000,"url":"https:\/\/sardiniansoul.dominioswebmed.com\/wp-content\/uploads\/2025\/09\/WhatsApp-Image-2025-07-22-at-08.48.06-1.jpeg","type":"image\/jpeg"}],"twitter_card":"summary_large_image","twitter_misc":{"Gesch\u00e4tzte Lesezeit":"2\u00a0Minuten"},"schema":{"@context":"https:\/\/schema.org","@graph":[{"@type":"WebPage","@id":"https:\/\/sardiniansoul.dominioswebmed.com\/de\/wir\/","url":"https:\/\/sardiniansoul.dominioswebmed.com\/de\/wir\/","name":"Wir - Travel Advisor Sardinian Soul","isPartOf":{"@id":"https:\/\/sardiniansoul.dominioswebmed.com\/de\/#website"},"primaryImageOfPage":{"@id":"https:\/\/sardiniansoul.dominioswebmed.com\/de\/wir\/#primaryimage"},"image":{"@id":"https:\/\/sardiniansoul.dominioswebmed.com\/de\/wir\/#primaryimage"},"thumbnailUrl":"https:\/\/sardiniansoul.dominioswebmed.com\/wp-content\/uploads\/2025\/09\/WhatsApp-Image-2025-07-22-at-08.48.06-1.jpeg","datePublished":"2024-09-11T11:20:07+00:00","dateModified":"2026-01-12T16:38:21+00:00","breadcrumb":{"@id":"https:\/\/sardiniansoul.dominioswebmed.com\/de\/wir\/#breadcrumb"},"inLanguage":"de","potentialAction":[{"@type":"ReadAction","target":["https:\/\/sardiniansoul.dominioswebmed.com\/de\/wir\/"]}]},{"@type":"ImageObject","inLanguage":"de","@id":"https:\/\/sardiniansoul.dominioswebmed.com\/de\/wir\/#primaryimage","url":"https:\/\/sardiniansoul.dominioswebmed.com\/wp-content\/uploads\/2025\/09\/WhatsApp-Image-2025-07-22-at-08.48.06-1.jpeg","contentUrl":"https:\/\/sardiniansoul.dominioswebmed.com\/wp-content\/uploads\/2025\/09\/WhatsApp-Image-2025-07-22-at-08.48.06-1.jpeg"},{"@type":"BreadcrumbList","@id":"https:\/\/sardiniansoul.dominioswebmed.com\/de\/wir\/#breadcrumb","itemListElement":[{"@type":"ListItem","position":1,"name":"Startseite","item":"https:\/\/sardiniansoul.dominioswebmed.com\/de\/home\/"},{"@type":"ListItem","position":2,"name":"Wir"}]},{"@type":"WebSite","@id":"https:\/\/sardiniansoul.dominioswebmed.com\/de\/#website","url":"https:\/\/sardiniansoul.dominioswebmed.com\/de\/","name":"Travel Advisor Sardinian Soul","description":"Tu viaje so\u00f1ado, dise\u00f1ado a medida","potentialAction":[{"@type":"SearchAction","target":{"@type":"EntryPoint","urlTemplate":"https:\/\/sardiniansoul.dominioswebmed.com\/de\/?s={search_term_string}"},"query-input":{"@type":"PropertyValueSpecification","valueRequired":true,"valueName":"search_term_string"}}],"inLanguage":"de"}]}},"_links":{"self":[{"href":"https:\/\/sardiniansoul.dominioswebmed.com\/de\/wp-json\/wp\/v2\/pages\/1202","targetHints":{"allow":["GET"]}}],"collection":[{"href":"https:\/\/sardiniansoul.dominioswebmed.com\/de\/wp-json\/wp\/v2\/pages"}],"about":[{"href":"https:\/\/sardiniansoul.dominioswebmed.com\/de\/wp-json\/wp\/v2\/types\/page"}],"author":[{"embeddable":true,"href":"https:\/\/sardiniansoul.dominioswebmed.com\/de\/wp-json\/wp\/v2\/users\/2"}],"replies":[{"embeddable":true,"href":"https:\/\/sardiniansoul.dominioswebmed.com\/de\/wp-json\/wp\/v2\/comments?post=1202"}],"version-history":[{"count":1,"href":"https:\/\/sardiniansoul.dominioswebmed.com\/de\/wp-json\/wp\/v2\/pages\/1202\/revisions"}],"predecessor-version":[{"id":1209,"href":"https:\/\/sardiniansoul.dominioswebmed.com\/de\/wp-json\/wp\/v2\/pages\/1202\/revisions\/1209"}],"wp:attachment":[{"href":"https:\/\/sardiniansoul.dominioswebmed.com\/de\/wp-json\/wp\/v2\/media?parent=1202"}],"curies":[{"name":"wp","href":"https:\/\/api.w.org\/{rel}","templated":true}]}}